{"id":14437,"date":"2023-08-31T10:56:44","date_gmt":"2023-08-31T08:56:44","guid":{"rendered":"https:\/\/gervi.be\/shop\/peter\/"},"modified":"2025-07-25T09:42:30","modified_gmt":"2025-07-25T07:42:30","slug":"peter","status":"publish","type":"product","link":"https:\/\/gervi.be\/fr\/produit\/peter\/","title":{"rendered":"PETER"},"content":{"rendered":"<p>Pr\u00e9sent\u00e9 en 2004, le fauteuil Peter a tout de suite affich\u00e9 un charme l\u00e9ger et une tendance naturelle \u00e0 sortir de l&#8217;enceinte couverte pour se rendre sur une terrasse ou sur le pont d&#8217;un yacht. Cette ann\u00e9e, le fauteuil est d\u00e9clin\u00e9 en version outdoor avec des mat\u00e9riaux soigneusement s\u00e9lectionn\u00e9s pour leurs performances exceptionnelles en ext\u00e9rieur. L&#8217;\u00e9l\u00e9gant design en X, form\u00e9 par les deux pieds m\u00e9talliques incurv\u00e9s, conf\u00e8re au fauteuil Peter Outdoor une \u00e9l\u00e9gance sophistiqu\u00e9e mais discr\u00e8te. L&#8217;ensemble de la structure est en acier inoxydable aust\u00e9nitique 316, \u00e9galement disponible avec un rev\u00eatement en poudre \u00e9poxy en blanc, vert kaki, rouge vin ou poli. L&#8217;assise et le dossier sont rev\u00eatus d&#8217;un mat\u00e9riau tiss\u00e9 l\u00e9ger mais robuste en fibre de polypropyl\u00e8ne ou en caoutchouc polyur\u00e9thane dans une palette de couleurs \u00e9l\u00e9gantes allant des tons de terre au bordeaux et au vert olive. Le fauteuil Peter Outdoor peut \u00eatre associ\u00e9 \u00e0 un homonyme assorti et dispose \u00e9galement d&#8217;un coussin d&#8217;assise optionnel disponible sur demande.<\/p>\n","protected":false},"excerpt":{"rendered":"<p>Pr\u00e9sent\u00e9 en 2004, le fauteuil Peter a tout de suite affich\u00e9 un charme l\u00e9ger et une tendance naturelle \u00e0 sortir de l&#8217;enceinte couverte pour se rendre sur une terrasse ou sur le pont d&#8217;un yacht. Cette ann\u00e9e, le fauteuil est d\u00e9clin\u00e9 en version outdoor avec des mat\u00e9riaux soigneusement s\u00e9lectionn\u00e9s pour leurs performances exceptionnelles en ext\u00e9rieur. [&hellip;]<\/p>\n","protected":false},"featured_media":31946,"template":"","meta":{"_acf_changed":false,"_uag_custom_page_level_css":"","site-sidebar-layout":"default","site-content-layout":"","ast-site-content-layout":"default","site-content-style":"default","site-sidebar-style":"default","ast-global-header-display":"","ast-banner-title-visibility":"","ast-main-header-display":"","ast-hfb-above-header-display":"","ast-hfb-below-header-display":"","ast-hfb-mobile-header-display":"","site-post-title":"","ast-breadcrumbs-content":"","ast-featured-img":"","footer-sml-layout":"","ast-disable-related-posts":"","theme-transparent-header-meta":"default","adv-header-id-meta":"","stick-header-meta":"","header-above-stick-meta":"","header-main-stick-meta":"","header-below-stick-meta":"","astra-migrate-meta-layouts":"default","ast-page-background-enabled":"default","ast-page-background-meta":{"desktop":{"background-color":"","background-image":"","background-repeat":"repeat","background-position":"center center","background-size":"auto","background-attachment":"scroll","background-type":"","background-media":"","overlay-type":"","overlay-color":"","overlay-opacity":"","overlay-gradient":""},"tablet":{"background-color":"","background-image":"","background-repeat":"repeat","background-position":"center center","background-size":"auto","background-attachment":"scroll","background-type":"","background-media":"","overlay-type":"","overlay-color":"","overlay-opacity":"","overlay-gradient":""},"mobile":{"background-color":"","background-image":"","background-repeat":"repeat","background-position":"center center","background-size":"auto","background-attachment":"scroll","background-type":"","background-media":"","overlay-type":"","overlay-color":"","overlay-opacity":"","overlay-gradient":""}},"ast-content-background-meta":{"desktop":{"background-color":"var(--ast-global-color-5)","background-image":"","background-repeat":"repeat","background-position":"center center","background-size":"auto","background-attachment":"scroll","background-type":"","background-media":"","overlay-type":"","overlay-color":"","overlay-opacity":"","overlay-gradient":""},"tablet":{"background-color":"var(--ast-global-color-5)","background-image":"","background-repeat":"repeat","background-position":"center center","background-size":"auto","background-attachment":"scroll","background-type":"","background-media":"","overlay-type":"","overlay-color":"","overlay-opacity":"","overlay-gradient":""},"mobile":{"background-color":"var(--ast-global-color-5)","background-image":"","background-repeat":"repeat","background-position":"center center","background-size":"auto","background-attachment":"scroll","background-type":"","background-media":"","overlay-type":"","overlay-color":"","overlay-opacity":"","overlay-gradient":""}}},"product_brand":[6305],"product_cat":[910,878],"product_tag":[],"class_list":{"0":"post-14437","1":"product","2":"type-product","3":"status-publish","4":"has-post-thumbnail","6":"product_brand-flexform","7":"product_cat-chaise-longue","8":"product_cat-meubles-de-jardin","9":"desktop-align-left","10":"tablet-align-left","11":"mobile-align-left","13":"first","14":"instock","15":"product-type-simple"},"acf":[],"uagb_featured_image_src":{"full":["https:\/\/gervi.be\/wp-content\/uploads\/2023\/08\/Peter.png",750,750,false],"thumbnail":["https:\/\/gervi.be\/wp-content\/uploads\/2023\/08\/Peter-150x150.png",150,150,true],"medium":["https:\/\/gervi.be\/wp-content\/uploads\/2023\/08\/Peter-300x300.png",300,300,true],"medium_large":["https:\/\/gervi.be\/wp-content\/uploads\/2023\/08\/Peter.png",750,750,false],"large":["https:\/\/gervi.be\/wp-content\/uploads\/2023\/08\/Peter.png",750,750,false],"1536x1536":["https:\/\/gervi.be\/wp-content\/uploads\/2023\/08\/Peter.png",750,750,false],"2048x2048":["https:\/\/gervi.be\/wp-content\/uploads\/2023\/08\/Peter.png",750,750,false],"woocommerce_thumbnail":["https:\/\/gervi.be\/wp-content\/uploads\/2023\/08\/Peter.png",750,750,false],"woocommerce_single":["https:\/\/gervi.be\/wp-content\/uploads\/2023\/08\/Peter.png",750,750,false],"woocommerce_gallery_thumbnail":["https:\/\/gervi.be\/wp-content\/uploads\/2023\/08\/Peter-100x100.png",100,100,true],"dgwt-wcas-product-suggestion":["https:\/\/gervi.be\/wp-content\/uploads\/2023\/08\/Peter.png",64,64,false]},"uagb_author_info":{"display_name":"Marjolein Nijs","author_link":"https:\/\/gervi.be\/fr\/author\/"},"uagb_comment_info":0,"uagb_excerpt":"Pr\u00e9sent\u00e9 en 2004, le fauteuil Peter a tout de suite affich\u00e9 un charme l\u00e9ger et une tendance naturelle \u00e0 sortir de l&#8217;enceinte couverte pour se rendre sur une terrasse ou sur le pont d&#8217;un yacht. Cette ann\u00e9e, le fauteuil est d\u00e9clin\u00e9 en version outdoor avec des mat\u00e9riaux soigneusement s\u00e9lectionn\u00e9s pour leurs performances exceptionnelles en ext\u00e9rieur.\u2026","_links":{"self":[{"href":"https:\/\/gervi.be\/fr\/wp-json\/wp\/v2\/product\/14437","targetHints":{"allow":["GET"]}}],"collection":[{"href":"https:\/\/gervi.be\/fr\/wp-json\/wp\/v2\/product"}],"about":[{"href":"https:\/\/gervi.be\/fr\/wp-json\/wp\/v2\/types\/product"}],"wp:featuredmedia":[{"embeddable":true,"href":"https:\/\/gervi.be\/fr\/wp-json\/wp\/v2\/media\/31946"}],"wp:attachment":[{"href":"https:\/\/gervi.be\/fr\/wp-json\/wp\/v2\/media?parent=14437"}],"wp:term":[{"taxonomy":"product_brand","embeddable":true,"href":"https:\/\/gervi.be\/fr\/wp-json\/wp\/v2\/product_brand?post=14437"},{"taxonomy":"product_cat","embeddable":true,"href":"https:\/\/gervi.be\/fr\/wp-json\/wp\/v2\/product_cat?post=14437"},{"taxonomy":"product_tag","embeddable":true,"href":"https:\/\/gervi.be\/fr\/wp-json\/wp\/v2\/product_tag?post=14437"}],"curies":[{"name":"wp","href":"https:\/\/api.w.org\/{rel}","templated":true}]}}