{"id":14386,"date":"2023-08-31T12:42:03","date_gmt":"2023-08-31T12:42:03","guid":{"rendered":"https:\/\/gervi.be\/shop\/mbrace-3\/"},"modified":"2026-04-01T10:49:09","modified_gmt":"2026-04-01T08:49:09","slug":"mbrace-2-2","status":"publish","type":"product","link":"https:\/\/gervi.be\/fr\/produit\/mbrace-2-2\/","title":{"rendered":"MBRACE"},"content":{"rendered":"<h2><img decoding=\"async\" class=\"alignnone wp-image-16826\" src=\"https:\/\/gervi.be\/wp-content\/uploads\/2023\/12\/Dedon-300x64.png\" alt=\"Logo Dedon\" width=\"150\" height=\"32\" title=\"\" srcset=\"https:\/\/gervi.be\/wp-content\/uploads\/2023\/12\/Dedon-300x64.png 300w, https:\/\/gervi.be\/wp-content\/uploads\/2023\/12\/Dedon.png 322w\" sizes=\"(max-width: 150px) 100vw, 150px\" \/><\/h2>\n<p>&nbsp;<\/p>\n<h2>Description<\/h2>\n<p>Mbrace by Sebastian Herkner adopte une approche joyeusement non conventionnelle du mobilier de piscine, en associant pour la premi\u00e8re fois des si\u00e8ges en Dedon Fibre et une base en teck massif. Le r\u00e9sultat est une collection accrocheuse et imm\u00e9diatement sympathique pour se d\u00e9tendre, manger et plus encore. Mbrace capture l&#8217;esprit du luxe aux pieds nus et \u00e9tend le langage du design Dedon \u00e0 un nouveau territoire, plus scandinave.  <\/p>\n","protected":false},"excerpt":{"rendered":"<p>Le Mbrace Wing Chair &#8211; une chaise d&#8217;ext\u00e9rieur dot\u00e9e d&#8217;un dossier haut &#8211; est notre mod\u00e8le le plus vendu au sein de la collection Dedon, et ce pour une bonne raison. Cette large chaise de salon se caract\u00e9rise par une base de haute qualit\u00e9 en teck combin\u00e9e \u00e0 un cadre en aluminium. Ce cadre est soigneusement envelopp\u00e9 avec la fibre unique et de premi\u00e8re qualit\u00e9 de Dedon. Un compl\u00e9ment attrayant et extr\u00eamement confortable pour votre jardin ou votre terrasse !<\/p>\n","protected":false},"featured_media":31912,"template":"","meta":{"_acf_changed":false,"_uag_custom_page_level_css":"","site-sidebar-layout":"default","site-content-layout":"","ast-site-content-layout":"default","site-content-style":"default","site-sidebar-style":"default","ast-global-header-display":"","ast-banner-title-visibility":"","ast-main-header-display":"","ast-hfb-above-header-display":"","ast-hfb-below-header-display":"","ast-hfb-mobile-header-display":"","site-post-title":"","ast-breadcrumbs-content":"","ast-featured-img":"","footer-sml-layout":"","ast-disable-related-posts":"","theme-transparent-header-meta":"default","adv-header-id-meta":"","stick-header-meta":"","header-above-stick-meta":"","header-main-stick-meta":"","header-below-stick-meta":"","astra-migrate-meta-layouts":"default","ast-page-background-enabled":"default","ast-page-background-meta":{"desktop":{"background-color":"","background-image":"","background-repeat":"repeat","background-position":"center center","background-size":"auto","background-attachment":"scroll","background-type":"","background-media":"","overlay-type":"","overlay-color":"","overlay-opacity":"","overlay-gradient":""},"tablet":{"background-color":"","background-image":"","background-repeat":"repeat","background-position":"center center","background-size":"auto","background-attachment":"scroll","background-type":"","background-media":"","overlay-type":"","overlay-color":"","overlay-opacity":"","overlay-gradient":""},"mobile":{"background-color":"","background-image":"","background-repeat":"repeat","background-position":"center center","background-size":"auto","background-attachment":"scroll","background-type":"","background-media":"","overlay-type":"","overlay-color":"","overlay-opacity":"","overlay-gradient":""}},"ast-content-background-meta":{"desktop":{"background-color":"var(--ast-global-color-5)","background-image":"","background-repeat":"repeat","background-position":"center center","background-size":"auto","background-attachment":"scroll","background-type":"","background-media":"","overlay-type":"","overlay-color":"","overlay-opacity":"","overlay-gradient":""},"tablet":{"background-color":"var(--ast-global-color-5)","background-image":"","background-repeat":"repeat","background-position":"center center","background-size":"auto","background-attachment":"scroll","background-type":"","background-media":"","overlay-type":"","overlay-color":"","overlay-opacity":"","overlay-gradient":""},"mobile":{"background-color":"var(--ast-global-color-5)","background-image":"","background-repeat":"repeat","background-position":"center center","background-size":"auto","background-attachment":"scroll","background-type":"","background-media":"","overlay-type":"","overlay-color":"","overlay-opacity":"","overlay-gradient":""}}},"product_brand":[],"product_cat":[910,878],"product_tag":[1439,1443,1440,1441,1442,1444],"class_list":{"0":"post-14386","1":"product","2":"type-product","3":"status-publish","4":"has-post-thumbnail","6":"product_cat-chaise-longue","7":"product_cat-meubles-de-jardin","8":"product_tag-dedon-fr","9":"product_tag-exterieur","10":"product_tag-mbrace-fr","11":"product_tag-meubles-dexterieur","12":"product_tag-meubles-de-jardin","13":"product_tag-vie-en-plein-air","14":"desktop-align-left","15":"tablet-align-left","16":"mobile-align-left","18":"first","19":"instock","20":"product-type-simple"},"acf":[],"uagb_featured_image_src":{"full":["https:\/\/gervi.be\/wp-content\/uploads\/2023\/08\/Mbrace.png",750,751,false],"thumbnail":["https:\/\/gervi.be\/wp-content\/uploads\/2023\/08\/Mbrace-150x150.png",150,150,true],"medium":["https:\/\/gervi.be\/wp-content\/uploads\/2023\/08\/Mbrace-300x300.png",300,300,true],"medium_large":["https:\/\/gervi.be\/wp-content\/uploads\/2023\/08\/Mbrace.png",750,751,false],"large":["https:\/\/gervi.be\/wp-content\/uploads\/2023\/08\/Mbrace.png",750,751,false],"1536x1536":["https:\/\/gervi.be\/wp-content\/uploads\/2023\/08\/Mbrace.png",750,751,false],"2048x2048":["https:\/\/gervi.be\/wp-content\/uploads\/2023\/08\/Mbrace.png",750,751,false],"woocommerce_thumbnail":["https:\/\/gervi.be\/wp-content\/uploads\/2023\/08\/Mbrace.png",750,751,false],"woocommerce_single":["https:\/\/gervi.be\/wp-content\/uploads\/2023\/08\/Mbrace.png",750,751,false],"woocommerce_gallery_thumbnail":["https:\/\/gervi.be\/wp-content\/uploads\/2023\/08\/Mbrace-100x100.png",100,100,true],"dgwt-wcas-product-suggestion":["https:\/\/gervi.be\/wp-content\/uploads\/2023\/08\/Mbrace.png",64,64,false]},"uagb_author_info":{"display_name":"Marjolein Nijs","author_link":"https:\/\/gervi.be\/fr\/author\/"},"uagb_comment_info":0,"uagb_excerpt":"Le Mbrace Wing Chair - une chaise d'ext\u00e9rieur dot\u00e9e d'un dossier haut - est notre mod\u00e8le le plus vendu au sein de la collection Dedon, et ce pour une bonne raison. Cette large chaise de salon se caract\u00e9rise par une base de haute qualit\u00e9 en teck combin\u00e9e \u00e0 un cadre en aluminium. Ce cadre est\u2026","_links":{"self":[{"href":"https:\/\/gervi.be\/fr\/wp-json\/wp\/v2\/product\/14386","targetHints":{"allow":["GET"]}}],"collection":[{"href":"https:\/\/gervi.be\/fr\/wp-json\/wp\/v2\/product"}],"about":[{"href":"https:\/\/gervi.be\/fr\/wp-json\/wp\/v2\/types\/product"}],"wp:featuredmedia":[{"embeddable":true,"href":"https:\/\/gervi.be\/fr\/wp-json\/wp\/v2\/media\/31912"}],"wp:attachment":[{"href":"https:\/\/gervi.be\/fr\/wp-json\/wp\/v2\/media?parent=14386"}],"wp:term":[{"taxonomy":"product_brand","embeddable":true,"href":"https:\/\/gervi.be\/fr\/wp-json\/wp\/v2\/product_brand?post=14386"},{"taxonomy":"product_cat","embeddable":true,"href":"https:\/\/gervi.be\/fr\/wp-json\/wp\/v2\/product_cat?post=14386"},{"taxonomy":"product_tag","embeddable":true,"href":"https:\/\/gervi.be\/fr\/wp-json\/wp\/v2\/product_tag?post=14386"}],"curies":[{"name":"wp","href":"https:\/\/api.w.org\/{rel}","templated":true}]}}