{"id":14297,"date":"2023-08-31T10:57:09","date_gmt":"2023-08-31T08:57:09","guid":{"rendered":"https:\/\/gervi.be\/shop\/icarus\/"},"modified":"2023-08-31T10:57:09","modified_gmt":"2023-08-31T10:57:09","slug":"icarus","status":"publish","type":"product","link":"https:\/\/gervi.be\/fr\/produit\/icarus\/","title":{"rendered":"ICARUS"},"content":{"rendered":"<p>Avec l&#8217;Icarus, Umbrosa fait d&#8217;une pierre deux coups. Inspir\u00e9s par la nature, nous avons con\u00e7u un parasol qui sert en m\u00eame temps de brise-vent. L&#8217;Icare embrasse et prot\u00e8ge. Il cr\u00e9e la s\u00e9curit\u00e9 d&#8217;un cocon, tout en vous permettant de profiter pleinement du beau temps.<\/p>\n","protected":false},"excerpt":{"rendered":"<p>Avec l&#8217;Icarus, Umbrosa fait d&#8217;une pierre deux coups. Inspir\u00e9s par la nature, nous avons con\u00e7u un parasol qui sert en m\u00eame temps de brise-vent. L&#8217;Icare embrasse et prot\u00e8ge. Il cr\u00e9e la s\u00e9curit\u00e9 d&#8217;un cocon, tout en vous permettant de profiter pleinement du beau temps.<\/p>\n","protected":false},"featured_media":14309,"template":"","meta":{"_acf_changed":false,"_uag_custom_page_level_css":"","site-sidebar-layout":"default","site-content-layout":"","ast-site-content-layout":"default","site-content-style":"default","site-sidebar-style":"default","ast-global-header-display":"","ast-banner-title-visibility":"","ast-main-header-display":"","ast-hfb-above-header-display":"","ast-hfb-below-header-display":"","ast-hfb-mobile-header-display":"","site-post-title":"","ast-breadcrumbs-content":"","ast-featured-img":"","footer-sml-layout":"","ast-disable-related-posts":"","theme-transparent-header-meta":"","adv-header-id-meta":"","stick-header-meta":"","header-above-stick-meta":"","header-main-stick-meta":"","header-below-stick-meta":"","astra-migrate-meta-layouts":"default","ast-page-background-enabled":"default","ast-page-background-meta":{"desktop":{"background-color":"","background-image":"","background-repeat":"repeat","background-position":"center center","background-size":"auto","background-attachment":"scroll","background-type":"","background-media":"","overlay-type":"","overlay-color":"","overlay-opacity":"","overlay-gradient":""},"tablet":{"background-color":"","background-image":"","background-repeat":"repeat","background-position":"center center","background-size":"auto","background-attachment":"scroll","background-type":"","background-media":"","overlay-type":"","overlay-color":"","overlay-opacity":"","overlay-gradient":""},"mobile":{"background-color":"","background-image":"","background-repeat":"repeat","background-position":"center center","background-size":"auto","background-attachment":"scroll","background-type":"","background-media":"","overlay-type":"","overlay-color":"","overlay-opacity":"","overlay-gradient":""}},"ast-content-background-meta":{"desktop":{"background-color":"var(--ast-global-color-5)","background-image":"","background-repeat":"repeat","background-position":"center center","background-size":"auto","background-attachment":"scroll","background-type":"","background-media":"","overlay-type":"","overlay-color":"","overlay-opacity":"","overlay-gradient":""},"tablet":{"background-color":"var(--ast-global-color-5)","background-image":"","background-repeat":"repeat","background-position":"center center","background-size":"auto","background-attachment":"scroll","background-type":"","background-media":"","overlay-type":"","overlay-color":"","overlay-opacity":"","overlay-gradient":""},"mobile":{"background-color":"var(--ast-global-color-5)","background-image":"","background-repeat":"repeat","background-position":"center center","background-size":"auto","background-attachment":"scroll","background-type":"","background-media":"","overlay-type":"","overlay-color":"","overlay-opacity":"","overlay-gradient":""}}},"product_brand":[],"product_cat":[871],"product_tag":[],"class_list":{"0":"post-14297","1":"product","2":"type-product","3":"status-publish","4":"has-post-thumbnail","6":"product_cat-parasols-fr","7":"desktop-align-left","8":"tablet-align-left","9":"mobile-align-left","11":"first","12":"instock","13":"product-type-simple"},"acf":[],"uagb_featured_image_src":{"full":["https:\/\/gervi.be\/wp-content\/uploads\/2023\/08\/nr3umbrosa-icarus-parasol.jpg",627,448,false],"thumbnail":["https:\/\/gervi.be\/wp-content\/uploads\/2023\/08\/nr3umbrosa-icarus-parasol-150x150.jpg",150,150,true],"medium":["https:\/\/gervi.be\/wp-content\/uploads\/2023\/08\/nr3umbrosa-icarus-parasol-300x214.jpg",300,214,true],"medium_large":["https:\/\/gervi.be\/wp-content\/uploads\/2023\/08\/nr3umbrosa-icarus-parasol.jpg",627,448,false],"large":["https:\/\/gervi.be\/wp-content\/uploads\/2023\/08\/nr3umbrosa-icarus-parasol.jpg",627,448,false],"1536x1536":["https:\/\/gervi.be\/wp-content\/uploads\/2023\/08\/nr3umbrosa-icarus-parasol.jpg",627,448,false],"2048x2048":["https:\/\/gervi.be\/wp-content\/uploads\/2023\/08\/nr3umbrosa-icarus-parasol.jpg",627,448,false],"woocommerce_thumbnail":["https:\/\/gervi.be\/wp-content\/uploads\/2023\/08\/nr3umbrosa-icarus-parasol-300x300.jpg",300,300,true],"woocommerce_single":["https:\/\/gervi.be\/wp-content\/uploads\/2023\/08\/nr3umbrosa-icarus-parasol.jpg",627,448,false],"woocommerce_gallery_thumbnail":["https:\/\/gervi.be\/wp-content\/uploads\/2023\/08\/nr3umbrosa-icarus-parasol-100x100.jpg",100,100,true],"dgwt-wcas-product-suggestion":["https:\/\/gervi.be\/wp-content\/uploads\/2023\/08\/nr3umbrosa-icarus-parasol.jpg",64,46,false]},"uagb_author_info":{"display_name":"Marjolein Nijs","author_link":"https:\/\/gervi.be\/fr\/author\/"},"uagb_comment_info":0,"uagb_excerpt":"Avec l&#8217;Icarus, Umbrosa fait d&#8217;une pierre deux coups. Inspir\u00e9s par la nature, nous avons con\u00e7u un parasol qui sert en m\u00eame temps de brise-vent. L&#8217;Icare embrasse et prot\u00e8ge. Il cr\u00e9e la s\u00e9curit\u00e9 d&#8217;un cocon, tout en vous permettant de profiter pleinement du beau temps.","_links":{"self":[{"href":"https:\/\/gervi.be\/fr\/wp-json\/wp\/v2\/product\/14297","targetHints":{"allow":["GET"]}}],"collection":[{"href":"https:\/\/gervi.be\/fr\/wp-json\/wp\/v2\/product"}],"about":[{"href":"https:\/\/gervi.be\/fr\/wp-json\/wp\/v2\/types\/product"}],"wp:featuredmedia":[{"embeddable":true,"href":"https:\/\/gervi.be\/fr\/wp-json\/wp\/v2\/media\/14309"}],"wp:attachment":[{"href":"https:\/\/gervi.be\/fr\/wp-json\/wp\/v2\/media?parent=14297"}],"wp:term":[{"taxonomy":"product_brand","embeddable":true,"href":"https:\/\/gervi.be\/fr\/wp-json\/wp\/v2\/product_brand?post=14297"},{"taxonomy":"product_cat","embeddable":true,"href":"https:\/\/gervi.be\/fr\/wp-json\/wp\/v2\/product_cat?post=14297"},{"taxonomy":"product_tag","embeddable":true,"href":"https:\/\/gervi.be\/fr\/wp-json\/wp\/v2\/product_tag?post=14297"}],"curies":[{"name":"wp","href":"https:\/\/api.w.org\/{rel}","templated":true}]}}