{"id":14273,"date":"2023-08-31T10:57:09","date_gmt":"2023-08-31T08:57:09","guid":{"rendered":"https:\/\/gervi.be\/shop\/caractere\/"},"modified":"2023-08-31T10:57:09","modified_gmt":"2023-08-31T10:57:09","slug":"caractere","status":"publish","type":"product","link":"https:\/\/gervi.be\/fr\/produit\/caractere\/","title":{"rendered":"CARACT\u00c8RE"},"content":{"rendered":"<p>Des parasols aux lignes \u00e9l\u00e9gantes et pures, minces et \u00e9lanc\u00e9s, mais qui \u00e9tonnent par leur robustesse. Parasols con\u00e7us et fabriqu\u00e9s avec pr\u00e9cision, jusque dans les moindres d\u00e9tails. Parasols dont les couleurs peuvent \u00eatre assorties \u00e0 vos autres \u00e9l\u00e9ments ext\u00e9rieurs. Parasols dont les toiles sont exceptionnellement serr\u00e9es et parfaitement finies. Des points forts techniques que vous ouvrez facilement et en un clin d&#8217;\u0153il. Parasols con\u00e7us pour durer des ann\u00e9es. Des parasols innovants qui ne remplissent pas seulement leur fonction de protection contre le soleil, mais qui sont aussi de beaux objets \u00e0 regarder, bref, des parasols qui apportent la touche finale \u00e0 un am\u00e9nagement ext\u00e9rieur de grande classe. Il s&#8217;agit de JARDINICO Caract\u00e8re.<\/p>\n","protected":false},"excerpt":{"rendered":"<p>Des parasols aux lignes \u00e9l\u00e9gantes et pures, minces et \u00e9lanc\u00e9s, mais qui \u00e9tonnent par leur robustesse. Parasols con\u00e7us et fabriqu\u00e9s avec pr\u00e9cision, jusque dans les moindres d\u00e9tails. Parasols dont les couleurs peuvent \u00eatre assorties \u00e0 vos autres \u00e9l\u00e9ments ext\u00e9rieurs. Parasols dont les toiles sont exceptionnellement serr\u00e9es et parfaitement finies. Des points forts techniques que vous [&hellip;]<\/p>\n","protected":false},"featured_media":14285,"template":"","meta":{"_acf_changed":false,"_uag_custom_page_level_css":"","site-sidebar-layout":"default","site-content-layout":"","ast-site-content-layout":"default","site-content-style":"default","site-sidebar-style":"default","ast-global-header-display":"","ast-banner-title-visibility":"","ast-main-header-display":"","ast-hfb-above-header-display":"","ast-hfb-below-header-display":"","ast-hfb-mobile-header-display":"","site-post-title":"","ast-breadcrumbs-content":"","ast-featured-img":"","footer-sml-layout":"","ast-disable-related-posts":"","theme-transparent-header-meta":"","adv-header-id-meta":"","stick-header-meta":"","header-above-stick-meta":"","header-main-stick-meta":"","header-below-stick-meta":"","astra-migrate-meta-layouts":"default","ast-page-background-enabled":"default","ast-page-background-meta":{"desktop":{"background-color":"","background-image":"","background-repeat":"repeat","background-position":"center center","background-size":"auto","background-attachment":"scroll","background-type":"","background-media":"","overlay-type":"","overlay-color":"","overlay-opacity":"","overlay-gradient":""},"tablet":{"background-color":"","background-image":"","background-repeat":"repeat","background-position":"center center","background-size":"auto","background-attachment":"scroll","background-type":"","background-media":"","overlay-type":"","overlay-color":"","overlay-opacity":"","overlay-gradient":""},"mobile":{"background-color":"","background-image":"","background-repeat":"repeat","background-position":"center center","background-size":"auto","background-attachment":"scroll","background-type":"","background-media":"","overlay-type":"","overlay-color":"","overlay-opacity":"","overlay-gradient":""}},"ast-content-background-meta":{"desktop":{"background-color":"var(--ast-global-color-5)","background-image":"","background-repeat":"repeat","background-position":"center center","background-size":"auto","background-attachment":"scroll","background-type":"","background-media":"","overlay-type":"","overlay-color":"","overlay-opacity":"","overlay-gradient":""},"tablet":{"background-color":"var(--ast-global-color-5)","background-image":"","background-repeat":"repeat","background-position":"center center","background-size":"auto","background-attachment":"scroll","background-type":"","background-media":"","overlay-type":"","overlay-color":"","overlay-opacity":"","overlay-gradient":""},"mobile":{"background-color":"var(--ast-global-color-5)","background-image":"","background-repeat":"repeat","background-position":"center center","background-size":"auto","background-attachment":"scroll","background-type":"","background-media":"","overlay-type":"","overlay-color":"","overlay-opacity":"","overlay-gradient":""}}},"product_brand":[],"product_cat":[871],"product_tag":[],"class_list":{"0":"post-14273","1":"product","2":"type-product","3":"status-publish","4":"has-post-thumbnail","6":"product_cat-parasols-fr","7":"desktop-align-left","8":"tablet-align-left","9":"mobile-align-left","11":"first","12":"instock","13":"product-type-simple"},"acf":[],"uagb_featured_image_src":{"full":["https:\/\/gervi.be\/wp-content\/uploads\/2023\/08\/nr323JardinicoJCP.1230X230A12C100002.jpg",628,437,false],"thumbnail":["https:\/\/gervi.be\/wp-content\/uploads\/2023\/08\/nr323JardinicoJCP.1230X230A12C100002-150x150.jpg",150,150,true],"medium":["https:\/\/gervi.be\/wp-content\/uploads\/2023\/08\/nr323JardinicoJCP.1230X230A12C100002-300x209.jpg",300,209,true],"medium_large":["https:\/\/gervi.be\/wp-content\/uploads\/2023\/08\/nr323JardinicoJCP.1230X230A12C100002.jpg",628,437,false],"large":["https:\/\/gervi.be\/wp-content\/uploads\/2023\/08\/nr323JardinicoJCP.1230X230A12C100002.jpg",628,437,false],"1536x1536":["https:\/\/gervi.be\/wp-content\/uploads\/2023\/08\/nr323JardinicoJCP.1230X230A12C100002.jpg",628,437,false],"2048x2048":["https:\/\/gervi.be\/wp-content\/uploads\/2023\/08\/nr323JardinicoJCP.1230X230A12C100002.jpg",628,437,false],"woocommerce_thumbnail":["https:\/\/gervi.be\/wp-content\/uploads\/2023\/08\/nr323JardinicoJCP.1230X230A12C100002-300x300.jpg",300,300,true],"woocommerce_single":["https:\/\/gervi.be\/wp-content\/uploads\/2023\/08\/nr323JardinicoJCP.1230X230A12C100002.jpg",628,437,false],"woocommerce_gallery_thumbnail":["https:\/\/gervi.be\/wp-content\/uploads\/2023\/08\/nr323JardinicoJCP.1230X230A12C100002-100x100.jpg",100,100,true],"dgwt-wcas-product-suggestion":["https:\/\/gervi.be\/wp-content\/uploads\/2023\/08\/nr323JardinicoJCP.1230X230A12C100002.jpg",64,45,false]},"uagb_author_info":{"display_name":"Marjolein Nijs","author_link":"https:\/\/gervi.be\/fr\/author\/"},"uagb_comment_info":0,"uagb_excerpt":"Des parasols aux lignes \u00e9l\u00e9gantes et pures, minces et \u00e9lanc\u00e9s, mais qui \u00e9tonnent par leur robustesse. Parasols con\u00e7us et fabriqu\u00e9s avec pr\u00e9cision, jusque dans les moindres d\u00e9tails. Parasols dont les couleurs peuvent \u00eatre assorties \u00e0 vos autres \u00e9l\u00e9ments ext\u00e9rieurs. Parasols dont les toiles sont exceptionnellement serr\u00e9es et parfaitement finies. Des points forts techniques que vous\u2026","_links":{"self":[{"href":"https:\/\/gervi.be\/fr\/wp-json\/wp\/v2\/product\/14273","targetHints":{"allow":["GET"]}}],"collection":[{"href":"https:\/\/gervi.be\/fr\/wp-json\/wp\/v2\/product"}],"about":[{"href":"https:\/\/gervi.be\/fr\/wp-json\/wp\/v2\/types\/product"}],"wp:featuredmedia":[{"embeddable":true,"href":"https:\/\/gervi.be\/fr\/wp-json\/wp\/v2\/media\/14285"}],"wp:attachment":[{"href":"https:\/\/gervi.be\/fr\/wp-json\/wp\/v2\/media?parent=14273"}],"wp:term":[{"taxonomy":"product_brand","embeddable":true,"href":"https:\/\/gervi.be\/fr\/wp-json\/wp\/v2\/product_brand?post=14273"},{"taxonomy":"product_cat","embeddable":true,"href":"https:\/\/gervi.be\/fr\/wp-json\/wp\/v2\/product_cat?post=14273"},{"taxonomy":"product_tag","embeddable":true,"href":"https:\/\/gervi.be\/fr\/wp-json\/wp\/v2\/product_tag?post=14273"}],"curies":[{"name":"wp","href":"https:\/\/api.w.org\/{rel}","templated":true}]}}