{"id":14176,"date":"2023-08-31T10:56:19","date_gmt":"2023-08-31T08:56:19","guid":{"rendered":"https:\/\/gervi.be\/shop\/jackie\/"},"modified":"2023-08-31T10:56:19","modified_gmt":"2023-08-31T10:56:19","slug":"jackie","status":"publish","type":"product","link":"https:\/\/gervi.be\/fr\/produit\/jackie\/","title":{"rendered":"JACKIE"},"content":{"rendered":"<p>Jackie by Mr Blue Sky est l&#8217;exemple m\u00eame de l&#8217;innovation combin\u00e9e \u00e0 un design impeccable. C&#8217;est la r\u00e9ponse \u00e0 une demande claire du march\u00e9 pour des meubles d&#8217;ext\u00e9rieur de bon go\u00fbt qui sont \u00e9galement enti\u00e8rement produits en Belgique. M\u00fb par une passion inspirante, Mr Blue Sky a cr\u00e9\u00e9 la toute premi\u00e8re chaise longue flottante. Le design est pur, honn\u00eate et \u00e9pur\u00e9. La chaise longue Jackie peut \u00eatre plac\u00e9e sur la mer, derri\u00e8re un yacht, dans le lac de votre country club ou dans votre piscine, comme un luxueux mobilier d&#8217;ext\u00e9rieur \u00e0 la place d&#8217;un matelas gonflable. Jackie a subi de nombreux tests rendant la chaise longue tr\u00e8s r\u00e9sistante au soleil, \u00e0 l&#8217;eau sal\u00e9e, au chlore, \u00e0 la transpiration et aux produits de protection solaire, et ne n\u00e9cessite donc que peu d&#8217;entretien. Gr\u00e2ce \u00e0 son poids l\u00e9ger, ce mobilier d&#8217;ext\u00e9rieur est facile \u00e0 empiler, \u00e0 stocker et \u00e0 d\u00e9placer.<\/p>\n","protected":false},"excerpt":{"rendered":"<p>Jackie by Mr Blue Sky est l&#8217;exemple m\u00eame de l&#8217;innovation combin\u00e9e \u00e0 un design impeccable. C&#8217;est la r\u00e9ponse \u00e0 une demande claire du march\u00e9 pour des meubles d&#8217;ext\u00e9rieur de bon go\u00fbt qui sont \u00e9galement enti\u00e8rement produits en Belgique. M\u00fb par une passion inspirante, Mr Blue Sky a cr\u00e9\u00e9 la toute premi\u00e8re chaise longue flottante. Le [&hellip;]<\/p>\n","protected":false},"featured_media":14190,"template":"","meta":{"_acf_changed":false,"_uag_custom_page_level_css":"","site-sidebar-layout":"default","site-content-layout":"","ast-site-content-layout":"default","site-content-style":"default","site-sidebar-style":"default","ast-global-header-display":"","ast-banner-title-visibility":"","ast-main-header-display":"","ast-hfb-above-header-display":"","ast-hfb-below-header-display":"","ast-hfb-mobile-header-display":"","site-post-title":"","ast-breadcrumbs-content":"","ast-featured-img":"","footer-sml-layout":"","ast-disable-related-posts":"","theme-transparent-header-meta":"default","adv-header-id-meta":"","stick-header-meta":"","header-above-stick-meta":"","header-main-stick-meta":"","header-below-stick-meta":"","astra-migrate-meta-layouts":"default","ast-page-background-enabled":"default","ast-page-background-meta":{"desktop":{"background-color":"","background-image":"","background-repeat":"repeat","background-position":"center center","background-size":"auto","background-attachment":"scroll","background-type":"","background-media":"","overlay-type":"","overlay-color":"","overlay-opacity":"","overlay-gradient":""},"tablet":{"background-color":"","background-image":"","background-repeat":"repeat","background-position":"center center","background-size":"auto","background-attachment":"scroll","background-type":"","background-media":"","overlay-type":"","overlay-color":"","overlay-opacity":"","overlay-gradient":""},"mobile":{"background-color":"","background-image":"","background-repeat":"repeat","background-position":"center center","background-size":"auto","background-attachment":"scroll","background-type":"","background-media":"","overlay-type":"","overlay-color":"","overlay-opacity":"","overlay-gradient":""}},"ast-content-background-meta":{"desktop":{"background-color":"var(--ast-global-color-5)","background-image":"","background-repeat":"repeat","background-position":"center center","background-size":"auto","background-attachment":"scroll","background-type":"","background-media":"","overlay-type":"","overlay-color":"","overlay-opacity":"","overlay-gradient":""},"tablet":{"background-color":"var(--ast-global-color-5)","background-image":"","background-repeat":"repeat","background-position":"center center","background-size":"auto","background-attachment":"scroll","background-type":"","background-media":"","overlay-type":"","overlay-color":"","overlay-opacity":"","overlay-gradient":""},"mobile":{"background-color":"var(--ast-global-color-5)","background-image":"","background-repeat":"repeat","background-position":"center center","background-size":"auto","background-attachment":"scroll","background-type":"","background-media":"","overlay-type":"","overlay-color":"","overlay-opacity":"","overlay-gradient":""}}},"product_brand":[],"product_cat":[913,878],"product_tag":[],"class_list":{"0":"post-14176","1":"product","2":"type-product","3":"status-publish","4":"has-post-thumbnail","6":"product_cat-chaise-longue-fr","7":"product_cat-meubles-de-jardin","8":"desktop-align-left","9":"tablet-align-left","10":"mobile-align-left","12":"first","13":"instock","14":"product-type-simple"},"acf":[],"uagb_featured_image_src":{"full":["https:\/\/gervi.be\/wp-content\/uploads\/2023\/08\/nr3mrbluesky-jackie-ligbed.jpg",627,448,false],"thumbnail":["https:\/\/gervi.be\/wp-content\/uploads\/2023\/08\/nr3mrbluesky-jackie-ligbed-150x150.jpg",150,150,true],"medium":["https:\/\/gervi.be\/wp-content\/uploads\/2023\/08\/nr3mrbluesky-jackie-ligbed-300x214.jpg",300,214,true],"medium_large":["https:\/\/gervi.be\/wp-content\/uploads\/2023\/08\/nr3mrbluesky-jackie-ligbed.jpg",627,448,false],"large":["https:\/\/gervi.be\/wp-content\/uploads\/2023\/08\/nr3mrbluesky-jackie-ligbed.jpg",627,448,false],"1536x1536":["https:\/\/gervi.be\/wp-content\/uploads\/2023\/08\/nr3mrbluesky-jackie-ligbed.jpg",627,448,false],"2048x2048":["https:\/\/gervi.be\/wp-content\/uploads\/2023\/08\/nr3mrbluesky-jackie-ligbed.jpg",627,448,false],"woocommerce_thumbnail":["https:\/\/gervi.be\/wp-content\/uploads\/2023\/08\/nr3mrbluesky-jackie-ligbed-300x300.jpg",300,300,true],"woocommerce_single":["https:\/\/gervi.be\/wp-content\/uploads\/2023\/08\/nr3mrbluesky-jackie-ligbed.jpg",627,448,false],"woocommerce_gallery_thumbnail":["https:\/\/gervi.be\/wp-content\/uploads\/2023\/08\/nr3mrbluesky-jackie-ligbed-100x100.jpg",100,100,true],"dgwt-wcas-product-suggestion":["https:\/\/gervi.be\/wp-content\/uploads\/2023\/08\/nr3mrbluesky-jackie-ligbed.jpg",64,46,false]},"uagb_author_info":{"display_name":"Marjolein Nijs","author_link":"https:\/\/gervi.be\/fr\/author\/"},"uagb_comment_info":0,"uagb_excerpt":"Jackie by Mr Blue Sky est l&#8217;exemple m\u00eame de l&#8217;innovation combin\u00e9e \u00e0 un design impeccable. C&#8217;est la r\u00e9ponse \u00e0 une demande claire du march\u00e9 pour des meubles d&#8217;ext\u00e9rieur de bon go\u00fbt qui sont \u00e9galement enti\u00e8rement produits en Belgique. M\u00fb par une passion inspirante, Mr Blue Sky a cr\u00e9\u00e9 la toute premi\u00e8re chaise longue flottante. Le\u2026","_links":{"self":[{"href":"https:\/\/gervi.be\/fr\/wp-json\/wp\/v2\/product\/14176","targetHints":{"allow":["GET"]}}],"collection":[{"href":"https:\/\/gervi.be\/fr\/wp-json\/wp\/v2\/product"}],"about":[{"href":"https:\/\/gervi.be\/fr\/wp-json\/wp\/v2\/types\/product"}],"wp:featuredmedia":[{"embeddable":true,"href":"https:\/\/gervi.be\/fr\/wp-json\/wp\/v2\/media\/14190"}],"wp:attachment":[{"href":"https:\/\/gervi.be\/fr\/wp-json\/wp\/v2\/media?parent=14176"}],"wp:term":[{"taxonomy":"product_brand","embeddable":true,"href":"https:\/\/gervi.be\/fr\/wp-json\/wp\/v2\/product_brand?post=14176"},{"taxonomy":"product_cat","embeddable":true,"href":"https:\/\/gervi.be\/fr\/wp-json\/wp\/v2\/product_cat?post=14176"},{"taxonomy":"product_tag","embeddable":true,"href":"https:\/\/gervi.be\/fr\/wp-json\/wp\/v2\/product_tag?post=14176"}],"curies":[{"name":"wp","href":"https:\/\/api.w.org\/{rel}","templated":true}]}}