{"id":14173,"date":"2023-08-31T10:56:19","date_gmt":"2023-08-31T08:56:19","guid":{"rendered":"https:\/\/gervi.be\/shop\/ushuaia\/"},"modified":"2024-10-04T09:54:41","modified_gmt":"2024-10-04T07:54:41","slug":"ushuaia","status":"publish","type":"product","link":"https:\/\/gervi.be\/fr\/produit\/ushuaia\/","title":{"rendered":"USHUAIA"},"content":{"rendered":"<p>La chaise longue Fast Ushuaia est un mobilier d&#8217;ext\u00e9rieur \u00e9l\u00e9gant et moderne, con\u00e7u pour le confort et le style.<br \/>\nLe cadre est en aluminium durable, ce qui le rend \u00e0 la fois robuste et r\u00e9sistant aux intemp\u00e9ries, parfait pour les conditions ext\u00e9rieures.<br \/>\nLe design \u00e9pur\u00e9 et minimaliste est accentu\u00e9 par des coussins confortables et doux recouverts de tissus r\u00e9sistants aux intemp\u00e9ries, ce qui le rend id\u00e9al pour une utilisation ext\u00e9rieure \u00e0 long terme.<br \/>\nLe dossier r\u00e9glable vous permet de choisir diff\u00e9rentes positions d&#8217;inclinaison, garantissant ainsi une d\u00e9tente optimale \u00e0 la piscine, dans le jardin ou sur la terrasse.<br \/>\nEn bref, la chaise longue Ushuaia allie fonctionnalit\u00e9 et aspect luxueux.    <\/p>\n","protected":false},"excerpt":{"rendered":"<p>Fast &#8211; Ushuaia dimensions en cm : 207 x 70 x 37 Le cadre et les coussins sont disponibles en diff\u00e9rentes couleurs.<br \/>\nN&#8217;h\u00e9sitez pas \u00e0 nous contacter pour plus d&#8217;informations. <\/p>\n","protected":false},"featured_media":26768,"template":"","meta":{"_acf_changed":false,"_uag_custom_page_level_css":"","site-sidebar-layout":"default","site-content-layout":"","ast-site-content-layout":"default","site-content-style":"default","site-sidebar-style":"default","ast-global-header-display":"","ast-banner-title-visibility":"","ast-main-header-display":"","ast-hfb-above-header-display":"","ast-hfb-below-header-display":"","ast-hfb-mobile-header-display":"","site-post-title":"","ast-breadcrumbs-content":"","ast-featured-img":"","footer-sml-layout":"","ast-disable-related-posts":"","theme-transparent-header-meta":"default","adv-header-id-meta":"","stick-header-meta":"","header-above-stick-meta":"","header-main-stick-meta":"","header-below-stick-meta":"","astra-migrate-meta-layouts":"default","ast-page-background-enabled":"default","ast-page-background-meta":{"desktop":{"background-color":"","background-image":"","background-repeat":"repeat","background-position":"center center","background-size":"auto","background-attachment":"scroll","background-type":"","background-media":"","overlay-type":"","overlay-color":"","overlay-opacity":"","overlay-gradient":""},"tablet":{"background-color":"","background-image":"","background-repeat":"repeat","background-position":"center center","background-size":"auto","background-attachment":"scroll","background-type":"","background-media":"","overlay-type":"","overlay-color":"","overlay-opacity":"","overlay-gradient":""},"mobile":{"background-color":"","background-image":"","background-repeat":"repeat","background-position":"center center","background-size":"auto","background-attachment":"scroll","background-type":"","background-media":"","overlay-type":"","overlay-color":"","overlay-opacity":"","overlay-gradient":""}},"ast-content-background-meta":{"desktop":{"background-color":"var(--ast-global-color-5)","background-image":"","background-repeat":"repeat","background-position":"center center","background-size":"auto","background-attachment":"scroll","background-type":"","background-media":"","overlay-type":"","overlay-color":"","overlay-opacity":"","overlay-gradient":""},"tablet":{"background-color":"var(--ast-global-color-5)","background-image":"","background-repeat":"repeat","background-position":"center center","background-size":"auto","background-attachment":"scroll","background-type":"","background-media":"","overlay-type":"","overlay-color":"","overlay-opacity":"","overlay-gradient":""},"mobile":{"background-color":"var(--ast-global-color-5)","background-image":"","background-repeat":"repeat","background-position":"center center","background-size":"auto","background-attachment":"scroll","background-type":"","background-media":"","overlay-type":"","overlay-color":"","overlay-opacity":"","overlay-gradient":""}}},"product_brand":[],"product_cat":[913,878],"product_tag":[4358,5804,4319,3865,3946,3919,3918,4344,3530,3866,1344,5803,5780,3945,1708,1314,2220,4320,2262,2210,3911,1442,3952,3924,3913,3058,1556,5802,1903,3949,3912,4355,5253],"class_list":{"0":"post-14173","1":"product","2":"type-product","3":"status-publish","4":"has-post-thumbnail","6":"product_cat-chaise-longue-fr","7":"product_cat-meubles-de-jardin","8":"product_tag-aspect-luxueux","9":"product_tag-bardage-resistant-aux-intemperies","10":"product_tag-cadre-en-aluminium","11":"product_tag-chaise-longue-fr","12":"product_tag-conception-flexible","13":"product_tag-coussins-souples","14":"product_tag-des-lignes-epurees","15":"product_tag-design-italien","16":"product_tag-design-moderne-fr","17":"product_tag-design-moderne-fr-2","18":"product_tag-detente","19":"product_tag-dossier-reglable","20":"product_tag-ergonomique","21":"product_tag-espace-exterieur","22":"product_tag-explorez-votre-mode-de-vie","23":"product_tag-gervi-fr","24":"product_tag-le-confort","25":"product_tag-leger","26":"product_tag-luxe-fr","27":"product_tag-materiaux-durables","28":"product_tag-meubles-dexterieur-fr","29":"product_tag-meubles-de-jardin","30":"product_tag-meubles-de-style","31":"product_tag-meubles-de-terrasse","32":"product_tag-minimaliste","33":"product_tag-peu-dentretien","34":"product_tag-piscine","35":"product_tag-rapide-ushuaia","36":"product_tag-resistant-aux-intemperies","37":"product_tag-salon-exterieur","38":"product_tag-se-prelasser","39":"product_tag-tissus-de-qualite-superieure","40":"product_tag-un-espace-de-vie-exterieur-de-premiere-qualite","41":"desktop-align-left","42":"tablet-align-left","43":"mobile-align-left","45":"first","46":"instock","47":"product-type-simple"},"acf":[],"uagb_featured_image_src":{"full":["https:\/\/gervi.be\/wp-content\/uploads\/2023\/08\/Fast-Ushuaia.jpg",1500,1500,false],"thumbnail":["https:\/\/gervi.be\/wp-content\/uploads\/2023\/08\/Fast-Ushuaia-150x150.jpg",150,150,true],"medium":["https:\/\/gervi.be\/wp-content\/uploads\/2023\/08\/Fast-Ushuaia-300x300.jpg",300,300,true],"medium_large":["https:\/\/gervi.be\/wp-content\/uploads\/2023\/08\/Fast-Ushuaia-768x768.jpg",768,768,true],"large":["https:\/\/gervi.be\/wp-content\/uploads\/2023\/08\/Fast-Ushuaia-1024x1024.jpg",1024,1024,true],"1536x1536":["https:\/\/gervi.be\/wp-content\/uploads\/2023\/08\/Fast-Ushuaia.jpg",1500,1500,false],"2048x2048":["https:\/\/gervi.be\/wp-content\/uploads\/2023\/08\/Fast-Ushuaia.jpg",1500,1500,false],"woocommerce_thumbnail":["https:\/\/gervi.be\/wp-content\/uploads\/2023\/08\/Fast-Ushuaia.jpg",1500,1500,false],"woocommerce_single":["https:\/\/gervi.be\/wp-content\/uploads\/2023\/08\/Fast-Ushuaia.jpg",1500,1500,false],"woocommerce_gallery_thumbnail":["https:\/\/gervi.be\/wp-content\/uploads\/2023\/08\/Fast-Ushuaia-100x100.jpg",100,100,true],"dgwt-wcas-product-suggestion":["https:\/\/gervi.be\/wp-content\/uploads\/2023\/08\/Fast-Ushuaia.jpg",64,64,false]},"uagb_author_info":{"display_name":"Marjolein Nijs","author_link":"https:\/\/gervi.be\/fr\/author\/"},"uagb_comment_info":0,"uagb_excerpt":"Fast - Ushuaia dimensions en cm : 207 x 70 x 37 Le cadre et les coussins sont disponibles en diff\u00e9rentes couleurs. N'h\u00e9sitez pas \u00e0 nous contacter pour plus d'informations.","_links":{"self":[{"href":"https:\/\/gervi.be\/fr\/wp-json\/wp\/v2\/product\/14173","targetHints":{"allow":["GET"]}}],"collection":[{"href":"https:\/\/gervi.be\/fr\/wp-json\/wp\/v2\/product"}],"about":[{"href":"https:\/\/gervi.be\/fr\/wp-json\/wp\/v2\/types\/product"}],"wp:featuredmedia":[{"embeddable":true,"href":"https:\/\/gervi.be\/fr\/wp-json\/wp\/v2\/media\/26768"}],"wp:attachment":[{"href":"https:\/\/gervi.be\/fr\/wp-json\/wp\/v2\/media?parent=14173"}],"wp:term":[{"taxonomy":"product_brand","embeddable":true,"href":"https:\/\/gervi.be\/fr\/wp-json\/wp\/v2\/product_brand?post=14173"},{"taxonomy":"product_cat","embeddable":true,"href":"https:\/\/gervi.be\/fr\/wp-json\/wp\/v2\/product_cat?post=14173"},{"taxonomy":"product_tag","embeddable":true,"href":"https:\/\/gervi.be\/fr\/wp-json\/wp\/v2\/product_tag?post=14173"}],"curies":[{"name":"wp","href":"https:\/\/api.w.org\/{rel}","templated":true}]}}