{"id":14172,"date":"2023-08-31T10:56:04","date_gmt":"2023-08-31T08:56:04","guid":{"rendered":"https:\/\/gervi.be\/shop\/molo\/"},"modified":"2024-10-04T10:32:07","modified_gmt":"2024-10-04T08:32:07","slug":"molo","status":"publish","type":"product","link":"https:\/\/gervi.be\/fr\/produit\/molo\/","title":{"rendered":"MOLO"},"content":{"rendered":"<p>La chaise longue Kettal Molo est un mobilier d&#8217;ext\u00e9rieur luxueux et \u00e9l\u00e9gant, con\u00e7u pour offrir confort et durabilit\u00e9 dans les espaces ext\u00e9rieurs modernes.<br \/>\nLa chaise longue fait partie de la collection Molo, connue pour ses designs modulaires et flexibles.<br \/>\nLe cadre est fabriqu\u00e9 en aluminium de haute qualit\u00e9, ce qui rend la chaise longue l\u00e9g\u00e8re et r\u00e9sistante aux intemp\u00e9ries, id\u00e9ale pour une utilisation \u00e0 long terme dans diff\u00e9rentes conditions m\u00e9t\u00e9orologiques.<br \/>\nLes coussins confortables sont recouverts de tissus hydrofuges, \u00e0 la fois pratiques et doux, qui permettent de se pr\u00e9lasser au bord de la piscine, dans le jardin ou sur la terrasse.<br \/>\nLe design \u00e9pur\u00e9 et minimaliste de la chaise longue Molo s&#8217;adapte parfaitement \u00e0 une grande vari\u00e9t\u00e9 de styles ext\u00e9rieurs, qu&#8217;il s&#8217;agisse d&#8217;am\u00e9nagements modernes ou plus classiques.<br \/>\nGr\u00e2ce au dossier r\u00e9glable, la chaise longue offre de multiples positions d&#8217;inclinaison, contribuant ainsi \u00e0 une exp\u00e9rience de relaxation personnalis\u00e9e.<br \/>\nLe design est flexible et modulaire, ce qui permet de le combiner facilement avec d&#8217;autres \u00e9l\u00e9ments de la collection Kettal pour cr\u00e9er un environnement de salon coh\u00e9rent et \u00e9l\u00e9gant.<br \/>\nKettal est r\u00e9put\u00e9 pour son savoir-faire et l&#8217;utilisation de mat\u00e9riaux de haute qualit\u00e9, et la chaise longue Molo ne fait pas exception \u00e0 la r\u00e8gle.<br \/>\nElle offre non seulement un aspect luxueux, mais aussi la durabilit\u00e9 et la fonctionnalit\u00e9 n\u00e9cessaires \u00e0 une utilisation quotidienne dans un environnement ext\u00e9rieur.<br \/>\nEn bref, la chaise longue Kettal Molo est un choix parfait pour ceux qui recherchent une combinaison d&#8217;esth\u00e9tique, de confort et de qualit\u00e9.<br \/>\nElle offre une exp\u00e9rience de salon raffin\u00e9e, tout en \u00e9tant r\u00e9sistante aux intemp\u00e9ries et en n\u00e9cessitant peu d&#8217;entretien, et elle est id\u00e9ale pour ceux qui cherchent \u00e0 am\u00e9liorer leur espace ext\u00e9rieur avec un design haut de gamme.          <\/p>\n","protected":false},"excerpt":{"rendered":"<p>Kettal &#8211; Molo dimensions en cm : 201 x 83 x 35 Cette chaise longue est disponible en diff\u00e9rents mat\u00e9riaux et couleurs.<br \/>\nN&#8217;h\u00e9sitez pas \u00e0 nous contacter pour plus d&#8217;informations. <\/p>\n","protected":false},"featured_media":26772,"template":"","meta":{"_acf_changed":false,"_uag_custom_page_level_css":"","site-sidebar-layout":"default","site-content-layout":"","ast-site-content-layout":"default","site-content-style":"default","site-sidebar-style":"default","ast-global-header-display":"","ast-banner-title-visibility":"","ast-main-header-display":"","ast-hfb-above-header-display":"","ast-hfb-below-header-display":"","ast-hfb-mobile-header-display":"","site-post-title":"","ast-breadcrumbs-content":"","ast-featured-img":"","footer-sml-layout":"","ast-disable-related-posts":"","theme-transparent-header-meta":"default","adv-header-id-meta":"","stick-header-meta":"","header-above-stick-meta":"","header-main-stick-meta":"","header-below-stick-meta":"","astra-migrate-meta-layouts":"default","ast-page-background-enabled":"default","ast-page-background-meta":{"desktop":{"background-color":"","background-image":"","background-repeat":"repeat","background-position":"center center","background-size":"auto","background-attachment":"scroll","background-type":"","background-media":"","overlay-type":"","overlay-color":"","overlay-opacity":"","overlay-gradient":""},"tablet":{"background-color":"","background-image":"","background-repeat":"repeat","background-position":"center center","background-size":"auto","background-attachment":"scroll","background-type":"","background-media":"","overlay-type":"","overlay-color":"","overlay-opacity":"","overlay-gradient":""},"mobile":{"background-color":"","background-image":"","background-repeat":"repeat","background-position":"center center","background-size":"auto","background-attachment":"scroll","background-type":"","background-media":"","overlay-type":"","overlay-color":"","overlay-opacity":"","overlay-gradient":""}},"ast-content-background-meta":{"desktop":{"background-color":"var(--ast-global-color-5)","background-image":"","background-repeat":"repeat","background-position":"center center","background-size":"auto","background-attachment":"scroll","background-type":"","background-media":"","overlay-type":"","overlay-color":"","overlay-opacity":"","overlay-gradient":""},"tablet":{"background-color":"var(--ast-global-color-5)","background-image":"","background-repeat":"repeat","background-position":"center center","background-size":"auto","background-attachment":"scroll","background-type":"","background-media":"","overlay-type":"","overlay-color":"","overlay-opacity":"","overlay-gradient":""},"mobile":{"background-color":"var(--ast-global-color-5)","background-image":"","background-repeat":"repeat","background-position":"center center","background-size":"auto","background-attachment":"scroll","background-type":"","background-media":"","overlay-type":"","overlay-color":"","overlay-opacity":"","overlay-gradient":""}}},"product_brand":[],"product_cat":[913,878],"product_tag":[4358,5230,4319,3865,3946,5812,5810,3918,3530,1344,5803,2378,3945,1708,1314,5809,4320,2262,4340,3911,1442,3952,3924,3915,3913,3058,1556,5726,1903,3949,3912,5811,5253],"class_list":{"0":"post-14172","1":"product","2":"type-product","3":"status-publish","4":"has-post-thumbnail","6":"product_cat-chaise-longue-fr","7":"product_cat-meubles-de-jardin","8":"product_tag-aspect-luxueux","9":"product_tag-attitude-flexible","10":"product_tag-cadre-en-aluminium","11":"product_tag-chaise-longue-fr","12":"product_tag-conception-flexible","13":"product_tag-contemporain","14":"product_tag-coussins-confortables","15":"product_tag-des-lignes-epurees","16":"product_tag-design-moderne-fr","17":"product_tag-detente","18":"product_tag-dossier-reglable","19":"product_tag-durable","20":"product_tag-espace-exterieur","21":"product_tag-explorez-votre-mode-de-vie","22":"product_tag-gervi-fr","23":"product_tag-kettal-molo-fr","24":"product_tag-leger","25":"product_tag-luxe-fr","26":"product_tag-materiaux-de-qualite-superieure","27":"product_tag-meubles-dexterieur-fr","28":"product_tag-meubles-de-jardin","29":"product_tag-meubles-de-style","30":"product_tag-meubles-de-terrasse","31":"product_tag-meubles-modulaires","32":"product_tag-minimaliste","33":"product_tag-peu-dentretien","34":"product_tag-piscine","35":"product_tag-qualite-kettal","36":"product_tag-resistant-aux-intemperies","37":"product_tag-salon-exterieur","38":"product_tag-se-prelasser","39":"product_tag-tissus-hydrofuges","40":"product_tag-un-espace-de-vie-exterieur-de-premiere-qualite","41":"desktop-align-left","42":"tablet-align-left","43":"mobile-align-left","45":"first","46":"instock","47":"product-type-simple"},"acf":[],"uagb_featured_image_src":{"full":["https:\/\/gervi.be\/wp-content\/uploads\/2023\/08\/Kettal-Molo-deckchair.jpg",1500,1500,false],"thumbnail":["https:\/\/gervi.be\/wp-content\/uploads\/2023\/08\/Kettal-Molo-deckchair-150x150.jpg",150,150,true],"medium":["https:\/\/gervi.be\/wp-content\/uploads\/2023\/08\/Kettal-Molo-deckchair-300x300.jpg",300,300,true],"medium_large":["https:\/\/gervi.be\/wp-content\/uploads\/2023\/08\/Kettal-Molo-deckchair-768x768.jpg",768,768,true],"large":["https:\/\/gervi.be\/wp-content\/uploads\/2023\/08\/Kettal-Molo-deckchair-1024x1024.jpg",1024,1024,true],"1536x1536":["https:\/\/gervi.be\/wp-content\/uploads\/2023\/08\/Kettal-Molo-deckchair.jpg",1500,1500,false],"2048x2048":["https:\/\/gervi.be\/wp-content\/uploads\/2023\/08\/Kettal-Molo-deckchair.jpg",1500,1500,false],"woocommerce_thumbnail":["https:\/\/gervi.be\/wp-content\/uploads\/2023\/08\/Kettal-Molo-deckchair.jpg",1500,1500,false],"woocommerce_single":["https:\/\/gervi.be\/wp-content\/uploads\/2023\/08\/Kettal-Molo-deckchair.jpg",1500,1500,false],"woocommerce_gallery_thumbnail":["https:\/\/gervi.be\/wp-content\/uploads\/2023\/08\/Kettal-Molo-deckchair-100x100.jpg",100,100,true],"dgwt-wcas-product-suggestion":["https:\/\/gervi.be\/wp-content\/uploads\/2023\/08\/Kettal-Molo-deckchair.jpg",64,64,false]},"uagb_author_info":{"display_name":"Marjolein Nijs","author_link":"https:\/\/gervi.be\/fr\/author\/"},"uagb_comment_info":0,"uagb_excerpt":"Kettal - Molo dimensions en cm : 201 x 83 x 35 Cette chaise longue est disponible en diff\u00e9rents mat\u00e9riaux et couleurs. N'h\u00e9sitez pas \u00e0 nous contacter pour plus d'informations.","_links":{"self":[{"href":"https:\/\/gervi.be\/fr\/wp-json\/wp\/v2\/product\/14172","targetHints":{"allow":["GET"]}}],"collection":[{"href":"https:\/\/gervi.be\/fr\/wp-json\/wp\/v2\/product"}],"about":[{"href":"https:\/\/gervi.be\/fr\/wp-json\/wp\/v2\/types\/product"}],"wp:featuredmedia":[{"embeddable":true,"href":"https:\/\/gervi.be\/fr\/wp-json\/wp\/v2\/media\/26772"}],"wp:attachment":[{"href":"https:\/\/gervi.be\/fr\/wp-json\/wp\/v2\/media?parent=14172"}],"wp:term":[{"taxonomy":"product_brand","embeddable":true,"href":"https:\/\/gervi.be\/fr\/wp-json\/wp\/v2\/product_brand?post=14172"},{"taxonomy":"product_cat","embeddable":true,"href":"https:\/\/gervi.be\/fr\/wp-json\/wp\/v2\/product_cat?post=14172"},{"taxonomy":"product_tag","embeddable":true,"href":"https:\/\/gervi.be\/fr\/wp-json\/wp\/v2\/product_tag?post=14172"}],"curies":[{"name":"wp","href":"https:\/\/api.w.org\/{rel}","templated":true}]}}