{"id":14147,"date":"2023-08-31T10:56:33","date_gmt":"2023-08-31T08:56:33","guid":{"rendered":"https:\/\/gervi.be\/shop\/sealine\/"},"modified":"2025-07-25T08:52:24","modified_gmt":"2025-07-25T06:52:24","slug":"sealine","status":"publish","type":"product","link":"https:\/\/gervi.be\/fr\/produit\/sealine\/","title":{"rendered":"SEALINE"},"content":{"rendered":"<p>SEALINE, dessin\u00e9e par Jean-Marie Massaud, est une collection de salons luxueux au caract\u00e8re facile \u00e0 vivre. Con\u00e7u pour \u00eatre \u00e9l\u00e9gant, confortable et adapt\u00e9 \u00e0 toutes les saisons et \u00e0 toutes les latitudes, ce syst\u00e8me compact est aussi \u00e0 l&#8217;aise sur la terrasse d&#8217;un lodge africain que sur le pont d&#8217;un yacht dans les fjords scandinaves. SEALINE a un cadre en teck fait \u00e0 la main, des coussins moelleux et un dossier en corde marine ou en fibre DEDON extra-large, au choix. Les \u00e9l\u00e9ments luxueux se combinent facilement avec d&#8217;autres styles DEDON, y compris la collection prim\u00e9e SEAX de Massaud et ses chaises longues embl\u00e9matiques SEAYOU, pour un look \u00e9clectique sans effort.<\/p>\n","protected":false},"excerpt":{"rendered":"<p>SEALINE, dessin\u00e9e par Jean-Marie Massaud, est une collection de salons luxueux au caract\u00e8re facile \u00e0 vivre. Con\u00e7u pour \u00eatre \u00e9l\u00e9gant, confortable et adapt\u00e9 \u00e0 toutes les saisons et \u00e0 toutes les latitudes, ce syst\u00e8me compact est aussi \u00e0 l&#8217;aise sur la terrasse d&#8217;un lodge africain que sur le pont d&#8217;un yacht dans les fjords scandinaves. [&hellip;]<\/p>\n","protected":false},"featured_media":31548,"template":"","meta":{"_acf_changed":false,"_uag_custom_page_level_css":"","site-sidebar-layout":"default","site-content-layout":"","ast-site-content-layout":"default","site-content-style":"default","site-sidebar-style":"default","ast-global-header-display":"","ast-banner-title-visibility":"","ast-main-header-display":"","ast-hfb-above-header-display":"","ast-hfb-below-header-display":"","ast-hfb-mobile-header-display":"","site-post-title":"","ast-breadcrumbs-content":"","ast-featured-img":"","footer-sml-layout":"","ast-disable-related-posts":"","theme-transparent-header-meta":"default","adv-header-id-meta":"","stick-header-meta":"","header-above-stick-meta":"","header-main-stick-meta":"","header-below-stick-meta":"","astra-migrate-meta-layouts":"default","ast-page-background-enabled":"default","ast-page-background-meta":{"desktop":{"background-color":"","background-image":"","background-repeat":"repeat","background-position":"center center","background-size":"auto","background-attachment":"scroll","background-type":"","background-media":"","overlay-type":"","overlay-color":"","overlay-opacity":"","overlay-gradient":""},"tablet":{"background-color":"","background-image":"","background-repeat":"repeat","background-position":"center center","background-size":"auto","background-attachment":"scroll","background-type":"","background-media":"","overlay-type":"","overlay-color":"","overlay-opacity":"","overlay-gradient":""},"mobile":{"background-color":"","background-image":"","background-repeat":"repeat","background-position":"center center","background-size":"auto","background-attachment":"scroll","background-type":"","background-media":"","overlay-type":"","overlay-color":"","overlay-opacity":"","overlay-gradient":""}},"ast-content-background-meta":{"desktop":{"background-color":"var(--ast-global-color-5)","background-image":"","background-repeat":"repeat","background-position":"center center","background-size":"auto","background-attachment":"scroll","background-type":"","background-media":"","overlay-type":"","overlay-color":"","overlay-opacity":"","overlay-gradient":""},"tablet":{"background-color":"var(--ast-global-color-5)","background-image":"","background-repeat":"repeat","background-position":"center center","background-size":"auto","background-attachment":"scroll","background-type":"","background-media":"","overlay-type":"","overlay-color":"","overlay-opacity":"","overlay-gradient":""},"mobile":{"background-color":"var(--ast-global-color-5)","background-image":"","background-repeat":"repeat","background-position":"center center","background-size":"auto","background-attachment":"scroll","background-type":"","background-media":"","overlay-type":"","overlay-color":"","overlay-opacity":"","overlay-gradient":""}}},"product_brand":[6287],"product_cat":[905,878],"product_tag":[],"class_list":{"0":"post-14147","1":"product","2":"type-product","3":"status-publish","4":"has-post-thumbnail","6":"product_brand-dedon","7":"product_cat-ensemble-de-salon","8":"product_cat-meubles-de-jardin","9":"desktop-align-left","10":"tablet-align-left","11":"mobile-align-left","13":"first","14":"instock","15":"product-type-simple"},"acf":[],"uagb_featured_image_src":{"full":["https:\/\/gervi.be\/wp-content\/uploads\/2023\/08\/Sealine-750x750-1.png",750,750,false],"thumbnail":["https:\/\/gervi.be\/wp-content\/uploads\/2023\/08\/Sealine-750x750-1-150x150.png",150,150,true],"medium":["https:\/\/gervi.be\/wp-content\/uploads\/2023\/08\/Sealine-750x750-1-300x300.png",300,300,true],"medium_large":["https:\/\/gervi.be\/wp-content\/uploads\/2023\/08\/Sealine-750x750-1.png",750,750,false],"large":["https:\/\/gervi.be\/wp-content\/uploads\/2023\/08\/Sealine-750x750-1.png",750,750,false],"1536x1536":["https:\/\/gervi.be\/wp-content\/uploads\/2023\/08\/Sealine-750x750-1.png",750,750,false],"2048x2048":["https:\/\/gervi.be\/wp-content\/uploads\/2023\/08\/Sealine-750x750-1.png",750,750,false],"woocommerce_thumbnail":["https:\/\/gervi.be\/wp-content\/uploads\/2023\/08\/Sealine-750x750-1.png",750,750,false],"woocommerce_single":["https:\/\/gervi.be\/wp-content\/uploads\/2023\/08\/Sealine-750x750-1.png",750,750,false],"woocommerce_gallery_thumbnail":["https:\/\/gervi.be\/wp-content\/uploads\/2023\/08\/Sealine-750x750-1-100x100.png",100,100,true],"dgwt-wcas-product-suggestion":["https:\/\/gervi.be\/wp-content\/uploads\/2023\/08\/Sealine-750x750-1.png",64,64,false]},"uagb_author_info":{"display_name":"Marjolein Nijs","author_link":"https:\/\/gervi.be\/fr\/author\/"},"uagb_comment_info":0,"uagb_excerpt":"SEALINE, dessin\u00e9e par Jean-Marie Massaud, est une collection de salons luxueux au caract\u00e8re facile \u00e0 vivre. Con\u00e7u pour \u00eatre \u00e9l\u00e9gant, confortable et adapt\u00e9 \u00e0 toutes les saisons et \u00e0 toutes les latitudes, ce syst\u00e8me compact est aussi \u00e0 l&#8217;aise sur la terrasse d&#8217;un lodge africain que sur le pont d&#8217;un yacht dans les fjords scandinaves.\u2026","_links":{"self":[{"href":"https:\/\/gervi.be\/fr\/wp-json\/wp\/v2\/product\/14147","targetHints":{"allow":["GET"]}}],"collection":[{"href":"https:\/\/gervi.be\/fr\/wp-json\/wp\/v2\/product"}],"about":[{"href":"https:\/\/gervi.be\/fr\/wp-json\/wp\/v2\/types\/product"}],"wp:featuredmedia":[{"embeddable":true,"href":"https:\/\/gervi.be\/fr\/wp-json\/wp\/v2\/media\/31548"}],"wp:attachment":[{"href":"https:\/\/gervi.be\/fr\/wp-json\/wp\/v2\/media?parent=14147"}],"wp:term":[{"taxonomy":"product_brand","embeddable":true,"href":"https:\/\/gervi.be\/fr\/wp-json\/wp\/v2\/product_brand?post=14147"},{"taxonomy":"product_cat","embeddable":true,"href":"https:\/\/gervi.be\/fr\/wp-json\/wp\/v2\/product_cat?post=14147"},{"taxonomy":"product_tag","embeddable":true,"href":"https:\/\/gervi.be\/fr\/wp-json\/wp\/v2\/product_tag?post=14147"}],"curies":[{"name":"wp","href":"https:\/\/api.w.org\/{rel}","templated":true}]}}