{"id":14123,"date":"2023-08-31T10:56:19","date_gmt":"2023-08-31T08:56:19","guid":{"rendered":"https:\/\/gervi.be\/shop\/etoile\/"},"modified":"2024-10-04T09:37:36","modified_gmt":"2024-10-04T07:37:36","slug":"etourneau","status":"publish","type":"product","link":"https:\/\/gervi.be\/fr\/produit\/etourneau\/","title":{"rendered":"\u00c9TOILE"},"content":{"rendered":"<p>La chaise longue Todus Starling est un meuble moderne et \u00e9l\u00e9gant con\u00e7u sp\u00e9cialement pour les espaces ext\u00e9rieurs.<br \/>\nAlliant confort et design minimaliste, la chaise longue est fabriqu\u00e9e \u00e0 partir de mat\u00e9riaux de haute qualit\u00e9 tels que l&#8217;acier inoxydable et des tissus r\u00e9sistants aux intemp\u00e9ries.<br \/>\nLa structure est l\u00e9g\u00e8re mais durable, ce qui la rend facile \u00e0 d\u00e9placer, et la chaise longue est \u00e9galement facile \u00e0 entretenir.<br \/>\nGr\u00e2ce \u00e0 sa forme ergonomique, elle offre un soutien optimal pour une relaxation de longue dur\u00e9e.<br \/>\nLa chaise longue Todus Starling est donc un choix id\u00e9al pour ceux qui recherchent le luxe et la fonctionnalit\u00e9 dans leur espace ext\u00e9rieur, que ce soit au bord d&#8217;une piscine, sur une terrasse ou dans un jardin.    <\/p>\n","protected":false},"excerpt":{"rendered":"<p>Todus &#8211; Starling dimensions en cm : 203 x 77 x 34 Le cadre et les coussins sont disponibles en diff\u00e9rentes couleurs.<br \/>\nN&#8217;h\u00e9sitez pas \u00e0 nous contacter pour plus d&#8217;informations. <\/p>\n","protected":false},"featured_media":26763,"template":"","meta":{"_acf_changed":false,"_uag_custom_page_level_css":"","site-sidebar-layout":"default","site-content-layout":"","ast-site-content-layout":"default","site-content-style":"default","site-sidebar-style":"default","ast-global-header-display":"","ast-banner-title-visibility":"","ast-main-header-display":"","ast-hfb-above-header-display":"","ast-hfb-below-header-display":"","ast-hfb-mobile-header-display":"","site-post-title":"","ast-breadcrumbs-content":"","ast-featured-img":"","footer-sml-layout":"","ast-disable-related-posts":"","theme-transparent-header-meta":"default","adv-header-id-meta":"","stick-header-meta":"","header-above-stick-meta":"","header-main-stick-meta":"","header-below-stick-meta":"","astra-migrate-meta-layouts":"default","ast-page-background-enabled":"default","ast-page-background-meta":{"desktop":{"background-color":"","background-image":"","background-repeat":"repeat","background-position":"center center","background-size":"auto","background-attachment":"scroll","background-type":"","background-media":"","overlay-type":"","overlay-color":"","overlay-opacity":"","overlay-gradient":""},"tablet":{"background-color":"","background-image":"","background-repeat":"repeat","background-position":"center center","background-size":"auto","background-attachment":"scroll","background-type":"","background-media":"","overlay-type":"","overlay-color":"","overlay-opacity":"","overlay-gradient":""},"mobile":{"background-color":"","background-image":"","background-repeat":"repeat","background-position":"center center","background-size":"auto","background-attachment":"scroll","background-type":"","background-media":"","overlay-type":"","overlay-color":"","overlay-opacity":"","overlay-gradient":""}},"ast-content-background-meta":{"desktop":{"background-color":"var(--ast-global-color-5)","background-image":"","background-repeat":"repeat","background-position":"center center","background-size":"auto","background-attachment":"scroll","background-type":"","background-media":"","overlay-type":"","overlay-color":"","overlay-opacity":"","overlay-gradient":""},"tablet":{"background-color":"var(--ast-global-color-5)","background-image":"","background-repeat":"repeat","background-position":"center center","background-size":"auto","background-attachment":"scroll","background-type":"","background-media":"","overlay-type":"","overlay-color":"","overlay-opacity":"","overlay-gradient":""},"mobile":{"background-color":"var(--ast-global-color-5)","background-image":"","background-repeat":"repeat","background-position":"center center","background-size":"auto","background-attachment":"scroll","background-type":"","background-media":"","overlay-type":"","overlay-color":"","overlay-opacity":"","overlay-gradient":""}}},"product_brand":[],"product_cat":[913,878],"product_tag":[3878,5231,4358,5230,3865,5782,5781,4017,5780,3945,1708,1314,2220,4320,2262,2210,3911,1442,3952,3924,3058,1556,3951,5784,1903,3949,5783,3912,3885,4355,5779,5253],"class_list":{"0":"post-14123","1":"product","2":"type-product","3":"status-publish","4":"has-post-thumbnail","6":"product_cat-chaise-longue-fr","7":"product_cat-meubles-de-jardin","8":"product_tag-acier-inoxydable","9":"product_tag-aspect-elegant","10":"product_tag-aspect-luxueux","11":"product_tag-attitude-flexible","12":"product_tag-chaise-longue-fr","13":"product_tag-confort-de-couchage","14":"product_tag-design-epure","15":"product_tag-design-minimaliste","16":"product_tag-ergonomique","17":"product_tag-espace-exterieur","18":"product_tag-explorez-votre-mode-de-vie","19":"product_tag-gervi-fr","20":"product_tag-le-confort","21":"product_tag-leger","22":"product_tag-luxe-fr","23":"product_tag-materiaux-durables","24":"product_tag-meubles-dexterieur-fr","25":"product_tag-meubles-de-jardin","26":"product_tag-meubles-de-style","27":"product_tag-meubles-de-terrasse","28":"product_tag-peu-dentretien","29":"product_tag-piscine","30":"product_tag-portable","31":"product_tag-qualite-europeenne","32":"product_tag-resistant-aux-intemperies","33":"product_tag-salon-exterieur","34":"product_tag-se-detendre-fr","35":"product_tag-se-prelasser","36":"product_tag-style-contemporain","37":"product_tag-tissus-de-qualite-superieure","38":"product_tag-todus-starling-fr","39":"product_tag-un-espace-de-vie-exterieur-de-premiere-qualite","40":"desktop-align-left","41":"tablet-align-left","42":"mobile-align-left","44":"first","45":"instock","46":"product-type-simple"},"acf":[],"uagb_featured_image_src":{"full":["https:\/\/gervi.be\/wp-content\/uploads\/2023\/08\/Todus-Starling.jpg",1500,1500,false],"thumbnail":["https:\/\/gervi.be\/wp-content\/uploads\/2023\/08\/Todus-Starling-150x150.jpg",150,150,true],"medium":["https:\/\/gervi.be\/wp-content\/uploads\/2023\/08\/Todus-Starling-300x300.jpg",300,300,true],"medium_large":["https:\/\/gervi.be\/wp-content\/uploads\/2023\/08\/Todus-Starling-768x768.jpg",768,768,true],"large":["https:\/\/gervi.be\/wp-content\/uploads\/2023\/08\/Todus-Starling-1024x1024.jpg",1024,1024,true],"1536x1536":["https:\/\/gervi.be\/wp-content\/uploads\/2023\/08\/Todus-Starling.jpg",1500,1500,false],"2048x2048":["https:\/\/gervi.be\/wp-content\/uploads\/2023\/08\/Todus-Starling.jpg",1500,1500,false],"woocommerce_thumbnail":["https:\/\/gervi.be\/wp-content\/uploads\/2023\/08\/Todus-Starling.jpg",1500,1500,false],"woocommerce_single":["https:\/\/gervi.be\/wp-content\/uploads\/2023\/08\/Todus-Starling.jpg",1500,1500,false],"woocommerce_gallery_thumbnail":["https:\/\/gervi.be\/wp-content\/uploads\/2023\/08\/Todus-Starling-100x100.jpg",100,100,true],"dgwt-wcas-product-suggestion":["https:\/\/gervi.be\/wp-content\/uploads\/2023\/08\/Todus-Starling.jpg",64,64,false]},"uagb_author_info":{"display_name":"Marjolein Nijs","author_link":"https:\/\/gervi.be\/fr\/author\/"},"uagb_comment_info":0,"uagb_excerpt":"Todus - Starling dimensions en cm : 203 x 77 x 34 Le cadre et les coussins sont disponibles en diff\u00e9rentes couleurs. N'h\u00e9sitez pas \u00e0 nous contacter pour plus d'informations.","_links":{"self":[{"href":"https:\/\/gervi.be\/fr\/wp-json\/wp\/v2\/product\/14123","targetHints":{"allow":["GET"]}}],"collection":[{"href":"https:\/\/gervi.be\/fr\/wp-json\/wp\/v2\/product"}],"about":[{"href":"https:\/\/gervi.be\/fr\/wp-json\/wp\/v2\/types\/product"}],"wp:featuredmedia":[{"embeddable":true,"href":"https:\/\/gervi.be\/fr\/wp-json\/wp\/v2\/media\/26763"}],"wp:attachment":[{"href":"https:\/\/gervi.be\/fr\/wp-json\/wp\/v2\/media?parent=14123"}],"wp:term":[{"taxonomy":"product_brand","embeddable":true,"href":"https:\/\/gervi.be\/fr\/wp-json\/wp\/v2\/product_brand?post=14123"},{"taxonomy":"product_cat","embeddable":true,"href":"https:\/\/gervi.be\/fr\/wp-json\/wp\/v2\/product_cat?post=14123"},{"taxonomy":"product_tag","embeddable":true,"href":"https:\/\/gervi.be\/fr\/wp-json\/wp\/v2\/product_tag?post=14123"}],"curies":[{"name":"wp","href":"https:\/\/api.w.org\/{rel}","templated":true}]}}