{"id":14051,"date":"2023-08-29T13:50:28","date_gmt":"2023-08-29T13:50:28","guid":{"rendered":"https:\/\/gervi.be\/shop\/aquachlore-1kg\/"},"modified":"2025-11-26T13:28:32","modified_gmt":"2025-11-26T12:28:32","slug":"aquachlore-1kg","status":"publish","type":"product","link":"https:\/\/gervi.be\/fr\/produit\/aquachlore-1kg\/","title":{"rendered":"Aquachlore (1 kg)"},"content":{"rendered":"<p>&nbsp;<\/p>\n<h2>Aquachlor (FreshWater\u00ae Granul) : pour une eau de spa pure et s\u00fbre<\/h2>\n<p>FreshWater\u00ae Granul emp\u00eache la formation d&#8217;impuret\u00e9s dans l&#8217;eau de votre jacuzzi. Le produit n&#8217;affecte pas les niveaux de pH. FreshWater\u00ae est un granul\u00e9 \u00e0 dissolution rapide, stable et sans calcaire, ce qui le rend adapt\u00e9 au traitement de choc. FreshWater\u00ae Granul, est un granul\u00e9 de chlore tr\u00e8s efficace qui se dissout rapidement et a \u00e9t\u00e9 sp\u00e9cialement d\u00e9velopp\u00e9 pour d\u00e9sinfecter l&#8217;eau des spas.  Ce produit puissant \u00e9limine rapidement et de mani\u00e8re fiable les bact\u00e9ries, les algues et les autres contaminants, ce qui permet de conserver une eau propre et s\u00fbre.<\/p>\n<h2>Fonctionnement et avantages<\/h2>\n<p>FreshWater\u00ae Granul agit rapidement et efficacement gr\u00e2ce \u00e0 sa formule au pH neutre qui n&#8217;affecte pas la valeur du pH de l&#8217;eau. Les granul\u00e9s se dissolvent rapidement, ce qui en fait un traitement de choc id\u00e9al lorsque l&#8217;eau est trouble ou verte. Gr\u00e2ce \u00e0 sa composition stable et sans calcaire, il convient aussi bien \u00e0 l&#8217;entretien quotidien qu&#8217;au nettoyage intensif.<\/p>\n<h2>Manuel de l&#8217;utilisateur<\/h2>\n<p>Pour une utilisation optimale de FreshWater\u00ae Granul, suivez les \u00e9tapes suivantes :<\/p>\n<ol>\n<li><strong>V\u00e9rifiez et ajustez le pH<\/strong>: assurez-vous que le pH de l&#8217;eau se situe entre 7,0 et 7,4 pour obtenir les meilleurs r\u00e9sultats.<\/li>\n<li><strong>Circulation<\/strong>: activez le syst\u00e8me de filtrage pour assurer une bonne circulation de l&#8217;eau.<\/li>\n<li><strong>Ajoutez<\/strong>: Ajoutez uniform\u00e9ment les granul\u00e9s \u00e0 l&#8217;eau. Pour un traitement de choc, utilisez 75 grammes pour 10 m\u00b3 d&#8217;eau, et pour un entretien r\u00e9gulier, utilisez 25 grammes pour 10 m\u00b3 d&#8217;eau tous les deux jours, de pr\u00e9f\u00e9rence le soir.<\/li>\n<li><strong>S\u00e9curit\u00e9<\/strong>: Utilisez le produit \u00e0 l&#8217;ext\u00e9rieur et mettez-vous \u00e0 l&#8217;abri du vent pour \u00e9viter d&#8217;inhaler les vapeurs. V\u00e9rifiez que la teneur en chlore est inf\u00e9rieure \u00e0 2 ppm avant de l&#8217;utiliser.<\/li>\n<\/ol>\n<h3>Fr\u00e9quence et dosage<\/h3>\n<ul>\n<li><strong>Traitement de choc<\/strong>: pour les eaux troubles ou vertes, utilisez 75 grammes pour 10 m\u00b3 d&#8217;eau.<\/li>\n<li><strong>Entretien r\u00e9gulier<\/strong>: utilisez 25 grammes pour 10 m\u00b3 d&#8217;eau tous les deux jours, de pr\u00e9f\u00e9rence le soir, pour maintenir l&#8217;eau claire et propre.<\/li>\n<\/ul>\n<h3>Avantages<\/h3>\n<ul>\n<li><strong>R\u00e9solution rapide<\/strong>: id\u00e9al pour les traitements de choc et l&#8217;entretien r\u00e9gulier<\/li>\n<li><strong>pH neutre<\/strong>: N&#8217;affecte pas le pH de l&#8217;eau, contribuant ainsi \u00e0 un \u00e9quilibre stable de l&#8217;eau.<\/li>\n<li><strong>Utilisation polyvalente<\/strong>: convient aux spas de nage et aux spas, offrant une protection fiable contre les bact\u00e9ries et les algues.<\/li>\n<\/ul>\n<p>Avec FreshWater\u00ae Granul (Aquachlor), vous vous assurez une exp\u00e9rience de spa et de baignade hygi\u00e9nique et s\u00fbre. Ce produit constitue un moyen fiable et efficace de d\u00e9sinfecter et de maintenir propre l&#8217;eau de votre bain ou de votre spa, afin que vous puissiez profiter sans souci d&#8217;un bain moussant relaxant ou d&#8217;un spa de nage.<\/p>\n","protected":false},"excerpt":{"rendered":"<p>FreshWater\u00ae granul emp\u00eache la formation d&#8217;impuret\u00e9s dans l&#8217;eau des jacuzzis et des spas de nage. Le produit n&#8217;a pas d&#8217;effet sur les niveaux de pH.<\/p>\n","protected":false},"featured_media":34394,"template":"","meta":{"_acf_changed":false,"_uag_custom_page_level_css":"","site-sidebar-layout":"default","site-content-layout":"","ast-site-content-layout":"default","site-content-style":"default","site-sidebar-style":"default","ast-global-header-display":"","ast-banner-title-visibility":"","ast-main-header-display":"","ast-hfb-above-header-display":"","ast-hfb-below-header-display":"","ast-hfb-mobile-header-display":"","site-post-title":"","ast-breadcrumbs-content":"","ast-featured-img":"","footer-sml-layout":"","ast-disable-related-posts":"","theme-transparent-header-meta":"default","adv-header-id-meta":"","stick-header-meta":"","header-above-stick-meta":"","header-main-stick-meta":"","header-below-stick-meta":"","astra-migrate-meta-layouts":"default","ast-page-background-enabled":"default","ast-page-background-meta":{"desktop":{"background-color":"","background-image":"","background-repeat":"repeat","background-position":"center center","background-size":"auto","background-attachment":"scroll","background-type":"","background-media":"","overlay-type":"","overlay-color":"","overlay-opacity":"","overlay-gradient":""},"tablet":{"background-color":"","background-image":"","background-repeat":"repeat","background-position":"center center","background-size":"auto","background-attachment":"scroll","background-type":"","background-media":"","overlay-type":"","overlay-color":"","overlay-opacity":"","overlay-gradient":""},"mobile":{"background-color":"","background-image":"","background-repeat":"repeat","background-position":"center center","background-size":"auto","background-attachment":"scroll","background-type":"","background-media":"","overlay-type":"","overlay-color":"","overlay-opacity":"","overlay-gradient":""}},"ast-content-background-meta":{"desktop":{"background-color":"var(--ast-global-color-5)","background-image":"","background-repeat":"repeat","background-position":"center center","background-size":"auto","background-attachment":"scroll","background-type":"","background-media":"","overlay-type":"","overlay-color":"","overlay-opacity":"","overlay-gradient":""},"tablet":{"background-color":"var(--ast-global-color-5)","background-image":"","background-repeat":"repeat","background-position":"center center","background-size":"auto","background-attachment":"scroll","background-type":"","background-media":"","overlay-type":"","overlay-color":"","overlay-opacity":"","overlay-gradient":""},"mobile":{"background-color":"var(--ast-global-color-5)","background-image":"","background-repeat":"repeat","background-position":"center center","background-size":"auto","background-attachment":"scroll","background-type":"","background-media":"","overlay-type":"","overlay-color":"","overlay-opacity":"","overlay-gradient":""}}},"product_brand":[],"product_cat":[635,690],"product_tag":[1848,1847,1838,1844,1818,1841,1707,1837,1842,1840,1836,1314,1835,6418,1846,1845,1839,1843],"class_list":{"0":"post-14051","1":"product","2":"type-product","3":"status-publish","4":"has-post-thumbnail","6":"product_cat-jacuzzi-fr","7":"product_cat-produits-dentretien","8":"product_tag-aquaprotect-fr","9":"product_tag-aquaprotect-granul-fr","10":"product_tag-chlore-a-dissolution-rapide","11":"product_tag-chlore-sans-chaux","12":"product_tag-circulation-de-leau","13":"product_tag-controle-des-algues","14":"product_tag-desinfection-de-leau","15":"product_tag-desinfection-du-spa","16":"product_tag-eau-claire","17":"product_tag-eliminer-les-bacteries","18":"product_tag-entretien-des-piscines","19":"product_tag-gervi-fr","20":"product_tag-granules-de-chlore","21":"product_tag-granules-freshwater","22":"product_tag-hygiene-du-spa","23":"product_tag-nettoyage-de-la-piscine","24":"product_tag-ph-neutre","25":"product_tag-traitement-de-choc","26":"desktop-align-left","27":"tablet-align-left","28":"mobile-align-left","30":"first","31":"instock","32":"purchasable","33":"product-type-simple"},"acf":[],"uagb_featured_image_src":{"full":["https:\/\/gervi.be\/wp-content\/uploads\/2023\/08\/80021-FW-Chlorinating-Granules-2lb-Image.jpg",800,623,false],"thumbnail":["https:\/\/gervi.be\/wp-content\/uploads\/2023\/08\/80021-FW-Chlorinating-Granules-2lb-Image-150x150.jpg",150,150,true],"medium":["https:\/\/gervi.be\/wp-content\/uploads\/2023\/08\/80021-FW-Chlorinating-Granules-2lb-Image-300x234.jpg",300,234,true],"medium_large":["https:\/\/gervi.be\/wp-content\/uploads\/2023\/08\/80021-FW-Chlorinating-Granules-2lb-Image-768x598.jpg",768,598,true],"large":["https:\/\/gervi.be\/wp-content\/uploads\/2023\/08\/80021-FW-Chlorinating-Granules-2lb-Image.jpg",800,623,false],"1536x1536":["https:\/\/gervi.be\/wp-content\/uploads\/2023\/08\/80021-FW-Chlorinating-Granules-2lb-Image.jpg",800,623,false],"2048x2048":["https:\/\/gervi.be\/wp-content\/uploads\/2023\/08\/80021-FW-Chlorinating-Granules-2lb-Image.jpg",800,623,false],"woocommerce_thumbnail":["https:\/\/gervi.be\/wp-content\/uploads\/2023\/08\/80021-FW-Chlorinating-Granules-2lb-Image.jpg",800,623,false],"woocommerce_single":["https:\/\/gervi.be\/wp-content\/uploads\/2023\/08\/80021-FW-Chlorinating-Granules-2lb-Image.jpg",800,623,false],"woocommerce_gallery_thumbnail":["https:\/\/gervi.be\/wp-content\/uploads\/2023\/08\/80021-FW-Chlorinating-Granules-2lb-Image-100x100.jpg",100,100,true],"dgwt-wcas-product-suggestion":["https:\/\/gervi.be\/wp-content\/uploads\/2023\/08\/80021-FW-Chlorinating-Granules-2lb-Image.jpg",64,50,false]},"uagb_author_info":{"display_name":"Marjolein Nijs","author_link":"https:\/\/gervi.be\/fr\/author\/"},"uagb_comment_info":0,"uagb_excerpt":"FreshWater\u00ae granul emp\u00eache la formation d'impuret\u00e9s dans l'eau des jacuzzis et des spas de nage. Le produit n'a pas d'effet sur les niveaux de pH.","_links":{"self":[{"href":"https:\/\/gervi.be\/fr\/wp-json\/wp\/v2\/product\/14051","targetHints":{"allow":["GET"]}}],"collection":[{"href":"https:\/\/gervi.be\/fr\/wp-json\/wp\/v2\/product"}],"about":[{"href":"https:\/\/gervi.be\/fr\/wp-json\/wp\/v2\/types\/product"}],"wp:featuredmedia":[{"embeddable":true,"href":"https:\/\/gervi.be\/fr\/wp-json\/wp\/v2\/media\/34394"}],"wp:attachment":[{"href":"https:\/\/gervi.be\/fr\/wp-json\/wp\/v2\/media?parent=14051"}],"wp:term":[{"taxonomy":"product_brand","embeddable":true,"href":"https:\/\/gervi.be\/fr\/wp-json\/wp\/v2\/product_brand?post=14051"},{"taxonomy":"product_cat","embeddable":true,"href":"https:\/\/gervi.be\/fr\/wp-json\/wp\/v2\/product_cat?post=14051"},{"taxonomy":"product_tag","embeddable":true,"href":"https:\/\/gervi.be\/fr\/wp-json\/wp\/v2\/product_tag?post=14051"}],"curies":[{"name":"wp","href":"https:\/\/api.w.org\/{rel}","templated":true}]}}