{"id":14029,"date":"2023-08-29T13:50:28","date_gmt":"2023-08-29T13:50:28","guid":{"rendered":"https:\/\/gervi.be\/shop\/acte-de-fuite-xl\/"},"modified":"2026-04-03T11:18:34","modified_gmt":"2026-04-03T09:18:34","slug":"acte-devanouissement-xl","status":"publish","type":"product","link":"https:\/\/gervi.be\/fr\/produit\/acte-devanouissement-xl\/","title":{"rendered":"Acte de fuite XL"},"content":{"rendered":"<p><a href=\"https:\/\/gervi.be\/fr\/marques\/hotspring\/\"><img decoding=\"async\" class=\"alignnone wp-image-24724\" src=\"https:\/\/gervi.be\/wp-content\/uploads\/2024\/06\/Hot-Spring-logo-300x95.png\" alt=\"Logo Hot Spring\" width=\"150\" height=\"48\" title=\"\" srcset=\"https:\/\/gervi.be\/wp-content\/uploads\/2024\/06\/Hot-Spring-logo-300x95.png 300w, https:\/\/gervi.be\/wp-content\/uploads\/2024\/06\/Hot-Spring-logo-2000x634.png 2000w, https:\/\/gervi.be\/wp-content\/uploads\/2024\/06\/Hot-Spring-logo-1024x324.png 1024w, https:\/\/gervi.be\/wp-content\/uploads\/2024\/06\/Hot-Spring-logo-768x243.png 768w, https:\/\/gervi.be\/wp-content\/uploads\/2024\/06\/Hot-Spring-logo-1536x487.png 1536w, https:\/\/gervi.be\/wp-content\/uploads\/2024\/06\/Hot-Spring-logo-2048x649.png 2048w\" sizes=\"(max-width: 150px) 100vw, 150px\" \/><\/a><\/p>\n<h2>Description<\/h2>\n<p>Le Vanishing Act Calcium Remover est con\u00e7u pour \u00eatre utilis\u00e9 en conjonction avec le syst\u00e8me FreshWater Salt lors de la mise en service afin d&#8217;\u00e9liminer le calcium de l&#8217;eau. Ce produit aide \u00e0 maintenir la qualit\u00e9 de l&#8217;eau et \u00e0 pr\u00e9venir les d\u00e9p\u00f4ts de calcium, qui peuvent entra\u00eener une eau trouble et endommager les composants du spa. <\/p>\n<p>Dans les r\u00e9gions o\u00f9 l&#8217;eau est dure, l&#8217;accumulation de calcium est un probl\u00e8me courant dans les spas HotSpring. Un exc\u00e8s de calcium peut entra\u00eener une eau trouble, des d\u00e9p\u00f4ts durs sur les surfaces du spa et des dommages \u00e0 l&#8217;\u00e9quipement. Il est essentiel d&#8217;\u00e9liminer l&#8217;exc\u00e8s de calcium pour prolonger la dur\u00e9e de vie de votre spa et garantir une exp\u00e9rience de baignade agr\u00e9able. Le Vanishing Act Calcium Remover est facile \u00e0 utiliser. Placez le produit dans le spa et laissez-le agir. Il absorbe l&#8217;exc\u00e8s de calcium, abaisse la duret\u00e9 de l&#8217;eau et r\u00e9duit les d\u00e9p\u00f4ts de calcium, ce qui permet d&#8217;obtenir une eau propre et claire sans d\u00e9p\u00f4ts durs.     <\/p>\n<p>L&#8217;un des principaux avantages de Vanishing Act Calcium Remover est qu&#8217;il r\u00e9duit l&#8217;utilisation de produits chimiques agressifs. Au lieu d&#8217;utiliser des produits chimiques pour r\u00e9duire la duret\u00e9 de l&#8217;eau, ce produit \u00e9limine physiquement le calcium, ce qui le rend plus s\u00fbr et plus respectueux de l&#8217;environnement. En plus d&#8217;am\u00e9liorer la qualit\u00e9 de l&#8217;eau, l&#8217;anticalcaire Vanishing Act contribue \u00e9galement \u00e0 r\u00e9duire le temps et les co\u00fbts d&#8217;entretien. En emp\u00eachant l&#8217;accumulation de calcium, vous devrez consacrer moins de temps et d&#8217;argent au nettoyage et \u00e0 l&#8217;entretien de votre spa, ce qui signifie que vous pourrez passer plus de temps \u00e0 vous d\u00e9tendre et \u00e0 profiter de votre spa HotSpring.   <\/p>\n<p>L&#8217;utilisation de Vanishing Act Calcium Remover permet de maintenir une qualit\u00e9 d&#8217;eau optimale. Il est recommand\u00e9 d&#8217;utiliser le produit apr\u00e8s chaque changement d&#8217;eau afin de s&#8217;assurer qu&#8217;il reste efficace pour \u00e9liminer le calcium. En suivant ce processus d&#8217;entretien simple, vous pourrez profiter d&#8217;une eau claire et propre dans votre spa HotSpring sans les probl\u00e8mes caus\u00e9s par l&#8217;exc\u00e8s de calcium. L&#8217;utilisation du Vanishing Act Calcium Remover est un moyen proactif de g\u00e9rer la qualit\u00e9 de l&#8217;eau et de pr\u00e9venir l&#8217;accumulation de calcium. Ce produit constitue une solution simple et efficace pour les propri\u00e9taires de spas qui souhaitent maintenir la meilleure qualit\u00e9 d&#8217;eau possible sans se compliquer la vie.    <\/p>\n<p>Le Vanishing Act Calcium Remover est un outil essentiel pour maintenir la qualit\u00e9 de l&#8217;eau de votre spa. Il \u00e9limine l&#8217;exc\u00e8s de calcium, pr\u00e9vient les d\u00e9p\u00f4ts de calcium et am\u00e9liore la clart\u00e9 de l&#8217;eau. En r\u00e9duisant les produits chimiques et en simplifiant l&#8217;entretien, ce produit constitue une solution s\u00fbre et \u00e9cologique pour les propri\u00e9taires de spas HotSpring. Le Vanishing Act Calcium Remover vous aide \u00e0 maintenir votre spa en parfait \u00e9tat et \u00e0 profiter d&#8217;une eau propre et claire \u00e0 tout moment.   <\/p>\n","protected":false},"excerpt":{"rendered":"<ul>\n<li>Convient aux spas HotSpring \u00e0 partir de 5 personnes<\/li>\n<li>Remplissez le spa et mesurez le niveau de calcium \u00e0 l&#8217;aide de bandelettes de test.<\/li>\n<li>Rincez l&#8217;oreiller Vanishing Act Calcium jusqu&#8217;\u00e0 ce que l&#8217;eau soit claire.<\/li>\n<li>Placez le coussin pr\u00e8s de l&#8217;\u00e9l\u00e9ment chauffant ou de l&#8217;entr\u00e9e de la pompe de circulation.<\/li>\n<li>Retournez le coussin apr\u00e8s 12 heures<\/li>\n<li>Retirez le coussin apr\u00e8s 24 heures<\/li>\n<li>Testez \u00e0 nouveau l&#8217;eau pour v\u00e9rifier si le taux de calcium a baiss\u00e9.<\/li>\n<\/ul>\n","protected":false},"featured_media":25496,"template":"","meta":{"_acf_changed":false,"_uag_custom_page_level_css":"","site-sidebar-layout":"default","site-content-layout":"","ast-site-content-layout":"default","site-content-style":"default","site-sidebar-style":"default","ast-global-header-display":"","ast-banner-title-visibility":"","ast-main-header-display":"","ast-hfb-above-header-display":"","ast-hfb-below-header-display":"","ast-hfb-mobile-header-display":"","site-post-title":"","ast-breadcrumbs-content":"","ast-featured-img":"","footer-sml-layout":"","ast-disable-related-posts":"","theme-transparent-header-meta":"default","adv-header-id-meta":"","stick-header-meta":"","header-above-stick-meta":"","header-main-stick-meta":"","header-below-stick-meta":"","astra-migrate-meta-layouts":"default","ast-page-background-enabled":"default","ast-page-background-meta":{"desktop":{"background-color":"","background-image":"","background-repeat":"repeat","background-position":"center center","background-size":"auto","background-attachment":"scroll","background-type":"","background-media":"","overlay-type":"","overlay-color":"","overlay-opacity":"","overlay-gradient":""},"tablet":{"background-color":"","background-image":"","background-repeat":"repeat","background-position":"center center","background-size":"auto","background-attachment":"scroll","background-type":"","background-media":"","overlay-type":"","overlay-color":"","overlay-opacity":"","overlay-gradient":""},"mobile":{"background-color":"","background-image":"","background-repeat":"repeat","background-position":"center center","background-size":"auto","background-attachment":"scroll","background-type":"","background-media":"","overlay-type":"","overlay-color":"","overlay-opacity":"","overlay-gradient":""}},"ast-content-background-meta":{"desktop":{"background-color":"var(--ast-global-color-5)","background-image":"","background-repeat":"repeat","background-position":"center center","background-size":"auto","background-attachment":"scroll","background-type":"","background-media":"","overlay-type":"","overlay-color":"","overlay-opacity":"","overlay-gradient":""},"tablet":{"background-color":"var(--ast-global-color-5)","background-image":"","background-repeat":"repeat","background-position":"center center","background-size":"auto","background-attachment":"scroll","background-type":"","background-media":"","overlay-type":"","overlay-color":"","overlay-opacity":"","overlay-gradient":""},"mobile":{"background-color":"var(--ast-global-color-5)","background-image":"","background-repeat":"repeat","background-position":"center center","background-size":"auto","background-attachment":"scroll","background-type":"","background-media":"","overlay-type":"","overlay-color":"","overlay-opacity":"","overlay-gradient":""}}},"product_brand":[],"product_cat":[635,690],"product_tag":[3057,2085,2050,3050,3062,3063,3056,3051,1842,2862,3053,3052,1806,1314,3035,3055,3058,2026,3054,3060,1805,1701,3059,1393,2918],"class_list":{"0":"post-14029","1":"product","2":"type-product","3":"status-publish","4":"has-post-thumbnail","6":"product_cat-jacuzzi-fr","7":"product_cat-produits-dentretien","8":"product_tag-absorption-du-calcium","9":"product_tag-accessoires-pour-le-spa","10":"product_tag-accumulation-de-calcium","11":"product_tag-acte-de-disparition","12":"product_tag-adoucisseur","13":"product_tag-adoucisseur-deau","14":"product_tag-coussin-de-calcium","15":"product_tag-dissolvant-de-calcium","16":"product_tag-eau-claire","17":"product_tag-ecologique","18":"product_tag-eliminer-le-calcaire","19":"product_tag-entretien-du-spa-fr","20":"product_tag-entretien-du-spa","21":"product_tag-gervi-fr","22":"product_tag-hss-fr","23":"product_tag-la-prevention-de-leau-trouble","24":"product_tag-peu-dentretien","25":"product_tag-qualite-de-leau","26":"product_tag-reduire-la-durete-de-leau","27":"product_tag-sac-a-chaux","28":"product_tag-source-chaude","29":"product_tag-spa-de-source-chaude","30":"product_tag-spa-propre","31":"product_tag-traitement-de-leau","32":"product_tag-utilisation-facile","33":"desktop-align-left","34":"tablet-align-left","35":"mobile-align-left","37":"first","38":"instock","39":"purchasable","40":"product-type-simple"},"acf":[],"uagb_featured_image_src":{"full":["https:\/\/gervi.be\/wp-content\/uploads\/2023\/08\/Vanishing-Act-XL-Gervi.jpg",1000,1000,false],"thumbnail":["https:\/\/gervi.be\/wp-content\/uploads\/2023\/08\/Vanishing-Act-XL-Gervi-150x150.jpg",150,150,true],"medium":["https:\/\/gervi.be\/wp-content\/uploads\/2023\/08\/Vanishing-Act-XL-Gervi-300x300.jpg",300,300,true],"medium_large":["https:\/\/gervi.be\/wp-content\/uploads\/2023\/08\/Vanishing-Act-XL-Gervi-768x768.jpg",768,768,true],"large":["https:\/\/gervi.be\/wp-content\/uploads\/2023\/08\/Vanishing-Act-XL-Gervi.jpg",1000,1000,false],"1536x1536":["https:\/\/gervi.be\/wp-content\/uploads\/2023\/08\/Vanishing-Act-XL-Gervi.jpg",1000,1000,false],"2048x2048":["https:\/\/gervi.be\/wp-content\/uploads\/2023\/08\/Vanishing-Act-XL-Gervi.jpg",1000,1000,false],"woocommerce_thumbnail":["https:\/\/gervi.be\/wp-content\/uploads\/2023\/08\/Vanishing-Act-XL-Gervi.jpg",1000,1000,false],"woocommerce_single":["https:\/\/gervi.be\/wp-content\/uploads\/2023\/08\/Vanishing-Act-XL-Gervi.jpg",1000,1000,false],"woocommerce_gallery_thumbnail":["https:\/\/gervi.be\/wp-content\/uploads\/2023\/08\/Vanishing-Act-XL-Gervi-100x100.jpg",100,100,true],"dgwt-wcas-product-suggestion":["https:\/\/gervi.be\/wp-content\/uploads\/2023\/08\/Vanishing-Act-XL-Gervi.jpg",64,64,false]},"uagb_author_info":{"display_name":"Marjolein Nijs","author_link":"https:\/\/gervi.be\/fr\/author\/"},"uagb_comment_info":0,"uagb_excerpt":"Convient aux spas HotSpring \u00e0 partir de 5 personnes Remplissez le spa et mesurez le niveau de calcium \u00e0 l'aide de bandelettes de test. Rincez l'oreiller Vanishing Act Calcium jusqu'\u00e0 ce que l'eau soit claire. Placez le coussin pr\u00e8s de l'\u00e9l\u00e9ment chauffant ou de l'entr\u00e9e de la pompe de circulation. Retournez le coussin apr\u00e8s 12\u2026","_links":{"self":[{"href":"https:\/\/gervi.be\/fr\/wp-json\/wp\/v2\/product\/14029","targetHints":{"allow":["GET"]}}],"collection":[{"href":"https:\/\/gervi.be\/fr\/wp-json\/wp\/v2\/product"}],"about":[{"href":"https:\/\/gervi.be\/fr\/wp-json\/wp\/v2\/types\/product"}],"wp:featuredmedia":[{"embeddable":true,"href":"https:\/\/gervi.be\/fr\/wp-json\/wp\/v2\/media\/25496"}],"wp:attachment":[{"href":"https:\/\/gervi.be\/fr\/wp-json\/wp\/v2\/media?parent=14029"}],"wp:term":[{"taxonomy":"product_brand","embeddable":true,"href":"https:\/\/gervi.be\/fr\/wp-json\/wp\/v2\/product_brand?post=14029"},{"taxonomy":"product_cat","embeddable":true,"href":"https:\/\/gervi.be\/fr\/wp-json\/wp\/v2\/product_cat?post=14029"},{"taxonomy":"product_tag","embeddable":true,"href":"https:\/\/gervi.be\/fr\/wp-json\/wp\/v2\/product_tag?post=14029"}],"curies":[{"name":"wp","href":"https:\/\/api.w.org\/{rel}","templated":true}]}}