{"id":14026,"date":"2023-08-29T13:50:28","date_gmt":"2023-08-29T13:50:28","guid":{"rendered":"https:\/\/gervi.be\/shop\/lapplication-fithome\/"},"modified":"2024-05-07T09:50:10","modified_gmt":"2024-05-07T09:50:10","slug":"application-fithome","status":"publish","type":"product","link":"https:\/\/gervi.be\/fr\/produit\/application-fithome\/","title":{"rendered":"L&#8217;application Fit@Home"},"content":{"rendered":"<p><a href=\"https:\/\/gervi.be\/merken\/endless-pools\/\"><img decoding=\"async\" class=\"alignnone wp-image-20326\" src=\"https:\/\/gervi.be\/wp-content\/uploads\/2024\/03\/Endless-Pools-Logo-300x126.png\" alt=\"Logo Endless Pools\" width=\"150\" height=\"63\" title=\"\"><\/a><\/p>\n<h2>Description<\/h2>\n<p>Vous voulez profiter au maximum de vos s\u00e9ances de natation ? Vous pouvez alors utiliser l&#8217;application Endless Pools Fit@Home. Cette application sur votre smartphone ou tablette vous offre plusieurs possibilit\u00e9s : r\u00e9gler facilement la vitesse de votre appareil de natation, obtenir des donn\u00e9es d\u00e9taill\u00e9es sur votre entra\u00eenement, choisir des objectifs sp\u00e9cifiques et l&#8217;entra\u00eenement correspondant.<\/p>\n<div class=\"flex flex-grow flex-col max-w-full\">\n<div class=\"min-h-[20px] text-message flex flex-col items-start whitespace-pre-wrap break-words [.text-message+&amp;]:mt-5 overflow-x-auto gap-3\" dir=\"auto\" data-message-author-role=\"assistant\" data-message-id=\"bbc36bc5-ae62-4b52-87d5-68a55b65608e\">\n<div class=\"markdown prose w-full break-words dark:prose-invert light\">\n<p>L&#8217;application Fit@Home d&#8217;Endless Pools vous permet de g\u00e9rer et de personnaliser vos s\u00e9ances d&#8217;entra\u00eenement de natation et de tapis roulant \u00e0 l&#8217;aide de votre smartphone ou de votre tablette. Cette application, disponible pour iOS et Android, permet aux utilisateurs de pr\u00e9programmer leurs s\u00e9ances d&#8217;entra\u00eenement avec des intervalles de temps et de vitesse personnalis\u00e9s, ce qui permet un entra\u00eenement plus personnalis\u00e9 et plus efficace.<\/p>\n<p>L&#8217;une des principales caract\u00e9ristiques de l&#8217;application Fit@Home est la possibilit\u00e9 de contr\u00f4ler les r\u00e9glages de base de l&#8217;\u00e9quipement de la piscine, tels que le d\u00e9bit et la vitesse du tapis roulant. Les utilisateurs peuvent non seulement effectuer des ajustements manuels simples, mais aussi cr\u00e9er des s\u00e9ances d&#8217;entra\u00eenement plus complexes et les enregistrer pour une utilisation ult\u00e9rieure.<\/p>\n<p>De plus, l&#8217;application offre des fonctions de suivi de l&#8217;entra\u00eenement, avec un mode d&#8217;affichage facile \u00e0 lire pendant l&#8217;exercice. Cela vous permet d&#8217;obtenir un retour d&#8217;information en temps r\u00e9el sur vos progr\u00e8s, ce qui est particuli\u00e8rement utile pour \u00e9valuer l&#8217;efficacit\u00e9 de vos s\u00e9ances d&#8217;entra\u00eenement. L&#8217;application facilite \u00e9galement l&#8217;entra\u00eenement par intervalles de haute intensit\u00e9 (HIIT), permettant aux utilisateurs de d\u00e9finir leurs propres s\u00e9ances, allant d&#8217;intervalles doux \u00e0 intenses, afin de b\u00e9n\u00e9ficier des avantages de l&#8217;entra\u00eenement par intervalles de haute intensit\u00e9 pour la sant\u00e9 et les performances.<\/p>\n<p>Con\u00e7ue sp\u00e9cifiquement pour \u00e9tendre la fonctionnalit\u00e9 des piscines sans fin, l&#8217;application Fit@Home offre une solution moderne de fitness \u00e0 domicile qui int\u00e8gre la technologie pour am\u00e9liorer votre exp\u00e9rience d&#8217;entra\u00eenement. Il s&#8217;agit donc d&#8217;un outil pr\u00e9cieux pour tous ceux qui souhaitent contr\u00f4ler au mieux leurs s\u00e9ances d&#8217;entra\u00eenement de natation ou de tapis roulant et augmenter les capacit\u00e9s de leur piscine domestique.<\/p>\n<\/div>\n<\/div>\n<\/div>\n<p>Le kit Wi-Fi Endless Pools, n\u00e9cessaire pour utiliser l&#8217;application Endless Pools Fit@Home, peut \u00eatre install\u00e9 en option sur n&#8217;importe quel spa de nage Endless Pools.<br \/>\nVous poss\u00e9dez un spa de nage Endless Pools plus ancien et vous souhaitez profiter des avantages infinis de l&#8217;application Fit@Home ? Bien entendu, Endless Pools a \u00e9galement pens\u00e9 \u00e0 vous. En effet, chaque spa de nage Endless Pools, \u00e0 partir du mod\u00e8le 2016, peut recevoir une mise \u00e0 jour du syst\u00e8me d&#8217;exploitation et ainsi \u00eatre \u00e9quip\u00e9 du kit Wi-Fi Endless Pools.<\/p>\n","protected":false},"excerpt":{"rendered":"<ul>\n<li>Gestion des s\u00e9ances d&#8217;entra\u00eenement et des param\u00e8tres du spa de natation<\/li>\n<li>Disponible pour iOS et Android<\/li>\n<\/ul>\n","protected":false},"featured_media":22244,"template":"","meta":{"_acf_changed":false,"_uag_custom_page_level_css":"","site-sidebar-layout":"default","site-content-layout":"","ast-site-content-layout":"default","site-content-style":"default","site-sidebar-style":"default","ast-global-header-display":"","ast-banner-title-visibility":"","ast-main-header-display":"","ast-hfb-above-header-display":"","ast-hfb-below-header-display":"","ast-hfb-mobile-header-display":"","site-post-title":"","ast-breadcrumbs-content":"","ast-featured-img":"","footer-sml-layout":"","ast-disable-related-posts":"","theme-transparent-header-meta":"default","adv-header-id-meta":"","stick-header-meta":"","header-above-stick-meta":"","header-main-stick-meta":"","header-below-stick-meta":"","astra-migrate-meta-layouts":"default","ast-page-background-enabled":"default","ast-page-background-meta":{"desktop":{"background-color":"","background-image":"","background-repeat":"repeat","background-position":"center center","background-size":"auto","background-attachment":"scroll","background-type":"","background-media":"","overlay-type":"","overlay-color":"","overlay-opacity":"","overlay-gradient":""},"tablet":{"background-color":"","background-image":"","background-repeat":"repeat","background-position":"center center","background-size":"auto","background-attachment":"scroll","background-type":"","background-media":"","overlay-type":"","overlay-color":"","overlay-opacity":"","overlay-gradient":""},"mobile":{"background-color":"","background-image":"","background-repeat":"repeat","background-position":"center center","background-size":"auto","background-attachment":"scroll","background-type":"","background-media":"","overlay-type":"","overlay-color":"","overlay-opacity":"","overlay-gradient":""}},"ast-content-background-meta":{"desktop":{"background-color":"var(--ast-global-color-5)","background-image":"","background-repeat":"repeat","background-position":"center center","background-size":"auto","background-attachment":"scroll","background-type":"","background-media":"","overlay-type":"","overlay-color":"","overlay-opacity":"","overlay-gradient":""},"tablet":{"background-color":"var(--ast-global-color-5)","background-image":"","background-repeat":"repeat","background-position":"center center","background-size":"auto","background-attachment":"scroll","background-type":"","background-media":"","overlay-type":"","overlay-color":"","overlay-opacity":"","overlay-gradient":""},"mobile":{"background-color":"var(--ast-global-color-5)","background-image":"","background-repeat":"repeat","background-position":"center center","background-size":"auto","background-attachment":"scroll","background-type":"","background-media":"","overlay-type":"","overlay-color":"","overlay-opacity":"","overlay-gradient":""}}},"product_brand":[],"product_cat":[648,1664,647],"product_tag":[1561,1662,1661,1587,1559,1660,1314,1562,1426,1558,1619,1311,1312],"class_list":{"0":"post-14026","1":"product","2":"type-product","3":"status-publish","4":"has-post-thumbnail","6":"product_cat-endless-pools","7":"product_cat-lapplication-fithome","8":"product_cat-spa-de-nage","9":"product_tag-a-contre-courant","10":"product_tag-app-fr","11":"product_tag-application-fithome","12":"product_tag-cours-deau-de-natation","13":"product_tag-des-piscines-a-perte-de-vue","14":"product_tag-fithome-fr","15":"product_tag-gervi-fr","16":"product_tag-jetstream-fr","17":"product_tag-la-remise-en-forme","18":"product_tag-natation","19":"product_tag-r500-fr","20":"product_tag-spa-de-natation","21":"product_tag-swimspa-fr","22":"desktop-align-left","23":"tablet-align-left","24":"mobile-align-left","26":"first","27":"instock","28":"product-type-simple"},"acf":[],"uagb_featured_image_src":{"full":["https:\/\/gervi.be\/wp-content\/uploads\/2024\/05\/Fit@Home-app-Endless-Pools-Gervi.jpg",2000,2000,false],"thumbnail":["https:\/\/gervi.be\/wp-content\/uploads\/2024\/05\/Fit@Home-app-Endless-Pools-Gervi-150x150.jpg",150,150,true],"medium":["https:\/\/gervi.be\/wp-content\/uploads\/2024\/05\/Fit@Home-app-Endless-Pools-Gervi-300x300.jpg",300,300,true],"medium_large":["https:\/\/gervi.be\/wp-content\/uploads\/2024\/05\/Fit@Home-app-Endless-Pools-Gervi-768x768.jpg",768,768,true],"large":["https:\/\/gervi.be\/wp-content\/uploads\/2024\/05\/Fit@Home-app-Endless-Pools-Gervi-1024x1024.jpg",1024,1024,true],"1536x1536":["https:\/\/gervi.be\/wp-content\/uploads\/2024\/05\/Fit@Home-app-Endless-Pools-Gervi-1536x1536.jpg",1536,1536,true],"2048x2048":["https:\/\/gervi.be\/wp-content\/uploads\/2024\/05\/Fit@Home-app-Endless-Pools-Gervi.jpg",2000,2000,false],"woocommerce_thumbnail":["https:\/\/gervi.be\/wp-content\/uploads\/2024\/05\/Fit@Home-app-Endless-Pools-Gervi-2000x1500.jpg",2000,1500,true],"woocommerce_single":["https:\/\/gervi.be\/wp-content\/uploads\/2024\/05\/Fit@Home-app-Endless-Pools-Gervi.jpg",2000,2000,false],"woocommerce_gallery_thumbnail":["https:\/\/gervi.be\/wp-content\/uploads\/2024\/05\/Fit@Home-app-Endless-Pools-Gervi-100x100.jpg",100,100,true],"dgwt-wcas-product-suggestion":["https:\/\/gervi.be\/wp-content\/uploads\/2024\/05\/Fit@Home-app-Endless-Pools-Gervi.jpg",64,64,false]},"uagb_author_info":{"display_name":"Marjolein Nijs","author_link":"https:\/\/gervi.be\/fr\/author\/"},"uagb_comment_info":0,"uagb_excerpt":"Gestion des s\u00e9ances d'entra\u00eenement et des param\u00e8tres du spa de natation Disponible pour iOS et Android","_links":{"self":[{"href":"https:\/\/gervi.be\/fr\/wp-json\/wp\/v2\/product\/14026","targetHints":{"allow":["GET"]}}],"collection":[{"href":"https:\/\/gervi.be\/fr\/wp-json\/wp\/v2\/product"}],"about":[{"href":"https:\/\/gervi.be\/fr\/wp-json\/wp\/v2\/types\/product"}],"wp:featuredmedia":[{"embeddable":true,"href":"https:\/\/gervi.be\/fr\/wp-json\/wp\/v2\/media\/22244"}],"wp:attachment":[{"href":"https:\/\/gervi.be\/fr\/wp-json\/wp\/v2\/media?parent=14026"}],"wp:term":[{"taxonomy":"product_brand","embeddable":true,"href":"https:\/\/gervi.be\/fr\/wp-json\/wp\/v2\/product_brand?post=14026"},{"taxonomy":"product_cat","embeddable":true,"href":"https:\/\/gervi.be\/fr\/wp-json\/wp\/v2\/product_cat?post=14026"},{"taxonomy":"product_tag","embeddable":true,"href":"https:\/\/gervi.be\/fr\/wp-json\/wp\/v2\/product_tag?post=14026"}],"curies":[{"name":"wp","href":"https:\/\/api.w.org\/{rel}","templated":true}]}}