{"id":14009,"date":"2023-08-29T13:50:20","date_gmt":"2023-08-29T13:50:20","guid":{"rendered":"https:\/\/gervi.be\/shop\/fs-3\/"},"modified":"2023-08-29T13:50:20","modified_gmt":"2023-08-29T13:50:20","slug":"fs-3","status":"publish","type":"product","link":"https:\/\/gervi.be\/fr\/produit\/fs-3\/","title":{"rendered":"FS 3"},"content":{"rendered":"<p>Concept de douche ind\u00e9pendante avec contr\u00f4le thermostatique. Coll\u00e9, \u00e9l\u00e9gant et con\u00e7u manuellement. Il se distingue par sa forme moderne et g\u00e9om\u00e9trique. Le FS3 imite fid\u00e8lement une v\u00e9ritable douche de pluie, \u00e0 la diff\u00e9rence que ce rideau de pluie peut \u00eatre temp\u00e9r\u00e9 et r\u00e9gul\u00e9 en termes de temp\u00e9rature. FS3 est disponible en chrome mat. VOLA FS3 a remport\u00e9 le prix GOOD DESIGN 2009.<\/p>\n","protected":false},"excerpt":{"rendered":"<p>Concept de douche ind\u00e9pendante avec contr\u00f4le thermostatique. Coll\u00e9, \u00e9l\u00e9gant et con\u00e7u manuellement. Il se distingue par sa forme moderne et g\u00e9om\u00e9trique. Le FS3 imite fid\u00e8lement une v\u00e9ritable douche de pluie, \u00e0 la diff\u00e9rence que ce rideau de pluie peut \u00eatre temp\u00e9r\u00e9 et r\u00e9gul\u00e9 en termes de temp\u00e9rature. FS3 est disponible en chrome mat. VOLA FS3 [&hellip;]<\/p>\n","protected":false},"featured_media":14021,"template":"","meta":{"_acf_changed":false,"_uag_custom_page_level_css":"","site-sidebar-layout":"default","site-content-layout":"","ast-site-content-layout":"default","site-content-style":"default","site-sidebar-style":"default","ast-global-header-display":"","ast-banner-title-visibility":"","ast-main-header-display":"","ast-hfb-above-header-display":"","ast-hfb-below-header-display":"","ast-hfb-mobile-header-display":"","site-post-title":"","ast-breadcrumbs-content":"","ast-featured-img":"","footer-sml-layout":"","ast-disable-related-posts":"","theme-transparent-header-meta":"","adv-header-id-meta":"","stick-header-meta":"","header-above-stick-meta":"","header-main-stick-meta":"","header-below-stick-meta":"","astra-migrate-meta-layouts":"default","ast-page-background-enabled":"default","ast-page-background-meta":{"desktop":{"background-color":"","background-image":"","background-repeat":"repeat","background-position":"center center","background-size":"auto","background-attachment":"scroll","background-type":"","background-media":"","overlay-type":"","overlay-color":"","overlay-opacity":"","overlay-gradient":""},"tablet":{"background-color":"","background-image":"","background-repeat":"repeat","background-position":"center center","background-size":"auto","background-attachment":"scroll","background-type":"","background-media":"","overlay-type":"","overlay-color":"","overlay-opacity":"","overlay-gradient":""},"mobile":{"background-color":"","background-image":"","background-repeat":"repeat","background-position":"center center","background-size":"auto","background-attachment":"scroll","background-type":"","background-media":"","overlay-type":"","overlay-color":"","overlay-opacity":"","overlay-gradient":""}},"ast-content-background-meta":{"desktop":{"background-color":"var(--ast-global-color-5)","background-image":"","background-repeat":"repeat","background-position":"center center","background-size":"auto","background-attachment":"scroll","background-type":"","background-media":"","overlay-type":"","overlay-color":"","overlay-opacity":"","overlay-gradient":""},"tablet":{"background-color":"var(--ast-global-color-5)","background-image":"","background-repeat":"repeat","background-position":"center center","background-size":"auto","background-attachment":"scroll","background-type":"","background-media":"","overlay-type":"","overlay-color":"","overlay-opacity":"","overlay-gradient":""},"mobile":{"background-color":"var(--ast-global-color-5)","background-image":"","background-repeat":"repeat","background-position":"center center","background-size":"auto","background-attachment":"scroll","background-type":"","background-media":"","overlay-type":"","overlay-color":"","overlay-opacity":"","overlay-gradient":""}}},"product_brand":[],"product_cat":[874,993],"product_tag":[],"class_list":{"0":"post-14009","1":"product","2":"type-product","3":"status-publish","4":"has-post-thumbnail","6":"product_cat-douches-exterieures","7":"product_cat-vola-fr","8":"desktop-align-left","9":"tablet-align-left","10":"mobile-align-left","12":"first","13":"instock","14":"purchasable","15":"product-type-simple"},"acf":[],"uagb_featured_image_src":{"full":["https:\/\/gervi.be\/wp-content\/uploads\/2023\/08\/nr3Webshop-VOLA-fs3.jpg",597,448,false],"thumbnail":["https:\/\/gervi.be\/wp-content\/uploads\/2023\/08\/nr3Webshop-VOLA-fs3-150x150.jpg",150,150,true],"medium":["https:\/\/gervi.be\/wp-content\/uploads\/2023\/08\/nr3Webshop-VOLA-fs3-300x225.jpg",300,225,true],"medium_large":["https:\/\/gervi.be\/wp-content\/uploads\/2023\/08\/nr3Webshop-VOLA-fs3.jpg",597,448,false],"large":["https:\/\/gervi.be\/wp-content\/uploads\/2023\/08\/nr3Webshop-VOLA-fs3.jpg",597,448,false],"1536x1536":["https:\/\/gervi.be\/wp-content\/uploads\/2023\/08\/nr3Webshop-VOLA-fs3.jpg",597,448,false],"2048x2048":["https:\/\/gervi.be\/wp-content\/uploads\/2023\/08\/nr3Webshop-VOLA-fs3.jpg",597,448,false],"woocommerce_thumbnail":["https:\/\/gervi.be\/wp-content\/uploads\/2023\/08\/nr3Webshop-VOLA-fs3-300x300.jpg",300,300,true],"woocommerce_single":["https:\/\/gervi.be\/wp-content\/uploads\/2023\/08\/nr3Webshop-VOLA-fs3.jpg",597,448,false],"woocommerce_gallery_thumbnail":["https:\/\/gervi.be\/wp-content\/uploads\/2023\/08\/nr3Webshop-VOLA-fs3-100x100.jpg",100,100,true],"dgwt-wcas-product-suggestion":["https:\/\/gervi.be\/wp-content\/uploads\/2023\/08\/nr3Webshop-VOLA-fs3.jpg",64,48,false]},"uagb_author_info":{"display_name":"Marjolein Nijs","author_link":"https:\/\/gervi.be\/fr\/author\/"},"uagb_comment_info":0,"uagb_excerpt":"Concept de douche ind\u00e9pendante avec contr\u00f4le thermostatique. Coll\u00e9, \u00e9l\u00e9gant et con\u00e7u manuellement. Il se distingue par sa forme moderne et g\u00e9om\u00e9trique. Le FS3 imite fid\u00e8lement une v\u00e9ritable douche de pluie, \u00e0 la diff\u00e9rence que ce rideau de pluie peut \u00eatre temp\u00e9r\u00e9 et r\u00e9gul\u00e9 en termes de temp\u00e9rature. FS3 est disponible en chrome mat. VOLA FS3\u2026","_links":{"self":[{"href":"https:\/\/gervi.be\/fr\/wp-json\/wp\/v2\/product\/14009","targetHints":{"allow":["GET"]}}],"collection":[{"href":"https:\/\/gervi.be\/fr\/wp-json\/wp\/v2\/product"}],"about":[{"href":"https:\/\/gervi.be\/fr\/wp-json\/wp\/v2\/types\/product"}],"wp:featuredmedia":[{"embeddable":true,"href":"https:\/\/gervi.be\/fr\/wp-json\/wp\/v2\/media\/14021"}],"wp:attachment":[{"href":"https:\/\/gervi.be\/fr\/wp-json\/wp\/v2\/media?parent=14009"}],"wp:term":[{"taxonomy":"product_brand","embeddable":true,"href":"https:\/\/gervi.be\/fr\/wp-json\/wp\/v2\/product_brand?post=14009"},{"taxonomy":"product_cat","embeddable":true,"href":"https:\/\/gervi.be\/fr\/wp-json\/wp\/v2\/product_cat?post=14009"},{"taxonomy":"product_tag","embeddable":true,"href":"https:\/\/gervi.be\/fr\/wp-json\/wp\/v2\/product_tag?post=14009"}],"curies":[{"name":"wp","href":"https:\/\/api.w.org\/{rel}","templated":true}]}}