{"id":14004,"date":"2023-08-29T13:50:28","date_gmt":"2023-08-29T13:50:28","guid":{"rendered":"https:\/\/gervi.be\/shop\/spa-down-ph-1-5kg\/"},"modified":"2026-03-03T10:46:51","modified_gmt":"2026-03-03T09:46:51","slug":"spa-down-ph-15kg","status":"publish","type":"product","link":"https:\/\/gervi.be\/fr\/produit\/spa-down-ph-15kg\/","title":{"rendered":"Spa Down PH- (1.5kg)"},"content":{"rendered":"<p>Le niveau de pH de l&#8217;eau de votre spa ou jacuzzi est essentiel pour une qualit\u00e9 optimale de l&#8217;eau et une utilisation confortable. Un pH trop \u00e9lev\u00e9 (sup\u00e9rieur \u00e0 7,6) peut entra\u00eener une eau trouble, une irritation de la peau et des yeux, ainsi qu&#8217;une r\u00e9duction de l&#8217;efficacit\u00e9 des d\u00e9sinfectants. <\/p>\n<p>Avec Spa Down pH- vous pouvez facilement r\u00e9duire le niveau de pH de votre spa et r\u00e9\u00e9quilibrer l&#8217;eau. Un niveau de pH id\u00e9al se situe entre 7,2 et 7,6, ce qui garantit une eau claire et une exp\u00e9rience agr\u00e9able dans le spa. <\/p>\n","protected":false},"excerpt":{"rendered":"<p>Le niveau de pH de l&#8217;eau de votre spa ou jacuzzi est essentiel pour une qualit\u00e9 optimale de l&#8217;eau et une utilisation confortable. Un pH trop \u00e9lev\u00e9 (sup\u00e9rieur \u00e0 7,6) peut entra\u00eener une eau trouble, une irritation de la peau et des yeux, ainsi qu&#8217;une r\u00e9duction de l&#8217;efficacit\u00e9 des d\u00e9sinfectants. Avec Spa Down pH- vous [&hellip;]<\/p>\n","protected":false},"featured_media":28026,"template":"","meta":{"_acf_changed":false,"_uag_custom_page_level_css":"","site-sidebar-layout":"default","site-content-layout":"","ast-site-content-layout":"default","site-content-style":"default","site-sidebar-style":"default","ast-global-header-display":"","ast-banner-title-visibility":"","ast-main-header-display":"","ast-hfb-above-header-display":"","ast-hfb-below-header-display":"","ast-hfb-mobile-header-display":"","site-post-title":"","ast-breadcrumbs-content":"","ast-featured-img":"","footer-sml-layout":"","ast-disable-related-posts":"","theme-transparent-header-meta":"default","adv-header-id-meta":"","stick-header-meta":"","header-above-stick-meta":"","header-main-stick-meta":"","header-below-stick-meta":"","astra-migrate-meta-layouts":"default","ast-page-background-enabled":"default","ast-page-background-meta":{"desktop":{"background-color":"","background-image":"","background-repeat":"repeat","background-position":"center center","background-size":"auto","background-attachment":"scroll","background-type":"","background-media":"","overlay-type":"","overlay-color":"","overlay-opacity":"","overlay-gradient":""},"tablet":{"background-color":"","background-image":"","background-repeat":"repeat","background-position":"center center","background-size":"auto","background-attachment":"scroll","background-type":"","background-media":"","overlay-type":"","overlay-color":"","overlay-opacity":"","overlay-gradient":""},"mobile":{"background-color":"","background-image":"","background-repeat":"repeat","background-position":"center center","background-size":"auto","background-attachment":"scroll","background-type":"","background-media":"","overlay-type":"","overlay-color":"","overlay-opacity":"","overlay-gradient":""}},"ast-content-background-meta":{"desktop":{"background-color":"var(--ast-global-color-5)","background-image":"","background-repeat":"repeat","background-position":"center center","background-size":"auto","background-attachment":"scroll","background-type":"","background-media":"","overlay-type":"","overlay-color":"","overlay-opacity":"","overlay-gradient":""},"tablet":{"background-color":"var(--ast-global-color-5)","background-image":"","background-repeat":"repeat","background-position":"center center","background-size":"auto","background-attachment":"scroll","background-type":"","background-media":"","overlay-type":"","overlay-color":"","overlay-opacity":"","overlay-gradient":""},"mobile":{"background-color":"var(--ast-global-color-5)","background-image":"","background-repeat":"repeat","background-position":"center center","background-size":"auto","background-attachment":"scroll","background-type":"","background-media":"","overlay-type":"","overlay-color":"","overlay-opacity":"","overlay-gradient":""}}},"product_brand":[],"product_cat":[635,690],"product_tag":[6129,2085,6131,6141,6134,6138,6144,6136,1806,2920,4009,1314,6142,6139,6140,6133,6145,6135,2037,6143,2137,6137,2114,6132,2859,6128,6130,6146],"class_list":{"0":"post-14004","1":"product","2":"type-product","3":"status-publish","4":"has-post-thumbnail","6":"product_cat-jacuzzi-fr","7":"product_cat-produits-dentretien","8":"product_tag-abaissement-du-ph","9":"product_tag-accessoires-pour-le-spa","10":"product_tag-ajuster-le-niveau-de-ph","11":"product_tag-boutique-en-ligne-gervi","12":"product_tag-conseils-pour-lentretien-du-spa","13":"product_tag-conseils-pour-le-traitement-de-leau","14":"product_tag-correction-du-niveau-de-ph","15":"product_tag-entretien-de-leau-du-spa-fr","16":"product_tag-entretien-du-spa","17":"product_tag-equilibre-hydrique","18":"product_tag-explorez-votre-style-de-vie-fr","19":"product_tag-gervi-fr","20":"product_tag-guide-dentretien-du-spa","21":"product_tag-leau-du-spa-en-equilibre","22":"product_tag-lentretien-simple-de-leau","23":"product_tag-lutilisation-de-produits-chimiques-pour-le-spa","24":"product_tag-nettoyage-du-spa-fr","25":"product_tag-produit-reducteur-de-ph","26":"product_tag-produits-chimiques-pour-le-spa","27":"product_tag-produits-chimiques-pour-spas","28":"product_tag-produits-de-soins-pour-le-spa","29":"product_tag-produits-de-spa","30":"product_tag-qualite-de-leau-du-spa","31":"product_tag-reduire-lalcalinite","32":"product_tag-soins-du-spa-fr","33":"product_tag-spa-down-ph-fr","34":"product_tag-traitement-de-leau-du-spa-fr","35":"product_tag-utilisation-sure-des-produits-chimiques-pour-le-spa","36":"desktop-align-left","37":"tablet-align-left","38":"mobile-align-left","40":"first","41":"instock","42":"purchasable","43":"product-type-simple"},"acf":[],"uagb_featured_image_src":{"full":["https:\/\/gervi.be\/wp-content\/uploads\/2023\/08\/PH-.jpg",1500,1500,false],"thumbnail":["https:\/\/gervi.be\/wp-content\/uploads\/2023\/08\/PH--150x150.jpg",150,150,true],"medium":["https:\/\/gervi.be\/wp-content\/uploads\/2023\/08\/PH--300x300.jpg",300,300,true],"medium_large":["https:\/\/gervi.be\/wp-content\/uploads\/2023\/08\/PH--768x768.jpg",768,768,true],"large":["https:\/\/gervi.be\/wp-content\/uploads\/2023\/08\/PH--1024x1024.jpg",1024,1024,true],"1536x1536":["https:\/\/gervi.be\/wp-content\/uploads\/2023\/08\/PH-.jpg",1500,1500,false],"2048x2048":["https:\/\/gervi.be\/wp-content\/uploads\/2023\/08\/PH-.jpg",1500,1500,false],"woocommerce_thumbnail":["https:\/\/gervi.be\/wp-content\/uploads\/2023\/08\/PH-.jpg",1500,1500,false],"woocommerce_single":["https:\/\/gervi.be\/wp-content\/uploads\/2023\/08\/PH-.jpg",1500,1500,false],"woocommerce_gallery_thumbnail":["https:\/\/gervi.be\/wp-content\/uploads\/2023\/08\/PH--100x100.jpg",100,100,true],"dgwt-wcas-product-suggestion":["https:\/\/gervi.be\/wp-content\/uploads\/2023\/08\/PH-.jpg",64,64,false]},"uagb_author_info":{"display_name":"Marjolein Nijs","author_link":"https:\/\/gervi.be\/fr\/author\/"},"uagb_comment_info":0,"uagb_excerpt":"Le niveau de pH de l&#8217;eau de votre spa ou jacuzzi est essentiel pour une qualit\u00e9 optimale de l&#8217;eau et une utilisation confortable. Un pH trop \u00e9lev\u00e9 (sup\u00e9rieur \u00e0 7,6) peut entra\u00eener une eau trouble, une irritation de la peau et des yeux, ainsi qu&#8217;une r\u00e9duction de l&#8217;efficacit\u00e9 des d\u00e9sinfectants. Avec Spa Down pH- vous\u2026","_links":{"self":[{"href":"https:\/\/gervi.be\/fr\/wp-json\/wp\/v2\/product\/14004","targetHints":{"allow":["GET"]}}],"collection":[{"href":"https:\/\/gervi.be\/fr\/wp-json\/wp\/v2\/product"}],"about":[{"href":"https:\/\/gervi.be\/fr\/wp-json\/wp\/v2\/types\/product"}],"wp:featuredmedia":[{"embeddable":true,"href":"https:\/\/gervi.be\/fr\/wp-json\/wp\/v2\/media\/28026"}],"wp:attachment":[{"href":"https:\/\/gervi.be\/fr\/wp-json\/wp\/v2\/media?parent=14004"}],"wp:term":[{"taxonomy":"product_brand","embeddable":true,"href":"https:\/\/gervi.be\/fr\/wp-json\/wp\/v2\/product_brand?post=14004"},{"taxonomy":"product_cat","embeddable":true,"href":"https:\/\/gervi.be\/fr\/wp-json\/wp\/v2\/product_cat?post=14004"},{"taxonomy":"product_tag","embeddable":true,"href":"https:\/\/gervi.be\/fr\/wp-json\/wp\/v2\/product_tag?post=14004"}],"curies":[{"name":"wp","href":"https:\/\/api.w.org\/{rel}","templated":true}]}}