{"id":13985,"date":"2023-08-29T13:50:28","date_gmt":"2023-08-29T11:50:28","guid":{"rendered":"https:\/\/gervi.be\/shop\/bandelettes-de-test-pour-le-sel\/"},"modified":"2025-05-16T08:58:42","modified_gmt":"2025-05-16T06:58:42","slug":"bandelettes-de-test-de-sel","status":"publish","type":"product","link":"https:\/\/gervi.be\/fr\/produit\/bandelettes-de-test-de-sel\/","title":{"rendered":"Bandelettes d&#8217;analyse du sel de l&#8217;eau douce"},"content":{"rendered":"<p>Ces bandelettes de test FreshWater Salt vous permettent de mesurer la salinit\u00e9 de l&#8217;eau de votre spa HotSpring \u00e9quip\u00e9 du syst\u00e8me FreshWater Salt.<\/p>\n<p>Le produit HotSpring FreshWater Salt Test Strips est con\u00e7u pour \u00eatre utilis\u00e9 dans les spas HotSpring \u00e9quip\u00e9s du FreshWater Salt System afin d&#8217;optimiser les niveaux de salinit\u00e9. Les bandelettes de test sont faciles \u00e0 utiliser : trempez une bandelette, faites-la tourner trois fois et comparez les r\u00e9sultats avec la couleur indiqu\u00e9e sur l&#8217;emballage. Indispensables pour maintenir l&#8217;eau du spa claire et sans odeur, ces bandes sont compatibles avec le syst\u00e8me de sel FreshWater, disponible pour les mod\u00e8les de spa HotSpring Highlife et Limelight.<\/p>\n<p>Les bandelettes de test permettent aux utilisateurs de g\u00e9rer efficacement leurs niveaux de sel, contribuant ainsi \u00e0 prolonger la dur\u00e9e de vie du spa et \u00e0 am\u00e9liorer l&#8217;exp\u00e9rience des utilisateurs en minimisant les irritations de la peau et des yeux. La simplicit\u00e9 d&#8217;utilisation et la pr\u00e9cision des mesures en font un outil indispensable pour tout propri\u00e9taire de HotSpring qui s&#8217;efforce d&#8217;obtenir une qualit\u00e9 d&#8217;eau optimale avec le syst\u00e8me FreshWater Salt.<\/p>\n","protected":false},"excerpt":{"rendered":"<ul>\n<li>Contenu : 25 bandelettes r\u00e9actives<\/li>\n<li>Mesurer la salinit\u00e9 rapidement et facilement<\/li>\n<li>Favorise le fonctionnement optimal du syst\u00e8me d&#8217;eau sal\u00e9e FreshWater<\/li>\n<li>Aide \u00e0 maintenir l&#8217;eau du spa claire et sans odeur<\/li>\n<\/ul>\n<p>&nbsp;<\/p>\n","protected":false},"featured_media":25474,"template":"","meta":{"_acf_changed":false,"_uag_custom_page_level_css":"","site-sidebar-layout":"default","site-content-layout":"","ast-site-content-layout":"default","site-content-style":"default","site-sidebar-style":"default","ast-global-header-display":"","ast-banner-title-visibility":"","ast-main-header-display":"","ast-hfb-above-header-display":"","ast-hfb-below-header-display":"","ast-hfb-mobile-header-display":"","site-post-title":"","ast-breadcrumbs-content":"","ast-featured-img":"","footer-sml-layout":"","ast-disable-related-posts":"","theme-transparent-header-meta":"default","adv-header-id-meta":"","stick-header-meta":"","header-above-stick-meta":"","header-main-stick-meta":"","header-below-stick-meta":"","astra-migrate-meta-layouts":"default","ast-page-background-enabled":"default","ast-page-background-meta":{"desktop":{"background-color":"","background-image":"","background-repeat":"repeat","background-position":"center center","background-size":"auto","background-attachment":"scroll","background-type":"","background-media":"","overlay-type":"","overlay-color":"","overlay-opacity":"","overlay-gradient":""},"tablet":{"background-color":"","background-image":"","background-repeat":"repeat","background-position":"center center","background-size":"auto","background-attachment":"scroll","background-type":"","background-media":"","overlay-type":"","overlay-color":"","overlay-opacity":"","overlay-gradient":""},"mobile":{"background-color":"","background-image":"","background-repeat":"repeat","background-position":"center center","background-size":"auto","background-attachment":"scroll","background-type":"","background-media":"","overlay-type":"","overlay-color":"","overlay-opacity":"","overlay-gradient":""}},"ast-content-background-meta":{"desktop":{"background-color":"var(--ast-global-color-5)","background-image":"","background-repeat":"repeat","background-position":"center center","background-size":"auto","background-attachment":"scroll","background-type":"","background-media":"","overlay-type":"","overlay-color":"","overlay-opacity":"","overlay-gradient":""},"tablet":{"background-color":"var(--ast-global-color-5)","background-image":"","background-repeat":"repeat","background-position":"center center","background-size":"auto","background-attachment":"scroll","background-type":"","background-media":"","overlay-type":"","overlay-color":"","overlay-opacity":"","overlay-gradient":""},"mobile":{"background-color":"var(--ast-global-color-5)","background-image":"","background-repeat":"repeat","background-position":"center center","background-size":"auto","background-attachment":"scroll","background-type":"","background-media":"","overlay-type":"","overlay-color":"","overlay-opacity":"","overlay-gradient":""}}},"product_brand":[],"product_cat":[635,690],"product_tag":[3179,3171,3168,3172,3167,3169,3177,3180,3181,1806,2920,2869,1314,3176,3025,3173,1805,1701,2711,3170,3174,3178,3175],"class_list":{"0":"post-13985","1":"product","2":"type-product","3":"status-publish","4":"has-post-thumbnail","6":"product_cat-jacuzzi-fr","7":"product_cat-produits-dentretien","8":"product_tag-accessoires-pour-spas-deau-chaude","9":"product_tag-analyse-de-la-qualite-de-leau","10":"product_tag-bandelette-reactive","11":"product_tag-bandelettes-de-test-jacuzzi","12":"product_tag-bandelettes-de-test-pour-le-sel-deau-douce","13":"product_tag-bandelettes-reactives","14":"product_tag-des-tests-faciles","15":"product_tag-eau-de-baignade-sure","16":"product_tag-entretien-du-jacuzzi-fr","17":"product_tag-entretien-du-spa","18":"product_tag-equilibre-hydrique","19":"product_tag-fws-fr","20":"product_tag-gervi-fr","21":"product_tag-gestion-de-leau-du-spa","22":"product_tag-mesure-du-chlore","23":"product_tag-niveaux-de-brome","24":"product_tag-source-chaude","25":"product_tag-spa-de-source-chaude","26":"product_tag-systeme-deau-douce-et-de-sel-fr","27":"product_tag-test-fr","28":"product_tag-test-dalcalinite","29":"product_tag-un-comptage-precis-de-leau","30":"product_tag-verification-de-la-durete-de-leau","31":"desktop-align-left","32":"tablet-align-left","33":"mobile-align-left","35":"first","36":"instock","37":"purchasable","38":"product-type-simple"},"acf":[],"uagb_featured_image_src":{"full":["https:\/\/gervi.be\/wp-content\/uploads\/2023\/08\/FreshWater-Salt-Salt-Test-Strips-Gervi.jpg",1000,1000,false],"thumbnail":["https:\/\/gervi.be\/wp-content\/uploads\/2023\/08\/FreshWater-Salt-Salt-Test-Strips-Gervi-150x150.jpg",150,150,true],"medium":["https:\/\/gervi.be\/wp-content\/uploads\/2023\/08\/FreshWater-Salt-Salt-Test-Strips-Gervi-300x300.jpg",300,300,true],"medium_large":["https:\/\/gervi.be\/wp-content\/uploads\/2023\/08\/FreshWater-Salt-Salt-Test-Strips-Gervi-768x768.jpg",768,768,true],"large":["https:\/\/gervi.be\/wp-content\/uploads\/2023\/08\/FreshWater-Salt-Salt-Test-Strips-Gervi.jpg",1000,1000,false],"1536x1536":["https:\/\/gervi.be\/wp-content\/uploads\/2023\/08\/FreshWater-Salt-Salt-Test-Strips-Gervi.jpg",1000,1000,false],"2048x2048":["https:\/\/gervi.be\/wp-content\/uploads\/2023\/08\/FreshWater-Salt-Salt-Test-Strips-Gervi.jpg",1000,1000,false],"woocommerce_thumbnail":["https:\/\/gervi.be\/wp-content\/uploads\/2023\/08\/FreshWater-Salt-Salt-Test-Strips-Gervi.jpg",1000,1000,false],"woocommerce_single":["https:\/\/gervi.be\/wp-content\/uploads\/2023\/08\/FreshWater-Salt-Salt-Test-Strips-Gervi.jpg",1000,1000,false],"woocommerce_gallery_thumbnail":["https:\/\/gervi.be\/wp-content\/uploads\/2023\/08\/FreshWater-Salt-Salt-Test-Strips-Gervi-100x100.jpg",100,100,true],"dgwt-wcas-product-suggestion":["https:\/\/gervi.be\/wp-content\/uploads\/2023\/08\/FreshWater-Salt-Salt-Test-Strips-Gervi.jpg",64,64,false]},"uagb_author_info":{"display_name":"Marjolein Nijs","author_link":"https:\/\/gervi.be\/fr\/author\/"},"uagb_comment_info":0,"uagb_excerpt":"Contenu : 25 bandelettes r\u00e9actives Mesurer la salinit\u00e9 rapidement et facilement Favorise le fonctionnement optimal du syst\u00e8me d'eau sal\u00e9e FreshWater Aide \u00e0 maintenir l'eau du spa claire et sans odeur &nbsp;","_links":{"self":[{"href":"https:\/\/gervi.be\/fr\/wp-json\/wp\/v2\/product\/13985","targetHints":{"allow":["GET"]}}],"collection":[{"href":"https:\/\/gervi.be\/fr\/wp-json\/wp\/v2\/product"}],"about":[{"href":"https:\/\/gervi.be\/fr\/wp-json\/wp\/v2\/types\/product"}],"wp:featuredmedia":[{"embeddable":true,"href":"https:\/\/gervi.be\/fr\/wp-json\/wp\/v2\/media\/25474"}],"wp:attachment":[{"href":"https:\/\/gervi.be\/fr\/wp-json\/wp\/v2\/media?parent=13985"}],"wp:term":[{"taxonomy":"product_brand","embeddable":true,"href":"https:\/\/gervi.be\/fr\/wp-json\/wp\/v2\/product_brand?post=13985"},{"taxonomy":"product_cat","embeddable":true,"href":"https:\/\/gervi.be\/fr\/wp-json\/wp\/v2\/product_cat?post=13985"},{"taxonomy":"product_tag","embeddable":true,"href":"https:\/\/gervi.be\/fr\/wp-json\/wp\/v2\/product_tag?post=13985"}],"curies":[{"name":"wp","href":"https:\/\/api.w.org\/{rel}","templated":true}]}}