{"id":13983,"date":"2023-08-29T13:50:28","date_gmt":"2023-08-29T13:50:28","guid":{"rendered":"https:\/\/gervi.be\/shop\/voie-rapide\/"},"modified":"2024-06-05T14:18:23","modified_gmt":"2024-06-05T14:18:23","slug":"fastlane-pro","status":"publish","type":"product","link":"https:\/\/gervi.be\/fr\/produit\/fastlane-pro\/","title":{"rendered":"Fastlane Pro"},"content":{"rendered":"<p><a href=\"https:\/\/gervi.be\/merken\/endless-pools\/\"><img decoding=\"async\" class=\"alignnone wp-image-20326\" src=\"https:\/\/gervi.be\/wp-content\/uploads\/2024\/03\/Endless-Pools-Logo-300x126.png\" alt=\"Logo Endless Pools\" width=\"150\" height=\"63\" title=\"\"><\/a><\/p>\n<h2>Description<\/h2>\n<p>Le Fastlane Pro apporte le flux de nage Endless Pools \u00e0 toutes les piscines traditionnelles. Sans le Fastlane Pro, nager dans une piscine traditionnelle peut \u00eatre frustrant : cinq coups, mur, cinq coups, mur&#8230; De plus, le d\u00e9roulement de la s\u00e9ance d&#8217;entra\u00eenement est interrompu chaque fois que vous devez vous retourner. Le d\u00e9bit g\u00e9n\u00e9r\u00e9 par le Fastlane Pro est r\u00e9gulier, suffisamment important et sa puissance peut \u00eatre facilement r\u00e9gl\u00e9e \u00e0 l&#8217;aide de la t\u00e9l\u00e9commande \u00e9tanche.<\/p>\n<div class=\"flex flex-grow flex-col max-w-full\">\n<div class=\"min-h-[20px] text-message flex flex-col items-start gap-3 whitespace-pre-wrap break-words [.text-message+&amp;]:mt-5 overflow-x-auto\" dir=\"auto\" data-message-author-role=\"assistant\" data-message-id=\"78e23f35-99d5-45da-9044-832d493de0d4\">\n<div class=\"markdown prose w-full break-words dark:prose-invert light\">\n<p>Fastlane Pro, d\u00e9velopp\u00e9 par Endless Pools, r\u00e9volutionne l&#8217;exp\u00e9rience traditionnelle de la natation en offrant une technologie avanc\u00e9e qui transforme n&#8217;importe quelle piscine d&#8217;arri\u00e8re-cour en un centre de remise en forme polyvalent. Le syst\u00e8me, con\u00e7u pour les piscines neuves et existantes, permet aux utilisateurs d&#8217;am\u00e9liorer leurs techniques de natation et de b\u00e9n\u00e9ficier d&#8217;un entra\u00eenement vari\u00e9 \u00e0 domicile. Cette innovation offre un flux constant qui stimule et soutient les nageurs de tous niveaux, brisant ainsi les limites des piscines conventionnelles.<\/p>\n<p>Au c\u0153ur du Fastlane Pro se trouve la technologie Hydrodrive, qui g\u00e9n\u00e8re un flux d&#8217;eau puissant et contr\u00f4lable, id\u00e9al pour tous les styles de natation et tous les exercices de fitness. Ce syst\u00e8me n&#8217;est pas seulement destin\u00e9 aux nageurs exp\u00e9riment\u00e9s, mais aussi aux familles qui veulent s&#8217;amuser ou se d\u00e9tendre en faisant des exercices l\u00e9gers dans l&#8217;eau. L&#8217;installation de Fastlane Pro est simple, qu&#8217;il s&#8217;agisse d&#8217;une nouvelle piscine ou d&#8217;une piscine existante, et offre une am\u00e9lioration pr\u00e9cieuse sans n\u00e9cessiter de modifications structurelles majeures.<\/p>\n<p>Fastlane Pro est plus qu&#8217;un simple appareil d&#8217;exercice, c&#8217;est une solution polyvalente qui s&#8217;adapte \u00e0 diff\u00e9rents styles de vie et \u00e0 diff\u00e9rents besoins. Des entra\u00eenements de natation intenses aux rapides relaxants, le syst\u00e8me est con\u00e7u pour r\u00e9pondre aux exigences de tous les \u00e2ges et de tous les niveaux de forme physique. Il favorise non seulement la sant\u00e9 physique mais aussi le bien-\u00eatre mental, en fournissant un environnement apaisant pour le soulagement du stress et les activit\u00e9s r\u00e9cr\u00e9atives, ce qui en fait un excellent compl\u00e9ment \u00e0 tout r\u00e9gime de bien-\u00eatre \u00e0 domicile.<\/p>\n<p>Investir dans un syst\u00e8me Fastlane Pro, c&#8217;est investir dans la qualit\u00e9, la durabilit\u00e9 et la polyvalence. Gr\u00e2ce \u00e0 sa capacit\u00e9 \u00e0 transformer la natation d&#8217;un exercice de routine en une activit\u00e9 dynamique, Fastlane Pro offre une valeur in\u00e9gal\u00e9e au-del\u00e0 de l&#8217;aspect physique. Il favorise un mode de vie sain, augmente la valeur des propri\u00e9t\u00e9s et offre des heures infinies de divertissement et de remise en forme dans votre jardin. Pour ceux qui envisagent d&#8217;am\u00e9liorer leur exp\u00e9rience de la piscine, Fastlane Pro prouve \u00e0 maintes reprises qu&#8217;il s&#8217;agit d&#8217;une am\u00e9lioration indispensable pour toute maison moderne.<\/p>\n<\/div>\n<\/div>\n<\/div>\n","protected":false},"excerpt":{"rendered":"<ul>\n<li>Profondeur minimale requise : 90 cm<\/li>\n<li>Montage sur le bord de la piscine ou \u00e0 la surface de l&#8217;eau<\/li>\n<li>S&#8217;adapte \u00e0 toute piscine nouvelle ou existante<\/li>\n<li>Vitesse de l&#8217;eau r\u00e9glable<\/li>\n<li>T\u00e9l\u00e9commande<\/li>\n<\/ul>\n","protected":false},"featured_media":21597,"template":"","meta":{"_acf_changed":false,"_uag_custom_page_level_css":"","site-sidebar-layout":"default","site-content-layout":"","ast-site-content-layout":"default","site-content-style":"default","site-sidebar-style":"default","ast-global-header-display":"","ast-banner-title-visibility":"","ast-main-header-display":"","ast-hfb-above-header-display":"","ast-hfb-below-header-display":"","ast-hfb-mobile-header-display":"","site-post-title":"","ast-breadcrumbs-content":"","ast-featured-img":"","footer-sml-layout":"","ast-disable-related-posts":"","theme-transparent-header-meta":"default","adv-header-id-meta":"","stick-header-meta":"","header-above-stick-meta":"","header-main-stick-meta":"","header-below-stick-meta":"","astra-migrate-meta-layouts":"set","ast-page-background-enabled":"default","ast-page-background-meta":{"desktop":{"background-color":"","background-image":"","background-repeat":"repeat","background-position":"center center","background-size":"auto","background-attachment":"scroll","background-type":"","background-media":"","overlay-type":"","overlay-color":"","overlay-opacity":"","overlay-gradient":""},"tablet":{"background-color":"","background-image":"","background-repeat":"repeat","background-position":"center center","background-size":"auto","background-attachment":"scroll","background-type":"","background-media":"","overlay-type":"","overlay-color":"","overlay-opacity":"","overlay-gradient":""},"mobile":{"background-color":"","background-image":"","background-repeat":"repeat","background-position":"center center","background-size":"auto","background-attachment":"scroll","background-type":"","background-media":"","overlay-type":"","overlay-color":"","overlay-opacity":"","overlay-gradient":""}},"ast-content-background-meta":{"desktop":{"background-color":"var(--ast-global-color-5)","background-image":"","background-repeat":"repeat","background-position":"center center","background-size":"auto","background-attachment":"scroll","background-type":"","background-media":"","overlay-type":"","overlay-color":"","overlay-opacity":"","overlay-gradient":""},"tablet":{"background-color":"var(--ast-global-color-5)","background-image":"","background-repeat":"repeat","background-position":"center center","background-size":"auto","background-attachment":"scroll","background-type":"","background-media":"","overlay-type":"","overlay-color":"","overlay-opacity":"","overlay-gradient":""},"mobile":{"background-color":"var(--ast-global-color-5)","background-image":"","background-repeat":"repeat","background-position":"center center","background-size":"auto","background-attachment":"scroll","background-type":"","background-media":"","overlay-type":"","overlay-color":"","overlay-opacity":"","overlay-gradient":""}}},"product_brand":[],"product_cat":[648,2023,647],"product_tag":[1561,1559,1555,1560,1314,1562,1558,1556,1311,1312,1557,1554],"class_list":{"0":"post-13983","1":"product","2":"type-product","3":"status-publish","4":"has-post-thumbnail","6":"product_cat-endless-pools","7":"product_cat-fastlane-pro-fr","8":"product_cat-spa-de-nage","9":"product_tag-a-contre-courant","10":"product_tag-des-piscines-a-perte-de-vue","11":"product_tag-fastlanepro-fr","12":"product_tag-flux","13":"product_tag-gervi-fr","14":"product_tag-jetstream-fr","15":"product_tag-natation","16":"product_tag-piscine","17":"product_tag-spa-de-natation","18":"product_tag-swimspa-fr","19":"product_tag-systeme-a-contre-courant","20":"product_tag-voie-rapide","21":"desktop-align-left","22":"tablet-align-left","23":"mobile-align-left","25":"first","26":"instock","27":"product-type-simple"},"acf":[],"uagb_featured_image_src":{"full":["https:\/\/gervi.be\/wp-content\/uploads\/2023\/08\/Fastlane-Pro-Endless-Pools-Gervi.jpg",2000,2000,false],"thumbnail":["https:\/\/gervi.be\/wp-content\/uploads\/2023\/08\/Fastlane-Pro-Endless-Pools-Gervi-150x150.jpg",150,150,true],"medium":["https:\/\/gervi.be\/wp-content\/uploads\/2023\/08\/Fastlane-Pro-Endless-Pools-Gervi-300x300.jpg",300,300,true],"medium_large":["https:\/\/gervi.be\/wp-content\/uploads\/2023\/08\/Fastlane-Pro-Endless-Pools-Gervi-768x768.jpg",768,768,true],"large":["https:\/\/gervi.be\/wp-content\/uploads\/2023\/08\/Fastlane-Pro-Endless-Pools-Gervi-1024x1024.jpg",1024,1024,true],"1536x1536":["https:\/\/gervi.be\/wp-content\/uploads\/2023\/08\/Fastlane-Pro-Endless-Pools-Gervi-1536x1536.jpg",1536,1536,true],"2048x2048":["https:\/\/gervi.be\/wp-content\/uploads\/2023\/08\/Fastlane-Pro-Endless-Pools-Gervi.jpg",2000,2000,false],"woocommerce_thumbnail":["https:\/\/gervi.be\/wp-content\/uploads\/2023\/08\/Fastlane-Pro-Endless-Pools-Gervi-2000x1500.jpg",2000,1500,true],"woocommerce_single":["https:\/\/gervi.be\/wp-content\/uploads\/2023\/08\/Fastlane-Pro-Endless-Pools-Gervi.jpg",2000,2000,false],"woocommerce_gallery_thumbnail":["https:\/\/gervi.be\/wp-content\/uploads\/2023\/08\/Fastlane-Pro-Endless-Pools-Gervi-100x100.jpg",100,100,true],"dgwt-wcas-product-suggestion":["https:\/\/gervi.be\/wp-content\/uploads\/2023\/08\/Fastlane-Pro-Endless-Pools-Gervi.jpg",64,64,false]},"uagb_author_info":{"display_name":"Marjolein Nijs","author_link":"https:\/\/gervi.be\/fr\/author\/"},"uagb_comment_info":0,"uagb_excerpt":"Profondeur minimale requise : 90 cm Montage sur le bord de la piscine ou \u00e0 la surface de l'eau S'adapte \u00e0 toute piscine nouvelle ou existante Vitesse de l'eau r\u00e9glable T\u00e9l\u00e9commande","_links":{"self":[{"href":"https:\/\/gervi.be\/fr\/wp-json\/wp\/v2\/product\/13983","targetHints":{"allow":["GET"]}}],"collection":[{"href":"https:\/\/gervi.be\/fr\/wp-json\/wp\/v2\/product"}],"about":[{"href":"https:\/\/gervi.be\/fr\/wp-json\/wp\/v2\/types\/product"}],"wp:featuredmedia":[{"embeddable":true,"href":"https:\/\/gervi.be\/fr\/wp-json\/wp\/v2\/media\/21597"}],"wp:attachment":[{"href":"https:\/\/gervi.be\/fr\/wp-json\/wp\/v2\/media?parent=13983"}],"wp:term":[{"taxonomy":"product_brand","embeddable":true,"href":"https:\/\/gervi.be\/fr\/wp-json\/wp\/v2\/product_brand?post=13983"},{"taxonomy":"product_cat","embeddable":true,"href":"https:\/\/gervi.be\/fr\/wp-json\/wp\/v2\/product_cat?post=13983"},{"taxonomy":"product_tag","embeddable":true,"href":"https:\/\/gervi.be\/fr\/wp-json\/wp\/v2\/product_tag?post=13983"}],"curies":[{"name":"wp","href":"https:\/\/api.w.org\/{rel}","templated":true}]}}