{"id":13962,"date":"2023-08-29T13:50:28","date_gmt":"2023-08-29T11:50:28","guid":{"rendered":"https:\/\/gervi.be\/shop\/bright-clear-1l\/"},"modified":"2024-09-04T14:46:49","modified_gmt":"2024-09-04T12:46:49","slug":"clair-obscur-1l","status":"publish","type":"product","link":"https:\/\/gervi.be\/fr\/produit\/clair-obscur-1l\/","title":{"rendered":"Bright &amp; Clear (1L)"},"content":{"rendered":"<h2>Clair et lumineux<\/h2>\n<p>  Transforme rapidement l&#8217;eau trouble en eau cristalline &#8211; Utilis\u00e9s r\u00e9guli\u00e8rement, les filtres permettent d&#8217;\u00e9liminer un maximum de salet\u00e9s et d&#8217;obtenir ainsi une qualit\u00e9 d&#8217;eau optimale. Bright &amp; Clear est un produit indispensable pour tous ceux qui souhaitent profiter d&#8217;une eau de spa cristalline. Ce clarificateur avanc\u00e9 a \u00e9t\u00e9 sp\u00e9cialement con\u00e7u pour lier les petites particules de salet\u00e9 afin de leur permettre d&#8217;\u00eatre mieux \u00e9limin\u00e9es par le syst\u00e8me de filtration de votre spa. Le r\u00e9sultat est une eau claire et p\u00e9tillante qui invite \u00e0 la d\u00e9tente et au rafra\u00eechissement. La formule innovante de Bright &amp; Clear agit en liant les petites particules de salet\u00e9 invisibles en particules plus grandes qui sont plus facilement captur\u00e9es par les filtres. Ce proc\u00e9d\u00e9 utilise une technologie de polym\u00e8res naturels qui est \u00e0 la fois efficace et sans danger pour votre spa. Apr\u00e8s avoir ajout\u00e9 le produit, vous verrez une am\u00e9lioration notable de la clart\u00e9 de l&#8217;eau en quelques minutes.  <\/p>\n<h2>Manuel de l&#8217;utilisateur<\/h2>\n<p>  L&#8217;utilisation de Bright &amp; Clear est simple et rapide :  <\/p>\n<ol>\n<li><strong>Retirez<\/strong> les filtres <strong>:<\/strong> Pour de meilleurs r\u00e9sultats, retirez d&#8217;abord les filtres du spa.<\/li>\n<li><strong>Activez les jets :<\/strong> mettez en marche les jets de votre spa pour assurer une bonne circulation de l&#8217;eau.<\/li>\n<li><strong>Ajoutez Bright &amp; Clear :<\/strong> utilisez 30 ml pour les spas jusqu&#8217;\u00e0 1000 litres et 60 ml pour les spas plus grands.<\/li>\n<li><strong>Faites fonctionner les jets :<\/strong> laissez les jets en marche pendant environ 15 minutes pour permettre au produit de circuler correctement et de faire son travail.<\/li>\n<li>Nettoyez les filtres <strong>:<\/strong> une fois que l&#8217;eau est claire, nettoyez soigneusement les filtres et remplacez-les.<\/li>\n<\/ol>\n<h2>Avantages<\/h2>\n<ul>\n<li><strong>Des r\u00e9sultats rapides :<\/strong> En quelques minutes, vous verrez l&#8217;eau devenir plus claire et plus p\u00e9tillante.<\/li>\n<li><strong>Convivialit\u00e9 :<\/strong> facile \u00e0 ajouter \u00e0 votre spa avec un minimum d&#8217;effort<\/li>\n<li><strong>S\u00fbr :<\/strong> Fabriqu\u00e9 \u00e0 partir de polym\u00e8res naturels qui sont sans danger pour l&#8217;eau du spa et les utilisateurs.<\/li>\n<li><strong>Efficace :<\/strong> am\u00e9liore l&#8217;efficacit\u00e9 de vos filtres en les aidant \u00e0 capturer plus de salet\u00e9s.<\/li>\n<\/ul>\n<h2>Disponibilit\u00e9<\/h2>\n<p>  Bright &amp; Clear comprend un flacon de 1 litre, suffisant pour plusieurs applications en fonction de la taille de votre spa.  <\/p>\n<h2>Conseils pour une utilisation optimale<\/h2>\n<ul>\n<li><strong>Utilisation r\u00e9guli\u00e8re :<\/strong> Pour de meilleurs r\u00e9sultats, il est recommand\u00e9 d&#8217;utiliser Bright &amp; Clear une fois par semaine.<\/li>\n<li><strong>Entretien des filtres :<\/strong> veillez \u00e0 nettoyer r\u00e9guli\u00e8rement les filtres pour pr\u00e9server leur efficacit\u00e9.<\/li>\n<li><strong>V\u00e9rifiez l&#8217;\u00e9quilibre de l&#8217;eau :<\/strong> une chimie de l&#8217;eau \u00e9quilibr\u00e9e contribue \u00e0 maintenir une eau claire et l&#8217;efficacit\u00e9 des clarificateurs.<\/li>\n<\/ul>\n<p>  Avec Bright &amp; Clear, vous profiterez \u00e0 chaque fois d&#8217;un bain frais et limpide dans votre spa, ce qui rendra vos moments de d\u00e9tente encore plus agr\u00e9ables !<\/p>\n","protected":false},"excerpt":{"rendered":"<p>Avec Bright &amp; Clear, vous profiterez \u00e0 chaque fois d&#8217;un bain frais et limpide dans votre spa, ce qui rendra vos moments de d\u00e9tente encore plus agr\u00e9ables !<\/p>\n","protected":false},"featured_media":26548,"template":"","meta":{"_acf_changed":false,"_uag_custom_page_level_css":"","site-sidebar-layout":"default","site-content-layout":"","ast-site-content-layout":"default","site-content-style":"default","site-sidebar-style":"default","ast-global-header-display":"","ast-banner-title-visibility":"","ast-main-header-display":"","ast-hfb-above-header-display":"","ast-hfb-below-header-display":"","ast-hfb-mobile-header-display":"","site-post-title":"","ast-breadcrumbs-content":"","ast-featured-img":"","footer-sml-layout":"","ast-disable-related-posts":"","theme-transparent-header-meta":"default","adv-header-id-meta":"","stick-header-meta":"","header-above-stick-meta":"","header-main-stick-meta":"","header-below-stick-meta":"","astra-migrate-meta-layouts":"default","ast-page-background-enabled":"default","ast-page-background-meta":{"desktop":{"background-color":"","background-image":"","background-repeat":"repeat","background-position":"center center","background-size":"auto","background-attachment":"scroll","background-type":"","background-media":"","overlay-type":"","overlay-color":"","overlay-opacity":"","overlay-gradient":""},"tablet":{"background-color":"","background-image":"","background-repeat":"repeat","background-position":"center center","background-size":"auto","background-attachment":"scroll","background-type":"","background-media":"","overlay-type":"","overlay-color":"","overlay-opacity":"","overlay-gradient":""},"mobile":{"background-color":"","background-image":"","background-repeat":"repeat","background-position":"center center","background-size":"auto","background-attachment":"scroll","background-type":"","background-media":"","overlay-type":"","overlay-color":"","overlay-opacity":"","overlay-gradient":""}},"ast-content-background-meta":{"desktop":{"background-color":"var(--ast-global-color-5)","background-image":"","background-repeat":"repeat","background-position":"center center","background-size":"auto","background-attachment":"scroll","background-type":"","background-media":"","overlay-type":"","overlay-color":"","overlay-opacity":"","overlay-gradient":""},"tablet":{"background-color":"var(--ast-global-color-5)","background-image":"","background-repeat":"repeat","background-position":"center center","background-size":"auto","background-attachment":"scroll","background-type":"","background-media":"","overlay-type":"","overlay-color":"","overlay-opacity":"","overlay-gradient":""},"mobile":{"background-color":"var(--ast-global-color-5)","background-image":"","background-repeat":"repeat","background-position":"center center","background-size":"auto","background-attachment":"scroll","background-type":"","background-media":"","overlay-type":"","overlay-color":"","overlay-opacity":"","overlay-gradient":""}}},"product_brand":[],"product_cat":[635,690],"product_tag":[1818,1808,1813,1819,1814,1807,1815,1806,1314,1817,1811,1810,1812,1816,1805,1820],"class_list":{"0":"post-13962","1":"product","2":"type-product","3":"status-publish","4":"has-post-thumbnail","6":"product_cat-jacuzzi-fr","7":"product_cat-produits-dentretien","8":"product_tag-circulation-de-leau","9":"product_tag-clarificateur-deau","10":"product_tag-conviviale","11":"product_tag-des-filtres-efficaces","12":"product_tag-des-resultats-rapides","13":"product_tag-eau-claire-du-spa","14":"product_tag-entretien-de-leau-du-spa","15":"product_tag-entretien-du-spa","16":"product_tag-gervi-fr","17":"product_tag-les-particules-de-salete-se-fixent","18":"product_tag-nettoyage-des-filtres","19":"product_tag-neutralisation-des-salissures","20":"product_tag-polymeres-naturels","21":"product_tag-sans-danger-pour-le-spa","22":"product_tag-source-chaude","23":"product_tag-spa-detente","24":"desktop-align-left","25":"tablet-align-left","26":"mobile-align-left","28":"first","29":"instock","30":"purchasable","31":"product-type-simple"},"acf":[],"uagb_featured_image_src":{"full":["https:\/\/gervi.be\/wp-content\/uploads\/2023\/08\/Bright-Clear-1-van-1-LR.png",1500,1500,false],"thumbnail":["https:\/\/gervi.be\/wp-content\/uploads\/2023\/08\/Bright-Clear-1-van-1-LR-150x150.png",150,150,true],"medium":["https:\/\/gervi.be\/wp-content\/uploads\/2023\/08\/Bright-Clear-1-van-1-LR-300x300.png",300,300,true],"medium_large":["https:\/\/gervi.be\/wp-content\/uploads\/2023\/08\/Bright-Clear-1-van-1-LR-768x768.png",768,768,true],"large":["https:\/\/gervi.be\/wp-content\/uploads\/2023\/08\/Bright-Clear-1-van-1-LR-1024x1024.png",1024,1024,true],"1536x1536":["https:\/\/gervi.be\/wp-content\/uploads\/2023\/08\/Bright-Clear-1-van-1-LR.png",1500,1500,false],"2048x2048":["https:\/\/gervi.be\/wp-content\/uploads\/2023\/08\/Bright-Clear-1-van-1-LR.png",1500,1500,false],"woocommerce_thumbnail":["https:\/\/gervi.be\/wp-content\/uploads\/2023\/08\/Bright-Clear-1-van-1-LR.png",1500,1500,false],"woocommerce_single":["https:\/\/gervi.be\/wp-content\/uploads\/2023\/08\/Bright-Clear-1-van-1-LR.png",1500,1500,false],"woocommerce_gallery_thumbnail":["https:\/\/gervi.be\/wp-content\/uploads\/2023\/08\/Bright-Clear-1-van-1-LR-100x100.png",100,100,true],"dgwt-wcas-product-suggestion":["https:\/\/gervi.be\/wp-content\/uploads\/2023\/08\/Bright-Clear-1-van-1-LR.png",64,64,false]},"uagb_author_info":{"display_name":"Marjolein Nijs","author_link":"https:\/\/gervi.be\/fr\/author\/"},"uagb_comment_info":0,"uagb_excerpt":"Avec Bright &amp; Clear, vous profiterez \u00e0 chaque fois d'un bain frais et limpide dans votre spa, ce qui rendra vos moments de d\u00e9tente encore plus agr\u00e9ables !","_links":{"self":[{"href":"https:\/\/gervi.be\/fr\/wp-json\/wp\/v2\/product\/13962","targetHints":{"allow":["GET"]}}],"collection":[{"href":"https:\/\/gervi.be\/fr\/wp-json\/wp\/v2\/product"}],"about":[{"href":"https:\/\/gervi.be\/fr\/wp-json\/wp\/v2\/types\/product"}],"wp:featuredmedia":[{"embeddable":true,"href":"https:\/\/gervi.be\/fr\/wp-json\/wp\/v2\/media\/26548"}],"wp:attachment":[{"href":"https:\/\/gervi.be\/fr\/wp-json\/wp\/v2\/media?parent=13962"}],"wp:term":[{"taxonomy":"product_brand","embeddable":true,"href":"https:\/\/gervi.be\/fr\/wp-json\/wp\/v2\/product_brand?post=13962"},{"taxonomy":"product_cat","embeddable":true,"href":"https:\/\/gervi.be\/fr\/wp-json\/wp\/v2\/product_cat?post=13962"},{"taxonomy":"product_tag","embeddable":true,"href":"https:\/\/gervi.be\/fr\/wp-json\/wp\/v2\/product_tag?post=13962"}],"curies":[{"name":"wp","href":"https:\/\/api.w.org\/{rel}","templated":true}]}}