{"id":13961,"date":"2023-08-29T13:50:13","date_gmt":"2023-08-29T13:50:13","guid":{"rendered":"https:\/\/gervi.be\/shop\/myrun\/"},"modified":"2024-06-04T12:56:38","modified_gmt":"2024-06-04T12:56:38","slug":"myrun","status":"publish","type":"product","link":"https:\/\/gervi.be\/fr\/produit\/myrun\/","title":{"rendered":"MyRun"},"content":{"rendered":"<p><a href=\"https:\/\/gervi.be\/fr\/marques\/technogym\/\"><img decoding=\"async\" class=\"alignnone wp-image-16880\" src=\"https:\/\/gervi.be\/wp-content\/uploads\/2023\/12\/TechnoGym-300x131.png\" alt=\"Logo TechnoGym\" width=\"150\" height=\"66\" title=\"\" srcset=\"https:\/\/gervi.be\/wp-content\/uploads\/2023\/12\/TechnoGym-300x131.png 300w, https:\/\/gervi.be\/wp-content\/uploads\/2023\/12\/TechnoGym.png 322w\" sizes=\"(max-width: 150px) 100vw, 150px\" \/><\/a><\/p>\n<h2>Description<\/h2>\n<div class=\"flex flex-grow flex-col max-w-full\">\n<div class=\"min-h-[20px] text-message flex flex-col items-start gap-3 whitespace-pre-wrap break-words [.text-message+&amp;]:mt-5 overflow-x-auto\" dir=\"auto\" data-message-author-role=\"assistant\" data-message-id=\"97cb2b0d-9557-4d01-aa77-f71432d58325\">\n<div class=\"markdown prose w-full break-words dark:prose-invert light\">\n<p>Le tapis de course MyRun de Technogym est bien plus qu&#8217;un simple tapis de course ; il repr\u00e9sente la combinaison innovante d&#8217;un tapis de course et d&#8217;une application de retour d&#8217;information visuelle, tous deux parfaitement coordonn\u00e9s. Ce tapis de course a \u00e9t\u00e9 soigneusement con\u00e7u pour vous offrir une exp\u00e9rience de course in\u00e9gal\u00e9e, avec des programmes d&#8217;entra\u00eenement personnalis\u00e9s et un retour d&#8217;information instantan\u00e9 pour affiner et am\u00e9liorer en permanence vos performances de course.<\/p>\n<p>L&#8217;appareil est dot\u00e9 d&#8217;une interface conviviale qui vous permet de d\u00e9marrer votre s\u00e9ance d&#8217;entra\u00eenement d&#8217;une simple pression sur l&#8217;\u00e9cran et de r\u00e9gler la vitesse et l&#8217;inclinaison sans effort. Indispensable dans votre salle de sport \u00e0 domicile !<\/p>\n<p>Gr\u00e2ce \u00e0 sa semelle adaptative qui offre un m\u00e9lange optimal d&#8217;amorti et de r\u00e9activit\u00e9, la MyRun minimise le risque de blessure sans compromettre l&#8217;efficacit\u00e9 de votre course. Il garantit un fonctionnement souple et silencieux, m\u00eame \u00e0 des vitesses de pointe allant jusqu&#8217;\u00e0 20 km\/h.<\/p>\n<p>Le Running Rate Index innovant du tapis de course MyRun encourage l&#8217;am\u00e9lioration de la technique de course. En augmentant la fr\u00e9quence de vos pas sans modifier votre vitesse, vous pouvez optimiser votre vitesse de course. Ce principe de foul\u00e9es plus courtes et plus rapides favorise un style de course plus efficace et contribue \u00e0 r\u00e9duire les risques de blessures.<\/p>\n<h2>Am\u00e9liorer les performances sportives gr\u00e2ce \u00e0 l&#8217;application<\/h2>\n<p>L&#8217;application My Run App : LIVE, est votre compagnon num\u00e9rique pour une exp\u00e9rience de course sup\u00e9rieure.<\/p>\n<\/div>\n<\/div>\n<\/div>\n","protected":false},"excerpt":{"rendered":"<div class=\"flex flex-grow flex-col max-w-full\">\n<div class=\"min-h-[20px] text-message flex flex-col items-start gap-3 whitespace-pre-wrap break-words [.text-message+&amp;]:mt-5 overflow-x-auto\" dir=\"auto\" data-message-author-role=\"assistant\" data-message-id=\"97cb2b0d-9557-4d01-aa77-f71432d58325\">\n<div class=\"markdown prose w-full break-words dark:prose-invert light\">\n<ul>\n<li>Dimensions : 1760 x 785 x 1260 mm<\/li>\n<li>Poids de l&#8217;appareil : 92 kg<\/li>\n<li>Bande de roulement : 1430 x 500 mm<\/li>\n<li>Hauteur de la bande de roulement au-dessus du sol : 170 mm<\/li>\n<li>Poids maximal de l&#8217;utilisateur : 140 kg<\/li>\n<li>Plage de vitesse : 0,8 \u00e0 20 km\/h<\/li>\n<li>Pente r\u00e9glable : 0 % \u00e0 12<\/li>\n<\/ul>\n<\/div>\n<\/div>\n<\/div>\n","protected":false},"featured_media":20986,"template":"","meta":{"_acf_changed":false,"_uag_custom_page_level_css":"","site-sidebar-layout":"default","site-content-layout":"","ast-site-content-layout":"default","site-content-style":"default","site-sidebar-style":"default","ast-global-header-display":"","ast-banner-title-visibility":"","ast-main-header-display":"","ast-hfb-above-header-display":"","ast-hfb-below-header-display":"","ast-hfb-mobile-header-display":"","site-post-title":"","ast-breadcrumbs-content":"","ast-featured-img":"","footer-sml-layout":"","ast-disable-related-posts":"","theme-transparent-header-meta":"default","adv-header-id-meta":"","stick-header-meta":"","header-above-stick-meta":"","header-main-stick-meta":"","header-below-stick-meta":"","astra-migrate-meta-layouts":"set","ast-page-background-enabled":"default","ast-page-background-meta":{"desktop":{"background-color":"","background-image":"","background-repeat":"repeat","background-position":"center center","background-size":"auto","background-attachment":"scroll","background-type":"","background-media":"","overlay-type":"","overlay-color":"","overlay-opacity":"","overlay-gradient":""},"tablet":{"background-color":"","background-image":"","background-repeat":"repeat","background-position":"center center","background-size":"auto","background-attachment":"scroll","background-type":"","background-media":"","overlay-type":"","overlay-color":"","overlay-opacity":"","overlay-gradient":""},"mobile":{"background-color":"","background-image":"","background-repeat":"repeat","background-position":"center center","background-size":"auto","background-attachment":"scroll","background-type":"","background-media":"","overlay-type":"","overlay-color":"","overlay-opacity":"","overlay-gradient":""}},"ast-content-background-meta":{"desktop":{"background-color":"var(--ast-global-color-5)","background-image":"","background-repeat":"repeat","background-position":"center center","background-size":"auto","background-attachment":"scroll","background-type":"","background-media":"","overlay-type":"","overlay-color":"","overlay-opacity":"","overlay-gradient":""},"tablet":{"background-color":"var(--ast-global-color-5)","background-image":"","background-repeat":"repeat","background-position":"center center","background-size":"auto","background-attachment":"scroll","background-type":"","background-media":"","overlay-type":"","overlay-color":"","overlay-opacity":"","overlay-gradient":""},"mobile":{"background-color":"var(--ast-global-color-5)","background-image":"","background-repeat":"repeat","background-position":"center center","background-size":"auto","background-attachment":"scroll","background-type":"","background-media":"","overlay-type":"","overlay-color":"","overlay-opacity":"","overlay-gradient":""}}},"product_brand":[],"product_cat":[665,986],"product_tag":[1314,1428,1426,1427,1429,1431,1432,1430,1425],"class_list":{"0":"post-13961","1":"product","2":"type-product","3":"status-publish","4":"has-post-thumbnail","6":"product_cat-equipements-de-remise-en-forme","7":"product_cat-tapis-de-course","8":"product_tag-gervi-fr","9":"product_tag-jogging","10":"product_tag-la-remise-en-forme","11":"product_tag-mlopen-fr","12":"product_tag-myrun-fr","13":"product_tag-sport-fr","14":"product_tag-sports","15":"product_tag-tapis-roulant","16":"product_tag-technogym-fr","17":"desktop-align-left","18":"tablet-align-left","19":"mobile-align-left","21":"first","22":"instock","23":"purchasable","24":"product-type-simple"},"acf":[],"uagb_featured_image_src":{"full":["https:\/\/gervi.be\/wp-content\/uploads\/2023\/08\/MyRun-Gervi-Technogym.jpg",1920,1920,false],"thumbnail":["https:\/\/gervi.be\/wp-content\/uploads\/2023\/08\/MyRun-Gervi-Technogym-150x150.jpg",150,150,true],"medium":["https:\/\/gervi.be\/wp-content\/uploads\/2023\/08\/MyRun-Gervi-Technogym-300x300.jpg",300,300,true],"medium_large":["https:\/\/gervi.be\/wp-content\/uploads\/2023\/08\/MyRun-Gervi-Technogym-768x768.jpg",768,768,true],"large":["https:\/\/gervi.be\/wp-content\/uploads\/2023\/08\/MyRun-Gervi-Technogym-1024x1024.jpg",1024,1024,true],"1536x1536":["https:\/\/gervi.be\/wp-content\/uploads\/2023\/08\/MyRun-Gervi-Technogym-1536x1536.jpg",1536,1536,true],"2048x2048":["https:\/\/gervi.be\/wp-content\/uploads\/2023\/08\/MyRun-Gervi-Technogym.jpg",1920,1920,false],"woocommerce_thumbnail":["https:\/\/gervi.be\/wp-content\/uploads\/2023\/08\/MyRun-Gervi-Technogym-1920x1500.jpg",1920,1500,true],"woocommerce_single":["https:\/\/gervi.be\/wp-content\/uploads\/2023\/08\/MyRun-Gervi-Technogym.jpg",1920,1920,false],"woocommerce_gallery_thumbnail":["https:\/\/gervi.be\/wp-content\/uploads\/2023\/08\/MyRun-Gervi-Technogym-100x100.jpg",100,100,true],"dgwt-wcas-product-suggestion":["https:\/\/gervi.be\/wp-content\/uploads\/2023\/08\/MyRun-Gervi-Technogym.jpg",64,64,false]},"uagb_author_info":{"display_name":"Marjolein Nijs","author_link":"https:\/\/gervi.be\/fr\/author\/"},"uagb_comment_info":0,"uagb_excerpt":"Dimensions : 1760 x 785 x 1260 mm Poids de l'appareil : 92 kg Bande de roulement : 1430 x 500 mm Hauteur de la bande de roulement au-dessus du sol : 170 mm Poids maximal de l'utilisateur : 140 kg Plage de vitesse : 0,8 \u00e0 20 km\/h Pente r\u00e9glable : 0 % \u00e0\u2026","_links":{"self":[{"href":"https:\/\/gervi.be\/fr\/wp-json\/wp\/v2\/product\/13961","targetHints":{"allow":["GET"]}}],"collection":[{"href":"https:\/\/gervi.be\/fr\/wp-json\/wp\/v2\/product"}],"about":[{"href":"https:\/\/gervi.be\/fr\/wp-json\/wp\/v2\/types\/product"}],"wp:featuredmedia":[{"embeddable":true,"href":"https:\/\/gervi.be\/fr\/wp-json\/wp\/v2\/media\/20986"}],"wp:attachment":[{"href":"https:\/\/gervi.be\/fr\/wp-json\/wp\/v2\/media?parent=13961"}],"wp:term":[{"taxonomy":"product_brand","embeddable":true,"href":"https:\/\/gervi.be\/fr\/wp-json\/wp\/v2\/product_brand?post=13961"},{"taxonomy":"product_cat","embeddable":true,"href":"https:\/\/gervi.be\/fr\/wp-json\/wp\/v2\/product_cat?post=13961"},{"taxonomy":"product_tag","embeddable":true,"href":"https:\/\/gervi.be\/fr\/wp-json\/wp\/v2\/product_tag?post=13961"}],"curies":[{"name":"wp","href":"https:\/\/api.w.org\/{rel}","templated":true}]}}