{"id":13869,"date":"2023-08-31T10:55:22","date_gmt":"2023-08-31T08:55:22","guid":{"rendered":"https:\/\/gervi.be\/shop\/laps\/"},"modified":"2025-05-16T10:05:04","modified_gmt":"2025-05-16T08:05:04","slug":"tours","status":"publish","type":"product","link":"https:\/\/gervi.be\/fr\/produit\/tours\/","title":{"rendered":"LAPS"},"content":{"rendered":"<p>Ce bougeoir est une pi\u00e8ce stylis\u00e9e con\u00e7ue pour capter la lumi\u00e8re m\u00eame lorsqu&#8217;il n&#8217;est pas utilis\u00e9. C&#8217;est aussi une pi\u00e8ce qui a un vrai corps, une vraie pr\u00e9sence car elle est assez g\u00e9n\u00e9reuse mais donne quand m\u00eame une impression d&#8217;\u00e9quilibre, la large courbe \u00e0 la base cr\u00e9ant une impression d&#8217;instabilit\u00e9. Il s&#8217;agit d&#8217;une pi\u00e8ce chaleureuse et g\u00e9n\u00e9reuse.<\/p>\n<p>Le nom vient du fait qu&#8217;au fur et \u00e0 mesure que les bougies se consument, surtout vers la fin, l&#8217;ombre qu&#8217;elles projettent sur les marches du chandelier devient de plus en plus grande, rendant peu \u00e0 peu les marches de plus en plus sombres.<\/p>\n<p>Le bougeoir est disponible en diff\u00e9rentes finitions et mat\u00e9riaux.<\/p>\n","protected":false},"excerpt":{"rendered":"<p>Ce bougeoir est une pi\u00e8ce stylis\u00e9e con\u00e7ue pour capter la lumi\u00e8re m\u00eame lorsqu&#8217;il n&#8217;est pas utilis\u00e9. C&#8217;est aussi une pi\u00e8ce qui a un vrai corps, une vraie pr\u00e9sence car elle est assez g\u00e9n\u00e9reuse mais donne quand m\u00eame une impression d&#8217;\u00e9quilibre, la large courbe \u00e0 la base cr\u00e9ant une impression d&#8217;instabilit\u00e9. Il s&#8217;agit d&#8217;une pi\u00e8ce chaleureuse [&hellip;]<\/p>\n","protected":false},"featured_media":30180,"template":"","meta":{"_acf_changed":false,"_uag_custom_page_level_css":"","site-sidebar-layout":"default","site-content-layout":"","ast-site-content-layout":"default","site-content-style":"default","site-sidebar-style":"default","ast-global-header-display":"","ast-banner-title-visibility":"","ast-main-header-display":"","ast-hfb-above-header-display":"","ast-hfb-below-header-display":"","ast-hfb-mobile-header-display":"","site-post-title":"","ast-breadcrumbs-content":"","ast-featured-img":"","footer-sml-layout":"","ast-disable-related-posts":"","theme-transparent-header-meta":"default","adv-header-id-meta":"","stick-header-meta":"","header-above-stick-meta":"","header-main-stick-meta":"","header-below-stick-meta":"","astra-migrate-meta-layouts":"default","ast-page-background-enabled":"default","ast-page-background-meta":{"desktop":{"background-color":"","background-image":"","background-repeat":"repeat","background-position":"center center","background-size":"auto","background-attachment":"scroll","background-type":"","background-media":"","overlay-type":"","overlay-color":"","overlay-opacity":"","overlay-gradient":""},"tablet":{"background-color":"","background-image":"","background-repeat":"repeat","background-position":"center center","background-size":"auto","background-attachment":"scroll","background-type":"","background-media":"","overlay-type":"","overlay-color":"","overlay-opacity":"","overlay-gradient":""},"mobile":{"background-color":"","background-image":"","background-repeat":"repeat","background-position":"center center","background-size":"auto","background-attachment":"scroll","background-type":"","background-media":"","overlay-type":"","overlay-color":"","overlay-opacity":"","overlay-gradient":""}},"ast-content-background-meta":{"desktop":{"background-color":"var(--ast-global-color-5)","background-image":"","background-repeat":"repeat","background-position":"center center","background-size":"auto","background-attachment":"scroll","background-type":"","background-media":"","overlay-type":"","overlay-color":"","overlay-opacity":"","overlay-gradient":""},"tablet":{"background-color":"var(--ast-global-color-5)","background-image":"","background-repeat":"repeat","background-position":"center center","background-size":"auto","background-attachment":"scroll","background-type":"","background-media":"","overlay-type":"","overlay-color":"","overlay-opacity":"","overlay-gradient":""},"mobile":{"background-color":"var(--ast-global-color-5)","background-image":"","background-repeat":"repeat","background-position":"center center","background-size":"auto","background-attachment":"scroll","background-type":"","background-media":"","overlay-type":"","overlay-color":"","overlay-opacity":"","overlay-gradient":""}}},"product_brand":[],"product_cat":[6291],"product_tag":[],"class_list":{"0":"post-13869","1":"product","2":"type-product","3":"status-publish","4":"has-post-thumbnail","6":"product_cat-accessoires-dexterieur","7":"desktop-align-left","8":"tablet-align-left","9":"mobile-align-left","11":"first","12":"instock","13":"product-type-simple"},"acf":[],"uagb_featured_image_src":{"full":["https:\/\/gervi.be\/wp-content\/uploads\/2023\/08\/nr3xlboom-laps-accessoires-1.jpg",750,750,false],"thumbnail":["https:\/\/gervi.be\/wp-content\/uploads\/2023\/08\/nr3xlboom-laps-accessoires-1-150x150.jpg",150,150,true],"medium":["https:\/\/gervi.be\/wp-content\/uploads\/2023\/08\/nr3xlboom-laps-accessoires-1-300x300.jpg",300,300,true],"medium_large":["https:\/\/gervi.be\/wp-content\/uploads\/2023\/08\/nr3xlboom-laps-accessoires-1.jpg",750,750,false],"large":["https:\/\/gervi.be\/wp-content\/uploads\/2023\/08\/nr3xlboom-laps-accessoires-1.jpg",750,750,false],"1536x1536":["https:\/\/gervi.be\/wp-content\/uploads\/2023\/08\/nr3xlboom-laps-accessoires-1.jpg",750,750,false],"2048x2048":["https:\/\/gervi.be\/wp-content\/uploads\/2023\/08\/nr3xlboom-laps-accessoires-1.jpg",750,750,false],"woocommerce_thumbnail":["https:\/\/gervi.be\/wp-content\/uploads\/2023\/08\/nr3xlboom-laps-accessoires-1.jpg",750,750,false],"woocommerce_single":["https:\/\/gervi.be\/wp-content\/uploads\/2023\/08\/nr3xlboom-laps-accessoires-1.jpg",750,750,false],"woocommerce_gallery_thumbnail":["https:\/\/gervi.be\/wp-content\/uploads\/2023\/08\/nr3xlboom-laps-accessoires-1-100x100.jpg",100,100,true],"dgwt-wcas-product-suggestion":["https:\/\/gervi.be\/wp-content\/uploads\/2023\/08\/nr3xlboom-laps-accessoires-1.jpg",64,64,false]},"uagb_author_info":{"display_name":"Marjolein Nijs","author_link":"https:\/\/gervi.be\/fr\/author\/"},"uagb_comment_info":0,"uagb_excerpt":"Ce bougeoir est une pi\u00e8ce stylis\u00e9e con\u00e7ue pour capter la lumi\u00e8re m\u00eame lorsqu&#8217;il n&#8217;est pas utilis\u00e9. C&#8217;est aussi une pi\u00e8ce qui a un vrai corps, une vraie pr\u00e9sence car elle est assez g\u00e9n\u00e9reuse mais donne quand m\u00eame une impression d&#8217;\u00e9quilibre, la large courbe \u00e0 la base cr\u00e9ant une impression d&#8217;instabilit\u00e9. Il s&#8217;agit d&#8217;une pi\u00e8ce chaleureuse\u2026","_links":{"self":[{"href":"https:\/\/gervi.be\/fr\/wp-json\/wp\/v2\/product\/13869","targetHints":{"allow":["GET"]}}],"collection":[{"href":"https:\/\/gervi.be\/fr\/wp-json\/wp\/v2\/product"}],"about":[{"href":"https:\/\/gervi.be\/fr\/wp-json\/wp\/v2\/types\/product"}],"wp:featuredmedia":[{"embeddable":true,"href":"https:\/\/gervi.be\/fr\/wp-json\/wp\/v2\/media\/30180"}],"wp:attachment":[{"href":"https:\/\/gervi.be\/fr\/wp-json\/wp\/v2\/media?parent=13869"}],"wp:term":[{"taxonomy":"product_brand","embeddable":true,"href":"https:\/\/gervi.be\/fr\/wp-json\/wp\/v2\/product_brand?post=13869"},{"taxonomy":"product_cat","embeddable":true,"href":"https:\/\/gervi.be\/fr\/wp-json\/wp\/v2\/product_cat?post=13869"},{"taxonomy":"product_tag","embeddable":true,"href":"https:\/\/gervi.be\/fr\/wp-json\/wp\/v2\/product_tag?post=13869"}],"curies":[{"name":"wp","href":"https:\/\/api.w.org\/{rel}","templated":true}]}}