{"id":13857,"date":"2023-08-31T10:55:22","date_gmt":"2023-08-31T10:55:22","guid":{"rendered":"https:\/\/gervi.be\/shop\/cesta\/"},"modified":"2026-01-14T11:24:22","modified_gmt":"2026-01-14T10:24:22","slug":"cesta","status":"publish","type":"product","link":"https:\/\/gervi.be\/fr\/produit\/cesta\/","title":{"rendered":"CESTA"},"content":{"rendered":"<p>Cesta Outdoor est un accessoire polyvalent. Con\u00e7u pour compl\u00e9ter id\u00e9alement les canap\u00e9s et les fauteuils, Cesta Outdoor peut \u00eatre utilis\u00e9 comme porte-revues ou comme bac de rangement dans des endroits tels que les terrasses et les patios. Les ouvertures fonctionnelles dans la partie sup\u00e9rieure de Cesta Outdoor facilitent son d\u00e9placement. Le caoutchouc polyur\u00e9thane tiss\u00e9 est enti\u00e8rement tiss\u00e9 \u00e0 la main. Cesta Outdoor est disponible en deux tailles et dans une palette de couleurs sophistiqu\u00e9es allant des tons de terre au bordeaux et au vert olive.<\/p>\n","protected":false},"excerpt":{"rendered":"<p>Cesta Outdoor est un accessoire polyvalent. Con\u00e7u pour compl\u00e9ter id\u00e9alement les canap\u00e9s et les fauteuils, Cesta Outdoor peut \u00eatre utilis\u00e9 comme porte-revues ou comme bac de rangement dans des endroits tels que les terrasses et les patios. Les ouvertures fonctionnelles dans la partie sup\u00e9rieure de Cesta Outdoor facilitent son d\u00e9placement. Le caoutchouc polyur\u00e9thane tiss\u00e9 est [&hellip;]<\/p>\n","protected":false},"featured_media":35443,"template":"","meta":{"_acf_changed":false,"_uag_custom_page_level_css":"","site-sidebar-layout":"default","site-content-layout":"","ast-site-content-layout":"default","site-content-style":"default","site-sidebar-style":"default","ast-global-header-display":"","ast-banner-title-visibility":"","ast-main-header-display":"","ast-hfb-above-header-display":"","ast-hfb-below-header-display":"","ast-hfb-mobile-header-display":"","site-post-title":"","ast-breadcrumbs-content":"","ast-featured-img":"","footer-sml-layout":"","ast-disable-related-posts":"","theme-transparent-header-meta":"default","adv-header-id-meta":"","stick-header-meta":"","header-above-stick-meta":"","header-main-stick-meta":"","header-below-stick-meta":"","astra-migrate-meta-layouts":"default","ast-page-background-enabled":"default","ast-page-background-meta":{"desktop":{"background-color":"","background-image":"","background-repeat":"repeat","background-position":"center center","background-size":"auto","background-attachment":"scroll","background-type":"","background-media":"","overlay-type":"","overlay-color":"","overlay-opacity":"","overlay-gradient":""},"tablet":{"background-color":"","background-image":"","background-repeat":"repeat","background-position":"center center","background-size":"auto","background-attachment":"scroll","background-type":"","background-media":"","overlay-type":"","overlay-color":"","overlay-opacity":"","overlay-gradient":""},"mobile":{"background-color":"","background-image":"","background-repeat":"repeat","background-position":"center center","background-size":"auto","background-attachment":"scroll","background-type":"","background-media":"","overlay-type":"","overlay-color":"","overlay-opacity":"","overlay-gradient":""}},"ast-content-background-meta":{"desktop":{"background-color":"var(--ast-global-color-5)","background-image":"","background-repeat":"repeat","background-position":"center center","background-size":"auto","background-attachment":"scroll","background-type":"","background-media":"","overlay-type":"","overlay-color":"","overlay-opacity":"","overlay-gradient":""},"tablet":{"background-color":"var(--ast-global-color-5)","background-image":"","background-repeat":"repeat","background-position":"center center","background-size":"auto","background-attachment":"scroll","background-type":"","background-media":"","overlay-type":"","overlay-color":"","overlay-opacity":"","overlay-gradient":""},"mobile":{"background-color":"var(--ast-global-color-5)","background-image":"","background-repeat":"repeat","background-position":"center center","background-size":"auto","background-attachment":"scroll","background-type":"","background-media":"","overlay-type":"","overlay-color":"","overlay-opacity":"","overlay-gradient":""}}},"product_brand":[6305],"product_cat":[6291],"product_tag":[],"class_list":{"0":"post-13857","1":"product","2":"type-product","3":"status-publish","4":"has-post-thumbnail","6":"product_brand-flexform","7":"product_cat-accessoires-dexterieur","8":"desktop-align-left","9":"tablet-align-left","10":"mobile-align-left","12":"first","13":"instock","14":"product-type-simple"},"acf":[],"uagb_featured_image_src":{"full":["https:\/\/gervi.be\/wp-content\/uploads\/2023\/08\/Cesta.webp",1920,1920,false],"thumbnail":["https:\/\/gervi.be\/wp-content\/uploads\/2023\/08\/Cesta-150x150.webp",150,150,true],"medium":["https:\/\/gervi.be\/wp-content\/uploads\/2023\/08\/Cesta-300x300.webp",300,300,true],"medium_large":["https:\/\/gervi.be\/wp-content\/uploads\/2023\/08\/Cesta-768x768.webp",768,768,true],"large":["https:\/\/gervi.be\/wp-content\/uploads\/2023\/08\/Cesta-1024x1024.webp",1024,1024,true],"1536x1536":["https:\/\/gervi.be\/wp-content\/uploads\/2023\/08\/Cesta-1536x1536.webp",1536,1536,true],"2048x2048":["https:\/\/gervi.be\/wp-content\/uploads\/2023\/08\/Cesta.webp",1920,1920,false],"woocommerce_thumbnail":["https:\/\/gervi.be\/wp-content\/uploads\/2023\/08\/Cesta-1920x1500.webp",1920,1500,true],"woocommerce_single":["https:\/\/gervi.be\/wp-content\/uploads\/2023\/08\/Cesta.webp",1920,1920,false],"woocommerce_gallery_thumbnail":["https:\/\/gervi.be\/wp-content\/uploads\/2023\/08\/Cesta-100x100.webp",100,100,true],"dgwt-wcas-product-suggestion":["https:\/\/gervi.be\/wp-content\/uploads\/2023\/08\/Cesta.webp",64,64,false]},"uagb_author_info":{"display_name":"Marjolein Nijs","author_link":"https:\/\/gervi.be\/fr\/author\/"},"uagb_comment_info":0,"uagb_excerpt":"Cesta Outdoor est un accessoire polyvalent. Con\u00e7u pour compl\u00e9ter id\u00e9alement les canap\u00e9s et les fauteuils, Cesta Outdoor peut \u00eatre utilis\u00e9 comme porte-revues ou comme bac de rangement dans des endroits tels que les terrasses et les patios. Les ouvertures fonctionnelles dans la partie sup\u00e9rieure de Cesta Outdoor facilitent son d\u00e9placement. Le caoutchouc polyur\u00e9thane tiss\u00e9 est\u2026","_links":{"self":[{"href":"https:\/\/gervi.be\/fr\/wp-json\/wp\/v2\/product\/13857","targetHints":{"allow":["GET"]}}],"collection":[{"href":"https:\/\/gervi.be\/fr\/wp-json\/wp\/v2\/product"}],"about":[{"href":"https:\/\/gervi.be\/fr\/wp-json\/wp\/v2\/types\/product"}],"wp:featuredmedia":[{"embeddable":true,"href":"https:\/\/gervi.be\/fr\/wp-json\/wp\/v2\/media\/35443"}],"wp:attachment":[{"href":"https:\/\/gervi.be\/fr\/wp-json\/wp\/v2\/media?parent=13857"}],"wp:term":[{"taxonomy":"product_brand","embeddable":true,"href":"https:\/\/gervi.be\/fr\/wp-json\/wp\/v2\/product_brand?post=13857"},{"taxonomy":"product_cat","embeddable":true,"href":"https:\/\/gervi.be\/fr\/wp-json\/wp\/v2\/product_cat?post=13857"},{"taxonomy":"product_tag","embeddable":true,"href":"https:\/\/gervi.be\/fr\/wp-json\/wp\/v2\/product_tag?post=13857"}],"curies":[{"name":"wp","href":"https:\/\/api.w.org\/{rel}","templated":true}]}}