{"id":13852,"date":"2023-08-31T10:55:22","date_gmt":"2023-08-31T08:55:22","guid":{"rendered":"https:\/\/gervi.be\/shop\/emporter\/"},"modified":"2025-05-16T10:01:20","modified_gmt":"2025-05-16T08:01:20","slug":"emporter","status":"publish","type":"product","link":"https:\/\/gervi.be\/fr\/produit\/emporter\/","title":{"rendered":"EMPORTER"},"content":{"rendered":"<p>Alain Gilles, designer belge de l&#8217;ann\u00e9e 2012, nous ravit avec la s\u00e9rie Carry Away, des cr\u00e9ations pratiques parfaites pour les ind\u00e9pendants travaillant \u00e0 domicile ou dans des espaces de coworking.<\/p>\n<p>Le set Carry Away, compos\u00e9 d&#8217;une corbeille, d&#8217;un presse-papier et d&#8217;un plateau, rend la vie d&#8217;un employ\u00e9, d&#8217;un travailleur flexible ou d&#8217;un ouvrier facile et ordonn\u00e9e. Tous les articles sont disponibles individuellement ou en set.<\/p>\n<p>Le panier de transport permet de ranger vos objets personnels. Disponible en m\u00e9tal noir, bleu, vert et rouge avec des poign\u00e9es noires ou en laiton.<\/p>\n<p>Le presse-papier Carry Away emp\u00eache vos documents de s&#8217;envoler. Choisissez votre combinaison pr\u00e9f\u00e9r\u00e9e de couleurs et de mat\u00e9riaux pour la poign\u00e9e et le poids. Le laiton, l&#8217;acier inoxydable et le m\u00e9tal peint par poudrage en noir ou en couleur sont les options disponibles.<\/p>\n<p>Le plateau permet de conserver tous les dessins ensemble et de les mettre rapidement de c\u00f4t\u00e9. Un autre bureau ou apportez vos affaires dans la salle de r\u00e9union ? Placez simplement vos accessoires de bureau sur le plateau et devenez votre propre ma\u00eetre d&#8217;h\u00f4tel. Le plateau est disponible en noir, rouge, vert et bleu.<\/p>\n","protected":false},"excerpt":{"rendered":"<p>Alain Gilles, designer belge de l&#8217;ann\u00e9e 2012, nous ravit avec la s\u00e9rie Carry Away, des cr\u00e9ations pratiques parfaites pour les ind\u00e9pendants travaillant \u00e0 domicile ou dans des espaces de coworking. Le set Carry Away, compos\u00e9 d&#8217;une corbeille, d&#8217;un presse-papier et d&#8217;un plateau, rend la vie d&#8217;un employ\u00e9, d&#8217;un travailleur flexible ou d&#8217;un ouvrier facile et [&hellip;]<\/p>\n","protected":false},"featured_media":30167,"template":"","meta":{"_acf_changed":false,"_uag_custom_page_level_css":"","site-sidebar-layout":"default","site-content-layout":"","ast-site-content-layout":"default","site-content-style":"default","site-sidebar-style":"default","ast-global-header-display":"","ast-banner-title-visibility":"","ast-main-header-display":"","ast-hfb-above-header-display":"","ast-hfb-below-header-display":"","ast-hfb-mobile-header-display":"","site-post-title":"","ast-breadcrumbs-content":"","ast-featured-img":"","footer-sml-layout":"","ast-disable-related-posts":"","theme-transparent-header-meta":"default","adv-header-id-meta":"","stick-header-meta":"","header-above-stick-meta":"","header-main-stick-meta":"","header-below-stick-meta":"","astra-migrate-meta-layouts":"default","ast-page-background-enabled":"default","ast-page-background-meta":{"desktop":{"background-color":"","background-image":"","background-repeat":"repeat","background-position":"center center","background-size":"auto","background-attachment":"scroll","background-type":"","background-media":"","overlay-type":"","overlay-color":"","overlay-opacity":"","overlay-gradient":""},"tablet":{"background-color":"","background-image":"","background-repeat":"repeat","background-position":"center center","background-size":"auto","background-attachment":"scroll","background-type":"","background-media":"","overlay-type":"","overlay-color":"","overlay-opacity":"","overlay-gradient":""},"mobile":{"background-color":"","background-image":"","background-repeat":"repeat","background-position":"center center","background-size":"auto","background-attachment":"scroll","background-type":"","background-media":"","overlay-type":"","overlay-color":"","overlay-opacity":"","overlay-gradient":""}},"ast-content-background-meta":{"desktop":{"background-color":"var(--ast-global-color-5)","background-image":"","background-repeat":"repeat","background-position":"center center","background-size":"auto","background-attachment":"scroll","background-type":"","background-media":"","overlay-type":"","overlay-color":"","overlay-opacity":"","overlay-gradient":""},"tablet":{"background-color":"var(--ast-global-color-5)","background-image":"","background-repeat":"repeat","background-position":"center center","background-size":"auto","background-attachment":"scroll","background-type":"","background-media":"","overlay-type":"","overlay-color":"","overlay-opacity":"","overlay-gradient":""},"mobile":{"background-color":"var(--ast-global-color-5)","background-image":"","background-repeat":"repeat","background-position":"center center","background-size":"auto","background-attachment":"scroll","background-type":"","background-media":"","overlay-type":"","overlay-color":"","overlay-opacity":"","overlay-gradient":""}}},"product_brand":[],"product_cat":[6291],"product_tag":[],"class_list":{"0":"post-13852","1":"product","2":"type-product","3":"status-publish","4":"has-post-thumbnail","6":"product_cat-accessoires-dexterieur","7":"desktop-align-left","8":"tablet-align-left","9":"mobile-align-left","11":"first","12":"instock","13":"product-type-simple"},"acf":[],"uagb_featured_image_src":{"full":["https:\/\/gervi.be\/wp-content\/uploads\/2023\/08\/nr3xlboom-carryaway-accessoires-1.jpg",750,750,false],"thumbnail":["https:\/\/gervi.be\/wp-content\/uploads\/2023\/08\/nr3xlboom-carryaway-accessoires-1-150x150.jpg",150,150,true],"medium":["https:\/\/gervi.be\/wp-content\/uploads\/2023\/08\/nr3xlboom-carryaway-accessoires-1-300x300.jpg",300,300,true],"medium_large":["https:\/\/gervi.be\/wp-content\/uploads\/2023\/08\/nr3xlboom-carryaway-accessoires-1.jpg",750,750,false],"large":["https:\/\/gervi.be\/wp-content\/uploads\/2023\/08\/nr3xlboom-carryaway-accessoires-1.jpg",750,750,false],"1536x1536":["https:\/\/gervi.be\/wp-content\/uploads\/2023\/08\/nr3xlboom-carryaway-accessoires-1.jpg",750,750,false],"2048x2048":["https:\/\/gervi.be\/wp-content\/uploads\/2023\/08\/nr3xlboom-carryaway-accessoires-1.jpg",750,750,false],"woocommerce_thumbnail":["https:\/\/gervi.be\/wp-content\/uploads\/2023\/08\/nr3xlboom-carryaway-accessoires-1.jpg",750,750,false],"woocommerce_single":["https:\/\/gervi.be\/wp-content\/uploads\/2023\/08\/nr3xlboom-carryaway-accessoires-1.jpg",750,750,false],"woocommerce_gallery_thumbnail":["https:\/\/gervi.be\/wp-content\/uploads\/2023\/08\/nr3xlboom-carryaway-accessoires-1-100x100.jpg",100,100,true],"dgwt-wcas-product-suggestion":["https:\/\/gervi.be\/wp-content\/uploads\/2023\/08\/nr3xlboom-carryaway-accessoires-1.jpg",64,64,false]},"uagb_author_info":{"display_name":"Marjolein Nijs","author_link":"https:\/\/gervi.be\/fr\/author\/"},"uagb_comment_info":0,"uagb_excerpt":"Alain Gilles, designer belge de l&#8217;ann\u00e9e 2012, nous ravit avec la s\u00e9rie Carry Away, des cr\u00e9ations pratiques parfaites pour les ind\u00e9pendants travaillant \u00e0 domicile ou dans des espaces de coworking. Le set Carry Away, compos\u00e9 d&#8217;une corbeille, d&#8217;un presse-papier et d&#8217;un plateau, rend la vie d&#8217;un employ\u00e9, d&#8217;un travailleur flexible ou d&#8217;un ouvrier facile et\u2026","_links":{"self":[{"href":"https:\/\/gervi.be\/fr\/wp-json\/wp\/v2\/product\/13852","targetHints":{"allow":["GET"]}}],"collection":[{"href":"https:\/\/gervi.be\/fr\/wp-json\/wp\/v2\/product"}],"about":[{"href":"https:\/\/gervi.be\/fr\/wp-json\/wp\/v2\/types\/product"}],"wp:featuredmedia":[{"embeddable":true,"href":"https:\/\/gervi.be\/fr\/wp-json\/wp\/v2\/media\/30167"}],"wp:attachment":[{"href":"https:\/\/gervi.be\/fr\/wp-json\/wp\/v2\/media?parent=13852"}],"wp:term":[{"taxonomy":"product_brand","embeddable":true,"href":"https:\/\/gervi.be\/fr\/wp-json\/wp\/v2\/product_brand?post=13852"},{"taxonomy":"product_cat","embeddable":true,"href":"https:\/\/gervi.be\/fr\/wp-json\/wp\/v2\/product_cat?post=13852"},{"taxonomy":"product_tag","embeddable":true,"href":"https:\/\/gervi.be\/fr\/wp-json\/wp\/v2\/product_tag?post=13852"}],"curies":[{"name":"wp","href":"https:\/\/api.w.org\/{rel}","templated":true}]}}