{"id":13811,"date":"2023-08-31T10:55:05","date_gmt":"2023-08-31T08:55:05","guid":{"rendered":"https:\/\/gervi.be\/shop\/le-jardin-secret\/"},"modified":"2025-07-24T16:46:31","modified_gmt":"2025-07-24T14:46:31","slug":"le-jardin-secret","status":"publish","type":"product","link":"https:\/\/gervi.be\/fr\/produit\/le-jardin-secret\/","title":{"rendered":"LE JARDIN SECRET"},"content":{"rendered":"<p>Secret Garden est une collection de meubles d&#8217;ext\u00e9rieur au style \u00e9l\u00e9gant et sophistiqu\u00e9, caract\u00e9ris\u00e9e par le traitement minutieux du teck massif dans une finition naturelle aux lignes organiques. Il allie la saveur scandinave au design Made in Italy.<\/p>\n<p>Le jardin secret r\u00e9pond aux besoins contemporains et \u00e0 une utilisation de plus en plus libre du mobilier d&#8217;ext\u00e9rieur. Il est con\u00e7u pour trois fonctions : meubler l&#8217;espace d\u00e9tente, avec des chaises longues confortables et de petites tables, cr\u00e9er un espace repas confortable, gr\u00e2ce \u00e0 la grande table et aux fauteuils, et un espace repas lounge plus informel, o\u00f9 l&#8217;on peut s&#8217;asseoir sur le canap\u00e9 deux places ou sur les fauteuils confortables, avec la grande table basse \u00e0 port\u00e9e de main. Les contours incurv\u00e9s du bois, le tissu doux au toucher des coussins et les tons d\u00e9licats de la poterie \u00e9maill\u00e9e finie \u00e0 la main sur les plateaux de table sont autant d&#8217;\u00e9l\u00e9ments qui t\u00e9moignent d&#8217;un excellent savoir-faire, d&#8217;un niveau de qualit\u00e9 et d&#8217;une expertise de fabrication rarement atteints dans le domaine du mobilier d&#8217;ext\u00e9rieur.<\/p>\n","protected":false},"excerpt":{"rendered":"<ul>\n<li>Con\u00e7u par Roberto Lazzeroni<\/li>\n<\/ul>\n","protected":false},"featured_media":31573,"template":"","meta":{"_acf_changed":false,"_uag_custom_page_level_css":"","site-sidebar-layout":"default","site-content-layout":"","ast-site-content-layout":"default","site-content-style":"default","site-sidebar-style":"default","ast-global-header-display":"","ast-banner-title-visibility":"","ast-main-header-display":"","ast-hfb-above-header-display":"","ast-hfb-below-header-display":"","ast-hfb-mobile-header-display":"","site-post-title":"","ast-breadcrumbs-content":"","ast-featured-img":"","footer-sml-layout":"","ast-disable-related-posts":"","theme-transparent-header-meta":"default","adv-header-id-meta":"","stick-header-meta":"","header-above-stick-meta":"","header-main-stick-meta":"","header-below-stick-meta":"","astra-migrate-meta-layouts":"default","ast-page-background-enabled":"default","ast-page-background-meta":{"desktop":{"background-color":"","background-image":"","background-repeat":"repeat","background-position":"center center","background-size":"auto","background-attachment":"scroll","background-type":"","background-media":"","overlay-type":"","overlay-color":"","overlay-opacity":"","overlay-gradient":""},"tablet":{"background-color":"","background-image":"","background-repeat":"repeat","background-position":"center center","background-size":"auto","background-attachment":"scroll","background-type":"","background-media":"","overlay-type":"","overlay-color":"","overlay-opacity":"","overlay-gradient":""},"mobile":{"background-color":"","background-image":"","background-repeat":"repeat","background-position":"center center","background-size":"auto","background-attachment":"scroll","background-type":"","background-media":"","overlay-type":"","overlay-color":"","overlay-opacity":"","overlay-gradient":""}},"ast-content-background-meta":{"desktop":{"background-color":"var(--ast-global-color-5)","background-image":"","background-repeat":"repeat","background-position":"center center","background-size":"auto","background-attachment":"scroll","background-type":"","background-media":"","overlay-type":"","overlay-color":"","overlay-opacity":"","overlay-gradient":""},"tablet":{"background-color":"var(--ast-global-color-5)","background-image":"","background-repeat":"repeat","background-position":"center center","background-size":"auto","background-attachment":"scroll","background-type":"","background-media":"","overlay-type":"","overlay-color":"","overlay-opacity":"","overlay-gradient":""},"mobile":{"background-color":"var(--ast-global-color-5)","background-image":"","background-repeat":"repeat","background-position":"center center","background-size":"auto","background-attachment":"scroll","background-type":"","background-media":"","overlay-type":"","overlay-color":"","overlay-opacity":"","overlay-gradient":""}}},"product_brand":[6306],"product_cat":[905,878],"product_tag":[],"class_list":{"0":"post-13811","1":"product","2":"type-product","3":"status-publish","4":"has-post-thumbnail","6":"product_brand-poltrona-frau","7":"product_cat-ensemble-de-salon","8":"product_cat-meubles-de-jardin","9":"desktop-align-left","10":"tablet-align-left","11":"mobile-align-left","13":"first","14":"instock","15":"product-type-simple"},"acf":[],"uagb_featured_image_src":{"full":["https:\/\/gervi.be\/wp-content\/uploads\/2023\/08\/The-Secret-Garden-750x750-1.png",750,750,false],"thumbnail":["https:\/\/gervi.be\/wp-content\/uploads\/2023\/08\/The-Secret-Garden-750x750-1-150x150.png",150,150,true],"medium":["https:\/\/gervi.be\/wp-content\/uploads\/2023\/08\/The-Secret-Garden-750x750-1-300x300.png",300,300,true],"medium_large":["https:\/\/gervi.be\/wp-content\/uploads\/2023\/08\/The-Secret-Garden-750x750-1.png",750,750,false],"large":["https:\/\/gervi.be\/wp-content\/uploads\/2023\/08\/The-Secret-Garden-750x750-1.png",750,750,false],"1536x1536":["https:\/\/gervi.be\/wp-content\/uploads\/2023\/08\/The-Secret-Garden-750x750-1.png",750,750,false],"2048x2048":["https:\/\/gervi.be\/wp-content\/uploads\/2023\/08\/The-Secret-Garden-750x750-1.png",750,750,false],"woocommerce_thumbnail":["https:\/\/gervi.be\/wp-content\/uploads\/2023\/08\/The-Secret-Garden-750x750-1.png",750,750,false],"woocommerce_single":["https:\/\/gervi.be\/wp-content\/uploads\/2023\/08\/The-Secret-Garden-750x750-1.png",750,750,false],"woocommerce_gallery_thumbnail":["https:\/\/gervi.be\/wp-content\/uploads\/2023\/08\/The-Secret-Garden-750x750-1-100x100.png",100,100,true],"dgwt-wcas-product-suggestion":["https:\/\/gervi.be\/wp-content\/uploads\/2023\/08\/The-Secret-Garden-750x750-1.png",64,64,false]},"uagb_author_info":{"display_name":"Marjolein Nijs","author_link":"https:\/\/gervi.be\/fr\/author\/"},"uagb_comment_info":0,"uagb_excerpt":"Con\u00e7u par Roberto Lazzeroni","_links":{"self":[{"href":"https:\/\/gervi.be\/fr\/wp-json\/wp\/v2\/product\/13811","targetHints":{"allow":["GET"]}}],"collection":[{"href":"https:\/\/gervi.be\/fr\/wp-json\/wp\/v2\/product"}],"about":[{"href":"https:\/\/gervi.be\/fr\/wp-json\/wp\/v2\/types\/product"}],"wp:featuredmedia":[{"embeddable":true,"href":"https:\/\/gervi.be\/fr\/wp-json\/wp\/v2\/media\/31573"}],"wp:attachment":[{"href":"https:\/\/gervi.be\/fr\/wp-json\/wp\/v2\/media?parent=13811"}],"wp:term":[{"taxonomy":"product_brand","embeddable":true,"href":"https:\/\/gervi.be\/fr\/wp-json\/wp\/v2\/product_brand?post=13811"},{"taxonomy":"product_cat","embeddable":true,"href":"https:\/\/gervi.be\/fr\/wp-json\/wp\/v2\/product_cat?post=13811"},{"taxonomy":"product_tag","embeddable":true,"href":"https:\/\/gervi.be\/fr\/wp-json\/wp\/v2\/product_tag?post=13811"}],"curies":[{"name":"wp","href":"https:\/\/api.w.org\/{rel}","templated":true}]}}