{"id":13782,"date":"2023-08-31T10:55:05","date_gmt":"2023-08-31T08:55:05","guid":{"rendered":"https:\/\/gervi.be\/shop\/chaise-roy-lazy\/"},"modified":"2025-05-16T13:27:36","modified_gmt":"2025-05-16T11:27:36","slug":"roy-lazy-chair","status":"publish","type":"product","link":"https:\/\/gervi.be\/fr\/produit\/roy-lazy-chair\/","title":{"rendered":"CHAISE ROY LAZY"},"content":{"rendered":"<p>La chaise longue Roy en rotin d&#8217;ext\u00e9rieur est disponible en deux couleurs : Camel et Black.<\/p>\n","protected":false},"excerpt":{"rendered":"<ul>\n<li>Mat\u00e9riau : poly\u00e9thyl\u00e8ne tress\u00e9 | si\u00e8ge : cadre en aluminium | base : acier galvanis\u00e9 et peint par poudrage en noir<\/li>\n<li>Coussin : d\u00e9houssable. Rembourrage : 2 cm de mousse de poly\u00e9ther<\/li>\n<li>Pieds de glissement : pieds de glissement r\u00e9glables en nylon<\/li>\n<li>Dimensions : 82 (l) x 75 (h) x 80 (h) cm<\/li>\n<\/ul>\n","protected":false},"featured_media":30350,"template":"","meta":{"_acf_changed":false,"_uag_custom_page_level_css":"","site-sidebar-layout":"default","site-content-layout":"","ast-site-content-layout":"default","site-content-style":"default","site-sidebar-style":"default","ast-global-header-display":"","ast-banner-title-visibility":"","ast-main-header-display":"","ast-hfb-above-header-display":"","ast-hfb-below-header-display":"","ast-hfb-mobile-header-display":"","site-post-title":"","ast-breadcrumbs-content":"","ast-featured-img":"","footer-sml-layout":"","ast-disable-related-posts":"","theme-transparent-header-meta":"default","adv-header-id-meta":"","stick-header-meta":"","header-above-stick-meta":"","header-main-stick-meta":"","header-below-stick-meta":"","astra-migrate-meta-layouts":"default","ast-page-background-enabled":"default","ast-page-background-meta":{"desktop":{"background-color":"","background-image":"","background-repeat":"repeat","background-position":"center center","background-size":"auto","background-attachment":"scroll","background-type":"","background-media":"","overlay-type":"","overlay-color":"","overlay-opacity":"","overlay-gradient":""},"tablet":{"background-color":"","background-image":"","background-repeat":"repeat","background-position":"center center","background-size":"auto","background-attachment":"scroll","background-type":"","background-media":"","overlay-type":"","overlay-color":"","overlay-opacity":"","overlay-gradient":""},"mobile":{"background-color":"","background-image":"","background-repeat":"repeat","background-position":"center center","background-size":"auto","background-attachment":"scroll","background-type":"","background-media":"","overlay-type":"","overlay-color":"","overlay-opacity":"","overlay-gradient":""}},"ast-content-background-meta":{"desktop":{"background-color":"var(--ast-global-color-5)","background-image":"","background-repeat":"repeat","background-position":"center center","background-size":"auto","background-attachment":"scroll","background-type":"","background-media":"","overlay-type":"","overlay-color":"","overlay-opacity":"","overlay-gradient":""},"tablet":{"background-color":"var(--ast-global-color-5)","background-image":"","background-repeat":"repeat","background-position":"center center","background-size":"auto","background-attachment":"scroll","background-type":"","background-media":"","overlay-type":"","overlay-color":"","overlay-opacity":"","overlay-gradient":""},"mobile":{"background-color":"var(--ast-global-color-5)","background-image":"","background-repeat":"repeat","background-position":"center center","background-size":"auto","background-attachment":"scroll","background-type":"","background-media":"","overlay-type":"","overlay-color":"","overlay-opacity":"","overlay-gradient":""}}},"product_brand":[],"product_cat":[899,878],"product_tag":[],"class_list":{"0":"post-13782","1":"product","2":"type-product","3":"status-publish","4":"has-post-thumbnail","6":"product_cat-chaise-de-jardin","7":"product_cat-meubles-de-jardin","8":"desktop-align-left","9":"tablet-align-left","10":"mobile-align-left","12":"first","13":"instock","14":"product-type-simple"},"acf":[],"uagb_featured_image_src":{"full":["https:\/\/gervi.be\/wp-content\/uploads\/2023\/08\/nr3vincentsheppardRoylazy1-1.jpg",750,750,false],"thumbnail":["https:\/\/gervi.be\/wp-content\/uploads\/2023\/08\/nr3vincentsheppardRoylazy1-1-150x150.jpg",150,150,true],"medium":["https:\/\/gervi.be\/wp-content\/uploads\/2023\/08\/nr3vincentsheppardRoylazy1-1-300x300.jpg",300,300,true],"medium_large":["https:\/\/gervi.be\/wp-content\/uploads\/2023\/08\/nr3vincentsheppardRoylazy1-1.jpg",750,750,false],"large":["https:\/\/gervi.be\/wp-content\/uploads\/2023\/08\/nr3vincentsheppardRoylazy1-1.jpg",750,750,false],"1536x1536":["https:\/\/gervi.be\/wp-content\/uploads\/2023\/08\/nr3vincentsheppardRoylazy1-1.jpg",750,750,false],"2048x2048":["https:\/\/gervi.be\/wp-content\/uploads\/2023\/08\/nr3vincentsheppardRoylazy1-1.jpg",750,750,false],"woocommerce_thumbnail":["https:\/\/gervi.be\/wp-content\/uploads\/2023\/08\/nr3vincentsheppardRoylazy1-1.jpg",750,750,false],"woocommerce_single":["https:\/\/gervi.be\/wp-content\/uploads\/2023\/08\/nr3vincentsheppardRoylazy1-1.jpg",750,750,false],"woocommerce_gallery_thumbnail":["https:\/\/gervi.be\/wp-content\/uploads\/2023\/08\/nr3vincentsheppardRoylazy1-1-100x100.jpg",100,100,true],"dgwt-wcas-product-suggestion":["https:\/\/gervi.be\/wp-content\/uploads\/2023\/08\/nr3vincentsheppardRoylazy1-1.jpg",64,64,false]},"uagb_author_info":{"display_name":"Marjolein Nijs","author_link":"https:\/\/gervi.be\/fr\/author\/"},"uagb_comment_info":0,"uagb_excerpt":"Mat\u00e9riau : poly\u00e9thyl\u00e8ne tress\u00e9 | si\u00e8ge : cadre en aluminium | base : acier galvanis\u00e9 et peint par poudrage en noir Coussin : d\u00e9houssable. Rembourrage : 2 cm de mousse de poly\u00e9ther Pieds de glissement : pieds de glissement r\u00e9glables en nylon Dimensions : 82 (l) x 75 (h) x 80 (h) cm","_links":{"self":[{"href":"https:\/\/gervi.be\/fr\/wp-json\/wp\/v2\/product\/13782","targetHints":{"allow":["GET"]}}],"collection":[{"href":"https:\/\/gervi.be\/fr\/wp-json\/wp\/v2\/product"}],"about":[{"href":"https:\/\/gervi.be\/fr\/wp-json\/wp\/v2\/types\/product"}],"wp:featuredmedia":[{"embeddable":true,"href":"https:\/\/gervi.be\/fr\/wp-json\/wp\/v2\/media\/30350"}],"wp:attachment":[{"href":"https:\/\/gervi.be\/fr\/wp-json\/wp\/v2\/media?parent=13782"}],"wp:term":[{"taxonomy":"product_brand","embeddable":true,"href":"https:\/\/gervi.be\/fr\/wp-json\/wp\/v2\/product_brand?post=13782"},{"taxonomy":"product_cat","embeddable":true,"href":"https:\/\/gervi.be\/fr\/wp-json\/wp\/v2\/product_cat?post=13782"},{"taxonomy":"product_tag","embeddable":true,"href":"https:\/\/gervi.be\/fr\/wp-json\/wp\/v2\/product_tag?post=13782"}],"curies":[{"name":"wp","href":"https:\/\/api.w.org\/{rel}","templated":true}]}}