{"id":13718,"date":"2023-08-29T13:50:54","date_gmt":"2023-08-29T13:50:54","guid":{"rendered":"https:\/\/gervi.be\/shop\/triosol-glass-145\/"},"modified":"2023-12-11T13:45:39","modified_gmt":"2023-12-11T13:45:39","slug":"triosol-verre-145","status":"publish","type":"product","link":"https:\/\/gervi.be\/fr\/produit\/triosol-verre-145\/","title":{"rendered":"TrioSol Glass 145"},"content":{"rendered":"<p>Verre 145 Bois de tremble<br \/>\nLa fa\u00e7ade en verre et le bois de tremble clair contrastent avec les radiateurs de surface gris anthracite et font de cet habitacle un joyau optique. Les deux radiateurs VITALlight-ABC du VITALcorner et l&#8217;effet b\u00e9n\u00e9fique de l&#8217;air riche en sel garantissent un bien-\u00eatre optimal.  <\/p>\n<p>Essences de bois : tremble, moulures en tremble, fen\u00eatres en tremble massif pour les fa\u00e7ades en verre<br \/>\n\u00c9l\u00e9ments chauffants : 3 \u00e9l\u00e9ments chauffants de surface gris, 2 \u00e9l\u00e9ments chauffants VITALlight-ABC dans le VITALcorner<br \/>\nPuissance : 910 watts \/ 2 x 350 watts<br \/>\n\u00c9vaporateur Infrastream : \u00e9vaporateur puissant, 750 watts, capacit\u00e9 du r\u00e9servoir d&#8217;eau d&#8217;environ 2 litres.<br \/>\nSole therme pur : couvercle d&#8217;\u00e9vaporateur de sel pour \u00e9vaporateur Infrastream avec 2 kg de pierres de sel<br \/>\nPorte et fa\u00e7ade en verre : verre de s\u00e9curit\u00e9 de 8 mm, transparent, la porte peut \u00eatre plac\u00e9e \u00e0 droite ou \u00e0 gauche.<br \/>\nBanc : aulne massif<br \/>\nDimensions : 145 x 112 x 201,5 cm<\/p>\n<p>Verre 145 Pin en pierre<br \/>\nCette cabine infrarouge r\u00e9unit tout ce qui fait du bien : du bois de pin de montagne non trait\u00e9 provenant des Alpes autrichiennes, 2 chauffages radiants VITALlight-ABC combin\u00e9s \u00e0 des chauffages radiants planaires et l&#8217;unique \u00e9vaporateur de sel therme pour un climat marin parfait. Vous ne trouverez pas de meilleurs soins de sant\u00e9 pr\u00e9ventifs !<\/p>\n<p>Type de bois : Pin de montagne autrichien, toutes les moulures en tremble, moulure avant en verre en bois massif en tremble<br \/>\n\u00c9l\u00e9ments chauffants : 4 \u00e9metteurs de surface, 2 \u00e9metteurs VITALlight-ABC<br \/>\nPuissance : 1260 watts \/ 2 x 350 watts<br \/>\n\u00c9vaporateur Infrasteam : \u00e9vaporateur puissant, 750 W, capacit\u00e9 du r\u00e9servoir d&#8217;eau d&#8217;environ 2 litres<br \/>\nSole-Therme-Pur : couvercle d&#8217;\u00e9vaporateur de sel pour \u00e9vaporateur Infrasteam avec 2 kg de pierres de sel<br \/>\nPorte et fa\u00e7ade en verre : verre de s\u00e9curit\u00e9 de 8 mm, transparent, la porte peut \u00eatre plac\u00e9e \u00e0 droite ou \u00e0 gauche.<br \/>\nBanc : aulne massif<br \/>\nDimensions : 145 x 112 x 201,5 cm<\/p>\n","protected":false},"excerpt":{"rendered":"<p>Verre 145 Bois de tremble La fa\u00e7ade en verre et le bois de tremble clair contrastent avec les radiateurs de surface gris anthracite et font de cet habitacle un joyau optique. Les deux radiateurs VITALlight-ABC du VITALcorner et l&#8217;effet b\u00e9n\u00e9fique de l&#8217;air riche en sel garantissent un bien-\u00eatre optimal. Essences de bois : tremble, moulures [&hellip;]<\/p>\n","protected":false},"featured_media":13719,"template":"","meta":{"_acf_changed":false,"_uag_custom_page_level_css":"","site-sidebar-layout":"default","site-content-layout":"","ast-site-content-layout":"default","site-content-style":"default","site-sidebar-style":"default","ast-global-header-display":"","ast-banner-title-visibility":"","ast-main-header-display":"","ast-hfb-above-header-display":"","ast-hfb-below-header-display":"","ast-hfb-mobile-header-display":"","site-post-title":"","ast-breadcrumbs-content":"","ast-featured-img":"","footer-sml-layout":"","ast-disable-related-posts":"","theme-transparent-header-meta":"","adv-header-id-meta":"","stick-header-meta":"","header-above-stick-meta":"","header-main-stick-meta":"","header-below-stick-meta":"","astra-migrate-meta-layouts":"default","ast-page-background-enabled":"default","ast-page-background-meta":{"desktop":{"background-color":"","background-image":"","background-repeat":"repeat","background-position":"center center","background-size":"auto","background-attachment":"scroll","background-type":"","background-media":"","overlay-type":"","overlay-color":"","overlay-opacity":"","overlay-gradient":""},"tablet":{"background-color":"","background-image":"","background-repeat":"repeat","background-position":"center center","background-size":"auto","background-attachment":"scroll","background-type":"","background-media":"","overlay-type":"","overlay-color":"","overlay-opacity":"","overlay-gradient":""},"mobile":{"background-color":"","background-image":"","background-repeat":"repeat","background-position":"center center","background-size":"auto","background-attachment":"scroll","background-type":"","background-media":"","overlay-type":"","overlay-color":"","overlay-opacity":"","overlay-gradient":""}},"ast-content-background-meta":{"desktop":{"background-color":"var(--ast-global-color-5)","background-image":"","background-repeat":"repeat","background-position":"center center","background-size":"auto","background-attachment":"scroll","background-type":"","background-media":"","overlay-type":"","overlay-color":"","overlay-opacity":"","overlay-gradient":""},"tablet":{"background-color":"var(--ast-global-color-5)","background-image":"","background-repeat":"repeat","background-position":"center center","background-size":"auto","background-attachment":"scroll","background-type":"","background-media":"","overlay-type":"","overlay-color":"","overlay-opacity":"","overlay-gradient":""},"mobile":{"background-color":"var(--ast-global-color-5)","background-image":"","background-repeat":"repeat","background-position":"center center","background-size":"auto","background-attachment":"scroll","background-type":"","background-media":"","overlay-type":"","overlay-color":"","overlay-opacity":"","overlay-gradient":""}}},"product_brand":[],"product_cat":[791,792,793],"product_tag":[],"class_list":{"0":"post-13718","1":"product","2":"type-product","3":"status-publish","4":"has-post-thumbnail","6":"product_cat-cabine-infrarouge","7":"product_cat-modeles","8":"product_cat-triosol","9":"desktop-align-left","10":"tablet-align-left","11":"mobile-align-left","13":"first","14":"instock","15":"featured","16":"product-type-simple"},"acf":[],"uagb_featured_image_src":{"full":["https:\/\/gervi.be\/wp-content\/uploads\/2023\/08\/nr3Triosolglas145espe.jpg",597,448,false],"thumbnail":["https:\/\/gervi.be\/wp-content\/uploads\/2023\/08\/nr3Triosolglas145espe-150x150.jpg",150,150,true],"medium":["https:\/\/gervi.be\/wp-content\/uploads\/2023\/08\/nr3Triosolglas145espe-300x225.jpg",300,225,true],"medium_large":["https:\/\/gervi.be\/wp-content\/uploads\/2023\/08\/nr3Triosolglas145espe.jpg",597,448,false],"large":["https:\/\/gervi.be\/wp-content\/uploads\/2023\/08\/nr3Triosolglas145espe.jpg",597,448,false],"1536x1536":["https:\/\/gervi.be\/wp-content\/uploads\/2023\/08\/nr3Triosolglas145espe.jpg",597,448,false],"2048x2048":["https:\/\/gervi.be\/wp-content\/uploads\/2023\/08\/nr3Triosolglas145espe.jpg",597,448,false],"woocommerce_thumbnail":["https:\/\/gervi.be\/wp-content\/uploads\/2023\/08\/nr3Triosolglas145espe-300x300.jpg",300,300,true],"woocommerce_single":["https:\/\/gervi.be\/wp-content\/uploads\/2023\/08\/nr3Triosolglas145espe.jpg",597,448,false],"woocommerce_gallery_thumbnail":["https:\/\/gervi.be\/wp-content\/uploads\/2023\/08\/nr3Triosolglas145espe-100x100.jpg",100,100,true],"dgwt-wcas-product-suggestion":["https:\/\/gervi.be\/wp-content\/uploads\/2023\/08\/nr3Triosolglas145espe.jpg",64,48,false]},"uagb_author_info":{"display_name":"Marjolein Nijs","author_link":"https:\/\/gervi.be\/fr\/author\/"},"uagb_comment_info":0,"uagb_excerpt":"Verre 145 Bois de tremble La fa\u00e7ade en verre et le bois de tremble clair contrastent avec les radiateurs de surface gris anthracite et font de cet habitacle un joyau optique. Les deux radiateurs VITALlight-ABC du VITALcorner et l&#8217;effet b\u00e9n\u00e9fique de l&#8217;air riche en sel garantissent un bien-\u00eatre optimal. Essences de bois : tremble, moulures\u2026","_links":{"self":[{"href":"https:\/\/gervi.be\/fr\/wp-json\/wp\/v2\/product\/13718","targetHints":{"allow":["GET"]}}],"collection":[{"href":"https:\/\/gervi.be\/fr\/wp-json\/wp\/v2\/product"}],"about":[{"href":"https:\/\/gervi.be\/fr\/wp-json\/wp\/v2\/types\/product"}],"wp:featuredmedia":[{"embeddable":true,"href":"https:\/\/gervi.be\/fr\/wp-json\/wp\/v2\/media\/13719"}],"wp:attachment":[{"href":"https:\/\/gervi.be\/fr\/wp-json\/wp\/v2\/media?parent=13718"}],"wp:term":[{"taxonomy":"product_brand","embeddable":true,"href":"https:\/\/gervi.be\/fr\/wp-json\/wp\/v2\/product_brand?post=13718"},{"taxonomy":"product_cat","embeddable":true,"href":"https:\/\/gervi.be\/fr\/wp-json\/wp\/v2\/product_cat?post=13718"},{"taxonomy":"product_tag","embeddable":true,"href":"https:\/\/gervi.be\/fr\/wp-json\/wp\/v2\/product_tag?post=13718"}],"curies":[{"name":"wp","href":"https:\/\/api.w.org\/{rel}","templated":true}]}}