{"id":13716,"date":"2023-08-29T13:50:54","date_gmt":"2023-08-29T13:50:54","guid":{"rendered":"https:\/\/gervi.be\/shop\/triosol-natura-103\/"},"modified":"2024-02-24T11:27:37","modified_gmt":"2024-02-24T11:27:37","slug":"triosol-natura-103","status":"publish","type":"product","link":"https:\/\/gervi.be\/fr\/produit\/triosol-natura-103\/","title":{"rendered":"TrioSol Natura 103"},"content":{"rendered":"<p>Type de bois : Poutres de 40 mm d&#8217;\u00e9paisseur en pin du nord de l&#8217;Europe<br \/>\n\u00c9l\u00e9ments chauffants : 4 \u00e9metteurs de surface, 1 \u00e9metteur VITALlight-ABC<br \/>\nPuissance : 1160 watts\/500 watts<br \/>\n\u00c9vaporateur Infrasteam : \u00e9vaporateur puissant, 750 watts, r\u00e9glage num\u00e9rique de l&#8217;heure, r\u00e9glage progressif de l&#8217;\u00e9vaporateur, capacit\u00e9 du r\u00e9servoir d&#8217;eau d&#8217;environ 2 litres.<br \/>\nSole-Therme-Pur : couvercle d&#8217;\u00e9vaporateur de sel pour \u00e9vaporateur Infrasteam avec 2 kg de pierres de sel<br \/>\nPorte en verre : verre de s\u00e9curit\u00e9 6 mm, transparent<br \/>\nBanc : bois de tremble massif<br \/>\nDimensions : 103 x 100 x 200 cm<\/p>\n","protected":false},"excerpt":{"rendered":"<p>Type de bois : Poutres de 40 mm d&#8217;\u00e9paisseur en pin du nord de l&#8217;Europe \u00c9l\u00e9ments chauffants : 4 \u00e9metteurs de surface, 1 \u00e9metteur VITALlight-ABC Puissance : 1160 watts\/500 watts \u00c9vaporateur Infrasteam : \u00e9vaporateur puissant, 750 watts, r\u00e9glage num\u00e9rique de l&#8217;heure, r\u00e9glage progressif de l&#8217;\u00e9vaporateur, capacit\u00e9 du r\u00e9servoir d&#8217;eau d&#8217;environ 2 litres. Sole-Therme-Pur : couvercle [&hellip;]<\/p>\n","protected":false},"featured_media":13717,"template":"","meta":{"_acf_changed":false,"_uag_custom_page_level_css":"","site-sidebar-layout":"default","site-content-layout":"","ast-site-content-layout":"default","site-content-style":"default","site-sidebar-style":"default","ast-global-header-display":"","ast-banner-title-visibility":"","ast-main-header-display":"","ast-hfb-above-header-display":"","ast-hfb-below-header-display":"","ast-hfb-mobile-header-display":"","site-post-title":"","ast-breadcrumbs-content":"","ast-featured-img":"","footer-sml-layout":"","ast-disable-related-posts":"","theme-transparent-header-meta":"default","adv-header-id-meta":"","stick-header-meta":"","header-above-stick-meta":"","header-main-stick-meta":"","header-below-stick-meta":"","astra-migrate-meta-layouts":"default","ast-page-background-enabled":"default","ast-page-background-meta":{"desktop":{"background-color":"","background-image":"","background-repeat":"repeat","background-position":"center center","background-size":"auto","background-attachment":"scroll","background-type":"","background-media":"","overlay-type":"","overlay-color":"","overlay-opacity":"","overlay-gradient":""},"tablet":{"background-color":"","background-image":"","background-repeat":"repeat","background-position":"center center","background-size":"auto","background-attachment":"scroll","background-type":"","background-media":"","overlay-type":"","overlay-color":"","overlay-opacity":"","overlay-gradient":""},"mobile":{"background-color":"","background-image":"","background-repeat":"repeat","background-position":"center center","background-size":"auto","background-attachment":"scroll","background-type":"","background-media":"","overlay-type":"","overlay-color":"","overlay-opacity":"","overlay-gradient":""}},"ast-content-background-meta":{"desktop":{"background-color":"var(--ast-global-color-5)","background-image":"","background-repeat":"repeat","background-position":"center center","background-size":"auto","background-attachment":"scroll","background-type":"","background-media":"","overlay-type":"","overlay-color":"","overlay-opacity":"","overlay-gradient":""},"tablet":{"background-color":"var(--ast-global-color-5)","background-image":"","background-repeat":"repeat","background-position":"center center","background-size":"auto","background-attachment":"scroll","background-type":"","background-media":"","overlay-type":"","overlay-color":"","overlay-opacity":"","overlay-gradient":""},"mobile":{"background-color":"var(--ast-global-color-5)","background-image":"","background-repeat":"repeat","background-position":"center center","background-size":"auto","background-attachment":"scroll","background-type":"","background-media":"","overlay-type":"","overlay-color":"","overlay-opacity":"","overlay-gradient":""}}},"product_brand":[],"product_cat":[791,792,793],"product_tag":[],"class_list":{"0":"post-13716","1":"product","2":"type-product","3":"status-publish","4":"has-post-thumbnail","6":"product_cat-cabine-infrarouge","7":"product_cat-modeles","8":"product_cat-triosol","9":"desktop-align-left","10":"tablet-align-left","11":"mobile-align-left","13":"first","14":"instock","15":"product-type-simple"},"acf":[],"uagb_featured_image_src":{"full":["https:\/\/gervi.be\/wp-content\/uploads\/2023\/08\/nr3Triosolnatura103.jpg",597,448,false],"thumbnail":["https:\/\/gervi.be\/wp-content\/uploads\/2023\/08\/nr3Triosolnatura103-150x150.jpg",150,150,true],"medium":["https:\/\/gervi.be\/wp-content\/uploads\/2023\/08\/nr3Triosolnatura103-300x225.jpg",300,225,true],"medium_large":["https:\/\/gervi.be\/wp-content\/uploads\/2023\/08\/nr3Triosolnatura103.jpg",597,448,false],"large":["https:\/\/gervi.be\/wp-content\/uploads\/2023\/08\/nr3Triosolnatura103.jpg",597,448,false],"1536x1536":["https:\/\/gervi.be\/wp-content\/uploads\/2023\/08\/nr3Triosolnatura103.jpg",597,448,false],"2048x2048":["https:\/\/gervi.be\/wp-content\/uploads\/2023\/08\/nr3Triosolnatura103.jpg",597,448,false],"woocommerce_thumbnail":["https:\/\/gervi.be\/wp-content\/uploads\/2023\/08\/nr3Triosolnatura103-300x300.jpg",300,300,true],"woocommerce_single":["https:\/\/gervi.be\/wp-content\/uploads\/2023\/08\/nr3Triosolnatura103.jpg",597,448,false],"woocommerce_gallery_thumbnail":["https:\/\/gervi.be\/wp-content\/uploads\/2023\/08\/nr3Triosolnatura103-100x100.jpg",100,100,true],"dgwt-wcas-product-suggestion":["https:\/\/gervi.be\/wp-content\/uploads\/2023\/08\/nr3Triosolnatura103.jpg",64,48,false]},"uagb_author_info":{"display_name":"Marjolein Nijs","author_link":"https:\/\/gervi.be\/fr\/author\/"},"uagb_comment_info":0,"uagb_excerpt":"Type de bois : Poutres de 40 mm d&#8217;\u00e9paisseur en pin du nord de l&#8217;Europe \u00c9l\u00e9ments chauffants : 4 \u00e9metteurs de surface, 1 \u00e9metteur VITALlight-ABC Puissance : 1160 watts\/500 watts \u00c9vaporateur Infrasteam : \u00e9vaporateur puissant, 750 watts, r\u00e9glage num\u00e9rique de l&#8217;heure, r\u00e9glage progressif de l&#8217;\u00e9vaporateur, capacit\u00e9 du r\u00e9servoir d&#8217;eau d&#8217;environ 2 litres. Sole-Therme-Pur : couvercle\u2026","_links":{"self":[{"href":"https:\/\/gervi.be\/fr\/wp-json\/wp\/v2\/product\/13716","targetHints":{"allow":["GET"]}}],"collection":[{"href":"https:\/\/gervi.be\/fr\/wp-json\/wp\/v2\/product"}],"about":[{"href":"https:\/\/gervi.be\/fr\/wp-json\/wp\/v2\/types\/product"}],"wp:featuredmedia":[{"embeddable":true,"href":"https:\/\/gervi.be\/fr\/wp-json\/wp\/v2\/media\/13717"}],"wp:attachment":[{"href":"https:\/\/gervi.be\/fr\/wp-json\/wp\/v2\/media?parent=13716"}],"wp:term":[{"taxonomy":"product_brand","embeddable":true,"href":"https:\/\/gervi.be\/fr\/wp-json\/wp\/v2\/product_brand?post=13716"},{"taxonomy":"product_cat","embeddable":true,"href":"https:\/\/gervi.be\/fr\/wp-json\/wp\/v2\/product_cat?post=13716"},{"taxonomy":"product_tag","embeddable":true,"href":"https:\/\/gervi.be\/fr\/wp-json\/wp\/v2\/product_tag?post=13716"}],"curies":[{"name":"wp","href":"https:\/\/api.w.org\/{rel}","templated":true}]}}