{"id":13633,"date":"2023-08-29T13:50:28","date_gmt":"2023-08-29T11:50:28","guid":{"rendered":"https:\/\/gervi.be\/shop\/bandelettes-reactives-a-5-voies\/"},"modified":"2025-07-24T16:44:30","modified_gmt":"2025-07-24T14:44:30","slug":"bandelettes-de-test-a-5-voies","status":"publish","type":"product","link":"https:\/\/gervi.be\/fr\/produit\/bandelettes-de-test-a-5-voies\/","title":{"rendered":"Bandelettes de test 5 voies FreshWater Salt"},"content":{"rendered":"<p><a href=\"https:\/\/gervi.be\/fr\/marques\/hotspring\/\"><img decoding=\"async\" class=\"alignnone wp-image-24724\" src=\"https:\/\/gervi.be\/wp-content\/uploads\/2024\/06\/Hot-Spring-logo-300x95.png\" alt=\"Logo Hot Spring\" width=\"150\" height=\"48\" title=\"\" srcset=\"https:\/\/gervi.be\/wp-content\/uploads\/2024\/06\/Hot-Spring-logo-300x95.png 300w, https:\/\/gervi.be\/wp-content\/uploads\/2024\/06\/Hot-Spring-logo-2000x634.png 2000w, https:\/\/gervi.be\/wp-content\/uploads\/2024\/06\/Hot-Spring-logo-1024x324.png 1024w, https:\/\/gervi.be\/wp-content\/uploads\/2024\/06\/Hot-Spring-logo-768x243.png 768w, https:\/\/gervi.be\/wp-content\/uploads\/2024\/06\/Hot-Spring-logo-1536x487.png 1536w, https:\/\/gervi.be\/wp-content\/uploads\/2024\/06\/Hot-Spring-logo-2048x649.png 2048w\" sizes=\"(max-width: 150px) 100vw, 150px\" \/><\/a><\/p>\n<h2>Description<\/h2>\n<p>Les bandelettes de test FreshWater 5-Way sont un outil essentiel pour maintenir la qualit\u00e9 de l&#8217;eau de votre spa HotSpring. Ces bandelettes de test 5 en 1 mesurent cinq param\u00e8tres cl\u00e9s : le chlore libre, le chlore total, l&#8217;alcalinit\u00e9 totale, le pH et la duret\u00e9 totale de l&#8217;eau. Des tests r\u00e9guliers de ces param\u00e8tres sont essentiels pour maintenir un environnement de baignade s\u00fbr et agr\u00e9able.<\/p>\n<p>L&#8217;utilisation des bandelettes de test FreshWater 5-Way est simple et rapide. Il suffit de plonger la bande dans l&#8217;eau pendant quelques secondes et de comparer les couleurs de la bande avec l&#8217;\u00e9chelle de couleurs fournie pour lire les valeurs. Cela vous donne un aper\u00e7u instantan\u00e9 de la qualit\u00e9 de l&#8217;eau et vous aide \u00e0 faire des ajustements en temps voulu pour maintenir le bon \u00e9quilibre.<\/p>\n<p>Le maintien d&#8217;un bon \u00e9quilibre hydrique est important pour plusieurs raisons. Un bon pH garantit l&#8217;efficacit\u00e9 des d\u00e9sinfectants et pr\u00e9vient la corrosion des composants du spa. L&#8217;alcalinit\u00e9 totale aide \u00e0 stabiliser les niveaux de pH, tandis qu&#8217;une duret\u00e9 de l&#8217;eau correcte emp\u00eache l&#8217;eau de devenir trop corrosive. Un contr\u00f4le r\u00e9gulier est n\u00e9cessaire pour s&#8217;assurer que l&#8217;eau est suffisamment d\u00e9sinfect\u00e9e et exempte de bact\u00e9ries et de virus nocifs.<\/p>\n<p>Les bandes de test FreshWater 5-Way sont particuli\u00e8rement utiles pour les propri\u00e9taires de spas HotSpring qui s&#8217;efforcent d&#8217;obtenir une qualit\u00e9 d&#8217;eau optimale avec un minimum d&#8217;efforts. En utilisant r\u00e9guli\u00e8rement les bandelettes de test, vous pouvez identifier et traiter de mani\u00e8re proactive les probl\u00e8mes avant qu&#8217;ils ne s&#8217;aggravent, ce qui contribue \u00e0 prolonger la dur\u00e9e de vie de votre spa ou de votre piscine et \u00e0 am\u00e9liorer l&#8217;exp\u00e9rience globale de la baignade.<\/p>\n<p>En outre, les bandelettes de test sont con\u00e7ues pour \u00eatre polyvalentes et fiables. Gr\u00e2ce \u00e0 la pr\u00e9cision des mesures et \u00e0 la convivialit\u00e9 de la m\u00e9thode, ils conviennent \u00e0 tous, des d\u00e9butants aux propri\u00e9taires exp\u00e9riment\u00e9s de spas et de piscines. Les bandelettes sont emball\u00e9es dans un tube pratique et \u00e9tanche qui les prot\u00e8ge de l&#8217;humidit\u00e9 et prolonge leur dur\u00e9e de conservation. Ils constituent un moyen rapide et facile de contr\u00f4ler la qualit\u00e9 de l&#8217;eau, contribuent \u00e0 maintenir un environnement de baignade sain et peuvent aider \u00e0 r\u00e9duire les co\u00fbts des produits chimiques en optimisant le traitement de l&#8217;eau. De plus, ils vous permettent d&#8217;avoir l&#8217;esprit tranquille en sachant que l&#8217;eau de votre spa HotSpring est toujours dans un \u00e9tat optimal.<\/p>\n<p>Les bandelettes de test FreshWater 5-Way sont un outil indispensable pour tous ceux qui poss\u00e8dent un spa HotSpring avec un syst\u00e8me de sel FreshWater. Ils constituent un moyen simple, fiable et efficace de contr\u00f4ler et de maintenir la qualit\u00e9 de l&#8217;eau, ce qui est essentiel pour la s\u00e9curit\u00e9 et le confort de tous les utilisateurs. Que vous soyez un nouveau propri\u00e9taire de spa ou un utilisateur exp\u00e9riment\u00e9, ces bandelettes de test vous aideront \u00e0 garder votre eau propre, claire et parfaitement \u00e9quilibr\u00e9e.<\/p>\n","protected":false},"excerpt":{"rendered":"<ul>\n<li>Contenu : 50 bandes<\/li>\n<li>Mesures : chlore libre, chlore total, alcalinit\u00e9 totale, valeur du pH, duret\u00e9 totale de l&#8217;eau<\/li>\n<li>Utilisation : plongez la bande dans l&#8217;eau pendant quelques secondes, comparez avec l&#8217;\u00e9chelle de couleurs.<\/li>\n<li>Emballage : tube \u00e9tanche pour la protection contre l&#8217;humidit\u00e9<\/li>\n<li>Avantages : moyen rapide, simple et fiable de v\u00e9rifier la qualit\u00e9 de l&#8217;eau<\/li>\n<\/ul>\n","protected":false},"featured_media":25480,"template":"","meta":{"_acf_changed":false,"_uag_custom_page_level_css":"","site-sidebar-layout":"default","site-content-layout":"","ast-site-content-layout":"default","site-content-style":"default","site-sidebar-style":"default","ast-global-header-display":"","ast-banner-title-visibility":"","ast-main-header-display":"","ast-hfb-above-header-display":"","ast-hfb-below-header-display":"","ast-hfb-mobile-header-display":"","site-post-title":"","ast-breadcrumbs-content":"","ast-featured-img":"","footer-sml-layout":"","ast-disable-related-posts":"","theme-transparent-header-meta":"default","adv-header-id-meta":"","stick-header-meta":"","header-above-stick-meta":"","header-main-stick-meta":"","header-below-stick-meta":"","astra-migrate-meta-layouts":"default","ast-page-background-enabled":"default","ast-page-background-meta":{"desktop":{"background-color":"","background-image":"","background-repeat":"repeat","background-position":"center center","background-size":"auto","background-attachment":"scroll","background-type":"","background-media":"","overlay-type":"","overlay-color":"","overlay-opacity":"","overlay-gradient":""},"tablet":{"background-color":"","background-image":"","background-repeat":"repeat","background-position":"center center","background-size":"auto","background-attachment":"scroll","background-type":"","background-media":"","overlay-type":"","overlay-color":"","overlay-opacity":"","overlay-gradient":""},"mobile":{"background-color":"","background-image":"","background-repeat":"repeat","background-position":"center center","background-size":"auto","background-attachment":"scroll","background-type":"","background-media":"","overlay-type":"","overlay-color":"","overlay-opacity":"","overlay-gradient":""}},"ast-content-background-meta":{"desktop":{"background-color":"var(--ast-global-color-5)","background-image":"","background-repeat":"repeat","background-position":"center center","background-size":"auto","background-attachment":"scroll","background-type":"","background-media":"","overlay-type":"","overlay-color":"","overlay-opacity":"","overlay-gradient":""},"tablet":{"background-color":"var(--ast-global-color-5)","background-image":"","background-repeat":"repeat","background-position":"center center","background-size":"auto","background-attachment":"scroll","background-type":"","background-media":"","overlay-type":"","overlay-color":"","overlay-opacity":"","overlay-gradient":""},"mobile":{"background-color":"var(--ast-global-color-5)","background-image":"","background-repeat":"repeat","background-position":"center center","background-size":"auto","background-attachment":"scroll","background-type":"","background-media":"","overlay-type":"","overlay-color":"","overlay-opacity":"","overlay-gradient":""}}},"product_brand":[],"product_cat":[635,690],"product_tag":[3027,3029,3024,3032,3023,3031,3026,3033,3028,1392,1806,2920,1708,2869,1314,3035,3025,3030,2114,1805,1701,2711,3034,2918],"class_list":{"0":"post-13633","1":"product","2":"type-product","3":"status-publish","4":"has-post-thumbnail","6":"product_cat-jacuzzi-fr","7":"product_cat-produits-dentretien","8":"product_tag-alcalinite-totale","9":"product_tag-analyse-rapide-de-leau","10":"product_tag-bandelettes-de-test-a-5-voies","11":"product_tag-bandelettes-de-test-a-usage-domestique","12":"product_tag-bandelettes-de-test-pour-eau-douce","13":"product_tag-controle-de-la-desinfection","14":"product_tag-controle-du-niveau-de-ph","15":"product_tag-des-bandelettes-reactives-fiables","16":"product_tag-durete-de-leau","17":"product_tag-entretien-de-leau","18":"product_tag-entretien-du-spa","19":"product_tag-equilibre-hydrique","20":"product_tag-explorez-votre-mode-de-vie","21":"product_tag-fws-fr","22":"product_tag-gervi-fr","23":"product_tag-hss-fr","24":"product_tag-mesure-du-chlore","25":"product_tag-mesures-exactes","26":"product_tag-qualite-de-leau-du-spa","27":"product_tag-source-chaude","28":"product_tag-spa-de-source-chaude","29":"product_tag-systeme-deau-douce-et-de-sel-fr","30":"product_tag-tube-etanche","31":"product_tag-utilisation-facile","32":"desktop-align-left","33":"tablet-align-left","34":"mobile-align-left","36":"first","37":"instock","38":"purchasable","39":"product-type-simple"},"acf":[],"uagb_featured_image_src":{"full":["https:\/\/gervi.be\/wp-content\/uploads\/2023\/08\/FreshWater-Salt-5-way-Teststrips-Gervi.jpg",1000,1000,false],"thumbnail":["https:\/\/gervi.be\/wp-content\/uploads\/2023\/08\/FreshWater-Salt-5-way-Teststrips-Gervi-150x150.jpg",150,150,true],"medium":["https:\/\/gervi.be\/wp-content\/uploads\/2023\/08\/FreshWater-Salt-5-way-Teststrips-Gervi-300x300.jpg",300,300,true],"medium_large":["https:\/\/gervi.be\/wp-content\/uploads\/2023\/08\/FreshWater-Salt-5-way-Teststrips-Gervi-768x768.jpg",768,768,true],"large":["https:\/\/gervi.be\/wp-content\/uploads\/2023\/08\/FreshWater-Salt-5-way-Teststrips-Gervi.jpg",1000,1000,false],"1536x1536":["https:\/\/gervi.be\/wp-content\/uploads\/2023\/08\/FreshWater-Salt-5-way-Teststrips-Gervi.jpg",1000,1000,false],"2048x2048":["https:\/\/gervi.be\/wp-content\/uploads\/2023\/08\/FreshWater-Salt-5-way-Teststrips-Gervi.jpg",1000,1000,false],"woocommerce_thumbnail":["https:\/\/gervi.be\/wp-content\/uploads\/2023\/08\/FreshWater-Salt-5-way-Teststrips-Gervi.jpg",1000,1000,false],"woocommerce_single":["https:\/\/gervi.be\/wp-content\/uploads\/2023\/08\/FreshWater-Salt-5-way-Teststrips-Gervi.jpg",1000,1000,false],"woocommerce_gallery_thumbnail":["https:\/\/gervi.be\/wp-content\/uploads\/2023\/08\/FreshWater-Salt-5-way-Teststrips-Gervi-100x100.jpg",100,100,true],"dgwt-wcas-product-suggestion":["https:\/\/gervi.be\/wp-content\/uploads\/2023\/08\/FreshWater-Salt-5-way-Teststrips-Gervi.jpg",64,64,false]},"uagb_author_info":{"display_name":"Marjolein Nijs","author_link":"https:\/\/gervi.be\/fr\/author\/"},"uagb_comment_info":0,"uagb_excerpt":"Contenu : 50 bandes Mesures : chlore libre, chlore total, alcalinit\u00e9 totale, valeur du pH, duret\u00e9 totale de l'eau Utilisation : plongez la bande dans l'eau pendant quelques secondes, comparez avec l'\u00e9chelle de couleurs. Emballage : tube \u00e9tanche pour la protection contre l'humidit\u00e9 Avantages : moyen rapide, simple et fiable de v\u00e9rifier la qualit\u00e9 de\u2026","_links":{"self":[{"href":"https:\/\/gervi.be\/fr\/wp-json\/wp\/v2\/product\/13633","targetHints":{"allow":["GET"]}}],"collection":[{"href":"https:\/\/gervi.be\/fr\/wp-json\/wp\/v2\/product"}],"about":[{"href":"https:\/\/gervi.be\/fr\/wp-json\/wp\/v2\/types\/product"}],"wp:featuredmedia":[{"embeddable":true,"href":"https:\/\/gervi.be\/fr\/wp-json\/wp\/v2\/media\/25480"}],"wp:attachment":[{"href":"https:\/\/gervi.be\/fr\/wp-json\/wp\/v2\/media?parent=13633"}],"wp:term":[{"taxonomy":"product_brand","embeddable":true,"href":"https:\/\/gervi.be\/fr\/wp-json\/wp\/v2\/product_brand?post=13633"},{"taxonomy":"product_cat","embeddable":true,"href":"https:\/\/gervi.be\/fr\/wp-json\/wp\/v2\/product_cat?post=13633"},{"taxonomy":"product_tag","embeddable":true,"href":"https:\/\/gervi.be\/fr\/wp-json\/wp\/v2\/product_tag?post=13633"}],"curies":[{"name":"wp","href":"https:\/\/api.w.org\/{rel}","templated":true}]}}