{"id":13632,"date":"2023-08-29T13:50:28","date_gmt":"2023-08-29T13:50:28","guid":{"rendered":"https:\/\/gervi.be\/shop\/piscine-modulaire-sans-fin\/"},"modified":"2024-06-05T14:18:25","modified_gmt":"2024-06-05T14:18:25","slug":"modular-pool-endless-pools","status":"publish","type":"product","link":"https:\/\/gervi.be\/fr\/produit\/modular-pool-endless-pools\/","title":{"rendered":"Piscine modulaire sans fin"},"content":{"rendered":"<p><a href=\"https:\/\/gervi.be\/merken\/endless-pools\/\"><img decoding=\"async\" class=\"alignnone wp-image-20326\" src=\"https:\/\/gervi.be\/wp-content\/uploads\/2024\/03\/Endless-Pools-Logo-300x126.png\" alt=\"Logo Endless Pools\" width=\"150\" height=\"63\" title=\"\"><\/a><\/p>\n<h2>Description<\/h2>\n<p>Cette construction compacte et modulaire d&#8217;une piscine sans fin modulaire peut \u00eatre construite n&#8217;importe o\u00f9, \u00e0 l&#8217;int\u00e9rieur comme \u00e0 l&#8217;ext\u00e9rieur. Les diff\u00e9rents composants sont si compacts qu&#8217;ils passent facilement par les portes existantes. Un sous-sol existant peut donc \u00e9galement servir \u00e0 la construction de votre piscine modulaire sans fin. Vous choisissez \u00e9galement le design de votre piscine modulaire sans fin, avec un choix de diff\u00e9rents mod\u00e8les, tailles, profondeurs et finitions. Bien que petite, gr\u00e2ce \u00e0 la machine \u00e0 nager Endless Pools, votre Modular Endless Pool sera la plus grande piscine dont vous aurez jamais besoin. Vous \u00eates un nageur amateur ou plut\u00f4t un nageur semi-professionnel ou m\u00eame professionnel ? Vous avez le choix entre quatre machines \u00e0 nager.<\/p>\n<p>Les piscines modulaires d&#8217;Endless Pools offrent une solution intelligente aux amateurs de natation qui disposent d&#8217;un espace limit\u00e9 ou qui ont des exigences sp\u00e9cifiques pour leur piscine. Ces piscines innovantes, qui peuvent \u00eatre install\u00e9es hors sol ou enterr\u00e9es, offrent la flexibilit\u00e9 n\u00e9cessaire pour s&#8217;adapter \u00e0 diff\u00e9rents environnements r\u00e9sidentiels. Qu&#8217;il s&#8217;agisse d&#8217;une petite terrasse dans une maison de ville ou d&#8217;un jardin spacieux dans une villa, les piscines modulaires sans fin s&#8217;adaptent \u00e0 l&#8217;espace disponible et au style de vie du client.<\/p>\n<p>Endless Pools est connue pour sa technologie hydrodynamique avanc\u00e9e qui cr\u00e9e un flux puissant et r\u00e9glable, id\u00e9al pour les nageurs de loisir et les athl\u00e8tes professionnels. Cette technologie, associ\u00e9e \u00e0 la conception modulaire de la piscine, permet aux utilisateurs de cr\u00e9er une exp\u00e9rience personnalis\u00e9e. Qu&#8217;il s&#8217;agisse d&#8217;un entra\u00eenement de natation intense ou d&#8217;un exercice de relaxation dans l&#8217;eau, le d\u00e9bit r\u00e9glable garantit une exp\u00e9rience optimale pour chaque activit\u00e9.<\/p>\n<p>La durabilit\u00e9 des piscines modulaires sans fin est un argument de vente essentiel. Fabriqu\u00e9es avec des mat\u00e9riaux de haute qualit\u00e9 pouvant r\u00e9sister \u00e0 diverses conditions climatiques, ces piscines offrent une solution \u00e0 long terme pour tous les besoins en mati\u00e8re de natation. La facilit\u00e9 d&#8217;entretien est un autre avantage, les syst\u00e8mes \u00e9tant facilement accessibles pour un nettoyage et un entretien r\u00e9guliers. Cela permet de r\u00e9duire les co\u00fbts par rapport \u00e0 une grande piscine et fait de la piscine modulaire sans fin un investissement judicieux pour l&#8217;avenir.<\/p>\n<p>Outre leur fonctionnalit\u00e9, les piscines modulaires sans fin ajoutent une valeur esth\u00e9tique \u00e0 la maison. Gr\u00e2ce aux diff\u00e9rentes options de finition, vous pouvez adapter l&#8217;aspect de la piscine au style personnel et \u00e0 l&#8217;aspect g\u00e9n\u00e9ral de la maison. En tant que client, vous cr\u00e9ez un lieu unique dont vous pouvez profiter en famille ou entre amis \u00e0 tout moment de l&#8217;ann\u00e9e. Avec une piscine modulaire de Endless Pools, vous transformez votre arri\u00e8re-cour en une oasis de spa priv\u00e9e qui offre \u00e0 la fois d\u00e9tente et loisirs actifs.<\/p>\n<p>&nbsp;<\/p>\n","protected":false},"excerpt":{"rendered":"<ul>\n<li>5 versions diff\u00e9rentes disponibles<\/li>\n<li>Diff\u00e9rentes dimensions d&#8217;options : de 2,13 x 3,66 m \u00e0 <span dir=\"ltr\" role=\"presentation\">3,05 m x 4,57 m<\/span><\/li>\n<li>Diff\u00e9rentes options de profondeur : 122 cm \u00e0 137 cm<\/li>\n<li>Options : Eclairage LED dans la baignoire, tapis de course int\u00e9gr\u00e9, diff\u00e9rentes couleurs possibles, &#8230;<\/li>\n<li>Nageur : <span dir=\"ltr\" role=\"presentation\">Technologie Hydrodrive ou Technologie Hydrodrive PLUS<\/span><\/li>\n<\/ul>\n","protected":false},"featured_media":21627,"template":"","meta":{"_acf_changed":false,"_uag_custom_page_level_css":"","site-sidebar-layout":"default","site-content-layout":"","ast-site-content-layout":"default","site-content-style":"default","site-sidebar-style":"default","ast-global-header-display":"","ast-banner-title-visibility":"","ast-main-header-display":"","ast-hfb-above-header-display":"","ast-hfb-below-header-display":"","ast-hfb-mobile-header-display":"","site-post-title":"","ast-breadcrumbs-content":"","ast-featured-img":"","footer-sml-layout":"","ast-disable-related-posts":"","theme-transparent-header-meta":"default","adv-header-id-meta":"","stick-header-meta":"","header-above-stick-meta":"","header-main-stick-meta":"","header-below-stick-meta":"","astra-migrate-meta-layouts":"set","ast-page-background-enabled":"default","ast-page-background-meta":{"desktop":{"background-color":"","background-image":"","background-repeat":"repeat","background-position":"center center","background-size":"auto","background-attachment":"scroll","background-type":"","background-media":"","overlay-type":"","overlay-color":"","overlay-opacity":"","overlay-gradient":""},"tablet":{"background-color":"","background-image":"","background-repeat":"repeat","background-position":"center center","background-size":"auto","background-attachment":"scroll","background-type":"","background-media":"","overlay-type":"","overlay-color":"","overlay-opacity":"","overlay-gradient":""},"mobile":{"background-color":"","background-image":"","background-repeat":"repeat","background-position":"center center","background-size":"auto","background-attachment":"scroll","background-type":"","background-media":"","overlay-type":"","overlay-color":"","overlay-opacity":"","overlay-gradient":""}},"ast-content-background-meta":{"desktop":{"background-color":"var(--ast-global-color-5)","background-image":"","background-repeat":"repeat","background-position":"center center","background-size":"auto","background-attachment":"scroll","background-type":"","background-media":"","overlay-type":"","overlay-color":"","overlay-opacity":"","overlay-gradient":""},"tablet":{"background-color":"var(--ast-global-color-5)","background-image":"","background-repeat":"repeat","background-position":"center center","background-size":"auto","background-attachment":"scroll","background-type":"","background-media":"","overlay-type":"","overlay-color":"","overlay-opacity":"","overlay-gradient":""},"mobile":{"background-color":"var(--ast-global-color-5)","background-image":"","background-repeat":"repeat","background-position":"center center","background-size":"auto","background-attachment":"scroll","background-type":"","background-media":"","overlay-type":"","overlay-color":"","overlay-opacity":"","overlay-gradient":""}}},"product_brand":[],"product_cat":[648,2024,647],"product_tag":[1561,1559,1574,1560,1577,1578,1575,1314,1562,1571,1558,1576,1556,1572,1573,1311,1312,1557],"class_list":{"0":"post-13632","1":"product","2":"type-product","3":"status-publish","4":"has-post-thumbnail","6":"product_cat-endless-pools","7":"product_cat-piscines-modulaires","8":"product_cat-spa-de-nage","9":"product_tag-a-contre-courant","10":"product_tag-des-piscines-a-perte-de-vue","11":"product_tag-ensemble-performance","12":"product_tag-flux","13":"product_tag-forfait-cross-trainer","14":"product_tag-forfait-endless-pools-select","15":"product_tag-forfait-waterwell-select","16":"product_tag-gervi-fr","17":"product_tag-jetstream-fr","18":"product_tag-modulaire","19":"product_tag-natation","20":"product_tag-paquet-essentiel-pour-les-piscines-sans-fin","21":"product_tag-piscine","22":"product_tag-piscine-modulaire","23":"product_tag-piscine-modulaire-sans-fin","24":"product_tag-spa-de-natation","25":"product_tag-swimspa-fr","26":"product_tag-systeme-a-contre-courant","27":"desktop-align-left","28":"tablet-align-left","29":"mobile-align-left","31":"first","32":"instock","33":"featured","34":"product-type-simple"},"acf":[],"uagb_featured_image_src":{"full":["https:\/\/gervi.be\/wp-content\/uploads\/2023\/08\/Modular-Endless-Pools-zwembad-Gervi-1.jpg",2000,2000,false],"thumbnail":["https:\/\/gervi.be\/wp-content\/uploads\/2023\/08\/Modular-Endless-Pools-zwembad-Gervi-1-150x150.jpg",150,150,true],"medium":["https:\/\/gervi.be\/wp-content\/uploads\/2023\/08\/Modular-Endless-Pools-zwembad-Gervi-1-300x300.jpg",300,300,true],"medium_large":["https:\/\/gervi.be\/wp-content\/uploads\/2023\/08\/Modular-Endless-Pools-zwembad-Gervi-1-768x768.jpg",768,768,true],"large":["https:\/\/gervi.be\/wp-content\/uploads\/2023\/08\/Modular-Endless-Pools-zwembad-Gervi-1-1024x1024.jpg",1024,1024,true],"1536x1536":["https:\/\/gervi.be\/wp-content\/uploads\/2023\/08\/Modular-Endless-Pools-zwembad-Gervi-1-1536x1536.jpg",1536,1536,true],"2048x2048":["https:\/\/gervi.be\/wp-content\/uploads\/2023\/08\/Modular-Endless-Pools-zwembad-Gervi-1.jpg",2000,2000,false],"woocommerce_thumbnail":["https:\/\/gervi.be\/wp-content\/uploads\/2023\/08\/Modular-Endless-Pools-zwembad-Gervi-1-2000x1500.jpg",2000,1500,true],"woocommerce_single":["https:\/\/gervi.be\/wp-content\/uploads\/2023\/08\/Modular-Endless-Pools-zwembad-Gervi-1.jpg",2000,2000,false],"woocommerce_gallery_thumbnail":["https:\/\/gervi.be\/wp-content\/uploads\/2023\/08\/Modular-Endless-Pools-zwembad-Gervi-1-100x100.jpg",100,100,true],"dgwt-wcas-product-suggestion":["https:\/\/gervi.be\/wp-content\/uploads\/2023\/08\/Modular-Endless-Pools-zwembad-Gervi-1.jpg",64,64,false]},"uagb_author_info":{"display_name":"Marjolein Nijs","author_link":"https:\/\/gervi.be\/fr\/author\/"},"uagb_comment_info":0,"uagb_excerpt":"5 versions diff\u00e9rentes disponibles Diff\u00e9rentes dimensions d'options : de 2,13 x 3,66 m \u00e0 3,05 m x 4,57 m Diff\u00e9rentes options de profondeur : 122 cm \u00e0 137 cm Options : Eclairage LED dans la baignoire, tapis de course int\u00e9gr\u00e9, diff\u00e9rentes couleurs possibles, ... Nageur : Technologie Hydrodrive ou Technologie Hydrodrive PLUS","_links":{"self":[{"href":"https:\/\/gervi.be\/fr\/wp-json\/wp\/v2\/product\/13632","targetHints":{"allow":["GET"]}}],"collection":[{"href":"https:\/\/gervi.be\/fr\/wp-json\/wp\/v2\/product"}],"about":[{"href":"https:\/\/gervi.be\/fr\/wp-json\/wp\/v2\/types\/product"}],"wp:featuredmedia":[{"embeddable":true,"href":"https:\/\/gervi.be\/fr\/wp-json\/wp\/v2\/media\/21627"}],"wp:attachment":[{"href":"https:\/\/gervi.be\/fr\/wp-json\/wp\/v2\/media?parent=13632"}],"wp:term":[{"taxonomy":"product_brand","embeddable":true,"href":"https:\/\/gervi.be\/fr\/wp-json\/wp\/v2\/product_brand?post=13632"},{"taxonomy":"product_cat","embeddable":true,"href":"https:\/\/gervi.be\/fr\/wp-json\/wp\/v2\/product_cat?post=13632"},{"taxonomy":"product_tag","embeddable":true,"href":"https:\/\/gervi.be\/fr\/wp-json\/wp\/v2\/product_tag?post=13632"}],"curies":[{"name":"wp","href":"https:\/\/api.w.org\/{rel}","templated":true}]}}