{"id":13609,"date":"2023-08-29T13:50:20","date_gmt":"2023-08-29T11:50:20","guid":{"rendered":"https:\/\/gervi.be\/shop\/big-green-egg-charbon-de-bois-9-kg\/"},"modified":"2024-09-03T14:24:34","modified_gmt":"2024-09-03T12:24:34","slug":"big-green-egg-wood-charbon-de-bois-9-kg","status":"publish","type":"product","link":"https:\/\/gervi.be\/fr\/produit\/big-green-egg-wood-charbon-de-bois-9-kg\/","title":{"rendered":"Big Green Egg | Charbon de bois (9 kg)"},"content":{"rendered":"<p>Le charbon de bois Big Green Egg est un charbon de bois 100 % naturel fabriqu\u00e9 \u00e0 partir de h\u00eatre et de bois de h\u00eatre.<br \/>\nCe bois dur d&#8217;une puret\u00e9 exceptionnelle a une longue dur\u00e9e de combustion, ce qui en fait un charbon de bois id\u00e9al.<br \/>\nLes gros morceaux br\u00fblent plus longtemps et produisent peu de fum\u00e9e.<br \/>\nLe charbon de bois Big Green Egg porte le label FSC.<br \/>\nIl est produit \u00e0 partir de bois r\u00e9siduel ou d&#8217;arbres cultiv\u00e9s sp\u00e9cifiquement dans des for\u00eats g\u00e9r\u00e9es durablement, avec de nouveaux arbres plant\u00e9s imm\u00e9diatement apr\u00e8s l&#8217;abattage.<br \/>\nCe charbon de bois donne une saveur d\u00e9licate \u00e0 vos plats.<br \/>\nVous souhaitez enrichir encore davantage la saveur de vos plats ?<br \/>\nAjoutez alors des copeaux ou des morceaux de bois Big Green Egg au charbon de bois.       <\/p>\n","protected":false},"excerpt":{"rendered":"<p>Le charbon de bois Big Green Egg est un charbon de bois 100 % naturel fabriqu\u00e9 \u00e0 partir de h\u00eatre et de bois de h\u00eatre. Ce bois dur d&#8217;une puret\u00e9 exceptionnelle a une longue dur\u00e9e de combustion, ce qui en fait un charbon de bois id\u00e9al. Les gros morceaux br\u00fblent plus longtemps et produisent peu [&hellip;]<\/p>\n","protected":false},"featured_media":26502,"template":"","meta":{"_acf_changed":false,"_uag_custom_page_level_css":"","site-sidebar-layout":"default","site-content-layout":"","ast-site-content-layout":"default","site-content-style":"default","site-sidebar-style":"default","ast-global-header-display":"","ast-banner-title-visibility":"","ast-main-header-display":"","ast-hfb-above-header-display":"","ast-hfb-below-header-display":"","ast-hfb-mobile-header-display":"","site-post-title":"","ast-breadcrumbs-content":"","ast-featured-img":"","footer-sml-layout":"","ast-disable-related-posts":"","theme-transparent-header-meta":"default","adv-header-id-meta":"","stick-header-meta":"","header-above-stick-meta":"","header-main-stick-meta":"","header-below-stick-meta":"","astra-migrate-meta-layouts":"default","ast-page-background-enabled":"default","ast-page-background-meta":{"desktop":{"background-color":"","background-image":"","background-repeat":"repeat","background-position":"center center","background-size":"auto","background-attachment":"scroll","background-type":"","background-media":"","overlay-type":"","overlay-color":"","overlay-opacity":"","overlay-gradient":""},"tablet":{"background-color":"","background-image":"","background-repeat":"repeat","background-position":"center center","background-size":"auto","background-attachment":"scroll","background-type":"","background-media":"","overlay-type":"","overlay-color":"","overlay-opacity":"","overlay-gradient":""},"mobile":{"background-color":"","background-image":"","background-repeat":"repeat","background-position":"center center","background-size":"auto","background-attachment":"scroll","background-type":"","background-media":"","overlay-type":"","overlay-color":"","overlay-opacity":"","overlay-gradient":""}},"ast-content-background-meta":{"desktop":{"background-color":"var(--ast-global-color-5)","background-image":"","background-repeat":"repeat","background-position":"center center","background-size":"auto","background-attachment":"scroll","background-type":"","background-media":"","overlay-type":"","overlay-color":"","overlay-opacity":"","overlay-gradient":""},"tablet":{"background-color":"var(--ast-global-color-5)","background-image":"","background-repeat":"repeat","background-position":"center center","background-size":"auto","background-attachment":"scroll","background-type":"","background-media":"","overlay-type":"","overlay-color":"","overlay-opacity":"","overlay-gradient":""},"mobile":{"background-color":"var(--ast-global-color-5)","background-image":"","background-repeat":"repeat","background-position":"center center","background-size":"auto","background-attachment":"scroll","background-type":"","background-media":"","overlay-type":"","overlay-color":"","overlay-opacity":"","overlay-gradient":""}}},"product_brand":[],"product_cat":[651,799],"product_tag":[4408,4405,4420,4398,4415,4400,4411,4418,4410,4414,4399,4407,4421,4409,4412,4234,4404,4413,4009,4422,1314,4406,4419,4403,4417,4401,4423,4416,4402],"class_list":{"0":"post-13609","1":"product","2":"type-product","3":"status-publish","4":"has-post-thumbnail","6":"product_cat-bbq-fr","7":"product_cat-big-green-egg-fr","8":"product_tag-accessoires-pour-barbecue-fr","9":"product_tag-barbecue-au-charbon-de-bois-fr","10":"product_tag-big-green-egg-fr","11":"product_tag-big-green-egg-charbon-de-bois","12":"product_tag-bois-a-fumer","13":"product_tag-bois-de-hetre","14":"product_tag-charbon-de-bois-a-faible-degagement-de-fumee","15":"product_tag-charbon-de-bois-de-premiere-qualite","16":"product_tag-charbon-de-bois-dur","17":"product_tag-charbon-de-bois-durable","18":"product_tag-charbon-de-bois-naturel","19":"product_tag-charbon-de-bois-pour-barbecue","20":"product_tag-charbon-de-bois-pour-les-grillades","21":"product_tag-charbon-de-bois-respectueux-de-lenvironnement","22":"product_tag-copeaux-de-bois-big-green-egg","23":"product_tag-cuisine-en-plein-air-fr-2","24":"product_tag-des-forets-gerees-de-maniere-durable","25":"product_tag-enrichissement-de-la-saveur-du-barbecue","26":"product_tag-explorez-votre-style-de-vie-fr","27":"product_tag-fournitures-pour-barbecue","28":"product_tag-gervi-fr","29":"product_tag-gout-raffine","30":"product_tag-grillades-en-plein-air","31":"product_tag-label-fsc","32":"product_tag-les-essentiels-du-barbecue","33":"product_tag-longue-duree-de-combustion","34":"product_tag-morceaux-de-big-green-egg","35":"product_tag-saveur-barbecue","36":"product_tag-un-degagement-minimal-de-fumee","37":"desktop-align-left","38":"tablet-align-left","39":"mobile-align-left","41":"first","42":"instock","43":"purchasable","44":"product-type-simple"},"acf":[],"uagb_featured_image_src":{"full":["https:\/\/gervi.be\/wp-content\/uploads\/2023\/08\/Big-Green-Egg-Houtskool-Beuk-Beukenhaag-9kg.jpg",1500,1500,false],"thumbnail":["https:\/\/gervi.be\/wp-content\/uploads\/2023\/08\/Big-Green-Egg-Houtskool-Beuk-Beukenhaag-9kg-150x150.jpg",150,150,true],"medium":["https:\/\/gervi.be\/wp-content\/uploads\/2023\/08\/Big-Green-Egg-Houtskool-Beuk-Beukenhaag-9kg-300x300.jpg",300,300,true],"medium_large":["https:\/\/gervi.be\/wp-content\/uploads\/2023\/08\/Big-Green-Egg-Houtskool-Beuk-Beukenhaag-9kg-768x768.jpg",768,768,true],"large":["https:\/\/gervi.be\/wp-content\/uploads\/2023\/08\/Big-Green-Egg-Houtskool-Beuk-Beukenhaag-9kg-1024x1024.jpg",1024,1024,true],"1536x1536":["https:\/\/gervi.be\/wp-content\/uploads\/2023\/08\/Big-Green-Egg-Houtskool-Beuk-Beukenhaag-9kg.jpg",1500,1500,false],"2048x2048":["https:\/\/gervi.be\/wp-content\/uploads\/2023\/08\/Big-Green-Egg-Houtskool-Beuk-Beukenhaag-9kg.jpg",1500,1500,false],"woocommerce_thumbnail":["https:\/\/gervi.be\/wp-content\/uploads\/2023\/08\/Big-Green-Egg-Houtskool-Beuk-Beukenhaag-9kg.jpg",1500,1500,false],"woocommerce_single":["https:\/\/gervi.be\/wp-content\/uploads\/2023\/08\/Big-Green-Egg-Houtskool-Beuk-Beukenhaag-9kg.jpg",1500,1500,false],"woocommerce_gallery_thumbnail":["https:\/\/gervi.be\/wp-content\/uploads\/2023\/08\/Big-Green-Egg-Houtskool-Beuk-Beukenhaag-9kg-100x100.jpg",100,100,true]},"uagb_author_info":{"display_name":"Marjolein Nijs","author_link":"https:\/\/gervi.be\/fr\/author\/"},"uagb_comment_info":0,"uagb_excerpt":"Le charbon de bois Big Green Egg est un charbon de bois 100 % naturel fabriqu\u00e9 \u00e0 partir de h\u00eatre et de bois de h\u00eatre. Ce bois dur d&#8217;une puret\u00e9 exceptionnelle a une longue dur\u00e9e de combustion, ce qui en fait un charbon de bois id\u00e9al. Les gros morceaux br\u00fblent plus longtemps et produisent peu\u2026","_links":{"self":[{"href":"https:\/\/gervi.be\/fr\/wp-json\/wp\/v2\/product\/13609","targetHints":{"allow":["GET"]}}],"collection":[{"href":"https:\/\/gervi.be\/fr\/wp-json\/wp\/v2\/product"}],"about":[{"href":"https:\/\/gervi.be\/fr\/wp-json\/wp\/v2\/types\/product"}],"wp:featuredmedia":[{"embeddable":true,"href":"https:\/\/gervi.be\/fr\/wp-json\/wp\/v2\/media\/26502"}],"wp:attachment":[{"href":"https:\/\/gervi.be\/fr\/wp-json\/wp\/v2\/media?parent=13609"}],"wp:term":[{"taxonomy":"product_brand","embeddable":true,"href":"https:\/\/gervi.be\/fr\/wp-json\/wp\/v2\/product_brand?post=13609"},{"taxonomy":"product_cat","embeddable":true,"href":"https:\/\/gervi.be\/fr\/wp-json\/wp\/v2\/product_cat?post=13609"},{"taxonomy":"product_tag","embeddable":true,"href":"https:\/\/gervi.be\/fr\/wp-json\/wp\/v2\/product_tag?post=13609"}],"curies":[{"name":"wp","href":"https:\/\/api.w.org\/{rel}","templated":true}]}}