{"id":13606,"date":"2023-08-29T13:50:13","date_gmt":"2023-08-29T11:50:13","guid":{"rendered":"https:\/\/gervi.be\/shop\/8-herbes-de-montagne\/"},"modified":"2024-09-17T15:37:10","modified_gmt":"2024-09-17T13:37:10","slug":"8-herbes-de-montagne","status":"publish","type":"product","link":"https:\/\/gervi.be\/fr\/produit\/8-herbes-de-montagne\/","title":{"rendered":"8 herbes de montagne"},"content":{"rendered":"<p>Les <strong>8 herbes de montagne<\/strong> apportent la force et la fra\u00eecheur des Alpes \u00e0 votre cabine infrarouge.<br \/>\nCette combinaison unique d&#8217;herbes de montagne comprend des fleurs sauvages et des plantes aromatiques traditionnellement utilis\u00e9es pour revitaliser le corps et l&#8217;esprit.<br \/>\nEn pla\u00e7ant le sachet sur le vaporisateur, vous d\u00e9gagez un ar\u00f4me naturel et rafra\u00eechissant qui vous procure une sensation d&#8217;\u00e9nergie et de puret\u00e9 renouvel\u00e9es.<br \/>\nLa vapeur d&#8217;eau lie les substances b\u00e9n\u00e9fiques des plantes, maximisant ainsi leurs effets relaxants et revigorants.<br \/>\nParfait pour ceux qui veulent se r\u00e9\u00e9quilibrer apr\u00e8s une longue journ\u00e9e, l&#8217;ar\u00f4me naturel cr\u00e9e une atmosph\u00e8re apaisante dans votre espace bien-\u00eatre.<br \/>\nGr\u00e2ce \u00e0 l&#8217;origine biologique des herbes, vous avez la garantie d&#8217;une exp\u00e9rience pure et respectueuse de l&#8217;environnement.     <\/p>\n","protected":false},"excerpt":{"rendered":"<p>Les 8 herbes de montagne apportent la force et la fra\u00eecheur des Alpes \u00e0 votre cabine infrarouge. Cette combinaison unique d&#8217;herbes de montagne comprend des fleurs sauvages et des plantes aromatiques traditionnellement utilis\u00e9es pour revitaliser le corps et l&#8217;esprit. En pla\u00e7ant le sachet sur le vaporisateur, vous d\u00e9gagez un ar\u00f4me naturel et rafra\u00eechissant qui vous [&hellip;]<\/p>\n","protected":false},"featured_media":13607,"template":"","meta":{"_acf_changed":false,"_uag_custom_page_level_css":"","site-sidebar-layout":"default","site-content-layout":"","ast-site-content-layout":"default","site-content-style":"default","site-sidebar-style":"default","ast-global-header-display":"","ast-banner-title-visibility":"","ast-main-header-display":"","ast-hfb-above-header-display":"","ast-hfb-below-header-display":"","ast-hfb-mobile-header-display":"","site-post-title":"","ast-breadcrumbs-content":"","ast-featured-img":"","footer-sml-layout":"","ast-disable-related-posts":"","theme-transparent-header-meta":"default","adv-header-id-meta":"","stick-header-meta":"","header-above-stick-meta":"","header-main-stick-meta":"","header-below-stick-meta":"","astra-migrate-meta-layouts":"default","ast-page-background-enabled":"default","ast-page-background-meta":{"desktop":{"background-color":"","background-image":"","background-repeat":"repeat","background-position":"center center","background-size":"auto","background-attachment":"scroll","background-type":"","background-media":"","overlay-type":"","overlay-color":"","overlay-opacity":"","overlay-gradient":""},"tablet":{"background-color":"","background-image":"","background-repeat":"repeat","background-position":"center center","background-size":"auto","background-attachment":"scroll","background-type":"","background-media":"","overlay-type":"","overlay-color":"","overlay-opacity":"","overlay-gradient":""},"mobile":{"background-color":"","background-image":"","background-repeat":"repeat","background-position":"center center","background-size":"auto","background-attachment":"scroll","background-type":"","background-media":"","overlay-type":"","overlay-color":"","overlay-opacity":"","overlay-gradient":""}},"ast-content-background-meta":{"desktop":{"background-color":"var(--ast-global-color-5)","background-image":"","background-repeat":"repeat","background-position":"center center","background-size":"auto","background-attachment":"scroll","background-type":"","background-media":"","overlay-type":"","overlay-color":"","overlay-opacity":"","overlay-gradient":""},"tablet":{"background-color":"var(--ast-global-color-5)","background-image":"","background-repeat":"repeat","background-position":"center center","background-size":"auto","background-attachment":"scroll","background-type":"","background-media":"","overlay-type":"","overlay-color":"","overlay-opacity":"","overlay-gradient":""},"mobile":{"background-color":"var(--ast-global-color-5)","background-image":"","background-repeat":"repeat","background-position":"center center","background-size":"auto","background-attachment":"scroll","background-type":"","background-media":"","overlay-type":"","overlay-color":"","overlay-opacity":"","overlay-gradient":""}}},"product_brand":[],"product_cat":[791,869],"product_tag":[4499,4503,4513,2544,4507,4512,4514,4504,1344,3478,4518,4009,1314,4511,4502,4517,4519,4501,4500,3228,3240,2542,4516,4515,4510,4505,4509,4506,4508],"class_list":{"0":"post-13606","1":"product","2":"type-product","3":"status-publish","4":"has-post-thumbnail","6":"product_cat-cabine-infrarouge","7":"product_cat-tubes-a-epices","8":"product_tag-8-herbes-de-montagne","9":"product_tag-accessoires-pour-sauna","10":"product_tag-ambiance-du-sauna","11":"product_tag-aromatherapie-fr","12":"product_tag-arome-de-bien-etre","13":"product_tag-aromes-biologiques","14":"product_tag-bien-etre-par-les-plantes","15":"product_tag-cabine-infrarouge-herbes","16":"product_tag-detente","17":"product_tag-experience-du-sauna","18":"product_tag-experience-olfactive-au-sauna","19":"product_tag-explorez-votre-style-de-vie-fr","20":"product_tag-gervi-fr","21":"product_tag-herbes-autrichiennes","22":"product_tag-herbes-biologiques","23":"product_tag-herbes-infrarouges","24":"product_tag-herbes-pour-sauna-fr","25":"product_tag-herbes-pour-sauna","26":"product_tag-infraworld-fr","27":"product_tag-parfum-de-sauna-fr","28":"product_tag-parfums-naturels","29":"product_tag-produits-de-bien-etre","30":"product_tag-rituel-du-sauna","31":"product_tag-sauna-detente","32":"product_tag-sauna-relaxant","33":"product_tag-senteur-herbes-de-montagne","34":"product_tag-senteurs-douces","35":"product_tag-tubes-a-epices","36":"product_tag-vaporisateur-pour-sauna","37":"desktop-align-left","38":"tablet-align-left","39":"mobile-align-left","41":"first","42":"instock","43":"purchasable","44":"product-type-simple"},"acf":[],"uagb_featured_image_src":{"full":["https:\/\/gervi.be\/wp-content\/uploads\/2023\/08\/nr3Webshop-kruiden-bergkruiden-1.jpg",597,448,false],"thumbnail":["https:\/\/gervi.be\/wp-content\/uploads\/2023\/08\/nr3Webshop-kruiden-bergkruiden-1-150x150.jpg",150,150,true],"medium":["https:\/\/gervi.be\/wp-content\/uploads\/2023\/08\/nr3Webshop-kruiden-bergkruiden-1-300x225.jpg",300,225,true],"medium_large":["https:\/\/gervi.be\/wp-content\/uploads\/2023\/08\/nr3Webshop-kruiden-bergkruiden-1.jpg",597,448,false],"large":["https:\/\/gervi.be\/wp-content\/uploads\/2023\/08\/nr3Webshop-kruiden-bergkruiden-1.jpg",597,448,false],"1536x1536":["https:\/\/gervi.be\/wp-content\/uploads\/2023\/08\/nr3Webshop-kruiden-bergkruiden-1.jpg",597,448,false],"2048x2048":["https:\/\/gervi.be\/wp-content\/uploads\/2023\/08\/nr3Webshop-kruiden-bergkruiden-1.jpg",597,448,false],"woocommerce_thumbnail":["https:\/\/gervi.be\/wp-content\/uploads\/2023\/08\/nr3Webshop-kruiden-bergkruiden-1-300x300.jpg",300,300,true],"woocommerce_single":["https:\/\/gervi.be\/wp-content\/uploads\/2023\/08\/nr3Webshop-kruiden-bergkruiden-1.jpg",597,448,false],"woocommerce_gallery_thumbnail":["https:\/\/gervi.be\/wp-content\/uploads\/2023\/08\/nr3Webshop-kruiden-bergkruiden-1-100x100.jpg",100,100,true],"dgwt-wcas-product-suggestion":["https:\/\/gervi.be\/wp-content\/uploads\/2023\/08\/nr3Webshop-kruiden-bergkruiden-1.jpg",64,48,false]},"uagb_author_info":{"display_name":"Marjolein Nijs","author_link":"https:\/\/gervi.be\/fr\/author\/"},"uagb_comment_info":0,"uagb_excerpt":"Les 8 herbes de montagne apportent la force et la fra\u00eecheur des Alpes \u00e0 votre cabine infrarouge. Cette combinaison unique d&#8217;herbes de montagne comprend des fleurs sauvages et des plantes aromatiques traditionnellement utilis\u00e9es pour revitaliser le corps et l&#8217;esprit. En pla\u00e7ant le sachet sur le vaporisateur, vous d\u00e9gagez un ar\u00f4me naturel et rafra\u00eechissant qui vous\u2026","_links":{"self":[{"href":"https:\/\/gervi.be\/fr\/wp-json\/wp\/v2\/product\/13606","targetHints":{"allow":["GET"]}}],"collection":[{"href":"https:\/\/gervi.be\/fr\/wp-json\/wp\/v2\/product"}],"about":[{"href":"https:\/\/gervi.be\/fr\/wp-json\/wp\/v2\/types\/product"}],"wp:featuredmedia":[{"embeddable":true,"href":"https:\/\/gervi.be\/fr\/wp-json\/wp\/v2\/media\/13607"}],"wp:attachment":[{"href":"https:\/\/gervi.be\/fr\/wp-json\/wp\/v2\/media?parent=13606"}],"wp:term":[{"taxonomy":"product_brand","embeddable":true,"href":"https:\/\/gervi.be\/fr\/wp-json\/wp\/v2\/product_brand?post=13606"},{"taxonomy":"product_cat","embeddable":true,"href":"https:\/\/gervi.be\/fr\/wp-json\/wp\/v2\/product_cat?post=13606"},{"taxonomy":"product_tag","embeddable":true,"href":"https:\/\/gervi.be\/fr\/wp-json\/wp\/v2\/product_tag?post=13606"}],"curies":[{"name":"wp","href":"https:\/\/api.w.org\/{rel}","templated":true}]}}