{"id":13602,"date":"2023-08-29T13:50:05","date_gmt":"2023-08-29T11:50:05","guid":{"rendered":"https:\/\/gervi.be\/shop\/pierres-a-sel\/"},"modified":"2024-09-23T11:02:52","modified_gmt":"2024-09-23T09:02:52","slug":"pierres-de-sel","status":"publish","type":"product","link":"https:\/\/gervi.be\/fr\/produit\/pierres-de-sel\/","title":{"rendered":"Pierres \u00e0 sel"},"content":{"rendered":"<p>Am\u00e9liorez votre exp\u00e9rience du bien-\u00eatre avec nos <strong>pierres de sel fabriqu\u00e9es \u00e0 partir de sel naturel pur<\/strong>.<br \/>\nCes pierres de sel de haute qualit\u00e9, dont la couleur varie de l&#8217;<strong>orange au blanc<\/strong>, ont \u00e9t\u00e9 soigneusement s\u00e9lectionn\u00e9es pour \u00eatre utilis\u00e9es dans <strong>Sole therme<\/strong> et sont id\u00e9ales pour les saunas et les cabines infrarouges.<br \/>\nD&#8217;une taille de <strong>4 \u00e0 6 cm<\/strong>, ces pierres de sel constituent une source naturelle de min\u00e9raux et d&#8217;oligo-\u00e9l\u00e9ments, qui sont li\u00e9s au sel depuis des millions d&#8217;ann\u00e9es.<br \/>\nLorsque les pierres de sel entrent en contact avec la vapeur d&#8217;eau, des min\u00e9raux tels que le <strong>sodium, le chlorure, le potassium, le magn\u00e9sium<\/strong> et le <strong>calcium<\/strong> sont lib\u00e9r\u00e9s.<br \/>\nCes min\u00e9raux enrichissent l&#8217;air de la cabine et sont facilement absorb\u00e9s par le corps \u00e0 travers la peau et les voies respiratoires.<br \/>\nCe processus contribue \u00e0 am\u00e9liorer la qualit\u00e9 de l&#8217;air et a des effets b\u00e9n\u00e9fiques sur le syst\u00e8me respiratoire et la peau.       <strong>Caract\u00e9ristiques principales :<\/strong><\/p>\n<ul>\n<li><strong>Pierres de sel naturelles et pures de<\/strong> la plus haute qualit\u00e9, allant de l&#8217;orange au blanc.<\/li>\n<li><strong>Taille :<\/strong> 4-6 cm, id\u00e9al pour une utilisation dans les saunas et les cabines infrarouges de Sole therme.<\/li>\n<li>Riche en <strong>min\u00e9raux et oligo-\u00e9l\u00e9ments<\/strong> essentiels tels que le sodium, le potassium, le magn\u00e9sium et le calcium.<\/li>\n<li>La vapeur d&#8217;eau lave les pierres de sel, lib\u00e9rant les min\u00e9raux et enrichissant l&#8217;air de l&#8217;habitacle.<\/li>\n<li>Aide l&#8217;organisme \u00e0 absorber des substances b\u00e9n\u00e9fiques par la peau et les voies respiratoires, contribuant ainsi \u00e0 une meilleure respiration et \u00e0 une peau plus saine.<\/li>\n<\/ul>\n<p>  Ces pierres de sel offrent un moyen naturel et puissant d&#8217;enrichir en min\u00e9raux l&#8217;air de votre sauna ou de votre cabine infrarouge.<br \/>\nAjoutez-les \u00e0 votre programme de bien-\u00eatre pour profiter des bienfaits de <strong>Sole Therme<\/strong> et du pouvoir de gu\u00e9rison des min\u00e9raux anciens. <\/p>\n","protected":false},"excerpt":{"rendered":"<ul>\n<li>Quantit\u00e9 : 1kg<\/li>\n<\/ul>\n","protected":false},"featured_media":13603,"template":"","meta":{"_acf_changed":false,"_uag_custom_page_level_css":"","site-sidebar-layout":"default","site-content-layout":"","ast-site-content-layout":"default","site-content-style":"default","site-sidebar-style":"default","ast-global-header-display":"","ast-banner-title-visibility":"","ast-main-header-display":"","ast-hfb-above-header-display":"","ast-hfb-below-header-display":"","ast-hfb-mobile-header-display":"","site-post-title":"","ast-breadcrumbs-content":"","ast-featured-img":"","footer-sml-layout":"","ast-disable-related-posts":"","theme-transparent-header-meta":"default","adv-header-id-meta":"","stick-header-meta":"","header-above-stick-meta":"","header-main-stick-meta":"","header-below-stick-meta":"","astra-migrate-meta-layouts":"default","ast-page-background-enabled":"default","ast-page-background-meta":{"desktop":{"background-color":"","background-image":"","background-repeat":"repeat","background-position":"center center","background-size":"auto","background-attachment":"scroll","background-type":"","background-media":"","overlay-type":"","overlay-color":"","overlay-opacity":"","overlay-gradient":""},"tablet":{"background-color":"","background-image":"","background-repeat":"repeat","background-position":"center center","background-size":"auto","background-attachment":"scroll","background-type":"","background-media":"","overlay-type":"","overlay-color":"","overlay-opacity":"","overlay-gradient":""},"mobile":{"background-color":"","background-image":"","background-repeat":"repeat","background-position":"center center","background-size":"auto","background-attachment":"scroll","background-type":"","background-media":"","overlay-type":"","overlay-color":"","overlay-opacity":"","overlay-gradient":""}},"ast-content-background-meta":{"desktop":{"background-color":"var(--ast-global-color-5)","background-image":"","background-repeat":"repeat","background-position":"center center","background-size":"auto","background-attachment":"scroll","background-type":"","background-media":"","overlay-type":"","overlay-color":"","overlay-opacity":"","overlay-gradient":""},"tablet":{"background-color":"var(--ast-global-color-5)","background-image":"","background-repeat":"repeat","background-position":"center center","background-size":"auto","background-attachment":"scroll","background-type":"","background-media":"","overlay-type":"","overlay-color":"","overlay-opacity":"","overlay-gradient":""},"mobile":{"background-color":"var(--ast-global-color-5)","background-image":"","background-repeat":"repeat","background-position":"center center","background-size":"auto","background-attachment":"scroll","background-type":"","background-media":"","overlay-type":"","overlay-color":"","overlay-opacity":"","overlay-gradient":""}}},"product_brand":[],"product_cat":[817,791],"product_tag":[5404,4503,4830,4835,5411,4735,5390,5391,5405,5401,4593,4009,1314,5399,5403,5398,5395,5402,5400,5408,5387,5397,5389,5392,5410,5407,5388,5396,5394,5409,5406,5393],"class_list":{"0":"post-13602","1":"product","2":"type-product","3":"status-publish","4":"has-post-thumbnail","6":"product_cat-accessoires-fr-2","7":"product_cat-cabine-infrarouge","8":"product_tag-absorption-minerale","9":"product_tag-accessoires-pour-sauna","10":"product_tag-ameliorer-la-qualite-de-lair","11":"product_tag-ameliorer-la-respiration","12":"product_tag-bien-etre-mineral","13":"product_tag-bien-etre-naturel","14":"product_tag-cabine-infrarouge-pierres-de-sel","15":"product_tag-des-pierres-de-sel-riches-en-mineraux","16":"product_tag-des-voies-respiratoires-saines","17":"product_tag-enrichissement-de-lair-du-sauna","18":"product_tag-experience-de-bien-etre","19":"product_tag-explorez-votre-style-de-vie-fr","20":"product_tag-gervi-fr","21":"product_tag-le-calcium","22":"product_tag-les-bienfaits-de-la-therapie-par-le-sel","23":"product_tag-magnesium-fr","24":"product_tag-mineraux-benefiques","25":"product_tag-mineraux-naturels","26":"product_tag-oligo-elements","27":"product_tag-pierres-de-sel-infrarouge","28":"product_tag-pierres-de-sel-naturelles","29":"product_tag-potassium","30":"product_tag-sauna-en-pierre-de-sel","31":"product_tag-sel-naturel-pur","32":"product_tag-sel-pour-le-sauna","33":"product_tag-sel-pour-soins-de-la-peau","34":"product_tag-semelle-thermale","35":"product_tag-sodium","36":"product_tag-soins-de-la-peau","37":"product_tag-sole-therme-wellness-fr","38":"product_tag-therapie-par-le-sauna","39":"product_tag-therapie-par-le-sel","40":"desktop-align-left","41":"tablet-align-left","42":"mobile-align-left","44":"first","45":"instock","46":"purchasable","47":"product-type-simple"},"acf":[],"uagb_featured_image_src":{"full":["https:\/\/gervi.be\/wp-content\/uploads\/2023\/08\/nr3Webshop-zoutstenen.jpg",597,448,false],"thumbnail":["https:\/\/gervi.be\/wp-content\/uploads\/2023\/08\/nr3Webshop-zoutstenen-150x150.jpg",150,150,true],"medium":["https:\/\/gervi.be\/wp-content\/uploads\/2023\/08\/nr3Webshop-zoutstenen-300x225.jpg",300,225,true],"medium_large":["https:\/\/gervi.be\/wp-content\/uploads\/2023\/08\/nr3Webshop-zoutstenen.jpg",597,448,false],"large":["https:\/\/gervi.be\/wp-content\/uploads\/2023\/08\/nr3Webshop-zoutstenen.jpg",597,448,false],"1536x1536":["https:\/\/gervi.be\/wp-content\/uploads\/2023\/08\/nr3Webshop-zoutstenen.jpg",597,448,false],"2048x2048":["https:\/\/gervi.be\/wp-content\/uploads\/2023\/08\/nr3Webshop-zoutstenen.jpg",597,448,false],"woocommerce_thumbnail":["https:\/\/gervi.be\/wp-content\/uploads\/2023\/08\/nr3Webshop-zoutstenen-300x300.jpg",300,300,true],"woocommerce_single":["https:\/\/gervi.be\/wp-content\/uploads\/2023\/08\/nr3Webshop-zoutstenen.jpg",597,448,false],"woocommerce_gallery_thumbnail":["https:\/\/gervi.be\/wp-content\/uploads\/2023\/08\/nr3Webshop-zoutstenen-100x100.jpg",100,100,true],"dgwt-wcas-product-suggestion":["https:\/\/gervi.be\/wp-content\/uploads\/2023\/08\/nr3Webshop-zoutstenen.jpg",64,48,false]},"uagb_author_info":{"display_name":"Marjolein Nijs","author_link":"https:\/\/gervi.be\/fr\/author\/"},"uagb_comment_info":0,"uagb_excerpt":"Quantit\u00e9 : 1kg","_links":{"self":[{"href":"https:\/\/gervi.be\/fr\/wp-json\/wp\/v2\/product\/13602","targetHints":{"allow":["GET"]}}],"collection":[{"href":"https:\/\/gervi.be\/fr\/wp-json\/wp\/v2\/product"}],"about":[{"href":"https:\/\/gervi.be\/fr\/wp-json\/wp\/v2\/types\/product"}],"wp:featuredmedia":[{"embeddable":true,"href":"https:\/\/gervi.be\/fr\/wp-json\/wp\/v2\/media\/13603"}],"wp:attachment":[{"href":"https:\/\/gervi.be\/fr\/wp-json\/wp\/v2\/media?parent=13602"}],"wp:term":[{"taxonomy":"product_brand","embeddable":true,"href":"https:\/\/gervi.be\/fr\/wp-json\/wp\/v2\/product_brand?post=13602"},{"taxonomy":"product_cat","embeddable":true,"href":"https:\/\/gervi.be\/fr\/wp-json\/wp\/v2\/product_cat?post=13602"},{"taxonomy":"product_tag","embeddable":true,"href":"https:\/\/gervi.be\/fr\/wp-json\/wp\/v2\/product_tag?post=13602"}],"curies":[{"name":"wp","href":"https:\/\/api.w.org\/{rel}","templated":true}]}}