{"id":13590,"date":"2023-08-29T13:50:13","date_gmt":"2023-08-29T13:50:13","guid":{"rendered":"https:\/\/gervi.be\/shop\/inclinaison-personnelle\/"},"modified":"2023-08-29T13:50:13","modified_gmt":"2023-08-29T13:50:13","slug":"inclinaison-personne","status":"publish","type":"product","link":"https:\/\/gervi.be\/fr\/produit\/inclinaison-personne\/","title":{"rendered":"Inclinaison personnelle"},"content":{"rendered":"<p>Recline Personal est le nouveau v\u00e9lo d&#8217;appartement qui vous permet d&#8217;effectuer un entra\u00eenement cardiovasculaire de qualit\u00e9 et en toute s\u00e9curit\u00e9 \u00e0 la maison. Si\u00e8ge et p\u00e9dales ergonomiques, finitions \u00e9l\u00e9gantes et mat\u00e9riaux nobles, r\u00e9glages intuitifs, multim\u00e9dia dernier cri : Recline Personal r\u00e9unit dans un espace restreint de nombreuses caract\u00e9ristiques qui r\u00e9pondent \u00e0 votre besoin de vous d\u00e9placer de mani\u00e8re ludique et confortable.<\/p>\n","protected":false},"excerpt":{"rendered":"<p>Recline Personal est le nouveau v\u00e9lo d&#8217;appartement qui vous permet d&#8217;effectuer un entra\u00eenement cardiovasculaire de qualit\u00e9 et en toute s\u00e9curit\u00e9 \u00e0 la maison. Si\u00e8ge et p\u00e9dales ergonomiques, finitions \u00e9l\u00e9gantes et mat\u00e9riaux nobles, r\u00e9glages intuitifs, multim\u00e9dia dernier cri : Recline Personal r\u00e9unit dans un espace restreint de nombreuses caract\u00e9ristiques qui r\u00e9pondent \u00e0 votre besoin de vous [&hellip;]<\/p>\n","protected":false},"featured_media":13592,"template":"","meta":{"_acf_changed":false,"_uag_custom_page_level_css":"","site-sidebar-layout":"default","site-content-layout":"","ast-site-content-layout":"default","site-content-style":"default","site-sidebar-style":"default","ast-global-header-display":"","ast-banner-title-visibility":"","ast-main-header-display":"","ast-hfb-above-header-display":"","ast-hfb-below-header-display":"","ast-hfb-mobile-header-display":"","site-post-title":"","ast-breadcrumbs-content":"","ast-featured-img":"","footer-sml-layout":"","ast-disable-related-posts":"","theme-transparent-header-meta":"","adv-header-id-meta":"","stick-header-meta":"","header-above-stick-meta":"","header-main-stick-meta":"","header-below-stick-meta":"","astra-migrate-meta-layouts":"default","ast-page-background-enabled":"default","ast-page-background-meta":{"desktop":{"background-color":"","background-image":"","background-repeat":"repeat","background-position":"center center","background-size":"auto","background-attachment":"scroll","background-type":"","background-media":"","overlay-type":"","overlay-color":"","overlay-opacity":"","overlay-gradient":""},"tablet":{"background-color":"","background-image":"","background-repeat":"repeat","background-position":"center center","background-size":"auto","background-attachment":"scroll","background-type":"","background-media":"","overlay-type":"","overlay-color":"","overlay-opacity":"","overlay-gradient":""},"mobile":{"background-color":"","background-image":"","background-repeat":"repeat","background-position":"center center","background-size":"auto","background-attachment":"scroll","background-type":"","background-media":"","overlay-type":"","overlay-color":"","overlay-opacity":"","overlay-gradient":""}},"ast-content-background-meta":{"desktop":{"background-color":"var(--ast-global-color-5)","background-image":"","background-repeat":"repeat","background-position":"center center","background-size":"auto","background-attachment":"scroll","background-type":"","background-media":"","overlay-type":"","overlay-color":"","overlay-opacity":"","overlay-gradient":""},"tablet":{"background-color":"var(--ast-global-color-5)","background-image":"","background-repeat":"repeat","background-position":"center center","background-size":"auto","background-attachment":"scroll","background-type":"","background-media":"","overlay-type":"","overlay-color":"","overlay-opacity":"","overlay-gradient":""},"mobile":{"background-color":"var(--ast-global-color-5)","background-image":"","background-repeat":"repeat","background-position":"center center","background-size":"auto","background-attachment":"scroll","background-type":"","background-media":"","overlay-type":"","overlay-color":"","overlay-opacity":"","overlay-gradient":""}}},"product_brand":[],"product_cat":[665,668],"product_tag":[],"class_list":{"0":"post-13590","1":"product","2":"type-product","3":"status-publish","4":"has-post-thumbnail","6":"product_cat-equipements-de-remise-en-forme","7":"product_cat-velos-dappartement","8":"desktop-align-left","9":"tablet-align-left","10":"mobile-align-left","12":"first","13":"instock","14":"purchasable","15":"product-type-simple"},"acf":[],"uagb_featured_image_src":{"full":["https:\/\/gervi.be\/wp-content\/uploads\/2023\/08\/nr3Webshop-recline-personal.jpg",597,448,false],"thumbnail":["https:\/\/gervi.be\/wp-content\/uploads\/2023\/08\/nr3Webshop-recline-personal-150x150.jpg",150,150,true],"medium":["https:\/\/gervi.be\/wp-content\/uploads\/2023\/08\/nr3Webshop-recline-personal-300x225.jpg",300,225,true],"medium_large":["https:\/\/gervi.be\/wp-content\/uploads\/2023\/08\/nr3Webshop-recline-personal.jpg",597,448,false],"large":["https:\/\/gervi.be\/wp-content\/uploads\/2023\/08\/nr3Webshop-recline-personal.jpg",597,448,false],"1536x1536":["https:\/\/gervi.be\/wp-content\/uploads\/2023\/08\/nr3Webshop-recline-personal.jpg",597,448,false],"2048x2048":["https:\/\/gervi.be\/wp-content\/uploads\/2023\/08\/nr3Webshop-recline-personal.jpg",597,448,false],"woocommerce_thumbnail":["https:\/\/gervi.be\/wp-content\/uploads\/2023\/08\/nr3Webshop-recline-personal-300x300.jpg",300,300,true],"woocommerce_single":["https:\/\/gervi.be\/wp-content\/uploads\/2023\/08\/nr3Webshop-recline-personal.jpg",597,448,false],"woocommerce_gallery_thumbnail":["https:\/\/gervi.be\/wp-content\/uploads\/2023\/08\/nr3Webshop-recline-personal-100x100.jpg",100,100,true],"dgwt-wcas-product-suggestion":["https:\/\/gervi.be\/wp-content\/uploads\/2023\/08\/nr3Webshop-recline-personal.jpg",64,48,false]},"uagb_author_info":{"display_name":"Marjolein Nijs","author_link":"https:\/\/gervi.be\/fr\/author\/"},"uagb_comment_info":0,"uagb_excerpt":"Recline Personal est le nouveau v\u00e9lo d&#8217;appartement qui vous permet d&#8217;effectuer un entra\u00eenement cardiovasculaire de qualit\u00e9 et en toute s\u00e9curit\u00e9 \u00e0 la maison. Si\u00e8ge et p\u00e9dales ergonomiques, finitions \u00e9l\u00e9gantes et mat\u00e9riaux nobles, r\u00e9glages intuitifs, multim\u00e9dia dernier cri : Recline Personal r\u00e9unit dans un espace restreint de nombreuses caract\u00e9ristiques qui r\u00e9pondent \u00e0 votre besoin de vous\u2026","_links":{"self":[{"href":"https:\/\/gervi.be\/fr\/wp-json\/wp\/v2\/product\/13590","targetHints":{"allow":["GET"]}}],"collection":[{"href":"https:\/\/gervi.be\/fr\/wp-json\/wp\/v2\/product"}],"about":[{"href":"https:\/\/gervi.be\/fr\/wp-json\/wp\/v2\/types\/product"}],"wp:featuredmedia":[{"embeddable":true,"href":"https:\/\/gervi.be\/fr\/wp-json\/wp\/v2\/media\/13592"}],"wp:attachment":[{"href":"https:\/\/gervi.be\/fr\/wp-json\/wp\/v2\/media?parent=13590"}],"wp:term":[{"taxonomy":"product_brand","embeddable":true,"href":"https:\/\/gervi.be\/fr\/wp-json\/wp\/v2\/product_brand?post=13590"},{"taxonomy":"product_cat","embeddable":true,"href":"https:\/\/gervi.be\/fr\/wp-json\/wp\/v2\/product_cat?post=13590"},{"taxonomy":"product_tag","embeddable":true,"href":"https:\/\/gervi.be\/fr\/wp-json\/wp\/v2\/product_tag?post=13590"}],"curies":[{"name":"wp","href":"https:\/\/api.w.org\/{rel}","templated":true}]}}