{"id":13576,"date":"2023-08-29T13:50:13","date_gmt":"2023-08-29T11:50:13","guid":{"rendered":"https:\/\/gervi.be\/shop\/flocons-de-pin-suisse\/"},"modified":"2024-09-17T15:39:39","modified_gmt":"2024-09-17T13:39:39","slug":"flocons-de-pin-de-montagne","status":"publish","type":"product","link":"https:\/\/gervi.be\/fr\/produit\/flocons-de-pin-de-montagne\/","title":{"rendered":"Flocons de pin suisse"},"content":{"rendered":"<p>Les <strong>flocons de pin suisse<\/strong> proviennent du pin sylvestre autrichien et sont connus pour leurs propri\u00e9t\u00e9s calmantes et nettoyantes.<br \/>\nL&#8217;ar\u00f4me bois\u00e9 naturel apporte un calme et une d\u00e9tente profonds, parfaits pour rel\u00e2cher la tension de la journ\u00e9e.<br \/>\nLorsque l&#8217;enveloppe de la plante est sur l&#8217;\u00e9vaporateur, un parfum doux et bois\u00e9 est lib\u00e9r\u00e9 qui non seulement ouvre les voies respiratoires mais aussi calme l&#8217;esprit.<br \/>\nLes flocons biologiques contiennent des huiles naturelles qui aident \u00e0 r\u00e9duire le stress et la fatigue.<br \/>\nDe plus, les flocons de pin de montagne ont une action antiseptique, c&#8217;est-\u00e0-dire qu&#8217;ils purifient l&#8217;air et rendent l&#8217;atmosph\u00e8re g\u00e9n\u00e9rale de la cabine infrarouge encore plus agr\u00e9able.<br \/>\nId\u00e9al pour ceux qui aiment les senteurs fra\u00eeches et naturelles qui \u00e9voquent un lien profond avec la nature.     <\/p>\n","protected":false},"excerpt":{"rendered":"<p>Les flocons de pin suisse proviennent du pin sylvestre autrichien et sont connus pour leurs propri\u00e9t\u00e9s calmantes et nettoyantes. L&#8217;ar\u00f4me bois\u00e9 naturel apporte un calme et une d\u00e9tente profonds, parfaits pour rel\u00e2cher la tension de la journ\u00e9e. Lorsque l&#8217;enveloppe de la plante est sur l&#8217;\u00e9vaporateur, un parfum doux et bois\u00e9 est lib\u00e9r\u00e9 qui non seulement [&hellip;]<\/p>\n","protected":false},"featured_media":13580,"template":"","meta":{"_acf_changed":false,"_uag_custom_page_level_css":"","site-sidebar-layout":"default","site-content-layout":"","ast-site-content-layout":"default","site-content-style":"default","site-sidebar-style":"default","ast-global-header-display":"","ast-banner-title-visibility":"","ast-main-header-display":"","ast-hfb-above-header-display":"","ast-hfb-below-header-display":"","ast-hfb-mobile-header-display":"","site-post-title":"","ast-breadcrumbs-content":"","ast-featured-img":"","footer-sml-layout":"","ast-disable-related-posts":"","theme-transparent-header-meta":"default","adv-header-id-meta":"","stick-header-meta":"","header-above-stick-meta":"","header-main-stick-meta":"","header-below-stick-meta":"","astra-migrate-meta-layouts":"default","ast-page-background-enabled":"default","ast-page-background-meta":{"desktop":{"background-color":"","background-image":"","background-repeat":"repeat","background-position":"center center","background-size":"auto","background-attachment":"scroll","background-type":"","background-media":"","overlay-type":"","overlay-color":"","overlay-opacity":"","overlay-gradient":""},"tablet":{"background-color":"","background-image":"","background-repeat":"repeat","background-position":"center center","background-size":"auto","background-attachment":"scroll","background-type":"","background-media":"","overlay-type":"","overlay-color":"","overlay-opacity":"","overlay-gradient":""},"mobile":{"background-color":"","background-image":"","background-repeat":"repeat","background-position":"center center","background-size":"auto","background-attachment":"scroll","background-type":"","background-media":"","overlay-type":"","overlay-color":"","overlay-opacity":"","overlay-gradient":""}},"ast-content-background-meta":{"desktop":{"background-color":"var(--ast-global-color-5)","background-image":"","background-repeat":"repeat","background-position":"center center","background-size":"auto","background-attachment":"scroll","background-type":"","background-media":"","overlay-type":"","overlay-color":"","overlay-opacity":"","overlay-gradient":""},"tablet":{"background-color":"var(--ast-global-color-5)","background-image":"","background-repeat":"repeat","background-position":"center center","background-size":"auto","background-attachment":"scroll","background-type":"","background-media":"","overlay-type":"","overlay-color":"","overlay-opacity":"","overlay-gradient":""},"mobile":{"background-color":"var(--ast-global-color-5)","background-image":"","background-repeat":"repeat","background-position":"center center","background-size":"auto","background-attachment":"scroll","background-type":"","background-media":"","overlay-type":"","overlay-color":"","overlay-opacity":"","overlay-gradient":""}}},"product_brand":[],"product_cat":[791,869],"product_tag":[4596,4503,4589,2544,4585,4595,4587,4548,4594,1344,4598,4584,4593,2396,4009,4581,1314,4502,4588,4586,4543,4591,4599,3240,4582,4583,4590,4592,4597,4555,3503,4558],"class_list":{"0":"post-13576","1":"product","2":"type-product","3":"status-publish","4":"has-post-thumbnail","6":"product_cat-cabine-infrarouge","7":"product_cat-tubes-a-epices","8":"product_tag-accessoires-de-bien-etre","9":"product_tag-accessoires-pour-sauna","10":"product_tag-action-antiseptique","11":"product_tag-aromatherapie-fr","12":"product_tag-arome-boise","13":"product_tag-arome-de-pin","14":"product_tag-bol-depices","15":"product_tag-cabine-infrarouge-fr","16":"product_tag-des-parfums-frais-fr","17":"product_tag-detente","18":"product_tag-detente-apres-une-longue-journee","19":"product_tag-effet-nettoyant","20":"product_tag-experience-de-bien-etre","21":"product_tag-experience-thermale","22":"product_tag-explorez-votre-style-de-vie-fr","23":"product_tag-flocons-de-pin-de-montagne","24":"product_tag-gervi-fr","25":"product_tag-herbes-biologiques","26":"product_tag-huiles-naturelles","27":"product_tag-odeur-boisee","28":"product_tag-ouvrir-les-voies-respiratoires","29":"product_tag-parfum-apaisant-fr","30":"product_tag-parfums-naturels-fr","31":"product_tag-parfums-naturels","32":"product_tag-pin-sylvestre-autrichien","33":"product_tag-proprietes-apaisantes","34":"product_tag-purification-de-lair","35":"product_tag-reduire-la-fatigue","36":"product_tag-relaxation-naturelle","37":"product_tag-sauna-infrarouge-fr","38":"product_tag-soulagement-du-stress","39":"product_tag-vaporisateur-a-base-de-plantes","40":"desktop-align-left","41":"tablet-align-left","42":"mobile-align-left","44":"first","45":"instock","46":"purchasable","47":"product-type-simple"},"acf":[],"uagb_featured_image_src":{"full":["https:\/\/gervi.be\/wp-content\/uploads\/2023\/08\/nr3Webshop-kruiden-alpenden.jpg",597,448,false],"thumbnail":["https:\/\/gervi.be\/wp-content\/uploads\/2023\/08\/nr3Webshop-kruiden-alpenden-150x150.jpg",150,150,true],"medium":["https:\/\/gervi.be\/wp-content\/uploads\/2023\/08\/nr3Webshop-kruiden-alpenden-300x225.jpg",300,225,true],"medium_large":["https:\/\/gervi.be\/wp-content\/uploads\/2023\/08\/nr3Webshop-kruiden-alpenden.jpg",597,448,false],"large":["https:\/\/gervi.be\/wp-content\/uploads\/2023\/08\/nr3Webshop-kruiden-alpenden.jpg",597,448,false],"1536x1536":["https:\/\/gervi.be\/wp-content\/uploads\/2023\/08\/nr3Webshop-kruiden-alpenden.jpg",597,448,false],"2048x2048":["https:\/\/gervi.be\/wp-content\/uploads\/2023\/08\/nr3Webshop-kruiden-alpenden.jpg",597,448,false],"woocommerce_thumbnail":["https:\/\/gervi.be\/wp-content\/uploads\/2023\/08\/nr3Webshop-kruiden-alpenden-300x300.jpg",300,300,true],"woocommerce_single":["https:\/\/gervi.be\/wp-content\/uploads\/2023\/08\/nr3Webshop-kruiden-alpenden.jpg",597,448,false],"woocommerce_gallery_thumbnail":["https:\/\/gervi.be\/wp-content\/uploads\/2023\/08\/nr3Webshop-kruiden-alpenden-100x100.jpg",100,100,true],"dgwt-wcas-product-suggestion":["https:\/\/gervi.be\/wp-content\/uploads\/2023\/08\/nr3Webshop-kruiden-alpenden.jpg",64,48,false]},"uagb_author_info":{"display_name":"Marjolein Nijs","author_link":"https:\/\/gervi.be\/fr\/author\/"},"uagb_comment_info":0,"uagb_excerpt":"Les flocons de pin suisse proviennent du pin sylvestre autrichien et sont connus pour leurs propri\u00e9t\u00e9s calmantes et nettoyantes. L&#8217;ar\u00f4me bois\u00e9 naturel apporte un calme et une d\u00e9tente profonds, parfaits pour rel\u00e2cher la tension de la journ\u00e9e. Lorsque l&#8217;enveloppe de la plante est sur l&#8217;\u00e9vaporateur, un parfum doux et bois\u00e9 est lib\u00e9r\u00e9 qui non seulement\u2026","_links":{"self":[{"href":"https:\/\/gervi.be\/fr\/wp-json\/wp\/v2\/product\/13576","targetHints":{"allow":["GET"]}}],"collection":[{"href":"https:\/\/gervi.be\/fr\/wp-json\/wp\/v2\/product"}],"about":[{"href":"https:\/\/gervi.be\/fr\/wp-json\/wp\/v2\/types\/product"}],"wp:featuredmedia":[{"embeddable":true,"href":"https:\/\/gervi.be\/fr\/wp-json\/wp\/v2\/media\/13580"}],"wp:attachment":[{"href":"https:\/\/gervi.be\/fr\/wp-json\/wp\/v2\/media?parent=13576"}],"wp:term":[{"taxonomy":"product_brand","embeddable":true,"href":"https:\/\/gervi.be\/fr\/wp-json\/wp\/v2\/product_brand?post=13576"},{"taxonomy":"product_cat","embeddable":true,"href":"https:\/\/gervi.be\/fr\/wp-json\/wp\/v2\/product_cat?post=13576"},{"taxonomy":"product_tag","embeddable":true,"href":"https:\/\/gervi.be\/fr\/wp-json\/wp\/v2\/product_tag?post=13576"}],"curies":[{"name":"wp","href":"https:\/\/api.w.org\/{rel}","templated":true}]}}