{"id":13570,"date":"2023-08-29T13:50:13","date_gmt":"2023-08-29T11:50:13","guid":{"rendered":"https:\/\/gervi.be\/shop\/eucalyptus\/"},"modified":"2024-09-17T15:41:18","modified_gmt":"2024-09-17T13:41:18","slug":"eucalyptus","status":"publish","type":"product","link":"https:\/\/gervi.be\/fr\/produit\/eucalyptus\/","title":{"rendered":"Eucalyptus"},"content":{"rendered":"<p>L<strong>&#8216;eucalyptus<\/strong> est connu pour ses effets rafra\u00eechissants et stimulants.<br \/>\nCette plante puissante aide \u00e0 d\u00e9gager les voies respiratoires et convient parfaitement aux personnes souffrant de rhume ou de sinus bouch\u00e9s.<br \/>\nLorsque le sachet est plac\u00e9 sur le vaporisateur, il diffuse un ar\u00f4me vivifiant et menthol\u00e9 qui facilite la respiration et procure une sensation de puret\u00e9 et de rafra\u00eechissement.<br \/>\nL&#8217;eucalyptus a des effets antibact\u00e9riens et anti-inflammatoires, ce qui le rend id\u00e9al pour une utilisation dans une cabine infrarouge afin de promouvoir le bien-\u00eatre du corps.<br \/>\nLa vapeur d&#8217;eau lie les ingr\u00e9dients actifs, ce qui vous permet de profiter pleinement de ses propri\u00e9t\u00e9s curatives.<br \/>\nUtilisez-le \u00e0 la maison, dans la voiture ou m\u00eame dans la garde-robe pour un parfum frais et durable qui remplit votre espace d&#8217;\u00e9nergie.     <\/p>\n","protected":false},"excerpt":{"rendered":"<p>L&#8216;eucalyptus est connu pour ses effets rafra\u00eechissants et stimulants. Cette plante puissante aide \u00e0 d\u00e9gager les voies respiratoires et convient parfaitement aux personnes souffrant de rhume ou de sinus bouch\u00e9s. Lorsque le sachet est plac\u00e9 sur le vaporisateur, il diffuse un ar\u00f4me vivifiant et menthol\u00e9 qui facilite la respiration et procure une sensation de puret\u00e9 [&hellip;]<\/p>\n","protected":false},"featured_media":13571,"template":"","meta":{"_acf_changed":false,"_uag_custom_page_level_css":"","site-sidebar-layout":"default","site-content-layout":"","ast-site-content-layout":"default","site-content-style":"default","site-sidebar-style":"default","ast-global-header-display":"","ast-banner-title-visibility":"","ast-main-header-display":"","ast-hfb-above-header-display":"","ast-hfb-below-header-display":"","ast-hfb-mobile-header-display":"","site-post-title":"","ast-breadcrumbs-content":"","ast-featured-img":"","footer-sml-layout":"","ast-disable-related-posts":"","theme-transparent-header-meta":"default","adv-header-id-meta":"","stick-header-meta":"","header-above-stick-meta":"","header-main-stick-meta":"","header-below-stick-meta":"","astra-migrate-meta-layouts":"default","ast-page-background-enabled":"default","ast-page-background-meta":{"desktop":{"background-color":"","background-image":"","background-repeat":"repeat","background-position":"center center","background-size":"auto","background-attachment":"scroll","background-type":"","background-media":"","overlay-type":"","overlay-color":"","overlay-opacity":"","overlay-gradient":""},"tablet":{"background-color":"","background-image":"","background-repeat":"repeat","background-position":"center center","background-size":"auto","background-attachment":"scroll","background-type":"","background-media":"","overlay-type":"","overlay-color":"","overlay-opacity":"","overlay-gradient":""},"mobile":{"background-color":"","background-image":"","background-repeat":"repeat","background-position":"center center","background-size":"auto","background-attachment":"scroll","background-type":"","background-media":"","overlay-type":"","overlay-color":"","overlay-opacity":"","overlay-gradient":""}},"ast-content-background-meta":{"desktop":{"background-color":"var(--ast-global-color-5)","background-image":"","background-repeat":"repeat","background-position":"center center","background-size":"auto","background-attachment":"scroll","background-type":"","background-media":"","overlay-type":"","overlay-color":"","overlay-opacity":"","overlay-gradient":""},"tablet":{"background-color":"var(--ast-global-color-5)","background-image":"","background-repeat":"repeat","background-position":"center center","background-size":"auto","background-attachment":"scroll","background-type":"","background-media":"","overlay-type":"","overlay-color":"","overlay-opacity":"","overlay-gradient":""},"mobile":{"background-color":"var(--ast-global-color-5)","background-image":"","background-repeat":"repeat","background-position":"center center","background-size":"auto","background-attachment":"scroll","background-type":"","background-media":"","overlay-type":"","overlay-color":"","overlay-opacity":"","overlay-gradient":""}}},"product_brand":[],"product_cat":[791,869],"product_tag":[4503,4553,4547,4546,2544,4550,4544,1315,4548,3271,4559,4542,4541,3478,4009,4556,1314,4501,4549,4551,4545,4543,4560,2160,3240,4557,4554,4555,4552,4561,4558],"class_list":{"0":"post-13570","1":"product","2":"type-product","3":"status-publish","4":"has-post-thumbnail","6":"product_cat-cabine-infrarouge","7":"product_cat-tubes-a-epices","8":"product_tag-accessoires-pour-sauna","9":"product_tag-air-pur","10":"product_tag-anti-inflammatoire","11":"product_tag-antibacterien","12":"product_tag-aromatherapie-fr","13":"product_tag-arome-deucalyptus","14":"product_tag-arome-rafraichissant","15":"product_tag-bien-etre","16":"product_tag-cabine-infrarouge-fr","17":"product_tag-eclairage-des-voies-aeriennes","18":"product_tag-effet-curatif","19":"product_tag-effet-de-leucalyptus","20":"product_tag-eucalyptus-fr","21":"product_tag-experience-du-sauna","22":"product_tag-explorez-votre-style-de-vie-fr","23":"product_tag-faciliter-la-respiration","24":"product_tag-gervi-fr","25":"product_tag-herbes-pour-sauna","26":"product_tag-leucalyptus-pour-la-respiration","27":"product_tag-les-bienfaits-de-leucalyptus","28":"product_tag-odeur-de-menthe","29":"product_tag-ouvrir-les-voies-respiratoires","30":"product_tag-parfum-energisant","31":"product_tag-parfum-frais","32":"product_tag-parfums-naturels","33":"product_tag-sachet-deucalyptus","34":"product_tag-sauna-a-leucalyptus","35":"product_tag-sauna-infrarouge-fr","36":"product_tag-soulagement-du-froid","37":"product_tag-therapie-a-leucalyptus","38":"product_tag-vaporisateur-a-base-de-plantes","39":"desktop-align-left","40":"tablet-align-left","41":"mobile-align-left","43":"first","44":"instock","45":"purchasable","46":"product-type-simple"},"acf":[],"uagb_featured_image_src":{"full":["https:\/\/gervi.be\/wp-content\/uploads\/2023\/08\/nr3Webshop-kruiden-eucalyptus.jpg",597,448,false],"thumbnail":["https:\/\/gervi.be\/wp-content\/uploads\/2023\/08\/nr3Webshop-kruiden-eucalyptus-150x150.jpg",150,150,true],"medium":["https:\/\/gervi.be\/wp-content\/uploads\/2023\/08\/nr3Webshop-kruiden-eucalyptus-300x225.jpg",300,225,true],"medium_large":["https:\/\/gervi.be\/wp-content\/uploads\/2023\/08\/nr3Webshop-kruiden-eucalyptus.jpg",597,448,false],"large":["https:\/\/gervi.be\/wp-content\/uploads\/2023\/08\/nr3Webshop-kruiden-eucalyptus.jpg",597,448,false],"1536x1536":["https:\/\/gervi.be\/wp-content\/uploads\/2023\/08\/nr3Webshop-kruiden-eucalyptus.jpg",597,448,false],"2048x2048":["https:\/\/gervi.be\/wp-content\/uploads\/2023\/08\/nr3Webshop-kruiden-eucalyptus.jpg",597,448,false],"woocommerce_thumbnail":["https:\/\/gervi.be\/wp-content\/uploads\/2023\/08\/nr3Webshop-kruiden-eucalyptus-300x300.jpg",300,300,true],"woocommerce_single":["https:\/\/gervi.be\/wp-content\/uploads\/2023\/08\/nr3Webshop-kruiden-eucalyptus.jpg",597,448,false],"woocommerce_gallery_thumbnail":["https:\/\/gervi.be\/wp-content\/uploads\/2023\/08\/nr3Webshop-kruiden-eucalyptus-100x100.jpg",100,100,true],"dgwt-wcas-product-suggestion":["https:\/\/gervi.be\/wp-content\/uploads\/2023\/08\/nr3Webshop-kruiden-eucalyptus.jpg",64,48,false]},"uagb_author_info":{"display_name":"Marjolein Nijs","author_link":"https:\/\/gervi.be\/fr\/author\/"},"uagb_comment_info":0,"uagb_excerpt":"L&#8216;eucalyptus est connu pour ses effets rafra\u00eechissants et stimulants. Cette plante puissante aide \u00e0 d\u00e9gager les voies respiratoires et convient parfaitement aux personnes souffrant de rhume ou de sinus bouch\u00e9s. Lorsque le sachet est plac\u00e9 sur le vaporisateur, il diffuse un ar\u00f4me vivifiant et menthol\u00e9 qui facilite la respiration et procure une sensation de puret\u00e9\u2026","_links":{"self":[{"href":"https:\/\/gervi.be\/fr\/wp-json\/wp\/v2\/product\/13570","targetHints":{"allow":["GET"]}}],"collection":[{"href":"https:\/\/gervi.be\/fr\/wp-json\/wp\/v2\/product"}],"about":[{"href":"https:\/\/gervi.be\/fr\/wp-json\/wp\/v2\/types\/product"}],"wp:featuredmedia":[{"embeddable":true,"href":"https:\/\/gervi.be\/fr\/wp-json\/wp\/v2\/media\/13571"}],"wp:attachment":[{"href":"https:\/\/gervi.be\/fr\/wp-json\/wp\/v2\/media?parent=13570"}],"wp:term":[{"taxonomy":"product_brand","embeddable":true,"href":"https:\/\/gervi.be\/fr\/wp-json\/wp\/v2\/product_brand?post=13570"},{"taxonomy":"product_cat","embeddable":true,"href":"https:\/\/gervi.be\/fr\/wp-json\/wp\/v2\/product_cat?post=13570"},{"taxonomy":"product_tag","embeddable":true,"href":"https:\/\/gervi.be\/fr\/wp-json\/wp\/v2\/product_tag?post=13570"}],"curies":[{"name":"wp","href":"https:\/\/api.w.org\/{rel}","templated":true}]}}