{"id":13561,"date":"2023-08-29T13:50:05","date_gmt":"2023-08-29T11:50:05","guid":{"rendered":"https:\/\/gervi.be\/shop\/huile-gin-citron\/"},"modified":"2024-09-17T16:17:59","modified_gmt":"2024-09-17T14:17:59","slug":"huile-de-genievre-citron","status":"publish","type":"product","link":"https:\/\/gervi.be\/fr\/produit\/huile-de-genievre-citron\/","title":{"rendered":"Huile gin-citron"},"content":{"rendered":"<p><strong>Gin Lemon Oil<\/strong> offre une combinaison unique et stimulante du parfum frais du <strong>citron<\/strong> et des notes terreuses et apaisantes du <strong>gen\u00e9vrier<\/strong>. L&#8217;<strong>huile de citron<\/strong> est connue pour son effet rafra\u00eechissant et aide \u00e0 purifier l&#8217;air, ce qui la rend id\u00e9ale pour am\u00e9liorer la qualit\u00e9 de la respiration dans la cabine infrarouge.<br \/>\nSon parfum d&#8217;agrumes vivifie les sens et favorise la clart\u00e9 mentale et la concentration. L&#8217;<strong>huile de geni\u00e8vre<\/strong>, quant \u00e0 elle, a un parfum plus profond et terreux qui aide \u00e0 soulager les tensions musculaires et \u00e0 calmer l&#8217;esprit.<br \/>\nCette huile est connue pour ses propri\u00e9t\u00e9s d\u00e9toxifiantes et peut aider \u00e0 soutenir le syst\u00e8me immunitaire.<br \/>\nL&#8217;association du geni\u00e8vre et du citron cr\u00e9e un \u00e9quilibre entre rafra\u00eechissement et relaxation, vous laissant non seulement rafra\u00eechi mentalement mais aussi restaur\u00e9 physiquement.<br \/>\nCe parfum est id\u00e9al pour ceux qui recherchent une exp\u00e9rience de bien-\u00eatre \u00e0 la fois revitalisante et relaxante.<br \/>\nLes notes fra\u00eeches d&#8217;agrumes combin\u00e9es au parfum terreux du gen\u00e9vrier font de chaque s\u00e9ance de cabine infrarouge une exp\u00e9rience unique et revigorante.     <\/p>\n","protected":false},"excerpt":{"rendered":"<ul>\n<li>Volume : 150 ml<\/li>\n<\/ul>\n","protected":false},"featured_media":13565,"template":"","meta":{"_acf_changed":false,"_uag_custom_page_level_css":"","site-sidebar-layout":"default","site-content-layout":"","ast-site-content-layout":"default","site-content-style":"default","site-sidebar-style":"default","ast-global-header-display":"","ast-banner-title-visibility":"","ast-main-header-display":"","ast-hfb-above-header-display":"","ast-hfb-below-header-display":"","ast-hfb-mobile-header-display":"","site-post-title":"","ast-breadcrumbs-content":"","ast-featured-img":"","footer-sml-layout":"","ast-disable-related-posts":"","theme-transparent-header-meta":"default","adv-header-id-meta":"","stick-header-meta":"","header-above-stick-meta":"","header-main-stick-meta":"","header-below-stick-meta":"","astra-migrate-meta-layouts":"default","ast-page-background-enabled":"default","ast-page-background-meta":{"desktop":{"background-color":"","background-image":"","background-repeat":"repeat","background-position":"center center","background-size":"auto","background-attachment":"scroll","background-type":"","background-media":"","overlay-type":"","overlay-color":"","overlay-opacity":"","overlay-gradient":""},"tablet":{"background-color":"","background-image":"","background-repeat":"repeat","background-position":"center center","background-size":"auto","background-attachment":"scroll","background-type":"","background-media":"","overlay-type":"","overlay-color":"","overlay-opacity":"","overlay-gradient":""},"mobile":{"background-color":"","background-image":"","background-repeat":"repeat","background-position":"center center","background-size":"auto","background-attachment":"scroll","background-type":"","background-media":"","overlay-type":"","overlay-color":"","overlay-opacity":"","overlay-gradient":""}},"ast-content-background-meta":{"desktop":{"background-color":"var(--ast-global-color-5)","background-image":"","background-repeat":"repeat","background-position":"center center","background-size":"auto","background-attachment":"scroll","background-type":"","background-media":"","overlay-type":"","overlay-color":"","overlay-opacity":"","overlay-gradient":""},"tablet":{"background-color":"var(--ast-global-color-5)","background-image":"","background-repeat":"repeat","background-position":"center center","background-size":"auto","background-attachment":"scroll","background-type":"","background-media":"","overlay-type":"","overlay-color":"","overlay-opacity":"","overlay-gradient":""},"mobile":{"background-color":"var(--ast-global-color-5)","background-image":"","background-repeat":"repeat","background-position":"center center","background-size":"auto","background-attachment":"scroll","background-type":"","background-media":"","overlay-type":"","overlay-color":"","overlay-opacity":"","overlay-gradient":""}}},"product_brand":[],"product_cat":[791,816],"product_tag":[4503,4901,4853,2544,4856,3379,4548,4903,3246,4904,4593,4009,1314,4721,4897,4896,4832,4588,4898,4591,4900,2160,2549,4902,2574,4899,4590,4905,4884,4698,4799,4688],"class_list":{"0":"post-13561","1":"product","2":"type-product","3":"status-publish","4":"has-post-thumbnail","6":"product_cat-cabine-infrarouge","7":"product_cat-huiles","8":"product_tag-accessoires-pour-sauna","9":"product_tag-alternative-a-leucalyptus","10":"product_tag-ameliorer-la-concentration-fr","11":"product_tag-aromatherapie-fr","12":"product_tag-arome-dagrumes","13":"product_tag-bien-etre-aux-agrumes","14":"product_tag-cabine-infrarouge-fr","15":"product_tag-citron-et-genievre","16":"product_tag-clarte-mentale","17":"product_tag-combinaison-de-senteurs","18":"product_tag-experience-de-bien-etre","19":"product_tag-explorez-votre-style-de-vie-fr","20":"product_tag-gervi-fr","21":"product_tag-huile-de-citron","22":"product_tag-huile-de-genievre","23":"product_tag-huile-de-gin-citron","24":"product_tag-huile-relaxante","25":"product_tag-huiles-naturelles","26":"product_tag-odeur-de-terre","27":"product_tag-parfum-apaisant-fr","28":"product_tag-parfum-dagrumes-fr","29":"product_tag-parfum-frais","30":"product_tag-parfum-rafraichissant","31":"product_tag-parfum-revitalisant","32":"product_tag-parfum-vivifiant","33":"product_tag-proprietes-detoxifiantes","34":"product_tag-purification-de-lair","35":"product_tag-reparation-de-carrosserie","36":"product_tag-routine-de-bien-etre","37":"product_tag-session-de-bien-etre","38":"product_tag-soulager-les-tensions-musculaires","39":"product_tag-soutien-du-systeme-immunitaire","40":"desktop-align-left","41":"tablet-align-left","42":"mobile-align-left","44":"first","45":"instock","46":"purchasable","47":"product-type-simple"},"acf":[],"uagb_featured_image_src":{"full":["https:\/\/gervi.be\/wp-content\/uploads\/2023\/08\/nr3Webshop-olie-citroen.jpg",597,448,false],"thumbnail":["https:\/\/gervi.be\/wp-content\/uploads\/2023\/08\/nr3Webshop-olie-citroen-150x150.jpg",150,150,true],"medium":["https:\/\/gervi.be\/wp-content\/uploads\/2023\/08\/nr3Webshop-olie-citroen-300x225.jpg",300,225,true],"medium_large":["https:\/\/gervi.be\/wp-content\/uploads\/2023\/08\/nr3Webshop-olie-citroen.jpg",597,448,false],"large":["https:\/\/gervi.be\/wp-content\/uploads\/2023\/08\/nr3Webshop-olie-citroen.jpg",597,448,false],"1536x1536":["https:\/\/gervi.be\/wp-content\/uploads\/2023\/08\/nr3Webshop-olie-citroen.jpg",597,448,false],"2048x2048":["https:\/\/gervi.be\/wp-content\/uploads\/2023\/08\/nr3Webshop-olie-citroen.jpg",597,448,false],"woocommerce_thumbnail":["https:\/\/gervi.be\/wp-content\/uploads\/2023\/08\/nr3Webshop-olie-citroen-300x300.jpg",300,300,true],"woocommerce_single":["https:\/\/gervi.be\/wp-content\/uploads\/2023\/08\/nr3Webshop-olie-citroen.jpg",597,448,false],"woocommerce_gallery_thumbnail":["https:\/\/gervi.be\/wp-content\/uploads\/2023\/08\/nr3Webshop-olie-citroen-100x100.jpg",100,100,true],"dgwt-wcas-product-suggestion":["https:\/\/gervi.be\/wp-content\/uploads\/2023\/08\/nr3Webshop-olie-citroen.jpg",64,48,false]},"uagb_author_info":{"display_name":"Marjolein Nijs","author_link":"https:\/\/gervi.be\/fr\/author\/"},"uagb_comment_info":0,"uagb_excerpt":"Volume : 150 ml","_links":{"self":[{"href":"https:\/\/gervi.be\/fr\/wp-json\/wp\/v2\/product\/13561","targetHints":{"allow":["GET"]}}],"collection":[{"href":"https:\/\/gervi.be\/fr\/wp-json\/wp\/v2\/product"}],"about":[{"href":"https:\/\/gervi.be\/fr\/wp-json\/wp\/v2\/types\/product"}],"wp:featuredmedia":[{"embeddable":true,"href":"https:\/\/gervi.be\/fr\/wp-json\/wp\/v2\/media\/13565"}],"wp:attachment":[{"href":"https:\/\/gervi.be\/fr\/wp-json\/wp\/v2\/media?parent=13561"}],"wp:term":[{"taxonomy":"product_brand","embeddable":true,"href":"https:\/\/gervi.be\/fr\/wp-json\/wp\/v2\/product_brand?post=13561"},{"taxonomy":"product_cat","embeddable":true,"href":"https:\/\/gervi.be\/fr\/wp-json\/wp\/v2\/product_cat?post=13561"},{"taxonomy":"product_tag","embeddable":true,"href":"https:\/\/gervi.be\/fr\/wp-json\/wp\/v2\/product_tag?post=13561"}],"curies":[{"name":"wp","href":"https:\/\/api.w.org\/{rel}","templated":true}]}}