{"id":13560,"date":"2023-08-29T13:50:05","date_gmt":"2023-08-29T11:50:05","guid":{"rendered":"https:\/\/gervi.be\/shop\/huile-sapin-argente\/"},"modified":"2024-09-17T16:20:24","modified_gmt":"2024-09-17T14:20:24","slug":"huile-poire-argentee","status":"publish","type":"product","link":"https:\/\/gervi.be\/fr\/produit\/huile-poire-argentee\/","title":{"rendered":"Huile sapin argent\u00e9"},"content":{"rendered":"<p>L&#8217;<strong>huile de sapin blanc<\/strong> offre un parfum frais et bois\u00e9 qui convient parfaitement \u00e0 ceux qui souhaitent se rapprocher de la nature, m\u00eame dans le cadre confortable d&#8217;une cabine infrarouge.<br \/>\nLe sapin blanc est connu pour ses propri\u00e9t\u00e9s revitalisantes, ouvrant les voies respiratoires et aidant \u00e0 soulager la fatigue et la tension.<br \/>\nLe parfum rafra\u00eechissant du sapin blanc procure une exp\u00e9rience de bien-\u00eatre r\u00e9paratrice qui revigore le corps et l&#8217;esprit.<br \/>\nLes propri\u00e9t\u00e9s antiseptiques et antibact\u00e9riennes naturelles du sapin blanc en font un produit id\u00e9al pour purifier l&#8217;air et cr\u00e9er un environnement propre et sain.<br \/>\nL&#8217;huile de sapin blanc a \u00e9galement un effet relaxant sur les muscles tendus et favorise une respiration profonde et calme, ce qui la rend id\u00e9ale pour une utilisation dans un environnement de bien-\u00eatre.<br \/>\nQue vous cherchiez \u00e0 vous rafra\u00eechir ou \u00e0 vous d\u00e9tendre profond\u00e9ment, l&#8217;huile de sapin blanc vous offre une exp\u00e9rience de bien-\u00eatre compl\u00e8te qui vous restaure et vous renouvelle.     <\/p>\n","protected":false},"excerpt":{"rendered":"<ul>\n<li>Volume : 150 ml<\/li>\n<\/ul>\n","protected":false},"featured_media":13566,"template":"","meta":{"_acf_changed":false,"_uag_custom_page_level_css":"","site-sidebar-layout":"default","site-content-layout":"","ast-site-content-layout":"default","site-content-style":"default","site-sidebar-style":"default","ast-global-header-display":"","ast-banner-title-visibility":"","ast-main-header-display":"","ast-hfb-above-header-display":"","ast-hfb-below-header-display":"","ast-hfb-mobile-header-display":"","site-post-title":"","ast-breadcrumbs-content":"","ast-featured-img":"","footer-sml-layout":"","ast-disable-related-posts":"","theme-transparent-header-meta":"default","adv-header-id-meta":"","stick-header-meta":"","header-above-stick-meta":"","header-main-stick-meta":"","header-below-stick-meta":"","astra-migrate-meta-layouts":"default","ast-page-background-enabled":"default","ast-page-background-meta":{"desktop":{"background-color":"","background-image":"","background-repeat":"repeat","background-position":"center center","background-size":"auto","background-attachment":"scroll","background-type":"","background-media":"","overlay-type":"","overlay-color":"","overlay-opacity":"","overlay-gradient":""},"tablet":{"background-color":"","background-image":"","background-repeat":"repeat","background-position":"center center","background-size":"auto","background-attachment":"scroll","background-type":"","background-media":"","overlay-type":"","overlay-color":"","overlay-opacity":"","overlay-gradient":""},"mobile":{"background-color":"","background-image":"","background-repeat":"repeat","background-position":"center center","background-size":"auto","background-attachment":"scroll","background-type":"","background-media":"","overlay-type":"","overlay-color":"","overlay-opacity":"","overlay-gradient":""}},"ast-content-background-meta":{"desktop":{"background-color":"var(--ast-global-color-5)","background-image":"","background-repeat":"repeat","background-position":"center center","background-size":"auto","background-attachment":"scroll","background-type":"","background-media":"","overlay-type":"","overlay-color":"","overlay-opacity":"","overlay-gradient":""},"tablet":{"background-color":"var(--ast-global-color-5)","background-image":"","background-repeat":"repeat","background-position":"center center","background-size":"auto","background-attachment":"scroll","background-type":"","background-media":"","overlay-type":"","overlay-color":"","overlay-opacity":"","overlay-gradient":""},"mobile":{"background-color":"var(--ast-global-color-5)","background-image":"","background-repeat":"repeat","background-position":"center center","background-size":"auto","background-attachment":"scroll","background-type":"","background-media":"","overlay-type":"","overlay-color":"","overlay-opacity":"","overlay-gradient":""}}},"product_brand":[],"product_cat":[791,816],"product_tag":[2085,4546,4826,2544,4944,4800,4548,1344,4881,4593,4009,1314,4940,4832,4588,4586,4947,4543,2549,3240,4942,4854,4946,4945,4827,4949,4884,4698,4948,4941,4943],"class_list":{"0":"post-13560","1":"product","2":"type-product","3":"status-publish","4":"has-post-thumbnail","6":"product_cat-cabine-infrarouge","7":"product_cat-huiles","8":"product_tag-accessoires-pour-le-spa","9":"product_tag-antibacterien","10":"product_tag-antiseptique","11":"product_tag-aromatherapie-fr","12":"product_tag-arome-de-sapin-blanc","13":"product_tag-atmosphere-apaisante-fr","14":"product_tag-cabine-infrarouge-fr","15":"product_tag-detente","16":"product_tag-environnement-sain","17":"product_tag-experience-de-bien-etre","18":"product_tag-explorez-votre-style-de-vie-fr","19":"product_tag-gervi-fr","20":"product_tag-huile-de-sapin-blanc","21":"product_tag-huile-relaxante","22":"product_tag-huiles-naturelles","23":"product_tag-odeur-boisee","24":"product_tag-odeur-de-foret","25":"product_tag-ouvrir-les-voies-respiratoires","26":"product_tag-parfum-rafraichissant","27":"product_tag-parfums-naturels","28":"product_tag-proprietes-revitalisantes","29":"product_tag-purifier-lair","30":"product_tag-rafraichir-lesprit","31":"product_tag-rafraichir-le-corps","32":"product_tag-respiration-profonde","33":"product_tag-respiration-relaxante","34":"product_tag-routine-de-bien-etre","35":"product_tag-session-de-bien-etre","36":"product_tag-silver-fir-wellness","37":"product_tag-soulager-la-fatigue","38":"product_tag-soulager-les-muscles-tendus","39":"desktop-align-left","40":"tablet-align-left","41":"mobile-align-left","43":"first","44":"instock","45":"purchasable","46":"product-type-simple"},"acf":[],"uagb_featured_image_src":{"full":["https:\/\/gervi.be\/wp-content\/uploads\/2023\/08\/nr3infraworldsaunaoliezilverspar.jpg",627,448,false],"thumbnail":["https:\/\/gervi.be\/wp-content\/uploads\/2023\/08\/nr3infraworldsaunaoliezilverspar-150x150.jpg",150,150,true],"medium":["https:\/\/gervi.be\/wp-content\/uploads\/2023\/08\/nr3infraworldsaunaoliezilverspar-300x214.jpg",300,214,true],"medium_large":["https:\/\/gervi.be\/wp-content\/uploads\/2023\/08\/nr3infraworldsaunaoliezilverspar.jpg",627,448,false],"large":["https:\/\/gervi.be\/wp-content\/uploads\/2023\/08\/nr3infraworldsaunaoliezilverspar.jpg",627,448,false],"1536x1536":["https:\/\/gervi.be\/wp-content\/uploads\/2023\/08\/nr3infraworldsaunaoliezilverspar.jpg",627,448,false],"2048x2048":["https:\/\/gervi.be\/wp-content\/uploads\/2023\/08\/nr3infraworldsaunaoliezilverspar.jpg",627,448,false],"woocommerce_thumbnail":["https:\/\/gervi.be\/wp-content\/uploads\/2023\/08\/nr3infraworldsaunaoliezilverspar-300x300.jpg",300,300,true],"woocommerce_single":["https:\/\/gervi.be\/wp-content\/uploads\/2023\/08\/nr3infraworldsaunaoliezilverspar.jpg",627,448,false],"woocommerce_gallery_thumbnail":["https:\/\/gervi.be\/wp-content\/uploads\/2023\/08\/nr3infraworldsaunaoliezilverspar-100x100.jpg",100,100,true],"dgwt-wcas-product-suggestion":["https:\/\/gervi.be\/wp-content\/uploads\/2023\/08\/nr3infraworldsaunaoliezilverspar.jpg",64,46,false]},"uagb_author_info":{"display_name":"Marjolein Nijs","author_link":"https:\/\/gervi.be\/fr\/author\/"},"uagb_comment_info":0,"uagb_excerpt":"Volume : 150 ml","_links":{"self":[{"href":"https:\/\/gervi.be\/fr\/wp-json\/wp\/v2\/product\/13560","targetHints":{"allow":["GET"]}}],"collection":[{"href":"https:\/\/gervi.be\/fr\/wp-json\/wp\/v2\/product"}],"about":[{"href":"https:\/\/gervi.be\/fr\/wp-json\/wp\/v2\/types\/product"}],"wp:featuredmedia":[{"embeddable":true,"href":"https:\/\/gervi.be\/fr\/wp-json\/wp\/v2\/media\/13566"}],"wp:attachment":[{"href":"https:\/\/gervi.be\/fr\/wp-json\/wp\/v2\/media?parent=13560"}],"wp:term":[{"taxonomy":"product_brand","embeddable":true,"href":"https:\/\/gervi.be\/fr\/wp-json\/wp\/v2\/product_brand?post=13560"},{"taxonomy":"product_cat","embeddable":true,"href":"https:\/\/gervi.be\/fr\/wp-json\/wp\/v2\/product_cat?post=13560"},{"taxonomy":"product_tag","embeddable":true,"href":"https:\/\/gervi.be\/fr\/wp-json\/wp\/v2\/product_tag?post=13560"}],"curies":[{"name":"wp","href":"https:\/\/api.w.org\/{rel}","templated":true}]}}