{"id":13539,"date":"2023-08-29T13:50:05","date_gmt":"2023-08-29T11:50:05","guid":{"rendered":"https:\/\/gervi.be\/shop\/lavande-250ml\/"},"modified":"2024-06-26T16:10:12","modified_gmt":"2024-06-26T14:10:12","slug":"lavande-250ml","status":"publish","type":"product","link":"https:\/\/gervi.be\/fr\/produit\/lavande-250ml\/","title":{"rendered":"Lavande 250ml"},"content":{"rendered":"<p>Nos parfums de sauna pour le bain favorisent la sant\u00e9 pendant la s\u00e9ance de sauna. Ils peuvent influencer positivement l&#8217;humeur, avoir un effet b\u00e9n\u00e9fique sur le corps et procurer une agr\u00e9able sensation de d\u00e9tente.<\/p>\n<p>Une composition parfum\u00e9e unique est cr\u00e9\u00e9e \u00e0 partir des \u00e9l\u00e9ments parfum\u00e9s des notes de t\u00eate, de c\u0153ur et de fond, ce qui permet un d\u00e9veloppement harmonieux et durable du parfum dans le sauna.<\/p>\n<p>Les concentr\u00e9s d&#8217;huiles essentielles \u00e0 haute efficacit\u00e9 ne contiennent pas d&#8217;\u00e9mulsifiants, s&#8217;\u00e9vaporent compl\u00e8tement et ne laissent aucun r\u00e9sidu sur les pierres du sauna.<\/p>\n<p>&#8211; V\u00e9g\u00e9talien<br \/>\n&#8211; D\u00e9velopp\u00e9 sans tests sur les animaux<br \/>\n&#8211; Fabriqu\u00e9 en Allemagne<\/p>\n","protected":false},"excerpt":{"rendered":"<p>Nos parfums de sauna pour le bain favorisent la sant\u00e9 pendant la s\u00e9ance de sauna. Ils peuvent influencer positivement l&#8217;humeur, avoir un effet b\u00e9n\u00e9fique sur le corps et procurer une agr\u00e9able sensation de d\u00e9tente. Une composition parfum\u00e9e unique est cr\u00e9\u00e9e \u00e0 partir des \u00e9l\u00e9ments parfum\u00e9s des notes de t\u00eate, de c\u0153ur et de fond, ce [&hellip;]<\/p>\n","protected":false},"featured_media":13544,"template":"","meta":{"_acf_changed":false,"_uag_custom_page_level_css":"","site-sidebar-layout":"default","site-content-layout":"","ast-site-content-layout":"default","site-content-style":"default","site-sidebar-style":"default","ast-global-header-display":"","ast-banner-title-visibility":"","ast-main-header-display":"","ast-hfb-above-header-display":"","ast-hfb-below-header-display":"","ast-hfb-mobile-header-display":"","site-post-title":"","ast-breadcrumbs-content":"","ast-featured-img":"","footer-sml-layout":"","ast-disable-related-posts":"","theme-transparent-header-meta":"default","adv-header-id-meta":"","stick-header-meta":"","header-above-stick-meta":"","header-main-stick-meta":"","header-below-stick-meta":"","astra-migrate-meta-layouts":"default","ast-page-background-enabled":"default","ast-page-background-meta":{"desktop":{"background-color":"","background-image":"","background-repeat":"repeat","background-position":"center center","background-size":"auto","background-attachment":"scroll","background-type":"","background-media":"","overlay-type":"","overlay-color":"","overlay-opacity":"","overlay-gradient":""},"tablet":{"background-color":"","background-image":"","background-repeat":"repeat","background-position":"center center","background-size":"auto","background-attachment":"scroll","background-type":"","background-media":"","overlay-type":"","overlay-color":"","overlay-opacity":"","overlay-gradient":""},"mobile":{"background-color":"","background-image":"","background-repeat":"repeat","background-position":"center center","background-size":"auto","background-attachment":"scroll","background-type":"","background-media":"","overlay-type":"","overlay-color":"","overlay-opacity":"","overlay-gradient":""}},"ast-content-background-meta":{"desktop":{"background-color":"var(--ast-global-color-5)","background-image":"","background-repeat":"repeat","background-position":"center center","background-size":"auto","background-attachment":"scroll","background-type":"","background-media":"","overlay-type":"","overlay-color":"","overlay-opacity":"","overlay-gradient":""},"tablet":{"background-color":"var(--ast-global-color-5)","background-image":"","background-repeat":"repeat","background-position":"center center","background-size":"auto","background-attachment":"scroll","background-type":"","background-media":"","overlay-type":"","overlay-color":"","overlay-opacity":"","overlay-gradient":""},"mobile":{"background-color":"var(--ast-global-color-5)","background-image":"","background-repeat":"repeat","background-position":"center center","background-size":"auto","background-attachment":"scroll","background-type":"","background-media":"","overlay-type":"","overlay-color":"","overlay-opacity":"","overlay-gradient":""}}},"product_brand":[],"product_cat":[786,3367,643],"product_tag":[],"class_list":{"0":"post-13539","1":"product","2":"type-product","3":"status-publish","4":"has-post-thumbnail","6":"product_cat-aromes-pour-le-sauna","7":"product_cat-parfums-de-maquillage-pour-sauna","8":"product_cat-sauna-fr","9":"desktop-align-left","10":"tablet-align-left","11":"mobile-align-left","13":"first","14":"instock","15":"purchasable","16":"product-type-simple"},"acf":[],"uagb_featured_image_src":{"full":["https:\/\/gervi.be\/wp-content\/uploads\/2023\/08\/nr3aromalavendel250.jpg",420,300,false],"thumbnail":["https:\/\/gervi.be\/wp-content\/uploads\/2023\/08\/nr3aromalavendel250-150x150.jpg",150,150,true],"medium":["https:\/\/gervi.be\/wp-content\/uploads\/2023\/08\/nr3aromalavendel250-300x214.jpg",300,214,true],"medium_large":["https:\/\/gervi.be\/wp-content\/uploads\/2023\/08\/nr3aromalavendel250.jpg",420,300,false],"large":["https:\/\/gervi.be\/wp-content\/uploads\/2023\/08\/nr3aromalavendel250.jpg",420,300,false],"1536x1536":["https:\/\/gervi.be\/wp-content\/uploads\/2023\/08\/nr3aromalavendel250.jpg",420,300,false],"2048x2048":["https:\/\/gervi.be\/wp-content\/uploads\/2023\/08\/nr3aromalavendel250.jpg",420,300,false],"woocommerce_thumbnail":["https:\/\/gervi.be\/wp-content\/uploads\/2023\/08\/nr3aromalavendel250-300x300.jpg",300,300,true],"woocommerce_single":["https:\/\/gervi.be\/wp-content\/uploads\/2023\/08\/nr3aromalavendel250.jpg",420,300,false],"woocommerce_gallery_thumbnail":["https:\/\/gervi.be\/wp-content\/uploads\/2023\/08\/nr3aromalavendel250-100x100.jpg",100,100,true],"dgwt-wcas-product-suggestion":["https:\/\/gervi.be\/wp-content\/uploads\/2023\/08\/nr3aromalavendel250.jpg",64,46,false]},"uagb_author_info":{"display_name":"Marjolein Nijs","author_link":"https:\/\/gervi.be\/fr\/author\/"},"uagb_comment_info":0,"uagb_excerpt":"Nos parfums de sauna pour le bain favorisent la sant\u00e9 pendant la s\u00e9ance de sauna. Ils peuvent influencer positivement l&#8217;humeur, avoir un effet b\u00e9n\u00e9fique sur le corps et procurer une agr\u00e9able sensation de d\u00e9tente. Une composition parfum\u00e9e unique est cr\u00e9\u00e9e \u00e0 partir des \u00e9l\u00e9ments parfum\u00e9s des notes de t\u00eate, de c\u0153ur et de fond, ce\u2026","_links":{"self":[{"href":"https:\/\/gervi.be\/fr\/wp-json\/wp\/v2\/product\/13539","targetHints":{"allow":["GET"]}}],"collection":[{"href":"https:\/\/gervi.be\/fr\/wp-json\/wp\/v2\/product"}],"about":[{"href":"https:\/\/gervi.be\/fr\/wp-json\/wp\/v2\/types\/product"}],"wp:featuredmedia":[{"embeddable":true,"href":"https:\/\/gervi.be\/fr\/wp-json\/wp\/v2\/media\/13544"}],"wp:attachment":[{"href":"https:\/\/gervi.be\/fr\/wp-json\/wp\/v2\/media?parent=13539"}],"wp:term":[{"taxonomy":"product_brand","embeddable":true,"href":"https:\/\/gervi.be\/fr\/wp-json\/wp\/v2\/product_brand?post=13539"},{"taxonomy":"product_cat","embeddable":true,"href":"https:\/\/gervi.be\/fr\/wp-json\/wp\/v2\/product_cat?post=13539"},{"taxonomy":"product_tag","embeddable":true,"href":"https:\/\/gervi.be\/fr\/wp-json\/wp\/v2\/product_tag?post=13539"}],"curies":[{"name":"wp","href":"https:\/\/api.w.org\/{rel}","templated":true}]}}