{"id":13520,"date":"2023-08-29T13:48:56","date_gmt":"2023-08-29T11:48:56","guid":{"rendered":"https:\/\/gervi.be\/shop\/regal-590\/"},"modified":"2024-06-24T14:22:17","modified_gmt":"2024-06-24T12:22:17","slug":"regal-590","status":"publish","type":"product","link":"https:\/\/gervi.be\/fr\/produit\/regal-590\/","title":{"rendered":"Regal 590"},"content":{"rendered":"<p><img decoding=\"async\" class=\"alignnone wp-image-24547\" src=\"https:\/\/gervi.be\/wp-content\/uploads\/2023\/08\/broil-king-grill-logo-300x46.png\" alt=\"logo broil-king-grill\" width=\"150\" height=\"23\" title=\"\" srcset=\"https:\/\/gervi.be\/wp-content\/uploads\/2023\/08\/broil-king-grill-logo-300x46.png 300w, https:\/\/gervi.be\/wp-content\/uploads\/2023\/08\/broil-king-grill-logo-768x118.png 768w, https:\/\/gervi.be\/wp-content\/uploads\/2023\/08\/broil-king-grill-logo.png 863w\" sizes=\"(max-width: 150px) 100vw, 150px\" \/><\/p>\n<h2>Description<\/h2>\n<p>Choyer vos invit\u00e9s, c&#8217;est la sp\u00e9cialit\u00e9 de Broil King. La gamme Broil King Regal est con\u00e7ue pour pr\u00e9parer des plats succulents qui seront le clou de la f\u00eate. La qualit\u00e9 des barbecues Broil King est \u00e9vidente \u00e0 partir du moment o\u00f9 vous voyez la finition jusqu&#8217;au moment o\u00f9 vous faites l&#8217;exp\u00e9rience de l&#8217;excellente performance de cuisson. Pour le chef de cuisine en plein air qui aime g\u00e2ter ses invit\u00e9s : la gamme Broil King Regal.<\/p>\n<p>Le Broil King Regal 590 est un barbecue \u00e0 gaz polyvalent et extr\u00eamement puissant, con\u00e7u pour les novices comme pour les ma\u00eetres du gril exp\u00e9riment\u00e9s. Ce barbecue est \u00e9quip\u00e9 de cinq br\u00fbleurs Dual-Tube en acier inoxydable d&#8217;une puissance totale de 16 kW. Cela garantit une excellente r\u00e9partition de la chaleur et des performances de cuisson efficaces. Le barbecue est \u00e9galement \u00e9quip\u00e9 d&#8217;un br\u00fbleur lat\u00e9ral de 2,7 kW et d&#8217;un br\u00fbleur arri\u00e8re de 4,4 kW avec un kit de r\u00f4tisserie haut de gamme, id\u00e9al pour pr\u00e9parer une grande vari\u00e9t\u00e9 de plats.<\/p>\n<p>L&#8217;une des principales caract\u00e9ristiques du Regal 590 est sa grande surface de gril de 81 x 49 cm, qui offre suffisamment d&#8217;espace pour cuisiner pour une grande f\u00eate. La grille chauffante de 79 x 21 cm est parfaite pour maintenir les plats au chaud ou pr\u00e9parer des accompagnements. Les grilles en fonte sont r\u00e9versibles et assurent une excellente r\u00e9tention et distribution de la chaleur, ce qui permet d&#8217;obtenir des plats parfaitement grill\u00e9s avec de belles rayures.<\/p>\n<p>Le barbecue est \u00e9quip\u00e9 du syst\u00e8me d&#8217;\u00e9vaporation Flav-R-Wave, qui r\u00e9cup\u00e8re les graisses qui s&#8217;\u00e9coulent et les \u00e9vapore, contribuant ainsi \u00e0 la saveur des aliments et r\u00e9duisant le clignotement. Le syst\u00e8me d&#8217;allumage \u00e9lectronique Sure-Lite assure un allumage fiable des br\u00fbleurs, ce qui vous permet de commencer \u00e0 griller rapidement. Le thermom\u00e8tre int\u00e9gr\u00e9 dans le couvercle permet un contr\u00f4le pr\u00e9cis de la temp\u00e9rature, ce qui est essentiel pour pr\u00e9parer des plats parfaitement grill\u00e9s.<\/p>\n<p>Le Broil King Regal 590 a \u00e9t\u00e9 con\u00e7u dans un souci de facilit\u00e9 d&#8217;utilisation. Les tables d&#8217;appoint fixes offrent un espace de travail suppl\u00e9mentaire et sont \u00e9quip\u00e9es de crochets pratiques pour suspendre les outils de barbecue. Les tables d&#8217;appoint int\u00e8grent \u00e9galement des porte-\u00e9pices et des supports pour les ustensiles, mettant ainsi tout ce dont vous avez besoin \u00e0 port\u00e9e de main. Le barbecue est mont\u00e9 sur un chariot en acier robuste qui permet de stocker des bouteilles de gaz jusqu&#8217;\u00e0 13 kg. Le chariot roulant est \u00e9quip\u00e9 de quatre roulettes avec frein, ce qui permet de d\u00e9placer facilement le barbecue et de le maintenir fermement en place pendant l&#8217;utilisation.<\/p>\n<p>Une autre caract\u00e9ristique notable du Regal 590 est ses boutons ergonomiques avec \u00e9clairage LED, assurant une utilisation facile m\u00eame dans l&#8217;obscurit\u00e9. Le barbecue a une hauteur de travail de 92 cm, ce qui permet de faire des grillades sans g\u00eane. La construction robuste et les mat\u00e9riaux de haute qualit\u00e9 garantissent que ce barbecue durera des ann\u00e9es, m\u00eame en cas d&#8217;utilisation intensive. La construction du Regal 590 est robuste et durable, avec un bo\u00eetier en aluminium Therma-Cast qui retient bien la chaleur. La construction robuste et les mat\u00e9riaux de haute qualit\u00e9 garantissent que ce barbecue durera des ann\u00e9es, m\u00eame en cas d&#8217;utilisation intensive.<\/p>\n<p>Outre ses excellentes performances de cuisson, le Regal 590 offre \u00e9galement un design \u00e9l\u00e9gant qui s&#8217;int\u00e8gre \u00e0 toutes les cuisines d&#8217;ext\u00e9rieur. La couleur noire et les lignes \u00e9pur\u00e9es conf\u00e8rent au barbecue un aspect moderne. Que vous nourrissiez une famille nombreuse ou que vous receviez vos amis et votre famille, ce barbecue offre tout ce dont vous avez besoin pour des grillades parfaites. Avec le Broil King Regal 590, vous pouvez compter sur la fiabilit\u00e9, la durabilit\u00e9 et d&#8217;excellentes performances. Que vous souhaitiez cuisiner de la viande, du poisson, des l\u00e9gumes ou des accompagnements, ce barbecue offre la polyvalence et la puissance dont vous avez besoin. Gr\u00e2ce \u00e0 ses caract\u00e9ristiques innovantes et \u00e0 sa conception bien pens\u00e9e, ce barbecue n&#8217;est pas seulement un outil, mais une partie int\u00e9grante de votre vie en plein air, pr\u00eate \u00e0 porter vos cr\u00e9ations culinaires \u00e0 un niveau sup\u00e9rieur.<\/p>\n<p>Le Broil King Regal 590 est un investissement dans la qualit\u00e9 et la performance. Avec ses fonctions avanc\u00e9es, ses mat\u00e9riaux durables et sa conception conviviale, ce barbecue offre tout ce dont vous avez besoin pour une exp\u00e9rience de grillade optimale. Que vous soyez un ma\u00eetre du gril chevronn\u00e9 ou que vous d\u00e9butiez, le Regal 590 d\u00e9passera vos attentes et vous aidera \u00e0 pr\u00e9parer des plats d\u00e9licieux \u00e0 chaque fois.<\/p>\n<p>En r\u00e9sum\u00e9, le Broil King Regal 590 offre une solution compl\u00e8te pour la pr\u00e9paration des repas en plein air. Avec ses br\u00fbleurs puissants, sa grande surface de cuisson, ses fonctions polyvalentes et sa conception conviviale, ce barbecue est id\u00e9al pour tous ceux qui aiment les grillades. La construction durable et les mat\u00e9riaux de haute qualit\u00e9 garantissent que vous profiterez de ce barbecue pendant des ann\u00e9es, ce qui en fait un investissement rentable pour toute cuisine ext\u00e9rieure.<\/p>\n","protected":false},"excerpt":{"rendered":"<ul>\n<li><strong>Dimensions :<\/strong> 1 590 mm x 630 mm x 1 250 mm<\/li>\n<li><strong>Surface du gril :<\/strong> 810 mm x 490 mm<\/li>\n<li><strong>Br\u00fbleurs :<\/strong> cinq br\u00fbleurs Dual-Tube en acier inoxydable (16 kW)<\/li>\n<li><strong>Br\u00fbleur lat\u00e9ral :<\/strong> 2,7 kW<\/li>\n<li><strong>Br\u00fbleur arri\u00e8re :<\/strong> 4,4 kW avec kit de r\u00f4tisserie premium<\/li>\n<li><strong>Grilles de cuisson :<\/strong> en fonte, r\u00e9versibles<\/li>\n<li><strong>Syst\u00e8me d&#8217;\u00e9vaporation :<\/strong> Flav-R-Wave<\/li>\n<li><strong>Eclairage :<\/strong> \u00e9clairage des boutons par LED<\/li>\n<li><strong>Allumage :<\/strong> allumage \u00e9lectronique Sure-Lite<\/li>\n<li><strong>Thermom\u00e8tre :<\/strong> thermom\u00e8tre int\u00e9gr\u00e9<\/li>\n<li><strong>Grille de chauffage :<\/strong> 79 cm x 21 cm<\/li>\n<li>Tables d&#8217;<strong>appoint :<\/strong> Tables d&#8217;appoint fixes avec porte-\u00e9pices et crochets \u00e0 outils<\/li>\n<li><strong>Casier pour bouteilles de gaz :<\/strong> Oui, convient pour les bouteilles de gaz jusqu&#8217;\u00e0 13 kg<\/li>\n<li><strong>Roues :<\/strong> 4 roulettes pivotantes avec freins<\/li>\n<li><strong>Couleur :<\/strong> noir<\/li>\n<li><strong>Hauteur de travail :<\/strong> 92 cm<\/li>\n<li><strong>Poids :<\/strong> 101 kg<\/li>\n<\/ul>\n","protected":false},"featured_media":25408,"template":"","meta":{"_acf_changed":false,"_uag_custom_page_level_css":"","site-sidebar-layout":"default","site-content-layout":"","ast-site-content-layout":"default","site-content-style":"default","site-sidebar-style":"default","ast-global-header-display":"","ast-banner-title-visibility":"","ast-main-header-display":"","ast-hfb-above-header-display":"","ast-hfb-below-header-display":"","ast-hfb-mobile-header-display":"","site-post-title":"","ast-breadcrumbs-content":"","ast-featured-img":"","footer-sml-layout":"","ast-disable-related-posts":"","theme-transparent-header-meta":"default","adv-header-id-meta":"","stick-header-meta":"","header-above-stick-meta":"","header-main-stick-meta":"","header-below-stick-meta":"","astra-migrate-meta-layouts":"default","ast-page-background-enabled":"default","ast-page-background-meta":{"desktop":{"background-color":"","background-image":"","background-repeat":"repeat","background-position":"center center","background-size":"auto","background-attachment":"scroll","background-type":"","background-media":"","overlay-type":"","overlay-color":"","overlay-opacity":"","overlay-gradient":""},"tablet":{"background-color":"","background-image":"","background-repeat":"repeat","background-position":"center center","background-size":"auto","background-attachment":"scroll","background-type":"","background-media":"","overlay-type":"","overlay-color":"","overlay-opacity":"","overlay-gradient":""},"mobile":{"background-color":"","background-image":"","background-repeat":"repeat","background-position":"center center","background-size":"auto","background-attachment":"scroll","background-type":"","background-media":"","overlay-type":"","overlay-color":"","overlay-opacity":"","overlay-gradient":""}},"ast-content-background-meta":{"desktop":{"background-color":"var(--ast-global-color-5)","background-image":"","background-repeat":"repeat","background-position":"center center","background-size":"auto","background-attachment":"scroll","background-type":"","background-media":"","overlay-type":"","overlay-color":"","overlay-opacity":"","overlay-gradient":""},"tablet":{"background-color":"var(--ast-global-color-5)","background-image":"","background-repeat":"repeat","background-position":"center center","background-size":"auto","background-attachment":"scroll","background-type":"","background-media":"","overlay-type":"","overlay-color":"","overlay-opacity":"","overlay-gradient":""},"mobile":{"background-color":"var(--ast-global-color-5)","background-image":"","background-repeat":"repeat","background-position":"center center","background-size":"auto","background-attachment":"scroll","background-type":"","background-media":"","overlay-type":"","overlay-color":"","overlay-opacity":"","overlay-gradient":""}}},"product_brand":[],"product_cat":[651,1912],"product_tag":[2334,2975,2326,2967,2325,2976,2342,2968,2364,2328,2327,2973,2972,2336,2970,2971,1708,2940,1314,2977,2941,2330,2952,2974,2969,2335],"class_list":{"0":"post-13520","1":"product","2":"type-product","3":"status-publish","4":"has-post-thumbnail","6":"product_cat-bbq-fr","7":"product_cat-stocksale","8":"product_tag-allumage-electronique","9":"product_tag-aluminium-thermoforme","10":"product_tag-barbecue-fr","11":"product_tag-barbecue-a-gaz-fr","12":"product_tag-barbecue-a-gaz","13":"product_tag-barbecue-de-haute-qualite","14":"product_tag-bbq-fr","15":"product_tag-broil-king-regal-590-fr","16":"product_tag-bruleur-arriere","17":"product_tag-bruleur-lateral","18":"product_tag-bruleurs-a-double-tube","19":"product_tag-chariot-en-acier","20":"product_tag-crochets-a-outils","21":"product_tag-cuisine-exterieure","22":"product_tag-eclairage-des-boutons-par-led","23":"product_tag-etageres-a-epices","24":"product_tag-explorez-votre-mode-de-vie","25":"product_tag-flav-r-wave-fr","26":"product_tag-gervi-fr","27":"product_tag-grillades-durables","28":"product_tag-grille-de-rechauffement","29":"product_tag-grilles-de-cuisson-en-fonte","30":"product_tag-kit-de-rotisserie","31":"product_tag-roulettes-pivotantes-avec-freins","32":"product_tag-tables-dappoint-fixes","33":"product_tag-thermometre-integre","34":"desktop-align-left","35":"tablet-align-left","36":"mobile-align-left","38":"first","39":"outofstock","40":"sale","41":"purchasable","42":"product-type-simple"},"acf":[],"uagb_featured_image_src":{"full":["https:\/\/gervi.be\/wp-content\/uploads\/2023\/08\/Regal-590-Broil-King-Gervi.jpg",2000,2000,false],"thumbnail":["https:\/\/gervi.be\/wp-content\/uploads\/2023\/08\/Regal-590-Broil-King-Gervi-150x150.jpg",150,150,true],"medium":["https:\/\/gervi.be\/wp-content\/uploads\/2023\/08\/Regal-590-Broil-King-Gervi-300x300.jpg",300,300,true],"medium_large":["https:\/\/gervi.be\/wp-content\/uploads\/2023\/08\/Regal-590-Broil-King-Gervi-768x768.jpg",768,768,true],"large":["https:\/\/gervi.be\/wp-content\/uploads\/2023\/08\/Regal-590-Broil-King-Gervi-1024x1024.jpg",1024,1024,true],"1536x1536":["https:\/\/gervi.be\/wp-content\/uploads\/2023\/08\/Regal-590-Broil-King-Gervi-1536x1536.jpg",1536,1536,true],"2048x2048":["https:\/\/gervi.be\/wp-content\/uploads\/2023\/08\/Regal-590-Broil-King-Gervi.jpg",2000,2000,false],"woocommerce_thumbnail":["https:\/\/gervi.be\/wp-content\/uploads\/2023\/08\/Regal-590-Broil-King-Gervi-2000x1500.jpg",2000,1500,true],"woocommerce_single":["https:\/\/gervi.be\/wp-content\/uploads\/2023\/08\/Regal-590-Broil-King-Gervi.jpg",2000,2000,false],"woocommerce_gallery_thumbnail":["https:\/\/gervi.be\/wp-content\/uploads\/2023\/08\/Regal-590-Broil-King-Gervi-100x100.jpg",100,100,true],"dgwt-wcas-product-suggestion":["https:\/\/gervi.be\/wp-content\/uploads\/2023\/08\/Regal-590-Broil-King-Gervi.jpg",64,64,false]},"uagb_author_info":{"display_name":"Marjolein Nijs","author_link":"https:\/\/gervi.be\/fr\/author\/"},"uagb_comment_info":0,"uagb_excerpt":"Dimensions : 1 590 mm x 630 mm x 1 250 mm Surface du gril : 810 mm x 490 mm Br\u00fbleurs : cinq br\u00fbleurs Dual-Tube en acier inoxydable (16 kW) Br\u00fbleur lat\u00e9ral : 2,7 kW Br\u00fbleur arri\u00e8re : 4,4 kW avec kit de r\u00f4tisserie premium Grilles de cuisson : en fonte, r\u00e9versibles Syst\u00e8me d'\u00e9vaporation\u2026","_links":{"self":[{"href":"https:\/\/gervi.be\/fr\/wp-json\/wp\/v2\/product\/13520","targetHints":{"allow":["GET"]}}],"collection":[{"href":"https:\/\/gervi.be\/fr\/wp-json\/wp\/v2\/product"}],"about":[{"href":"https:\/\/gervi.be\/fr\/wp-json\/wp\/v2\/types\/product"}],"wp:featuredmedia":[{"embeddable":true,"href":"https:\/\/gervi.be\/fr\/wp-json\/wp\/v2\/media\/25408"}],"wp:attachment":[{"href":"https:\/\/gervi.be\/fr\/wp-json\/wp\/v2\/media?parent=13520"}],"wp:term":[{"taxonomy":"product_brand","embeddable":true,"href":"https:\/\/gervi.be\/fr\/wp-json\/wp\/v2\/product_brand?post=13520"},{"taxonomy":"product_cat","embeddable":true,"href":"https:\/\/gervi.be\/fr\/wp-json\/wp\/v2\/product_cat?post=13520"},{"taxonomy":"product_tag","embeddable":true,"href":"https:\/\/gervi.be\/fr\/wp-json\/wp\/v2\/product_tag?post=13520"}],"curies":[{"name":"wp","href":"https:\/\/api.w.org\/{rel}","templated":true}]}}