{"id":13494,"date":"2023-08-29T13:50:13","date_gmt":"2023-08-29T11:50:13","guid":{"rendered":"https:\/\/gervi.be\/shop\/lavande\/"},"modified":"2024-09-17T15:44:53","modified_gmt":"2024-09-17T13:44:53","slug":"lavande","status":"publish","type":"product","link":"https:\/\/gervi.be\/fr\/produit\/lavande\/","title":{"rendered":"Lavande"},"content":{"rendered":"<p>La lavande est synonyme de d\u00e9tente et de tranquillit\u00e9.<br \/>\nLe parfum agr\u00e9able de la <strong>lavande<\/strong> a un effet calmant sur le corps et l&#8217;esprit.<br \/>\nLe sachet diffuse une douce odeur florale qui aide \u00e0 r\u00e9duire le stress et l&#8217;anxi\u00e9t\u00e9 et favorise un sommeil plus profond et plus calme.<br \/>\nLorsque la lavande est utilis\u00e9e dans une cabine infrarouge, la vapeur d&#8217;eau renforce les propri\u00e9t\u00e9s calmantes de l&#8217;herbe, cr\u00e9ant ainsi un environnement serein.<br \/>\nLa lavande est connue pour aider \u00e0 r\u00e9duire les maux de t\u00eate et \u00e0 apaiser les muscles tendus.<br \/>\nQue vous l&#8217;utilisiez dans la cabine infrarouge ou que vous la placiez dans votre maison, cette bulle de lavande offre un calme et un bien-\u00eatre durables gr\u00e2ce \u00e0 son parfum subtil et agr\u00e9able qui persiste longtemps.     <\/p>\n","protected":false},"excerpt":{"rendered":"<p>La lavande est synonyme de d\u00e9tente et de tranquillit\u00e9. Le parfum agr\u00e9able de la lavande a un effet calmant sur le corps et l&#8217;esprit. Le sachet diffuse une douce odeur florale qui aide \u00e0 r\u00e9duire le stress et l&#8217;anxi\u00e9t\u00e9 et favorise un sommeil plus profond et plus calme. Lorsque la lavande est utilis\u00e9e dans une [&hellip;]<\/p>\n","protected":false},"featured_media":13496,"template":"","meta":{"_acf_changed":false,"_uag_custom_page_level_css":"","site-sidebar-layout":"default","site-content-layout":"","ast-site-content-layout":"default","site-content-style":"default","site-sidebar-style":"default","ast-global-header-display":"","ast-banner-title-visibility":"","ast-main-header-display":"","ast-hfb-above-header-display":"","ast-hfb-below-header-display":"","ast-hfb-mobile-header-display":"","site-post-title":"","ast-breadcrumbs-content":"","ast-featured-img":"","footer-sml-layout":"","ast-disable-related-posts":"","theme-transparent-header-meta":"default","adv-header-id-meta":"","stick-header-meta":"","header-above-stick-meta":"","header-main-stick-meta":"","header-below-stick-meta":"","astra-migrate-meta-layouts":"default","ast-page-background-enabled":"default","ast-page-background-meta":{"desktop":{"background-color":"","background-image":"","background-repeat":"repeat","background-position":"center center","background-size":"auto","background-attachment":"scroll","background-type":"","background-media":"","overlay-type":"","overlay-color":"","overlay-opacity":"","overlay-gradient":""},"tablet":{"background-color":"","background-image":"","background-repeat":"repeat","background-position":"center center","background-size":"auto","background-attachment":"scroll","background-type":"","background-media":"","overlay-type":"","overlay-color":"","overlay-opacity":"","overlay-gradient":""},"mobile":{"background-color":"","background-image":"","background-repeat":"repeat","background-position":"center center","background-size":"auto","background-attachment":"scroll","background-type":"","background-media":"","overlay-type":"","overlay-color":"","overlay-opacity":"","overlay-gradient":""}},"ast-content-background-meta":{"desktop":{"background-color":"var(--ast-global-color-5)","background-image":"","background-repeat":"repeat","background-position":"center center","background-size":"auto","background-attachment":"scroll","background-type":"","background-media":"","overlay-type":"","overlay-color":"","overlay-opacity":"","overlay-gradient":""},"tablet":{"background-color":"var(--ast-global-color-5)","background-image":"","background-repeat":"repeat","background-position":"center center","background-size":"auto","background-attachment":"scroll","background-type":"","background-media":"","overlay-type":"","overlay-color":"","overlay-opacity":"","overlay-gradient":""},"mobile":{"background-color":"var(--ast-global-color-5)","background-image":"","background-repeat":"repeat","background-position":"center center","background-size":"auto","background-attachment":"scroll","background-type":"","background-media":"","overlay-type":"","overlay-color":"","overlay-opacity":"","overlay-gradient":""}}},"product_brand":[],"product_cat":[791,869],"product_tag":[4652,4660,2544,4651,4632,4661,4658,4548,1344,4662,4664,4593,4009,1314,4501,4653,4627,3183,4656,2538,4657,4665,3240,4583,4654,4626,4597,4555,4659,3503,4663,4655],"class_list":{"0":"post-13494","1":"product","2":"type-product","3":"status-publish","4":"has-post-thumbnail","6":"product_cat-cabine-infrarouge","7":"product_cat-tubes-a-epices","8":"product_tag-apaisant","9":"product_tag-apaiser-les-muscles-tendus","10":"product_tag-aromatherapie-fr","11":"product_tag-arome-de-lavande","12":"product_tag-atmosphere-relaxante","13":"product_tag-bien-etre-a-la-lavande","14":"product_tag-bulle-de-lavande","15":"product_tag-cabine-infrarouge-fr","16":"product_tag-detente","17":"product_tag-effet-calmant","18":"product_tag-environnement-serein","19":"product_tag-experience-de-bien-etre","20":"product_tag-explorez-votre-style-de-vie-fr","21":"product_tag-gervi-fr","22":"product_tag-herbes-pour-sauna","23":"product_tag-la-lavande-pour-le-stress","24":"product_tag-la-relaxation-physique","25":"product_tag-lavande","26":"product_tag-lavande-dans-le-sauna","27":"product_tag-parfum-de-lavande","28":"product_tag-parfum-floral-doux","29":"product_tag-parfum-longue-duree","30":"product_tag-parfums-naturels","31":"product_tag-proprietes-apaisantes","32":"product_tag-reduire-lanxiete","33":"product_tag-relaxation-mentale","34":"product_tag-relaxation-naturelle","35":"product_tag-sauna-infrarouge-fr","36":"product_tag-soulagement-des-maux-de-tete","37":"product_tag-soulagement-du-stress","38":"product_tag-therapie-a-la-lavande","39":"product_tag-un-sommeil-plus-profond","40":"desktop-align-left","41":"tablet-align-left","42":"mobile-align-left","44":"first","45":"instock","46":"purchasable","47":"product-type-simple"},"acf":[],"uagb_featured_image_src":{"full":["https:\/\/gervi.be\/wp-content\/uploads\/2023\/08\/nr3Webshop-kruiden-lavendel.jpg",597,448,false],"thumbnail":["https:\/\/gervi.be\/wp-content\/uploads\/2023\/08\/nr3Webshop-kruiden-lavendel-150x150.jpg",150,150,true],"medium":["https:\/\/gervi.be\/wp-content\/uploads\/2023\/08\/nr3Webshop-kruiden-lavendel-300x225.jpg",300,225,true],"medium_large":["https:\/\/gervi.be\/wp-content\/uploads\/2023\/08\/nr3Webshop-kruiden-lavendel.jpg",597,448,false],"large":["https:\/\/gervi.be\/wp-content\/uploads\/2023\/08\/nr3Webshop-kruiden-lavendel.jpg",597,448,false],"1536x1536":["https:\/\/gervi.be\/wp-content\/uploads\/2023\/08\/nr3Webshop-kruiden-lavendel.jpg",597,448,false],"2048x2048":["https:\/\/gervi.be\/wp-content\/uploads\/2023\/08\/nr3Webshop-kruiden-lavendel.jpg",597,448,false],"woocommerce_thumbnail":["https:\/\/gervi.be\/wp-content\/uploads\/2023\/08\/nr3Webshop-kruiden-lavendel-300x300.jpg",300,300,true],"woocommerce_single":["https:\/\/gervi.be\/wp-content\/uploads\/2023\/08\/nr3Webshop-kruiden-lavendel.jpg",597,448,false],"woocommerce_gallery_thumbnail":["https:\/\/gervi.be\/wp-content\/uploads\/2023\/08\/nr3Webshop-kruiden-lavendel-100x100.jpg",100,100,true],"dgwt-wcas-product-suggestion":["https:\/\/gervi.be\/wp-content\/uploads\/2023\/08\/nr3Webshop-kruiden-lavendel.jpg",64,48,false]},"uagb_author_info":{"display_name":"Marjolein Nijs","author_link":"https:\/\/gervi.be\/fr\/author\/"},"uagb_comment_info":0,"uagb_excerpt":"La lavande est synonyme de d\u00e9tente et de tranquillit\u00e9. Le parfum agr\u00e9able de la lavande a un effet calmant sur le corps et l&#8217;esprit. Le sachet diffuse une douce odeur florale qui aide \u00e0 r\u00e9duire le stress et l&#8217;anxi\u00e9t\u00e9 et favorise un sommeil plus profond et plus calme. Lorsque la lavande est utilis\u00e9e dans une\u2026","_links":{"self":[{"href":"https:\/\/gervi.be\/fr\/wp-json\/wp\/v2\/product\/13494","targetHints":{"allow":["GET"]}}],"collection":[{"href":"https:\/\/gervi.be\/fr\/wp-json\/wp\/v2\/product"}],"about":[{"href":"https:\/\/gervi.be\/fr\/wp-json\/wp\/v2\/types\/product"}],"wp:featuredmedia":[{"embeddable":true,"href":"https:\/\/gervi.be\/fr\/wp-json\/wp\/v2\/media\/13496"}],"wp:attachment":[{"href":"https:\/\/gervi.be\/fr\/wp-json\/wp\/v2\/media?parent=13494"}],"wp:term":[{"taxonomy":"product_brand","embeddable":true,"href":"https:\/\/gervi.be\/fr\/wp-json\/wp\/v2\/product_brand?post=13494"},{"taxonomy":"product_cat","embeddable":true,"href":"https:\/\/gervi.be\/fr\/wp-json\/wp\/v2\/product_cat?post=13494"},{"taxonomy":"product_tag","embeddable":true,"href":"https:\/\/gervi.be\/fr\/wp-json\/wp\/v2\/product_tag?post=13494"}],"curies":[{"name":"wp","href":"https:\/\/api.w.org\/{rel}","templated":true}]}}