{"id":13493,"date":"2023-08-29T13:48:56","date_gmt":"2023-08-29T13:48:56","guid":{"rendered":"https:\/\/gervi.be\/shop\/topkapi\/"},"modified":"2023-08-29T13:48:56","modified_gmt":"2023-08-29T13:48:56","slug":"topkapi","status":"publish","type":"product","link":"https:\/\/gervi.be\/fr\/produit\/topkapi\/","title":{"rendered":"Topkapi"},"content":{"rendered":"<p>Le hammam Topkapi est le hammam le plus luxueux de la collection Effegibi gr\u00e2ce au marbre. Ce mat\u00e9riau r\u00e9sistant et durable est particuli\u00e8rement agr\u00e9able au toucher et augmente le plaisir d&#8217;une s\u00e9ance dans un hammam.<br \/>\nLes murs de Topkapi sont rev\u00eatus de marbre de Carrare, de Marquina ou de Botticino d&#8217;excellente qualit\u00e9.<br \/>\nLe hammam est \u00e9quip\u00e9 d&#8217;une douche, d&#8217;un puits, de bancs et d&#8217;une th\u00e9rapie par les couleurs.<br \/>\nLes panneaux ext\u00e9rieurs sont disponibles en verre transparent ou semi-opaque.<br \/>\nL&#8217;ESS &#8211; Effe Sound System &#8211; est int\u00e9gr\u00e9 au hammam.<br \/>\nLe g\u00e9n\u00e9rateur de vapeur int\u00e9gr\u00e9 \u00e0 la colonne est d&#8217;excellente qualit\u00e9.<\/p>\n","protected":false},"excerpt":{"rendered":"<p>Le hammam Topkapi est le hammam le plus luxueux de la collection Effegibi gr\u00e2ce au marbre. Ce mat\u00e9riau r\u00e9sistant et durable est particuli\u00e8rement agr\u00e9able au toucher et augmente le plaisir d&#8217;une s\u00e9ance dans un hammam. Les murs de Topkapi sont rev\u00eatus de marbre de Carrare, de Marquina ou de Botticino d&#8217;excellente qualit\u00e9. Le hammam est [&hellip;]<\/p>\n","protected":false},"featured_media":13495,"template":"","meta":{"_acf_changed":false,"_uag_custom_page_level_css":"","site-sidebar-layout":"default","site-content-layout":"","ast-site-content-layout":"default","site-content-style":"default","site-sidebar-style":"default","ast-global-header-display":"","ast-banner-title-visibility":"","ast-main-header-display":"","ast-hfb-above-header-display":"","ast-hfb-below-header-display":"","ast-hfb-mobile-header-display":"","site-post-title":"","ast-breadcrumbs-content":"","ast-featured-img":"","footer-sml-layout":"","ast-disable-related-posts":"","theme-transparent-header-meta":"","adv-header-id-meta":"","stick-header-meta":"","header-above-stick-meta":"","header-main-stick-meta":"","header-below-stick-meta":"","astra-migrate-meta-layouts":"default","ast-page-background-enabled":"default","ast-page-background-meta":{"desktop":{"background-color":"","background-image":"","background-repeat":"repeat","background-position":"center center","background-size":"auto","background-attachment":"scroll","background-type":"","background-media":"","overlay-type":"","overlay-color":"","overlay-opacity":"","overlay-gradient":""},"tablet":{"background-color":"","background-image":"","background-repeat":"repeat","background-position":"center center","background-size":"auto","background-attachment":"scroll","background-type":"","background-media":"","overlay-type":"","overlay-color":"","overlay-opacity":"","overlay-gradient":""},"mobile":{"background-color":"","background-image":"","background-repeat":"repeat","background-position":"center center","background-size":"auto","background-attachment":"scroll","background-type":"","background-media":"","overlay-type":"","overlay-color":"","overlay-opacity":"","overlay-gradient":""}},"ast-content-background-meta":{"desktop":{"background-color":"var(--ast-global-color-5)","background-image":"","background-repeat":"repeat","background-position":"center center","background-size":"auto","background-attachment":"scroll","background-type":"","background-media":"","overlay-type":"","overlay-color":"","overlay-opacity":"","overlay-gradient":""},"tablet":{"background-color":"var(--ast-global-color-5)","background-image":"","background-repeat":"repeat","background-position":"center center","background-size":"auto","background-attachment":"scroll","background-type":"","background-media":"","overlay-type":"","overlay-color":"","overlay-opacity":"","overlay-gradient":""},"mobile":{"background-color":"var(--ast-global-color-5)","background-image":"","background-repeat":"repeat","background-position":"center center","background-size":"auto","background-attachment":"scroll","background-type":"","background-media":"","overlay-type":"","overlay-color":"","overlay-opacity":"","overlay-gradient":""}}},"product_brand":[],"product_cat":[708,709],"product_tag":[],"class_list":{"0":"post-13493","1":"product","2":"type-product","3":"status-publish","4":"has-post-thumbnail","6":"product_cat-bain-de-vapeur","7":"product_cat-effegibi-fr","8":"desktop-align-left","9":"tablet-align-left","10":"mobile-align-left","12":"first","13":"instock","14":"product-type-simple"},"acf":[],"uagb_featured_image_src":{"full":["https:\/\/gervi.be\/wp-content\/uploads\/2023\/08\/nr3effegibitopkapi.jpg",597,448,false],"thumbnail":["https:\/\/gervi.be\/wp-content\/uploads\/2023\/08\/nr3effegibitopkapi-150x150.jpg",150,150,true],"medium":["https:\/\/gervi.be\/wp-content\/uploads\/2023\/08\/nr3effegibitopkapi-300x225.jpg",300,225,true],"medium_large":["https:\/\/gervi.be\/wp-content\/uploads\/2023\/08\/nr3effegibitopkapi.jpg",597,448,false],"large":["https:\/\/gervi.be\/wp-content\/uploads\/2023\/08\/nr3effegibitopkapi.jpg",597,448,false],"1536x1536":["https:\/\/gervi.be\/wp-content\/uploads\/2023\/08\/nr3effegibitopkapi.jpg",597,448,false],"2048x2048":["https:\/\/gervi.be\/wp-content\/uploads\/2023\/08\/nr3effegibitopkapi.jpg",597,448,false],"woocommerce_thumbnail":["https:\/\/gervi.be\/wp-content\/uploads\/2023\/08\/nr3effegibitopkapi-300x300.jpg",300,300,true],"woocommerce_single":["https:\/\/gervi.be\/wp-content\/uploads\/2023\/08\/nr3effegibitopkapi.jpg",597,448,false],"woocommerce_gallery_thumbnail":["https:\/\/gervi.be\/wp-content\/uploads\/2023\/08\/nr3effegibitopkapi-100x100.jpg",100,100,true],"dgwt-wcas-product-suggestion":["https:\/\/gervi.be\/wp-content\/uploads\/2023\/08\/nr3effegibitopkapi.jpg",64,48,false]},"uagb_author_info":{"display_name":"Marjolein Nijs","author_link":"https:\/\/gervi.be\/fr\/author\/"},"uagb_comment_info":0,"uagb_excerpt":"Le hammam Topkapi est le hammam le plus luxueux de la collection Effegibi gr\u00e2ce au marbre. Ce mat\u00e9riau r\u00e9sistant et durable est particuli\u00e8rement agr\u00e9able au toucher et augmente le plaisir d&#8217;une s\u00e9ance dans un hammam. Les murs de Topkapi sont rev\u00eatus de marbre de Carrare, de Marquina ou de Botticino d&#8217;excellente qualit\u00e9. Le hammam est\u2026","_links":{"self":[{"href":"https:\/\/gervi.be\/fr\/wp-json\/wp\/v2\/product\/13493","targetHints":{"allow":["GET"]}}],"collection":[{"href":"https:\/\/gervi.be\/fr\/wp-json\/wp\/v2\/product"}],"about":[{"href":"https:\/\/gervi.be\/fr\/wp-json\/wp\/v2\/types\/product"}],"wp:featuredmedia":[{"embeddable":true,"href":"https:\/\/gervi.be\/fr\/wp-json\/wp\/v2\/media\/13495"}],"wp:attachment":[{"href":"https:\/\/gervi.be\/fr\/wp-json\/wp\/v2\/media?parent=13493"}],"wp:term":[{"taxonomy":"product_brand","embeddable":true,"href":"https:\/\/gervi.be\/fr\/wp-json\/wp\/v2\/product_brand?post=13493"},{"taxonomy":"product_cat","embeddable":true,"href":"https:\/\/gervi.be\/fr\/wp-json\/wp\/v2\/product_cat?post=13493"},{"taxonomy":"product_tag","embeddable":true,"href":"https:\/\/gervi.be\/fr\/wp-json\/wp\/v2\/product_tag?post=13493"}],"curies":[{"name":"wp","href":"https:\/\/api.w.org\/{rel}","templated":true}]}}