{"id":13436,"date":"2023-08-29T13:49:35","date_gmt":"2023-08-29T13:49:35","guid":{"rendered":"https:\/\/gervi.be\/shop\/orange\/"},"modified":"2026-04-20T10:07:23","modified_gmt":"2026-04-20T08:07:23","slug":"orange","status":"publish","type":"product","link":"https:\/\/gervi.be\/fr\/produit\/orange\/","title":{"rendered":"Orange"},"content":{"rendered":"<h2><a href=\"https:\/\/gervi.be\/fr\/marques\/klafs\/\"><img decoding=\"async\" class=\"alignleft wp-image-17003\" src=\"https:\/\/gervi.be\/wp-content\/uploads\/2023\/12\/Klafs-logo-300x115.png\" alt=\"Logo Klafs\" width=\"150\" height=\"57\" title=\"\" srcset=\"https:\/\/gervi.be\/wp-content\/uploads\/2023\/12\/Klafs-logo-300x115.png 300w, https:\/\/gervi.be\/wp-content\/uploads\/2023\/12\/Klafs-logo-1024x393.png 1024w, https:\/\/gervi.be\/wp-content\/uploads\/2023\/12\/Klafs-logo-768x294.png 768w, https:\/\/gervi.be\/wp-content\/uploads\/2023\/12\/Klafs-logo-600x230.png 600w, https:\/\/gervi.be\/wp-content\/uploads\/2023\/12\/Klafs-logo.png 1200w\" sizes=\"(max-width: 150px) 100vw, 150px\" \/><\/a><\/h2>\n<p>&nbsp;<\/p>\n<p>&nbsp;<\/p>\n<h2>Description<\/h2>\n<p>Le gel parfum\u00e9 KLAFS de haute qualit\u00e9 \u00e0 l&#8217;ar\u00f4me d&#8217;orange est utilis\u00e9 pour parfumer les cabines infrarouges, les cabines \u00e0 air chaud, les espaces de relaxation et les salles de bains. Le parfum peut facilement transformer n&#8217;importe quelle pi\u00e8ce en un lieu de d\u00e9tente \u00e0 l&#8217;odeur agr\u00e9able.<\/p>\n<p>&nbsp;<\/p>\n<h2>Application<\/h2>\n<p>Il suffit de laisser le gel aromatique ouvert dans la pi\u00e8ce. C&#8217;est ainsi qu&#8217;il d\u00e9ploie son parfum. R\u00e9sistant \u00e0 une temp\u00e9rature maximale de 40\u00b0C. Peut \u00eatre utilis\u00e9 jusqu&#8217;\u00e0 8 semaines en utilisation continue.<\/p>\n","protected":false},"excerpt":{"rendered":"<ul>\n<li>Contenu : 60 grammes<\/li>\n<li>Peut \u00eatre utilis\u00e9 en continu jusqu&#8217;\u00e0 8 semaines<\/li>\n<li>R\u00e9sistance \u00e0 la temp\u00e9rature jusqu&#8217;\u00e0 40\u00b0C<\/li>\n<\/ul>\n","protected":false},"featured_media":25522,"template":"","meta":{"_acf_changed":false,"_uag_custom_page_level_css":"","site-sidebar-layout":"default","site-content-layout":"","ast-site-content-layout":"default","site-content-style":"default","site-sidebar-style":"default","ast-global-header-display":"","ast-banner-title-visibility":"","ast-main-header-display":"","ast-hfb-above-header-display":"","ast-hfb-below-header-display":"","ast-hfb-mobile-header-display":"","site-post-title":"","ast-breadcrumbs-content":"","ast-featured-img":"","footer-sml-layout":"","ast-disable-related-posts":"","theme-transparent-header-meta":"default","adv-header-id-meta":"","stick-header-meta":"","header-above-stick-meta":"","header-main-stick-meta":"","header-below-stick-meta":"","astra-migrate-meta-layouts":"default","ast-page-background-enabled":"default","ast-page-background-meta":{"desktop":{"background-color":"","background-image":"","background-repeat":"repeat","background-position":"center center","background-size":"auto","background-attachment":"scroll","background-type":"","background-media":"","overlay-type":"","overlay-color":"","overlay-opacity":"","overlay-gradient":""},"tablet":{"background-color":"","background-image":"","background-repeat":"repeat","background-position":"center center","background-size":"auto","background-attachment":"scroll","background-type":"","background-media":"","overlay-type":"","overlay-color":"","overlay-opacity":"","overlay-gradient":""},"mobile":{"background-color":"","background-image":"","background-repeat":"repeat","background-position":"center center","background-size":"auto","background-attachment":"scroll","background-type":"","background-media":"","overlay-type":"","overlay-color":"","overlay-opacity":"","overlay-gradient":""}},"ast-content-background-meta":{"desktop":{"background-color":"var(--ast-global-color-5)","background-image":"","background-repeat":"repeat","background-position":"center center","background-size":"auto","background-attachment":"scroll","background-type":"","background-media":"","overlay-type":"","overlay-color":"","overlay-opacity":"","overlay-gradient":""},"tablet":{"background-color":"var(--ast-global-color-5)","background-image":"","background-repeat":"repeat","background-position":"center center","background-size":"auto","background-attachment":"scroll","background-type":"","background-media":"","overlay-type":"","overlay-color":"","overlay-opacity":"","overlay-gradient":""},"mobile":{"background-color":"var(--ast-global-color-5)","background-image":"","background-repeat":"repeat","background-position":"center center","background-size":"auto","background-attachment":"scroll","background-type":"","background-media":"","overlay-type":"","overlay-color":"","overlay-opacity":"","overlay-gradient":""}}},"product_brand":[],"product_cat":[786,790,643],"product_tag":[2998,3000,1340,3009,3005,3007,3006,3002,1813,1344,2997,3190,3189,3185,3191,2995,1314,1339,1341,2999,6308,6309,6310,6307,2160,3008,3004,3003,1345,3001],"class_list":{"0":"post-13436","1":"product","2":"type-product","3":"status-publish","4":"has-post-thumbnail","6":"product_cat-aromes-pour-le-sauna","7":"product_cat-gel-aromatique","8":"product_cat-sauna-fr","9":"product_tag-60-g","10":"product_tag-a-long-terme","11":"product_tag-arome","12":"product_tag-arome-naturel","13":"product_tag-bureau","14":"product_tag-cabine-a-air-chaud","15":"product_tag-cabine-infrarouge","16":"product_tag-compact-fr","17":"product_tag-conviviale","18":"product_tag-detente","19":"product_tag-duftgel-fr","20":"product_tag-explorez-votre-mode-de-vie-fr","21":"product_tag-gel-fr","22":"product_tag-gel-aromatique","23":"product_tag-gel-aromatique-fr","24":"product_tag-gel-parfume","25":"product_tag-gervi-fr","26":"product_tag-klafs-fr","27":"product_tag-odeur","28":"product_tag-odeur-ambiante","29":"product_tag-orange-fr-2","30":"product_tag-orange-fr-3","31":"product_tag-orange-fr-4","32":"product_tag-orange-fr","33":"product_tag-parfum-frais","34":"product_tag-sac-a-dos","35":"product_tag-salle-de-bain","36":"product_tag-salle-de-sejour","37":"product_tag-se-detendre","38":"product_tag-subtile","39":"desktop-align-left","40":"tablet-align-left","41":"mobile-align-left","43":"first","44":"instock","45":"purchasable","46":"product-type-simple"},"acf":[],"uagb_featured_image_src":{"full":["https:\/\/gervi.be\/wp-content\/uploads\/2024\/06\/Aromagel-Sinaas-KLAFS-Gervi.jpg",2000,2000,false],"thumbnail":["https:\/\/gervi.be\/wp-content\/uploads\/2024\/06\/Aromagel-Sinaas-KLAFS-Gervi-150x150.jpg",150,150,true],"medium":["https:\/\/gervi.be\/wp-content\/uploads\/2024\/06\/Aromagel-Sinaas-KLAFS-Gervi-300x300.jpg",300,300,true],"medium_large":["https:\/\/gervi.be\/wp-content\/uploads\/2024\/06\/Aromagel-Sinaas-KLAFS-Gervi-768x768.jpg",768,768,true],"large":["https:\/\/gervi.be\/wp-content\/uploads\/2024\/06\/Aromagel-Sinaas-KLAFS-Gervi-1024x1024.jpg",1024,1024,true],"1536x1536":["https:\/\/gervi.be\/wp-content\/uploads\/2024\/06\/Aromagel-Sinaas-KLAFS-Gervi-1536x1536.jpg",1536,1536,true],"2048x2048":["https:\/\/gervi.be\/wp-content\/uploads\/2024\/06\/Aromagel-Sinaas-KLAFS-Gervi.jpg",2000,2000,false],"woocommerce_thumbnail":["https:\/\/gervi.be\/wp-content\/uploads\/2024\/06\/Aromagel-Sinaas-KLAFS-Gervi-2000x1500.jpg",2000,1500,true],"woocommerce_single":["https:\/\/gervi.be\/wp-content\/uploads\/2024\/06\/Aromagel-Sinaas-KLAFS-Gervi.jpg",2000,2000,false],"woocommerce_gallery_thumbnail":["https:\/\/gervi.be\/wp-content\/uploads\/2024\/06\/Aromagel-Sinaas-KLAFS-Gervi-100x100.jpg",100,100,true],"dgwt-wcas-product-suggestion":["https:\/\/gervi.be\/wp-content\/uploads\/2024\/06\/Aromagel-Sinaas-KLAFS-Gervi.jpg",64,64,false]},"uagb_author_info":{"display_name":"Marjolein Nijs","author_link":"https:\/\/gervi.be\/fr\/author\/"},"uagb_comment_info":0,"uagb_excerpt":"Contenu : 60 grammes Peut \u00eatre utilis\u00e9 en continu jusqu'\u00e0 8 semaines R\u00e9sistance \u00e0 la temp\u00e9rature jusqu'\u00e0 40\u00b0C","_links":{"self":[{"href":"https:\/\/gervi.be\/fr\/wp-json\/wp\/v2\/product\/13436","targetHints":{"allow":["GET"]}}],"collection":[{"href":"https:\/\/gervi.be\/fr\/wp-json\/wp\/v2\/product"}],"about":[{"href":"https:\/\/gervi.be\/fr\/wp-json\/wp\/v2\/types\/product"}],"wp:featuredmedia":[{"embeddable":true,"href":"https:\/\/gervi.be\/fr\/wp-json\/wp\/v2\/media\/25522"}],"wp:attachment":[{"href":"https:\/\/gervi.be\/fr\/wp-json\/wp\/v2\/media?parent=13436"}],"wp:term":[{"taxonomy":"product_brand","embeddable":true,"href":"https:\/\/gervi.be\/fr\/wp-json\/wp\/v2\/product_brand?post=13436"},{"taxonomy":"product_cat","embeddable":true,"href":"https:\/\/gervi.be\/fr\/wp-json\/wp\/v2\/product_cat?post=13436"},{"taxonomy":"product_tag","embeddable":true,"href":"https:\/\/gervi.be\/fr\/wp-json\/wp\/v2\/product_tag?post=13436"}],"curies":[{"name":"wp","href":"https:\/\/api.w.org\/{rel}","templated":true}]}}