{"id":13426,"date":"2023-08-29T13:48:41","date_gmt":"2023-08-29T13:48:41","guid":{"rendered":"https:\/\/gervi.be\/shop\/da-vinci-nero\/"},"modified":"2025-08-25T14:50:02","modified_gmt":"2025-08-25T12:50:02","slug":"da-vinci-nero","status":"publish","type":"product","link":"https:\/\/gervi.be\/fr\/produit\/da-vinci-nero\/","title":{"rendered":"Da Vinci Nero"},"content":{"rendered":"<p>La version ext\u00e9rieure la plus compl\u00e8te et la plus luxueuse de la collection Inizio. Comme L\u00e9onard de Vinci, un touche-\u00e0-tout exceptionnel. Cette cuisine ext\u00e9rieure permet de pr\u00e9parer n&#8217;importe quel plat en un rien de temps. Toutes les derni\u00e8res \u00e9volutions et tendances sont r\u00e9unies dans ce mod\u00e8le, \u00e0 un prix comp\u00e9titif. Le DaVinci dispose de trois br\u00fbleurs principaux et d&#8217;un br\u00fbleur lat\u00e9ral, ce qui permet d&#8217;utiliser simultan\u00e9ment diff\u00e9rentes techniques de cuisson. Le br\u00fbleur arri\u00e8re infrarouge et le br\u00fbleur inf\u00e9rieur compl\u00e8tent les caract\u00e9ristiques. Le couvercle est dot\u00e9 d&#8217;un thermom\u00e8tre int\u00e9gr\u00e9 pratique et vous pouvez facilement cuisiner pour vos amis ou votre famille gr\u00e2ce \u00e0 la grande surface de cuisson de 70 x 44 cm.<\/p>\n","protected":false},"excerpt":{"rendered":"<ul>\n<li>Type de barbecue : gaz\n<\/li>\n<li>Dimensions Surface de cuisson : 70 x 44cm\n<\/li>\n<li>Br\u00fbleur principal : 3\n<\/li>\n<li>Br\u00fbleurs lat\u00e9raux : 1\n<\/li>\n<li>Nombre de br\u00fbleurs inf\u00e9rieurs \u00e0 infrarouge : 1\n<\/li>\n<li>Nombre de br\u00fbleurs arri\u00e8re infrarouges : 1\n<\/li>\n<li>Bac de r\u00e9cup\u00e9ration des graisses : oui\n<\/li>\n<li>Thermom\u00e8tre int\u00e9gr\u00e9 : oui\n<\/li>\n<li>Nombre de tables d&#8217;appoint : 2\n<\/li>\n<li>Mobile : oui\n<\/li>\n<li>Poids : 82,00 kg<\/li>\n<\/ul>\n","protected":false},"featured_media":13431,"template":"","meta":{"_acf_changed":false,"_uag_custom_page_level_css":"","site-sidebar-layout":"default","site-content-layout":"","ast-site-content-layout":"default","site-content-style":"default","site-sidebar-style":"default","ast-global-header-display":"","ast-banner-title-visibility":"","ast-main-header-display":"","ast-hfb-above-header-display":"","ast-hfb-below-header-display":"","ast-hfb-mobile-header-display":"","site-post-title":"","ast-breadcrumbs-content":"","ast-featured-img":"","footer-sml-layout":"","ast-disable-related-posts":"","theme-transparent-header-meta":"default","adv-header-id-meta":"","stick-header-meta":"","header-above-stick-meta":"","header-main-stick-meta":"","header-below-stick-meta":"","astra-migrate-meta-layouts":"default","ast-page-background-enabled":"default","ast-page-background-meta":{"desktop":{"background-color":"","background-image":"","background-repeat":"repeat","background-position":"center center","background-size":"auto","background-attachment":"scroll","background-type":"","background-media":"","overlay-type":"","overlay-color":"","overlay-opacity":"","overlay-gradient":""},"tablet":{"background-color":"","background-image":"","background-repeat":"repeat","background-position":"center center","background-size":"auto","background-attachment":"scroll","background-type":"","background-media":"","overlay-type":"","overlay-color":"","overlay-opacity":"","overlay-gradient":""},"mobile":{"background-color":"","background-image":"","background-repeat":"repeat","background-position":"center center","background-size":"auto","background-attachment":"scroll","background-type":"","background-media":"","overlay-type":"","overlay-color":"","overlay-opacity":"","overlay-gradient":""}},"ast-content-background-meta":{"desktop":{"background-color":"var(--ast-global-color-5)","background-image":"","background-repeat":"repeat","background-position":"center center","background-size":"auto","background-attachment":"scroll","background-type":"","background-media":"","overlay-type":"","overlay-color":"","overlay-opacity":"","overlay-gradient":""},"tablet":{"background-color":"var(--ast-global-color-5)","background-image":"","background-repeat":"repeat","background-position":"center center","background-size":"auto","background-attachment":"scroll","background-type":"","background-media":"","overlay-type":"","overlay-color":"","overlay-opacity":"","overlay-gradient":""},"mobile":{"background-color":"var(--ast-global-color-5)","background-image":"","background-repeat":"repeat","background-position":"center center","background-size":"auto","background-attachment":"scroll","background-type":"","background-media":"","overlay-type":"","overlay-color":"","overlay-opacity":"","overlay-gradient":""}}},"product_brand":[],"product_cat":[651,658],"product_tag":[],"class_list":{"0":"post-13426","1":"product","2":"type-product","3":"status-publish","4":"has-post-thumbnail","6":"product_cat-bbq-fr","7":"product_cat-boretti-fr","8":"desktop-align-left","9":"tablet-align-left","10":"mobile-align-left","12":"first","13":"instock","14":"purchasable","15":"product-type-simple"},"acf":[],"uagb_featured_image_src":{"full":["https:\/\/gervi.be\/wp-content\/uploads\/2023\/08\/nr3davincinero.jpg",597,448,false],"thumbnail":["https:\/\/gervi.be\/wp-content\/uploads\/2023\/08\/nr3davincinero-150x150.jpg",150,150,true],"medium":["https:\/\/gervi.be\/wp-content\/uploads\/2023\/08\/nr3davincinero-300x225.jpg",300,225,true],"medium_large":["https:\/\/gervi.be\/wp-content\/uploads\/2023\/08\/nr3davincinero.jpg",597,448,false],"large":["https:\/\/gervi.be\/wp-content\/uploads\/2023\/08\/nr3davincinero.jpg",597,448,false],"1536x1536":["https:\/\/gervi.be\/wp-content\/uploads\/2023\/08\/nr3davincinero.jpg",597,448,false],"2048x2048":["https:\/\/gervi.be\/wp-content\/uploads\/2023\/08\/nr3davincinero.jpg",597,448,false],"woocommerce_thumbnail":["https:\/\/gervi.be\/wp-content\/uploads\/2023\/08\/nr3davincinero-300x300.jpg",300,300,true],"woocommerce_single":["https:\/\/gervi.be\/wp-content\/uploads\/2023\/08\/nr3davincinero.jpg",597,448,false],"woocommerce_gallery_thumbnail":["https:\/\/gervi.be\/wp-content\/uploads\/2023\/08\/nr3davincinero-100x100.jpg",100,100,true],"dgwt-wcas-product-suggestion":["https:\/\/gervi.be\/wp-content\/uploads\/2023\/08\/nr3davincinero.jpg",64,48,false]},"uagb_author_info":{"display_name":"Marjolein Nijs","author_link":"https:\/\/gervi.be\/fr\/author\/"},"uagb_comment_info":0,"uagb_excerpt":"Type de barbecue : gaz Dimensions Surface de cuisson : 70 x 44cm Br\u00fbleur principal : 3 Br\u00fbleurs lat\u00e9raux : 1 Nombre de br\u00fbleurs inf\u00e9rieurs \u00e0 infrarouge : 1 Nombre de br\u00fbleurs arri\u00e8re infrarouges : 1 Bac de r\u00e9cup\u00e9ration des graisses : oui Thermom\u00e8tre int\u00e9gr\u00e9 : oui Nombre de tables d'appoint : 2 Mobile :\u2026","_links":{"self":[{"href":"https:\/\/gervi.be\/fr\/wp-json\/wp\/v2\/product\/13426","targetHints":{"allow":["GET"]}}],"collection":[{"href":"https:\/\/gervi.be\/fr\/wp-json\/wp\/v2\/product"}],"about":[{"href":"https:\/\/gervi.be\/fr\/wp-json\/wp\/v2\/types\/product"}],"wp:featuredmedia":[{"embeddable":true,"href":"https:\/\/gervi.be\/fr\/wp-json\/wp\/v2\/media\/13431"}],"wp:attachment":[{"href":"https:\/\/gervi.be\/fr\/wp-json\/wp\/v2\/media?parent=13426"}],"wp:term":[{"taxonomy":"product_brand","embeddable":true,"href":"https:\/\/gervi.be\/fr\/wp-json\/wp\/v2\/product_brand?post=13426"},{"taxonomy":"product_cat","embeddable":true,"href":"https:\/\/gervi.be\/fr\/wp-json\/wp\/v2\/product_cat?post=13426"},{"taxonomy":"product_tag","embeddable":true,"href":"https:\/\/gervi.be\/fr\/wp-json\/wp\/v2\/product_tag?post=13426"}],"curies":[{"name":"wp","href":"https:\/\/api.w.org\/{rel}","templated":true}]}}