{"id":13402,"date":"2023-08-29T13:48:41","date_gmt":"2023-08-29T13:48:41","guid":{"rendered":"https:\/\/gervi.be\/shop\/bernini-nero\/"},"modified":"2025-08-25T14:49:53","modified_gmt":"2025-08-25T12:49:53","slug":"bernini-nero","status":"publish","type":"product","link":"https:\/\/gervi.be\/fr\/produit\/bernini-nero\/","title":{"rendered":"Bernini Nero"},"content":{"rendered":"<p>La conception et l&#8217;utilisation de cette cuisine ext\u00e9rieure au gaz ont fait l&#8217;objet d&#8217;une r\u00e9flexion approfondie. Le Bernini est extr\u00eamement polyvalent et tire le meilleur parti d&#8217;un barbecue \u00e0 gaz. Une grande surface de cuisson, plusieurs br\u00fbleurs et de nombreux accessoires font du Bernini un v\u00e9ritable succ\u00e8s. Le Bernini est facile \u00e0 installer dans le jardin ou sur le balcon et, gr\u00e2ce \u00e0 ses quatre roues, il est surtout tr\u00e8s facile \u00e0 utiliser. Le couvercle en acier inoxydable est dot\u00e9 d&#8217;un thermom\u00e8tre int\u00e9gr\u00e9. Un r\u00e9gulateur de pression de gaz est \u00e9galement inclus.<\/p>\n","protected":false},"excerpt":{"rendered":"<ul>\n<li>Type de barbecue : gaz\n<\/li>\n<li>Dimensions Surface de cuisson : 50 x 50cm\n<\/li>\n<li>Br\u00fbleur principal : 2\n<\/li>\n<li>Br\u00fbleurs lat\u00e9raux : 1\n<\/li>\n<li>Bac de r\u00e9cup\u00e9ration des graisses : oui\n<\/li>\n<li>Thermom\u00e8tre int\u00e9gr\u00e9 : oui\n<\/li>\n<li>Nombre de tables d&#8217;appoint : 2\n<\/li>\n<li>Mobile : oui\n<\/li>\n<li>Poids : 56,00 kg<\/li>\n<\/ul>\n","protected":false},"featured_media":13406,"template":"","meta":{"_acf_changed":false,"_uag_custom_page_level_css":"","site-sidebar-layout":"default","site-content-layout":"","ast-site-content-layout":"default","site-content-style":"default","site-sidebar-style":"default","ast-global-header-display":"","ast-banner-title-visibility":"","ast-main-header-display":"","ast-hfb-above-header-display":"","ast-hfb-below-header-display":"","ast-hfb-mobile-header-display":"","site-post-title":"","ast-breadcrumbs-content":"","ast-featured-img":"","footer-sml-layout":"","ast-disable-related-posts":"","theme-transparent-header-meta":"default","adv-header-id-meta":"","stick-header-meta":"","header-above-stick-meta":"","header-main-stick-meta":"","header-below-stick-meta":"","astra-migrate-meta-layouts":"default","ast-page-background-enabled":"default","ast-page-background-meta":{"desktop":{"background-color":"","background-image":"","background-repeat":"repeat","background-position":"center center","background-size":"auto","background-attachment":"scroll","background-type":"","background-media":"","overlay-type":"","overlay-color":"","overlay-opacity":"","overlay-gradient":""},"tablet":{"background-color":"","background-image":"","background-repeat":"repeat","background-position":"center center","background-size":"auto","background-attachment":"scroll","background-type":"","background-media":"","overlay-type":"","overlay-color":"","overlay-opacity":"","overlay-gradient":""},"mobile":{"background-color":"","background-image":"","background-repeat":"repeat","background-position":"center center","background-size":"auto","background-attachment":"scroll","background-type":"","background-media":"","overlay-type":"","overlay-color":"","overlay-opacity":"","overlay-gradient":""}},"ast-content-background-meta":{"desktop":{"background-color":"var(--ast-global-color-5)","background-image":"","background-repeat":"repeat","background-position":"center center","background-size":"auto","background-attachment":"scroll","background-type":"","background-media":"","overlay-type":"","overlay-color":"","overlay-opacity":"","overlay-gradient":""},"tablet":{"background-color":"var(--ast-global-color-5)","background-image":"","background-repeat":"repeat","background-position":"center center","background-size":"auto","background-attachment":"scroll","background-type":"","background-media":"","overlay-type":"","overlay-color":"","overlay-opacity":"","overlay-gradient":""},"mobile":{"background-color":"var(--ast-global-color-5)","background-image":"","background-repeat":"repeat","background-position":"center center","background-size":"auto","background-attachment":"scroll","background-type":"","background-media":"","overlay-type":"","overlay-color":"","overlay-opacity":"","overlay-gradient":""}}},"product_brand":[],"product_cat":[651,658],"product_tag":[],"class_list":{"0":"post-13402","1":"product","2":"type-product","3":"status-publish","4":"has-post-thumbnail","6":"product_cat-bbq-fr","7":"product_cat-boretti-fr","8":"desktop-align-left","9":"tablet-align-left","10":"mobile-align-left","12":"first","13":"instock","14":"purchasable","15":"product-type-simple"},"acf":[],"uagb_featured_image_src":{"full":["https:\/\/gervi.be\/wp-content\/uploads\/2023\/08\/nr3bernininero.jpg",597,448,false],"thumbnail":["https:\/\/gervi.be\/wp-content\/uploads\/2023\/08\/nr3bernininero-150x150.jpg",150,150,true],"medium":["https:\/\/gervi.be\/wp-content\/uploads\/2023\/08\/nr3bernininero-300x225.jpg",300,225,true],"medium_large":["https:\/\/gervi.be\/wp-content\/uploads\/2023\/08\/nr3bernininero.jpg",597,448,false],"large":["https:\/\/gervi.be\/wp-content\/uploads\/2023\/08\/nr3bernininero.jpg",597,448,false],"1536x1536":["https:\/\/gervi.be\/wp-content\/uploads\/2023\/08\/nr3bernininero.jpg",597,448,false],"2048x2048":["https:\/\/gervi.be\/wp-content\/uploads\/2023\/08\/nr3bernininero.jpg",597,448,false],"woocommerce_thumbnail":["https:\/\/gervi.be\/wp-content\/uploads\/2023\/08\/nr3bernininero-300x300.jpg",300,300,true],"woocommerce_single":["https:\/\/gervi.be\/wp-content\/uploads\/2023\/08\/nr3bernininero.jpg",597,448,false],"woocommerce_gallery_thumbnail":["https:\/\/gervi.be\/wp-content\/uploads\/2023\/08\/nr3bernininero-100x100.jpg",100,100,true],"dgwt-wcas-product-suggestion":["https:\/\/gervi.be\/wp-content\/uploads\/2023\/08\/nr3bernininero.jpg",64,48,false]},"uagb_author_info":{"display_name":"Marjolein Nijs","author_link":"https:\/\/gervi.be\/fr\/author\/"},"uagb_comment_info":0,"uagb_excerpt":"Type de barbecue : gaz Dimensions Surface de cuisson : 50 x 50cm Br\u00fbleur principal : 2 Br\u00fbleurs lat\u00e9raux : 1 Bac de r\u00e9cup\u00e9ration des graisses : oui Thermom\u00e8tre int\u00e9gr\u00e9 : oui Nombre de tables d'appoint : 2 Mobile : oui Poids : 56,00 kg","_links":{"self":[{"href":"https:\/\/gervi.be\/fr\/wp-json\/wp\/v2\/product\/13402","targetHints":{"allow":["GET"]}}],"collection":[{"href":"https:\/\/gervi.be\/fr\/wp-json\/wp\/v2\/product"}],"about":[{"href":"https:\/\/gervi.be\/fr\/wp-json\/wp\/v2\/types\/product"}],"wp:featuredmedia":[{"embeddable":true,"href":"https:\/\/gervi.be\/fr\/wp-json\/wp\/v2\/media\/13406"}],"wp:attachment":[{"href":"https:\/\/gervi.be\/fr\/wp-json\/wp\/v2\/media?parent=13402"}],"wp:term":[{"taxonomy":"product_brand","embeddable":true,"href":"https:\/\/gervi.be\/fr\/wp-json\/wp\/v2\/product_brand?post=13402"},{"taxonomy":"product_cat","embeddable":true,"href":"https:\/\/gervi.be\/fr\/wp-json\/wp\/v2\/product_cat?post=13402"},{"taxonomy":"product_tag","embeddable":true,"href":"https:\/\/gervi.be\/fr\/wp-json\/wp\/v2\/product_tag?post=13402"}],"curies":[{"name":"wp","href":"https:\/\/api.w.org\/{rel}","templated":true}]}}