{"id":13392,"date":"2023-08-29T13:48:41","date_gmt":"2023-08-29T13:48:41","guid":{"rendered":"https:\/\/gervi.be\/shop\/maggiore-anthracite\/"},"modified":"2023-08-29T13:48:41","modified_gmt":"2023-08-29T13:48:41","slug":"maggiore-anthracite","status":"publish","type":"product","link":"https:\/\/gervi.be\/fr\/produit\/maggiore-anthracite\/","title":{"rendered":"Maggiore Anthracite"},"content":{"rendered":"<p>Pour un barbecue \u00e0 gaz dont le design est tr\u00e8s proche de celui de nos c\u00e9l\u00e8bres cuisini\u00e8res \u00e0 gaz Borretti et qui se distingue par sa fonctionnalit\u00e9 et sa facilit\u00e9 d&#8217;utilisation, choisissez le Boretti Maggiore. Cette cuisine d&#8217;ext\u00e9rieur est facile \u00e0 d\u00e9placer et dispose de boutons de commande Boretti, tout comme nos cuisini\u00e8res. La fa\u00e7ade comporte une &#8220;porte de four&#8221; noire, tout comme le vrai four, mais dans la version Outdoor, il s&#8217;agit d&#8217;un espace de rangement pratique. Le Maggiore dispose de trois br\u00fbleurs principaux, d&#8217;un br\u00fbleur lat\u00e9ral et d&#8217;un br\u00fbleur arri\u00e8re \u00e0 infrarouge &#8211; pour une cuisson parfaite de tous les plats. Comme presque tous les barbecues Boretti, ce Maggiore est \u00e9quip\u00e9 de deux grilles en fonte et d&#8217;une plaque en fonte. \u00c0 l&#8217;int\u00e9rieur, le barbecue \u00e0 gaz Maggiore est \u00e9quip\u00e9 d&#8217;un porte-\u00e9pices pratique. Vous avez donc tout ce qu&#8217;il faut \u00e0 port\u00e9e de main pour essayer diff\u00e9rents plats au barbecue.<\/p>\n","protected":false},"excerpt":{"rendered":"<ul>\n<li>Type de barbecue : gaz\n<\/li>\n<li>Br\u00fbleur principal : 3\n<\/li>\n<li>Br\u00fbleurs lat\u00e9raux : 1\n<\/li>\n<li>Nombre de br\u00fbleurs inf\u00e9rieurs \u00e0 infrarouge : 1\n<\/li>\n<li>Nombre de br\u00fbleurs arri\u00e8re infrarouges : 1\n<\/li>\n<li>Bac de r\u00e9cup\u00e9ration des graisses : oui\n<\/li>\n<li>Thermom\u00e8tre int\u00e9gr\u00e9 : oui\n<\/li>\n<li>Nombre de tables d&#8217;appoint : 2\n<\/li>\n<li>Mobile : oui\n<\/li>\n<li>Sac \u00e0 d\u00e9chets int\u00e9gr\u00e9 : oui\n<\/li>\n<li>Poids : 83 kg\n<\/li>\n<li>Dimensions : 135 x 59 x 122 cm<\/li>\n<\/ul>\n","protected":false},"featured_media":13396,"template":"","meta":{"_acf_changed":false,"_uag_custom_page_level_css":"","site-sidebar-layout":"default","site-content-layout":"","ast-site-content-layout":"default","site-content-style":"default","site-sidebar-style":"default","ast-global-header-display":"","ast-banner-title-visibility":"","ast-main-header-display":"","ast-hfb-above-header-display":"","ast-hfb-below-header-display":"","ast-hfb-mobile-header-display":"","site-post-title":"","ast-breadcrumbs-content":"","ast-featured-img":"","footer-sml-layout":"","ast-disable-related-posts":"","theme-transparent-header-meta":"default","adv-header-id-meta":"","stick-header-meta":"","header-above-stick-meta":"","header-main-stick-meta":"","header-below-stick-meta":"","astra-migrate-meta-layouts":"default","ast-page-background-enabled":"default","ast-page-background-meta":{"desktop":{"background-color":"","background-image":"","background-repeat":"repeat","background-position":"center center","background-size":"auto","background-attachment":"scroll","background-type":"","background-media":"","overlay-type":"","overlay-color":"","overlay-opacity":"","overlay-gradient":""},"tablet":{"background-color":"","background-image":"","background-repeat":"repeat","background-position":"center center","background-size":"auto","background-attachment":"scroll","background-type":"","background-media":"","overlay-type":"","overlay-color":"","overlay-opacity":"","overlay-gradient":""},"mobile":{"background-color":"","background-image":"","background-repeat":"repeat","background-position":"center center","background-size":"auto","background-attachment":"scroll","background-type":"","background-media":"","overlay-type":"","overlay-color":"","overlay-opacity":"","overlay-gradient":""}},"ast-content-background-meta":{"desktop":{"background-color":"var(--ast-global-color-5)","background-image":"","background-repeat":"repeat","background-position":"center center","background-size":"auto","background-attachment":"scroll","background-type":"","background-media":"","overlay-type":"","overlay-color":"","overlay-opacity":"","overlay-gradient":""},"tablet":{"background-color":"var(--ast-global-color-5)","background-image":"","background-repeat":"repeat","background-position":"center center","background-size":"auto","background-attachment":"scroll","background-type":"","background-media":"","overlay-type":"","overlay-color":"","overlay-opacity":"","overlay-gradient":""},"mobile":{"background-color":"var(--ast-global-color-5)","background-image":"","background-repeat":"repeat","background-position":"center center","background-size":"auto","background-attachment":"scroll","background-type":"","background-media":"","overlay-type":"","overlay-color":"","overlay-opacity":"","overlay-gradient":""}}},"product_brand":[],"product_cat":[651,658],"product_tag":[],"class_list":{"0":"post-13392","1":"product","2":"type-product","3":"status-publish","4":"has-post-thumbnail","6":"product_cat-bbq-fr","7":"product_cat-boretti-fr","8":"desktop-align-left","9":"tablet-align-left","10":"mobile-align-left","12":"first","13":"instock","14":"purchasable","15":"product-type-simple"},"acf":[],"uagb_featured_image_src":{"full":["https:\/\/gervi.be\/wp-content\/uploads\/2023\/08\/nr3ezgif5262b7e5cf1.jpg",628,418,false],"thumbnail":["https:\/\/gervi.be\/wp-content\/uploads\/2023\/08\/nr3ezgif5262b7e5cf1-150x150.jpg",150,150,true],"medium":["https:\/\/gervi.be\/wp-content\/uploads\/2023\/08\/nr3ezgif5262b7e5cf1-300x200.jpg",300,200,true],"medium_large":["https:\/\/gervi.be\/wp-content\/uploads\/2023\/08\/nr3ezgif5262b7e5cf1.jpg",628,418,false],"large":["https:\/\/gervi.be\/wp-content\/uploads\/2023\/08\/nr3ezgif5262b7e5cf1.jpg",628,418,false],"1536x1536":["https:\/\/gervi.be\/wp-content\/uploads\/2023\/08\/nr3ezgif5262b7e5cf1.jpg",628,418,false],"2048x2048":["https:\/\/gervi.be\/wp-content\/uploads\/2023\/08\/nr3ezgif5262b7e5cf1.jpg",628,418,false],"woocommerce_thumbnail":["https:\/\/gervi.be\/wp-content\/uploads\/2023\/08\/nr3ezgif5262b7e5cf1-300x300.jpg",300,300,true],"woocommerce_single":["https:\/\/gervi.be\/wp-content\/uploads\/2023\/08\/nr3ezgif5262b7e5cf1.jpg",628,418,false],"woocommerce_gallery_thumbnail":["https:\/\/gervi.be\/wp-content\/uploads\/2023\/08\/nr3ezgif5262b7e5cf1-100x100.jpg",100,100,true],"dgwt-wcas-product-suggestion":["https:\/\/gervi.be\/wp-content\/uploads\/2023\/08\/nr3ezgif5262b7e5cf1.jpg",64,43,false]},"uagb_author_info":{"display_name":"Marjolein Nijs","author_link":"https:\/\/gervi.be\/fr\/author\/"},"uagb_comment_info":0,"uagb_excerpt":"Type de barbecue : gaz Br\u00fbleur principal : 3 Br\u00fbleurs lat\u00e9raux : 1 Nombre de br\u00fbleurs inf\u00e9rieurs \u00e0 infrarouge : 1 Nombre de br\u00fbleurs arri\u00e8re infrarouges : 1 Bac de r\u00e9cup\u00e9ration des graisses : oui Thermom\u00e8tre int\u00e9gr\u00e9 : oui Nombre de tables d'appoint : 2 Mobile : oui Sac \u00e0 d\u00e9chets int\u00e9gr\u00e9 : oui Poids\u2026","_links":{"self":[{"href":"https:\/\/gervi.be\/fr\/wp-json\/wp\/v2\/product\/13392","targetHints":{"allow":["GET"]}}],"collection":[{"href":"https:\/\/gervi.be\/fr\/wp-json\/wp\/v2\/product"}],"about":[{"href":"https:\/\/gervi.be\/fr\/wp-json\/wp\/v2\/types\/product"}],"wp:featuredmedia":[{"embeddable":true,"href":"https:\/\/gervi.be\/fr\/wp-json\/wp\/v2\/media\/13396"}],"wp:attachment":[{"href":"https:\/\/gervi.be\/fr\/wp-json\/wp\/v2\/media?parent=13392"}],"wp:term":[{"taxonomy":"product_brand","embeddable":true,"href":"https:\/\/gervi.be\/fr\/wp-json\/wp\/v2\/product_brand?post=13392"},{"taxonomy":"product_cat","embeddable":true,"href":"https:\/\/gervi.be\/fr\/wp-json\/wp\/v2\/product_cat?post=13392"},{"taxonomy":"product_tag","embeddable":true,"href":"https:\/\/gervi.be\/fr\/wp-json\/wp\/v2\/product_tag?post=13392"}],"curies":[{"name":"wp","href":"https:\/\/api.w.org\/{rel}","templated":true}]}}