{"id":13389,"date":"2023-08-29T13:48:41","date_gmt":"2023-08-29T11:48:41","guid":{"rendered":"https:\/\/gervi.be\/shop\/r500\/"},"modified":"2024-06-18T09:59:05","modified_gmt":"2024-06-18T07:59:05","slug":"r500","status":"publish","type":"product","link":"https:\/\/gervi.be\/fr\/produit\/r500\/","title":{"rendered":"R500"},"content":{"rendered":"<p><a href=\"https:\/\/gervi.be\/merken\/endless-pools\/\"><img decoding=\"async\" class=\"alignnone wp-image-20326\" src=\"https:\/\/gervi.be\/wp-content\/uploads\/2024\/03\/Endless-Pools-Logo-300x126.png\" alt=\"Logo Endless Pools\" width=\"150\" height=\"63\" title=\"\"><\/a><\/p>\n<h2>Description<\/h2>\n<p>Une baignade \u00e0 l&#8217;aube ou une s\u00e9ance d&#8217;entra\u00eenement vigoureuse dans l&#8217;eau lib\u00e8re l&#8217;esprit et vous donne l&#8217;impression de pouvoir faire face \u00e0 tout ce que la journ\u00e9e vous r\u00e9serve. Une telle journ\u00e9e est rendue possible gr\u00e2ce au tout nouveau syst\u00e8me d&#8217;entra\u00eenement SwimCross des fabricants d&#8217;Endless Pools. Le R500 vous permet de nager et de vous entra\u00eener chez vous dans un design unique et magnifique. C&#8217;est pourquoi le syst\u00e8me d&#8217;entra\u00eenement SwimCross d&#8217;Endless Pools est une classe \u00e0 part.<\/p>\n<div class=\"flex flex-grow flex-col max-w-full\">\n<div class=\"min-h-[20px] text-message flex flex-col items-start gap-3 whitespace-pre-wrap break-words [.text-message+&amp;]:mt-5 overflow-x-auto\" dir=\"auto\" data-message-author-role=\"assistant\" data-message-id=\"10ef19a6-0a59-4340-9e86-4742bb8c6184\">\n<div class=\"markdown prose w-full break-words dark:prose-invert light\">\n<p>Le spa de nage Endless Pools R500 associe un luxe abordable \u00e0 des installations sportives fonctionnelles. Il est id\u00e9al pour les familles et les sportifs \u00e0 la recherche d&#8217;une exp\u00e9rience aquatique compacte et polyvalente. Ce spa de nage de 4,57 m\u00e8tres de long et de 2,26 m\u00e8tres de large offre suffisamment d&#8217;espace pour les activit\u00e9s de natation r\u00e9cr\u00e9ative et les exercices de fitness gr\u00e2ce \u00e0 la technologie RecSport\u00ae. Cette technologie offre un courant plus doux, adapt\u00e9 aux entra\u00eenements de natation l\u00e9gers et aux activit\u00e9s r\u00e9cr\u00e9atives.<\/p>\n<p>Le R500 est \u00e9quip\u00e9 de jets puissants mais doux qui cr\u00e9ent un environnement id\u00e9al pour que les d\u00e9butants et les enfants puissent nager en toute s\u00e9curit\u00e9. Ces jets sont \u00e9galement parfaits pour les adultes qui recherchent une exp\u00e9rience de natation relaxante sans l&#8217;intensit\u00e9 des entra\u00eenements de natation professionnels. Le syst\u00e8me de gestion de l&#8217;eau du R500 utilise des technologies modernes de filtration et d&#8217;assainissement, telles que les traitements aux UV-C et \u00e0 l&#8217;ozone, qui permettent de garder l&#8217;eau propre et claire avec un minimum de produits chimiques.<\/p>\n<p>Outre les installations de natation, le R500 dispose d&#8217;un espace spa spacieux avec de multiples jets d&#8217;hydromassage. Ces jets sont strat\u00e9giquement plac\u00e9s pour fournir un effet th\u00e9rapeutique visant \u00e0 d\u00e9tendre les muscles et \u00e0 soulager les tensions. Les si\u00e8ges confortables de l&#8217;espace spa sont con\u00e7us de mani\u00e8re ergonomique pour favoriser une posture d\u00e9tendue, ce qui permet aux utilisateurs de profiter d&#8217;une exp\u00e9rience similaire \u00e0 celle des installations commerciales.<\/p>\n<p>La structure du R500 est robuste et durable, con\u00e7ue pour r\u00e9sister \u00e0 l&#8217;\u00e9preuve du temps. Le cadre est en acier inoxydable et la baignoire en mat\u00e9riaux innovants qui r\u00e9sistent aux intemp\u00e9ries et aux rayons UV. Cela fait du R500 un choix id\u00e9al pour une installation \u00e0 l&#8217;ext\u00e9rieur, que ce soit dans un grand ou un petit jardin. Pour les familles, le R500 offre un environnement s\u00fbr et agr\u00e9able o\u00f9 les enfants peuvent apprendre \u00e0 nager et jouer sous surveillance, tandis que les adultes peuvent faire de l&#8217;exercice ou se d\u00e9tendre. Le spa a \u00e9galement \u00e9t\u00e9 con\u00e7u dans un souci d&#8217;efficacit\u00e9 \u00e9nerg\u00e9tique ; le syst\u00e8me de chauffage int\u00e9gr\u00e9 et les pompes sont con\u00e7us pour \u00e9conomiser l&#8217;\u00e9nergie et r\u00e9duire les co\u00fbts d&#8217;exploitation.<\/p>\n<p>Le R500 offre \u00e9galement une s\u00e9rie d&#8217;options personnalisables. Les utilisateurs peuvent choisir parmi diff\u00e9rentes couleurs et finitions pour personnaliser le spa en fonction de leurs go\u00fbts et de leur d\u00e9cor. Des accessoires suppl\u00e9mentaires tels que l&#8217;\u00e9clairage LED, les syst\u00e8mes musicaux et les jeux d&#8217;eau sont disponibles pour enrichir l&#8217;exp\u00e9rience de l&#8217;utilisateur. Chaque spa de nage est donc unique et adapt\u00e9 aux besoins et pr\u00e9f\u00e9rences sp\u00e9cifiques de l&#8217;utilisateur.<\/p>\n<p>Faisant partie de la gamme de produits Endless Pools, le R500 est connu pour sa qualit\u00e9 et sa fiabilit\u00e9. En tant qu&#8217;importateur exclusif, Gervi offre un service client complet qui garantit la tranquillit\u00e9 d&#8217;esprit lors de l&#8217;achat et de l&#8217;entretien du spa de nage. La satisfaction du client est au c\u0153ur de notre offre de services, avec une assistance allant de l&#8217;installation \u00e0 la maintenance si n\u00e9cessaire.<\/p>\n<\/div>\n<\/div>\n<\/div>\n","protected":false},"excerpt":{"rendered":"<ul>\n<li>Dimensions : 457 x 226 x 127 cm<\/li>\n<li>Capacit\u00e9 en eau : 6 760 litres<\/li>\n<li>Poids \u00e0 vide : 935 kg<\/li>\n<li>Poids \u00e0 vide : 8,475 kg<\/li>\n<li>Technologie de natation : RecSport<\/li>\n<li>Possibilit\u00e9 d&#8217;installation partielle<\/li>\n<li>Syst\u00e8me musical via Bluetooth (en option)<\/li>\n<\/ul>\n","protected":false},"featured_media":21811,"template":"","meta":{"_acf_changed":false,"_uag_custom_page_level_css":"","site-sidebar-layout":"default","site-content-layout":"","ast-site-content-layout":"default","site-content-style":"default","site-sidebar-style":"default","ast-global-header-display":"","ast-banner-title-visibility":"","ast-main-header-display":"","ast-hfb-above-header-display":"","ast-hfb-below-header-display":"","ast-hfb-mobile-header-display":"","site-post-title":"","ast-breadcrumbs-content":"","ast-featured-img":"","footer-sml-layout":"","ast-disable-related-posts":"","theme-transparent-header-meta":"default","adv-header-id-meta":"","stick-header-meta":"","header-above-stick-meta":"","header-main-stick-meta":"","header-below-stick-meta":"","astra-migrate-meta-layouts":"default","ast-page-background-enabled":"default","ast-page-background-meta":{"desktop":{"background-color":"","background-image":"","background-repeat":"repeat","background-position":"center center","background-size":"auto","background-attachment":"scroll","background-type":"","background-media":"","overlay-type":"","overlay-color":"","overlay-opacity":"","overlay-gradient":""},"tablet":{"background-color":"","background-image":"","background-repeat":"repeat","background-position":"center center","background-size":"auto","background-attachment":"scroll","background-type":"","background-media":"","overlay-type":"","overlay-color":"","overlay-opacity":"","overlay-gradient":""},"mobile":{"background-color":"","background-image":"","background-repeat":"repeat","background-position":"center center","background-size":"auto","background-attachment":"scroll","background-type":"","background-media":"","overlay-type":"","overlay-color":"","overlay-opacity":"","overlay-gradient":""}},"ast-content-background-meta":{"desktop":{"background-color":"var(--ast-global-color-5)","background-image":"","background-repeat":"repeat","background-position":"center center","background-size":"auto","background-attachment":"scroll","background-type":"","background-media":"","overlay-type":"","overlay-color":"","overlay-opacity":"","overlay-gradient":""},"tablet":{"background-color":"var(--ast-global-color-5)","background-image":"","background-repeat":"repeat","background-position":"center center","background-size":"auto","background-attachment":"scroll","background-type":"","background-media":"","overlay-type":"","overlay-color":"","overlay-opacity":"","overlay-gradient":""},"mobile":{"background-color":"var(--ast-global-color-5)","background-image":"","background-repeat":"repeat","background-position":"center center","background-size":"auto","background-attachment":"scroll","background-type":"","background-media":"","overlay-type":"","overlay-color":"","overlay-opacity":"","overlay-gradient":""}}},"product_brand":[],"product_cat":[648,647,1622],"product_tag":[1561,1587,1559,1314,1562,1596,1558,1619,1628,1311,1312,1620,1618],"class_list":{"0":"post-13389","1":"product","2":"type-product","3":"status-publish","4":"has-post-thumbnail","6":"product_cat-endless-pools","7":"product_cat-spa-de-nage","8":"product_cat-systemes-de-loisirs-endless-pools","9":"product_tag-a-contre-courant","10":"product_tag-cours-deau-de-natation","11":"product_tag-des-piscines-a-perte-de-vue","12":"product_tag-gervi-fr","13":"product_tag-jetstream-fr","14":"product_tag-monobloc","15":"product_tag-natation","16":"product_tag-r500-fr","17":"product_tag-serie-r","18":"product_tag-spa-de-natation","19":"product_tag-swimspa-fr","20":"product_tag-systemes-de-loisirs","21":"product_tag-systemes-de-loisirs-endless-pools","22":"desktop-align-left","23":"tablet-align-left","24":"mobile-align-left","26":"first","27":"instock","28":"product-type-simple"},"acf":[],"uagb_featured_image_src":{"full":["https:\/\/gervi.be\/wp-content\/uploads\/2023\/08\/R500-Endless-Pools-Swimspa.jpg",2000,2000,false],"thumbnail":["https:\/\/gervi.be\/wp-content\/uploads\/2023\/08\/R500-Endless-Pools-Swimspa-150x150.jpg",150,150,true],"medium":["https:\/\/gervi.be\/wp-content\/uploads\/2023\/08\/R500-Endless-Pools-Swimspa-300x300.jpg",300,300,true],"medium_large":["https:\/\/gervi.be\/wp-content\/uploads\/2023\/08\/R500-Endless-Pools-Swimspa-768x768.jpg",768,768,true],"large":["https:\/\/gervi.be\/wp-content\/uploads\/2023\/08\/R500-Endless-Pools-Swimspa-1024x1024.jpg",1024,1024,true],"1536x1536":["https:\/\/gervi.be\/wp-content\/uploads\/2023\/08\/R500-Endless-Pools-Swimspa-1536x1536.jpg",1536,1536,true],"2048x2048":["https:\/\/gervi.be\/wp-content\/uploads\/2023\/08\/R500-Endless-Pools-Swimspa.jpg",2000,2000,false],"woocommerce_thumbnail":["https:\/\/gervi.be\/wp-content\/uploads\/2023\/08\/R500-Endless-Pools-Swimspa-2000x1500.jpg",2000,1500,true],"woocommerce_single":["https:\/\/gervi.be\/wp-content\/uploads\/2023\/08\/R500-Endless-Pools-Swimspa.jpg",2000,2000,false],"woocommerce_gallery_thumbnail":["https:\/\/gervi.be\/wp-content\/uploads\/2023\/08\/R500-Endless-Pools-Swimspa-100x100.jpg",100,100,true],"dgwt-wcas-product-suggestion":["https:\/\/gervi.be\/wp-content\/uploads\/2023\/08\/R500-Endless-Pools-Swimspa.jpg",64,64,false]},"uagb_author_info":{"display_name":"Marjolein Nijs","author_link":"https:\/\/gervi.be\/fr\/author\/"},"uagb_comment_info":0,"uagb_excerpt":"Dimensions : 457 x 226 x 127 cm Capacit\u00e9 en eau : 6 760 litres Poids \u00e0 vide : 935 kg Poids \u00e0 vide : 8,475 kg Technologie de natation : RecSport Possibilit\u00e9 d'installation partielle Syst\u00e8me musical via Bluetooth (en option)","_links":{"self":[{"href":"https:\/\/gervi.be\/fr\/wp-json\/wp\/v2\/product\/13389","targetHints":{"allow":["GET"]}}],"collection":[{"href":"https:\/\/gervi.be\/fr\/wp-json\/wp\/v2\/product"}],"about":[{"href":"https:\/\/gervi.be\/fr\/wp-json\/wp\/v2\/types\/product"}],"wp:featuredmedia":[{"embeddable":true,"href":"https:\/\/gervi.be\/fr\/wp-json\/wp\/v2\/media\/21811"}],"wp:attachment":[{"href":"https:\/\/gervi.be\/fr\/wp-json\/wp\/v2\/media?parent=13389"}],"wp:term":[{"taxonomy":"product_brand","embeddable":true,"href":"https:\/\/gervi.be\/fr\/wp-json\/wp\/v2\/product_brand?post=13389"},{"taxonomy":"product_cat","embeddable":true,"href":"https:\/\/gervi.be\/fr\/wp-json\/wp\/v2\/product_cat?post=13389"},{"taxonomy":"product_tag","embeddable":true,"href":"https:\/\/gervi.be\/fr\/wp-json\/wp\/v2\/product_tag?post=13389"}],"curies":[{"name":"wp","href":"https:\/\/api.w.org\/{rel}","templated":true}]}}