{"id":13385,"date":"2023-08-29T13:48:41","date_gmt":"2023-08-29T11:48:41","guid":{"rendered":"https:\/\/gervi.be\/shop\/freshwater-1-pack\/"},"modified":"2024-06-18T09:45:27","modified_gmt":"2024-06-18T07:45:27","slug":"freshwater-salt-system-cartridge-1-pack","status":"publish","type":"product","link":"https:\/\/gervi.be\/fr\/produit\/freshwater-salt-system-cartridge-1-pack\/","title":{"rendered":"FreshWater Salt System Cartridge (1-pack)"},"content":{"rendered":"<p><a href=\"https:\/\/gervi.be\/merken\/hotspring\"><img decoding=\"async\" class=\"alignnone wp-image-24724\" src=\"https:\/\/gervi.be\/wp-content\/uploads\/2024\/06\/Hot-Spring-logo-300x95.png\" alt=\"Logo Hot Spring\" width=\"150\" height=\"48\" title=\"\" srcset=\"https:\/\/gervi.be\/wp-content\/uploads\/2024\/06\/Hot-Spring-logo-300x95.png 300w, https:\/\/gervi.be\/wp-content\/uploads\/2024\/06\/Hot-Spring-logo-2000x634.png 2000w, https:\/\/gervi.be\/wp-content\/uploads\/2024\/06\/Hot-Spring-logo-1024x324.png 1024w, https:\/\/gervi.be\/wp-content\/uploads\/2024\/06\/Hot-Spring-logo-768x243.png 768w, https:\/\/gervi.be\/wp-content\/uploads\/2024\/06\/Hot-Spring-logo-1536x487.png 1536w, https:\/\/gervi.be\/wp-content\/uploads\/2024\/06\/Hot-Spring-logo-2048x649.png 2048w\" sizes=\"(max-width: 150px) 100vw, 150px\" \/><\/a><\/p>\n<h2>Description<\/h2>\n<p>Le syst\u00e8me de sel FreshWater 1-pack offre une approche innovante pour l&#8217;entretien de votre spa HotSpring. Cette cartouche transforme le sel en chlore, garantissant une eau claire, douce et inodore. Ce syst\u00e8me minimise l&#8217;utilisation de produits chimiques, ce qui r\u00e9duit les irritations cutan\u00e9es et les odeurs. Chaque cartouche dure jusqu&#8217;\u00e0 quatre mois, ce qui permet \u00e0 votre spa de rester propre jusqu&#8217;\u00e0 un an sans avoir \u00e0 le changer fr\u00e9quemment. Compatible avec les collections Limelight et Highlife de HotSpring \u00e0 partir de 2019 (et pr\u00e9par\u00e9 pour le syst\u00e8me de sel FreshWater), le syst\u00e8me est facile \u00e0 installer sans assistance technique.<\/p>\n<p>La facilit\u00e9 d&#8217;utilisation du syst\u00e8me FreshWater Salt est un grand avantage. La cartouche peut \u00eatre remplac\u00e9e en quelques secondes sans comp\u00e9tences techniques, ce qui simplifie l&#8217;entretien de votre spa. Ce syst\u00e8me d&#8217;eau de mer permet \u00e9galement de r\u00e9duire la consommation d&#8217;eau, puisque l&#8217;eau ne doit \u00eatre chang\u00e9e qu&#8217;une fois par an. Le syst\u00e8me est donc non seulement pratique, mais aussi respectueux de l&#8217;environnement et rentable.<\/p>\n<p>Le syst\u00e8me fonctionne avec une cartouche en titane qui g\u00e9n\u00e8re automatiquement du chlore \u00e0 partir du sel, assurant ainsi une d\u00e9sinfection constante et efficace de l&#8217;eau. Il en r\u00e9sulte moins de fluctuations dans la qualit\u00e9 de l&#8217;eau et une exp\u00e9rience plus r\u00e9guli\u00e8re du spa. Le syst\u00e8me de sel FreshWater garantit que l&#8217;eau de votre spa est toujours pr\u00eate \u00e0 l&#8217;emploi, ce qui vous laisse plus de temps pour vous d\u00e9tendre et moins de temps \u00e0 consacrer \u00e0 l&#8217;entretien. Pour tous ceux qui recherchent un moyen fiable et efficace d&#8217;entretenir leur spa, le syst\u00e8me de sel FreshWater 1-pack offre une excellente solution. Les avantages d&#8217;une r\u00e9duction des produits chimiques, d&#8217;une installation et d&#8217;un remplacement faciles, d&#8217;une plus longue dur\u00e9e de vie de l&#8217;eau et d&#8217;une eau toujours pure font de ce syst\u00e8me un ajout pr\u00e9cieux \u00e0 votre exp\u00e9rience du spa.<\/p>\n<p>La cartouche est sp\u00e9cialement con\u00e7ue pour \u00eatre compatible avec les mod\u00e8les des collections Limelight et Highlife de HotSpring. Cela garantit une int\u00e9gration parfaite et des performances optimales. La possibilit\u00e9 de remplacer soi-m\u00eame la cartouche sans l&#8217;aide d&#8217;un professionnel rend le syst\u00e8me accessible et convivial pour tous. Les aspects \u00e9cologiques du syst\u00e8me constituent \u00e9galement un avantage cl\u00e9. Avec une utilisation r\u00e9duite de produits chimiques et des changements d&#8217;eau moins fr\u00e9quents, le syst\u00e8me de sel FreshWater contribue \u00e0 une exp\u00e9rience de spa plus durable. Ce n&#8217;est pas seulement bon pour votre sant\u00e9 et votre confort, mais aussi pour l&#8217;environnement.<\/p>\n<p>De plus, le syst\u00e8me FreshWater Salt est con\u00e7u avec le souci du d\u00e9tail et de la qualit\u00e9. La construction robuste de la cartouche et les mat\u00e9riaux de haute qualit\u00e9 garantissent une longue dur\u00e9e de vie et des performances fiables. Cela signifie que vous pouvez compter sur le syst\u00e8me pour obtenir une eau toujours propre et claire \u00e0 chaque fois que vous profitez de votre spa.<\/p>\n<p>Le syst\u00e8me de sel FreshWater 1-pack est une solution intelligente pour l&#8217;entretien de votre spa HotSpring. Avec sa technologie innovante, sa facilit\u00e9 d&#8217;utilisation et ses caract\u00e9ristiques \u00e9cologiques, ce syst\u00e8me est id\u00e9al pour tous ceux qui recherchent un moyen efficace et fiable de maintenir la qualit\u00e9 de l&#8217;eau dans leur spa. Que vous soyez un nouvel utilisateur de spa ou un client exp\u00e9riment\u00e9, le syst\u00e8me de sel FreshWater garantit que votre spa est toujours en parfait \u00e9tat, ce qui vous permet de vous d\u00e9tendre et de profiter pleinement de votre spa.<\/p>\n","protected":false},"excerpt":{"rendered":"<ul>\n<li>Contenu : 1 cartouche de sel pour syst\u00e8me d&#8217;eau douce<\/li>\n<li>Moins de produits chimiques : pas de d\u00e9mangeaisons, de s\u00e9cheresse de la peau ou des yeux<\/li>\n<li>Moins de consommation d&#8217;eau : vidange et remplissage moins fr\u00e9quents de la baignoire<\/li>\n<li>Facile \u00e0 utiliser<\/li>\n<\/ul>\n","protected":false},"featured_media":25003,"template":"","meta":{"_acf_changed":false,"_uag_custom_page_level_css":"","site-sidebar-layout":"default","site-content-layout":"","ast-site-content-layout":"default","site-content-style":"default","site-sidebar-style":"default","ast-global-header-display":"","ast-banner-title-visibility":"","ast-main-header-display":"","ast-hfb-above-header-display":"","ast-hfb-below-header-display":"","ast-hfb-mobile-header-display":"","site-post-title":"","ast-breadcrumbs-content":"","ast-featured-img":"","footer-sml-layout":"","ast-disable-related-posts":"","theme-transparent-header-meta":"default","adv-header-id-meta":"","stick-header-meta":"","header-above-stick-meta":"","header-main-stick-meta":"","header-below-stick-meta":"","astra-migrate-meta-layouts":"set","ast-page-background-enabled":"default","ast-page-background-meta":{"desktop":{"background-color":"","background-image":"","background-repeat":"repeat","background-position":"center center","background-size":"auto","background-attachment":"scroll","background-type":"","background-media":"","overlay-type":"","overlay-color":"","overlay-opacity":"","overlay-gradient":""},"tablet":{"background-color":"","background-image":"","background-repeat":"repeat","background-position":"center center","background-size":"auto","background-attachment":"scroll","background-type":"","background-media":"","overlay-type":"","overlay-color":"","overlay-opacity":"","overlay-gradient":""},"mobile":{"background-color":"","background-image":"","background-repeat":"repeat","background-position":"center center","background-size":"auto","background-attachment":"scroll","background-type":"","background-media":"","overlay-type":"","overlay-color":"","overlay-opacity":"","overlay-gradient":""}},"ast-content-background-meta":{"desktop":{"background-color":"var(--ast-global-color-5)","background-image":"","background-repeat":"repeat","background-position":"center center","background-size":"auto","background-attachment":"scroll","background-type":"","background-media":"","overlay-type":"","overlay-color":"","overlay-opacity":"","overlay-gradient":""},"tablet":{"background-color":"var(--ast-global-color-5)","background-image":"","background-repeat":"repeat","background-position":"center center","background-size":"auto","background-attachment":"scroll","background-type":"","background-media":"","overlay-type":"","overlay-color":"","overlay-opacity":"","overlay-gradient":""},"mobile":{"background-color":"var(--ast-global-color-5)","background-image":"","background-repeat":"repeat","background-position":"center center","background-size":"auto","background-attachment":"scroll","background-type":"","background-media":"","overlay-type":"","overlay-color":"","overlay-opacity":"","overlay-gradient":""}}},"product_brand":[],"product_cat":[635,690],"product_tag":[2721,2727,2716,2725,2713,1708,1314,2720,2719,2432,2722,2714,2114,2724,2728,1805,2718,2715,2717,2711,2712,2726,2723],"class_list":{"0":"post-13385","1":"product","2":"type-product","3":"status-publish","4":"has-post-thumbnail","6":"product_cat-jacuzzi-fr","7":"product_cat-produits-dentretien","8":"product_tag-cartouche-en-titane","9":"product_tag-cartouches-auto-remplacables","10":"product_tag-cartouches-de-sel","11":"product_tag-changement-de-leau-du-spa","12":"product_tag-entretien-du-spa-hotspring","13":"product_tag-explorez-votre-mode-de-vie","14":"product_tag-gervi-fr","15":"product_tag-hotspring-highlife-fr","16":"product_tag-hotspring-limelight-fr","17":"product_tag-installation-facile","18":"product_tag-moins-de-produits-chimiques","19":"product_tag-production-de-chlore","20":"product_tag-qualite-de-leau-du-spa","21":"product_tag-reduire-la-consommation-deau","22":"product_tag-solution-durable-pour-les-spas","23":"product_tag-source-chaude","24":"product_tag-spa-convivial","25":"product_tag-spa-ecologique","26":"product_tag-spa-longue-duree","27":"product_tag-systeme-deau-douce-et-de-sel-fr","28":"product_tag-systeme-deau-salee-spa","29":"product_tag-une-eau-propre-et-claire","30":"product_tag-une-qualite-deau-constante","31":"desktop-align-left","32":"tablet-align-left","33":"mobile-align-left","35":"first","36":"instock","37":"purchasable","38":"product-type-simple"},"acf":[],"uagb_featured_image_src":{"full":["https:\/\/gervi.be\/wp-content\/uploads\/2023\/08\/FreshWater-Salt-Systeem-1-pack-HotSpring-Gervi.jpg",2000,2000,false],"thumbnail":["https:\/\/gervi.be\/wp-content\/uploads\/2023\/08\/FreshWater-Salt-Systeem-1-pack-HotSpring-Gervi-150x150.jpg",150,150,true],"medium":["https:\/\/gervi.be\/wp-content\/uploads\/2023\/08\/FreshWater-Salt-Systeem-1-pack-HotSpring-Gervi-300x300.jpg",300,300,true],"medium_large":["https:\/\/gervi.be\/wp-content\/uploads\/2023\/08\/FreshWater-Salt-Systeem-1-pack-HotSpring-Gervi-768x768.jpg",768,768,true],"large":["https:\/\/gervi.be\/wp-content\/uploads\/2023\/08\/FreshWater-Salt-Systeem-1-pack-HotSpring-Gervi-1024x1024.jpg",1024,1024,true],"1536x1536":["https:\/\/gervi.be\/wp-content\/uploads\/2023\/08\/FreshWater-Salt-Systeem-1-pack-HotSpring-Gervi-1536x1536.jpg",1536,1536,true],"2048x2048":["https:\/\/gervi.be\/wp-content\/uploads\/2023\/08\/FreshWater-Salt-Systeem-1-pack-HotSpring-Gervi.jpg",2000,2000,false],"woocommerce_thumbnail":["https:\/\/gervi.be\/wp-content\/uploads\/2023\/08\/FreshWater-Salt-Systeem-1-pack-HotSpring-Gervi-2000x1500.jpg",2000,1500,true],"woocommerce_single":["https:\/\/gervi.be\/wp-content\/uploads\/2023\/08\/FreshWater-Salt-Systeem-1-pack-HotSpring-Gervi.jpg",2000,2000,false],"woocommerce_gallery_thumbnail":["https:\/\/gervi.be\/wp-content\/uploads\/2023\/08\/FreshWater-Salt-Systeem-1-pack-HotSpring-Gervi-100x100.jpg",100,100,true],"dgwt-wcas-product-suggestion":["https:\/\/gervi.be\/wp-content\/uploads\/2023\/08\/FreshWater-Salt-Systeem-1-pack-HotSpring-Gervi.jpg",64,64,false]},"uagb_author_info":{"display_name":"Marjolein Nijs","author_link":"https:\/\/gervi.be\/fr\/author\/"},"uagb_comment_info":0,"uagb_excerpt":"Contenu : 1 cartouche de sel pour syst\u00e8me d'eau douce Moins de produits chimiques : pas de d\u00e9mangeaisons, de s\u00e9cheresse de la peau ou des yeux Moins de consommation d'eau : vidange et remplissage moins fr\u00e9quents de la baignoire Facile \u00e0 utiliser","_links":{"self":[{"href":"https:\/\/gervi.be\/fr\/wp-json\/wp\/v2\/product\/13385","targetHints":{"allow":["GET"]}}],"collection":[{"href":"https:\/\/gervi.be\/fr\/wp-json\/wp\/v2\/product"}],"about":[{"href":"https:\/\/gervi.be\/fr\/wp-json\/wp\/v2\/types\/product"}],"wp:featuredmedia":[{"embeddable":true,"href":"https:\/\/gervi.be\/fr\/wp-json\/wp\/v2\/media\/25003"}],"wp:attachment":[{"href":"https:\/\/gervi.be\/fr\/wp-json\/wp\/v2\/media?parent=13385"}],"wp:term":[{"taxonomy":"product_brand","embeddable":true,"href":"https:\/\/gervi.be\/fr\/wp-json\/wp\/v2\/product_brand?post=13385"},{"taxonomy":"product_cat","embeddable":true,"href":"https:\/\/gervi.be\/fr\/wp-json\/wp\/v2\/product_cat?post=13385"},{"taxonomy":"product_tag","embeddable":true,"href":"https:\/\/gervi.be\/fr\/wp-json\/wp\/v2\/product_tag?post=13385"}],"curies":[{"name":"wp","href":"https:\/\/api.w.org\/{rel}","templated":true}]}}