{"id":13383,"date":"2023-08-29T13:48:41","date_gmt":"2023-08-29T11:48:41","guid":{"rendered":"https:\/\/gervi.be\/shop\/riviere-du-tigre\/"},"modified":"2024-09-27T14:48:43","modified_gmt":"2024-09-27T12:48:43","slug":"riviere-tigre","status":"publish","type":"product","link":"https:\/\/gervi.be\/fr\/produit\/riviere-tigre\/","title":{"rendered":"Couvrir la rivi\u00e8re du Tigre"},"content":{"rendered":"<p>Le prix indiqu\u00e9 est valable pour les mod\u00e8les : &nbsp; Caspian, Bengal, Sumatran &amp; Siberian<strong>Les couvertures de spa <\/strong><strong>HotSpring sont con\u00e7ues pour prot\u00e9ger votre spa et optimiser l&#8217;efficacit\u00e9 \u00e9nerg\u00e9tique. <\/strong>Gr\u00e2ce \u00e0 leur excellente isolation, ces couvertures emp\u00eachent la perte de chaleur et permettent de garder l&#8217;eau de votre spa chaude plus longtemps, ce qui r\u00e9duit la consommation d&#8217;\u00e9nergie et permet de ma\u00eetriser les co\u00fbts \u00e9nerg\u00e9tiques. <strong>Durables et r\u00e9sistantes aux intemp\u00e9ries <\/strong>Les couvertures de spa sont fabriqu\u00e9es dans des mat\u00e9riaux durables et r\u00e9sistants aux intemp\u00e9ries, qui r\u00e9sistent \u00e0 la pluie, \u00e0 la neige et aux rayons UV.<br \/>\nVotre spa reste ainsi prot\u00e9g\u00e9 de la salet\u00e9 et des autres contaminants.<br \/>\nLa construction robuste garantit une longue dur\u00e9e de vie, sans compromis sur la qualit\u00e9. <strong>S\u00e9curit\u00e9 et facilit\u00e9 d&#8217;utilisation <\/strong>Outre l&#8217;isolation, la couverture assure \u00e9galement la s\u00e9curit\u00e9 en scellant votre spa lorsqu&#8217;il n&#8217;est pas utilis\u00e9, emp\u00eachant ainsi les enfants et les animaux domestiques d&#8217;y p\u00e9n\u00e9trer.<br \/>\nGr\u00e2ce \u00e0 leur l\u00e9g\u00e8ret\u00e9, les couvertures sont faciles \u00e0 manipuler, surtout lorsqu&#8217;elles sont associ\u00e9es \u00e0 un dispositif de levage de la couverture, ce qui facilite l&#8217;utilisation quotidienne.   <\/p>\n","protected":false},"excerpt":{"rendered":"<p>Le prix indiqu\u00e9 est valable pour les mod\u00e8les : &nbsp; Caspian, Bengal, Sumatran &amp; SiberianLes couvertures de spa HotSpring sont con\u00e7ues pour prot\u00e9ger votre spa et optimiser l&#8217;efficacit\u00e9 \u00e9nerg\u00e9tique. Gr\u00e2ce \u00e0 leur excellente isolation, ces couvertures emp\u00eachent la perte de chaleur et permettent de garder l&#8217;eau de votre spa chaude plus longtemps, ce qui r\u00e9duit [&hellip;]<\/p>\n","protected":false},"featured_media":13384,"template":"","meta":{"_acf_changed":false,"_uag_custom_page_level_css":"","site-sidebar-layout":"default","site-content-layout":"","ast-site-content-layout":"default","site-content-style":"default","site-sidebar-style":"default","ast-global-header-display":"","ast-banner-title-visibility":"","ast-main-header-display":"","ast-hfb-above-header-display":"","ast-hfb-below-header-display":"","ast-hfb-mobile-header-display":"","site-post-title":"","ast-breadcrumbs-content":"","ast-featured-img":"","footer-sml-layout":"","ast-disable-related-posts":"","theme-transparent-header-meta":"default","adv-header-id-meta":"","stick-header-meta":"","header-above-stick-meta":"","header-main-stick-meta":"","header-below-stick-meta":"","astra-migrate-meta-layouts":"default","ast-page-background-enabled":"default","ast-page-background-meta":{"desktop":{"background-color":"","background-image":"","background-repeat":"repeat","background-position":"center center","background-size":"auto","background-attachment":"scroll","background-type":"","background-media":"","overlay-type":"","overlay-color":"","overlay-opacity":"","overlay-gradient":""},"tablet":{"background-color":"","background-image":"","background-repeat":"repeat","background-position":"center center","background-size":"auto","background-attachment":"scroll","background-type":"","background-media":"","overlay-type":"","overlay-color":"","overlay-opacity":"","overlay-gradient":""},"mobile":{"background-color":"","background-image":"","background-repeat":"repeat","background-position":"center center","background-size":"auto","background-attachment":"scroll","background-type":"","background-media":"","overlay-type":"","overlay-color":"","overlay-opacity":"","overlay-gradient":""}},"ast-content-background-meta":{"desktop":{"background-color":"var(--ast-global-color-5)","background-image":"","background-repeat":"repeat","background-position":"center center","background-size":"auto","background-attachment":"scroll","background-type":"","background-media":"","overlay-type":"","overlay-color":"","overlay-opacity":"","overlay-gradient":""},"tablet":{"background-color":"var(--ast-global-color-5)","background-image":"","background-repeat":"repeat","background-position":"center center","background-size":"auto","background-attachment":"scroll","background-type":"","background-media":"","overlay-type":"","overlay-color":"","overlay-opacity":"","overlay-gradient":""},"mobile":{"background-color":"var(--ast-global-color-5)","background-image":"","background-repeat":"repeat","background-position":"center center","background-size":"auto","background-attachment":"scroll","background-type":"","background-media":"","overlay-type":"","overlay-color":"","overlay-opacity":"","overlay-gradient":""}}},"product_brand":[],"product_cat":[806,635],"product_tag":[2085,5485,2341,5510,5469,5560,5474,5562,5501,5468,5548,1806,5557,4009,5509,1314,5559,5473,5470,2657,5530,5563,5529,2069,5561,5558,3110],"class_list":{"0":"post-13383","1":"product","2":"type-product","3":"status-publish","4":"has-post-thumbnail","6":"product_cat-couvertures","7":"product_cat-jacuzzi-fr","8":"product_tag-accessoires-pour-le-spa","9":"product_tag-avantages-de-la-couverture-thermale","10":"product_tag-construction-robuste","11":"product_tag-couvercle-de-spa-avec-elevateur","12":"product_tag-couverture-de-spa","13":"product_tag-couverture-de-spa-a-lepreuve-des-enfants-fr","14":"product_tag-couverture-de-spa-durable","15":"product_tag-couverture-legere","16":"product_tag-couverture-resistante-aux-uv","17":"product_tag-couvertures-de-spa-hotspring","18":"product_tag-economiser-lenergie","19":"product_tag-entretien-du-spa","20":"product_tag-eviter-les-pertes-de-chaleur","21":"product_tag-explorez-votre-style-de-vie-fr","22":"product_tag-facile-a-manipuler","23":"product_tag-gervi-fr","24":"product_tag-housse-anti-salissures","25":"product_tag-housse-de-spa-resistante-aux-intemperies","26":"product_tag-isolation-du-spa","27":"product_tag-lefficacite-energetique","28":"product_tag-maintenir-la-qualite-de-leau-du-spa","29":"product_tag-protection-a-long-terme","30":"product_tag-protection-contre-la-pluie-et-la-neige","31":"product_tag-protection-du-spa","32":"product_tag-protection-du-spa-pour-les-animaux-de-compagnie","33":"product_tag-reduire-les-couts-energetiques-fr","34":"product_tag-securite-du-spa","35":"desktop-align-left","36":"tablet-align-left","37":"mobile-align-left","39":"first","40":"instock","41":"product-type-simple"},"acf":[],"uagb_featured_image_src":{"full":["https:\/\/gervi.be\/wp-content\/uploads\/2023\/08\/nr3caspian.jpg",597,448,false],"thumbnail":["https:\/\/gervi.be\/wp-content\/uploads\/2023\/08\/nr3caspian-150x150.jpg",150,150,true],"medium":["https:\/\/gervi.be\/wp-content\/uploads\/2023\/08\/nr3caspian-300x225.jpg",300,225,true],"medium_large":["https:\/\/gervi.be\/wp-content\/uploads\/2023\/08\/nr3caspian.jpg",597,448,false],"large":["https:\/\/gervi.be\/wp-content\/uploads\/2023\/08\/nr3caspian.jpg",597,448,false],"1536x1536":["https:\/\/gervi.be\/wp-content\/uploads\/2023\/08\/nr3caspian.jpg",597,448,false],"2048x2048":["https:\/\/gervi.be\/wp-content\/uploads\/2023\/08\/nr3caspian.jpg",597,448,false],"woocommerce_thumbnail":["https:\/\/gervi.be\/wp-content\/uploads\/2023\/08\/nr3caspian-300x300.jpg",300,300,true],"woocommerce_single":["https:\/\/gervi.be\/wp-content\/uploads\/2023\/08\/nr3caspian.jpg",597,448,false],"woocommerce_gallery_thumbnail":["https:\/\/gervi.be\/wp-content\/uploads\/2023\/08\/nr3caspian-100x100.jpg",100,100,true],"dgwt-wcas-product-suggestion":["https:\/\/gervi.be\/wp-content\/uploads\/2023\/08\/nr3caspian.jpg",64,48,false]},"uagb_author_info":{"display_name":"Marjolein Nijs","author_link":"https:\/\/gervi.be\/fr\/author\/"},"uagb_comment_info":0,"uagb_excerpt":"Le prix indiqu\u00e9 est valable pour les mod\u00e8les : &nbsp; Caspian, Bengal, Sumatran &amp; SiberianLes couvertures de spa HotSpring sont con\u00e7ues pour prot\u00e9ger votre spa et optimiser l&#8217;efficacit\u00e9 \u00e9nerg\u00e9tique. Gr\u00e2ce \u00e0 leur excellente isolation, ces couvertures emp\u00eachent la perte de chaleur et permettent de garder l&#8217;eau de votre spa chaude plus longtemps, ce qui r\u00e9duit\u2026","_links":{"self":[{"href":"https:\/\/gervi.be\/fr\/wp-json\/wp\/v2\/product\/13383","targetHints":{"allow":["GET"]}}],"collection":[{"href":"https:\/\/gervi.be\/fr\/wp-json\/wp\/v2\/product"}],"about":[{"href":"https:\/\/gervi.be\/fr\/wp-json\/wp\/v2\/types\/product"}],"wp:featuredmedia":[{"embeddable":true,"href":"https:\/\/gervi.be\/fr\/wp-json\/wp\/v2\/media\/13384"}],"wp:attachment":[{"href":"https:\/\/gervi.be\/fr\/wp-json\/wp\/v2\/media?parent=13383"}],"wp:term":[{"taxonomy":"product_brand","embeddable":true,"href":"https:\/\/gervi.be\/fr\/wp-json\/wp\/v2\/product_brand?post=13383"},{"taxonomy":"product_cat","embeddable":true,"href":"https:\/\/gervi.be\/fr\/wp-json\/wp\/v2\/product_cat?post=13383"},{"taxonomy":"product_tag","embeddable":true,"href":"https:\/\/gervi.be\/fr\/wp-json\/wp\/v2\/product_tag?post=13383"}],"curies":[{"name":"wp","href":"https:\/\/api.w.org\/{rel}","templated":true}]}}