{"id":13341,"date":"2023-08-29T13:49:57","date_gmt":"2023-08-29T11:49:57","guid":{"rendered":"https:\/\/gervi.be\/shop\/aqua-life-5-9-duo-1s\/"},"modified":"2024-06-18T10:08:13","modified_gmt":"2024-06-18T08:08:13","slug":"aqua-life-5-9-duo-xd","status":"publish","type":"product","link":"https:\/\/gervi.be\/fr\/produit\/aqua-life-5-9-duo-xd\/","title":{"rendered":"Aqua Life 5.9 Duo XD"},"content":{"rendered":"<div class=\"flex flex-grow flex-col max-w-full\">\n<div class=\"min-h-[20px] text-message flex flex-col items-start gap-3 whitespace-pre-wrap break-words [.text-message+&amp;]:mt-5 overflow-x-auto\" data-message-author-role=\"assistant\" data-message-id=\"6a7ef4dc-7de5-421c-b8af-a5ad819f96d0\">\n<div class=\"markdown prose w-full break-words dark:prose-invert light\">\n<p><a href=\"https:\/\/gervi.be\/merken\/riptide\/\"><img decoding=\"async\" class=\"alignnone wp-image-20326\" src=\"https:\/\/gervi.be\/wp-content\/uploads\/2023\/08\/Riptide-logo-300x92.png\" alt=\"Logo Riptide\" width=\"150\" height=\"46\" title=\"\" srcset=\"https:\/\/gervi.be\/wp-content\/uploads\/2023\/08\/Riptide-logo-300x92.png 300w, https:\/\/gervi.be\/wp-content\/uploads\/2023\/08\/Riptide-logo-1024x314.png 1024w, https:\/\/gervi.be\/wp-content\/uploads\/2023\/08\/Riptide-logo-768x236.png 768w, https:\/\/gervi.be\/wp-content\/uploads\/2023\/08\/Riptide-logo-1536x471.png 1536w, https:\/\/gervi.be\/wp-content\/uploads\/2023\/08\/Riptide-logo.png 1597w\" sizes=\"(max-width: 150px) 100vw, 150px\" \/><\/a><\/p>\n<h2>Description<\/h2>\n<div class=\"flex flex-grow flex-col max-w-full\">\n<div class=\"min-h-[20px] text-message flex flex-col items-start gap-3 whitespace-pre-wrap break-words [.text-message+&amp;]:mt-5 overflow-x-auto\" data-message-author-role=\"assistant\" data-message-id=\"32f4b340-c42b-4abc-83b9-354884183ae5\">\n<div class=\"markdown prose w-full break-words dark:prose-invert light\">\n<p>L&#8217;Aqua Life 5.9 Duo XD de Riptide offre une combinaison impressionnante de luxe, de performance et de technologie, r\u00e9sum\u00e9e dans un spa de nage con\u00e7u pour r\u00e9pondre aux normes les plus \u00e9lev\u00e9es. Avec ses dimensions g\u00e9n\u00e9reuses de 5 915 x 2 350 x 1 290 mm, ce spa de nage offre suffisamment d&#8217;espace pour des s\u00e9ances d&#8217;entra\u00eenement intenses et des moments de d\u00e9tente. Les si\u00e8ges ergonomiques, compos\u00e9s de trois si\u00e8ges et d&#8217;une couchette, garantissent le confort et la facilit\u00e9 d&#8217;utilisation, tandis que le grand volume de 9 300 litres et le poids \u00e0 sec de 1 384 kg soulignent la durabilit\u00e9 et la stabilit\u00e9.<\/p>\n<p>Ce spa de nage est \u00e9quip\u00e9 de technologies avanc\u00e9es pour optimiser l&#8217;exp\u00e9rience de l&#8217;utilisateur. La fonction massage, aliment\u00e9e par deux pompes de massage de 2 CV, comprend 35 jets de massage et une soufflerie pr\u00e9chauff\u00e9e de 400 W qui, ensemble, offrent un spectre complet de bienfaits hydroth\u00e9rapeutiques, allant du soulagement de la tension musculaire \u00e0 la promotion de la relaxation et du bien-\u00eatre. L&#8217;ajout de 12 jets d&#8217;air am\u00e9liore encore l&#8217;exp\u00e9rience du massage en cr\u00e9ant des bulles douces et relaxantes.<\/p>\n<p>Riptide a accord\u00e9 une attention particuli\u00e8re au syst\u00e8me d&#8217;entretien de l&#8217;eau de l&#8217;Aqua Life 5.9 Duo XD, ce qui permet d&#8217;obtenir un spa de nage facile \u00e0 nettoyer et toujours pr\u00eat \u00e0 l&#8217;emploi. Le syst\u00e8me comprend une pompe de filtration avanc\u00e9e avec des unit\u00e9s s\u00e9par\u00e9es pour le spa et les zones de baignade, et utilise des tuyaux en PVC certifi\u00e9s NSF pour une eau de la plus haute qualit\u00e9. Cela garantit un environnement de baignade clair et propre, tout en minimisant les besoins en produits chimiques.<\/p>\n<p>L&#8217;isolation du spa de nage Aqua Life 5.9 Duo XD est de premier ordre, avec un syst\u00e8me Platinum Lock et Full Foaming qui non seulement maintient la chaleur \u00e0 l&#8217;int\u00e9rieur, mais contribue \u00e9galement \u00e0 r\u00e9duire de mani\u00e8re significative les co\u00fbts \u00e9nerg\u00e9tiques par rapport \u00e0 la concurrence. Ce syst\u00e8me comprend une isolation compl\u00e8te en mousse autour du spa, qui cr\u00e9e une barri\u00e8re thermique et garantit l&#8217;efficacit\u00e9 \u00e9nerg\u00e9tique.<\/p>\n<p>Le syst\u00e8me professionnel d&#8217;apprentissage de la natation Quickwater est une autre caract\u00e9ristique remarquable de ce spa de nage. Gr\u00e2ce \u00e0 de puissants jets de natation et \u00e0 une configuration de pompe avanc\u00e9e, le syst\u00e8me permet aux nageurs de tous niveaux de profiter d&#8217;un d\u00e9bit qui s&#8217;adapte \u00e0 leurs besoins personnels, qu&#8217;il s&#8217;agisse de pagayer l\u00e9g\u00e8rement ou de s\u00e9ances de natation intenses. La pr\u00e9paration int\u00e9gr\u00e9e pour une longe de natation augmente encore les possibilit\u00e9s d&#8217;entra\u00eenement, permettant aux utilisateurs d&#8217;affiner leur technique et d&#8217;am\u00e9liorer leur condition physique.<\/p>\n<p>Le syst\u00e8me de commande de l&#8217;Aqua Life 5.9 Duo XD est intuitif et convivial, avec des composants Spatech CA300-3KW pour le spa et la zone de baignade, command\u00e9s par un \u00e9cran tactile moderne TP10. Cela garantit une int\u00e9gration transparente de toutes les fonctions du spa de nage, du contr\u00f4le de la temp\u00e9rature \u00e0 l&#8217;intensit\u00e9 des jets, le tout du bout des doigts.<\/p>\n<p>L&#8217;\u00e9clairage de ce spa, y compris les LED de niveau d&#8217;eau, les LED g\u00e9n\u00e9rales, la lumi\u00e8re de la fontaine et les commandes r\u00e9tro\u00e9clair\u00e9es, ajoute \u00e0 l&#8217;ambiance g\u00e9n\u00e9rale et fait de l&#8217;Aqua Life 5.9 Duo XD de Riptide une pi\u00e8ce ma\u00eetresse esth\u00e9tiquement agr\u00e9able de tout espace ext\u00e9rieur. Les options, telles que la st\u00e9r\u00e9o Bluetooth et la connexion \u00e0 la pompe \u00e0 chaleur, ainsi que le choix entre le blanc alpin pour l&#8217;int\u00e9rieur et le gris fonc\u00e9 pour l&#8217;armoire, permettent aux propri\u00e9taires de personnaliser davantage leur spa de nage.<\/p>\n<p>En r\u00e9sum\u00e9, le spa de nage Aqua Life 5.9 Duo XD de Riptide repr\u00e9sente le summum de la vie en plein air, avec une combinaison in\u00e9gal\u00e9e de confort et de relaxation.<\/p>\n<\/div>\n<\/div>\n<\/div>\n<\/div>\n<\/div>\n<\/div>\n","protected":false},"excerpt":{"rendered":"<ul>\n<li>Dimensions : 5 915 x 2 350 x 1 290 mm<\/li>\n<li>Si\u00e8ges ergonomiques : 3 si\u00e8ges + 1 couchette<\/li>\n<li>Volume : 9 300 L<\/li>\n<li>Poids (\u00e0 sec) : 1,384 Kg<\/li>\n<li>Alimentation \u00e9lectrique : Zone Spa 16Amp &#8211; 400V + Zone Natation 16Amp &#8211; 400V<\/li>\n<li>Disponible en 3 versions<\/li>\n<li>Diverses options possibles<\/li>\n<\/ul>\n","protected":false},"featured_media":20188,"template":"","meta":{"_acf_changed":false,"_uag_custom_page_level_css":"","site-sidebar-layout":"default","site-content-layout":"","ast-site-content-layout":"default","site-content-style":"default","site-sidebar-style":"default","ast-global-header-display":"","ast-banner-title-visibility":"","ast-main-header-display":"","ast-hfb-above-header-display":"","ast-hfb-below-header-display":"","ast-hfb-mobile-header-display":"","site-post-title":"","ast-breadcrumbs-content":"","ast-featured-img":"","footer-sml-layout":"","ast-disable-related-posts":"","theme-transparent-header-meta":"default","adv-header-id-meta":"","stick-header-meta":"","header-above-stick-meta":"","header-main-stick-meta":"","header-below-stick-meta":"","astra-migrate-meta-layouts":"set","ast-page-background-enabled":"default","ast-page-background-meta":{"desktop":{"background-color":"","background-image":"","background-repeat":"repeat","background-position":"center center","background-size":"auto","background-attachment":"scroll","background-type":"","background-media":"","overlay-type":"","overlay-color":"","overlay-opacity":"","overlay-gradient":""},"tablet":{"background-color":"","background-image":"","background-repeat":"repeat","background-position":"center center","background-size":"auto","background-attachment":"scroll","background-type":"","background-media":"","overlay-type":"","overlay-color":"","overlay-opacity":"","overlay-gradient":""},"mobile":{"background-color":"","background-image":"","background-repeat":"repeat","background-position":"center center","background-size":"auto","background-attachment":"scroll","background-type":"","background-media":"","overlay-type":"","overlay-color":"","overlay-opacity":"","overlay-gradient":""}},"ast-content-background-meta":{"desktop":{"background-color":"var(--ast-global-color-5)","background-image":"","background-repeat":"repeat","background-position":"center center","background-size":"auto","background-attachment":"scroll","background-type":"","background-media":"","overlay-type":"","overlay-color":"","overlay-opacity":"","overlay-gradient":""},"tablet":{"background-color":"var(--ast-global-color-5)","background-image":"","background-repeat":"repeat","background-position":"center center","background-size":"auto","background-attachment":"scroll","background-type":"","background-media":"","overlay-type":"","overlay-color":"","overlay-opacity":"","overlay-gradient":""},"mobile":{"background-color":"var(--ast-global-color-5)","background-image":"","background-repeat":"repeat","background-position":"center center","background-size":"auto","background-attachment":"scroll","background-type":"","background-media":"","overlay-type":"","overlay-color":"","overlay-opacity":"","overlay-gradient":""}}},"product_brand":[],"product_cat":[664,688,647],"product_tag":[1328,1314,1310,1788,1311,1312],"class_list":{"0":"post-13341","1":"product","2":"type-product","3":"status-publish","4":"has-post-thumbnail","6":"product_cat-riptide-fr","7":"product_cat-riptide-2-volumes","8":"product_cat-spa-de-nage","9":"product_tag-aqua-life-5-9-duo-xd-fr","10":"product_tag-gervi-fr","11":"product_tag-riptide-fr","12":"product_tag-riptideswim-fr","13":"product_tag-spa-de-natation","14":"product_tag-swimspa-fr","15":"desktop-align-left","16":"tablet-align-left","17":"mobile-align-left","19":"first","20":"instock","21":"product-type-simple"},"acf":[],"uagb_featured_image_src":{"full":["https:\/\/gervi.be\/wp-content\/uploads\/2024\/03\/Aqua-Life-Duo-5.9-XD-Riptide-Zwemspa.jpg",1920,1920,false],"thumbnail":["https:\/\/gervi.be\/wp-content\/uploads\/2024\/03\/Aqua-Life-Duo-5.9-XD-Riptide-Zwemspa-150x150.jpg",150,150,true],"medium":["https:\/\/gervi.be\/wp-content\/uploads\/2024\/03\/Aqua-Life-Duo-5.9-XD-Riptide-Zwemspa-300x300.jpg",300,300,true],"medium_large":["https:\/\/gervi.be\/wp-content\/uploads\/2024\/03\/Aqua-Life-Duo-5.9-XD-Riptide-Zwemspa-768x768.jpg",768,768,true],"large":["https:\/\/gervi.be\/wp-content\/uploads\/2024\/03\/Aqua-Life-Duo-5.9-XD-Riptide-Zwemspa-1024x1024.jpg",1024,1024,true],"1536x1536":["https:\/\/gervi.be\/wp-content\/uploads\/2024\/03\/Aqua-Life-Duo-5.9-XD-Riptide-Zwemspa-1536x1536.jpg",1536,1536,true],"2048x2048":["https:\/\/gervi.be\/wp-content\/uploads\/2024\/03\/Aqua-Life-Duo-5.9-XD-Riptide-Zwemspa.jpg",1920,1920,false],"woocommerce_thumbnail":["https:\/\/gervi.be\/wp-content\/uploads\/2024\/03\/Aqua-Life-Duo-5.9-XD-Riptide-Zwemspa-1920x1500.jpg",1920,1500,true],"woocommerce_single":["https:\/\/gervi.be\/wp-content\/uploads\/2024\/03\/Aqua-Life-Duo-5.9-XD-Riptide-Zwemspa.jpg",1920,1920,false],"woocommerce_gallery_thumbnail":["https:\/\/gervi.be\/wp-content\/uploads\/2024\/03\/Aqua-Life-Duo-5.9-XD-Riptide-Zwemspa-100x100.jpg",100,100,true],"dgwt-wcas-product-suggestion":["https:\/\/gervi.be\/wp-content\/uploads\/2024\/03\/Aqua-Life-Duo-5.9-XD-Riptide-Zwemspa.jpg",64,64,false]},"uagb_author_info":{"display_name":"Marjolein Nijs","author_link":"https:\/\/gervi.be\/fr\/author\/"},"uagb_comment_info":0,"uagb_excerpt":"Dimensions : 5 915 x 2 350 x 1 290 mm Si\u00e8ges ergonomiques : 3 si\u00e8ges + 1 couchette Volume : 9 300 L Poids (\u00e0 sec) : 1,384 Kg Alimentation \u00e9lectrique : Zone Spa 16Amp - 400V + Zone Natation 16Amp - 400V Disponible en 3 versions Diverses options possibles","_links":{"self":[{"href":"https:\/\/gervi.be\/fr\/wp-json\/wp\/v2\/product\/13341","targetHints":{"allow":["GET"]}}],"collection":[{"href":"https:\/\/gervi.be\/fr\/wp-json\/wp\/v2\/product"}],"about":[{"href":"https:\/\/gervi.be\/fr\/wp-json\/wp\/v2\/types\/product"}],"wp:featuredmedia":[{"embeddable":true,"href":"https:\/\/gervi.be\/fr\/wp-json\/wp\/v2\/media\/20188"}],"wp:attachment":[{"href":"https:\/\/gervi.be\/fr\/wp-json\/wp\/v2\/media?parent=13341"}],"wp:term":[{"taxonomy":"product_brand","embeddable":true,"href":"https:\/\/gervi.be\/fr\/wp-json\/wp\/v2\/product_brand?post=13341"},{"taxonomy":"product_cat","embeddable":true,"href":"https:\/\/gervi.be\/fr\/wp-json\/wp\/v2\/product_cat?post=13341"},{"taxonomy":"product_tag","embeddable":true,"href":"https:\/\/gervi.be\/fr\/wp-json\/wp\/v2\/product_tag?post=13341"}],"curies":[{"name":"wp","href":"https:\/\/api.w.org\/{rel}","templated":true}]}}