{"id":13339,"date":"2023-08-29T13:49:57","date_gmt":"2023-08-29T13:49:57","guid":{"rendered":"https:\/\/gervi.be\/shop\/m1-air\/"},"modified":"2023-08-29T13:49:57","modified_gmt":"2023-08-29T13:49:57","slug":"m1-air","status":"publish","type":"product","link":"https:\/\/gervi.be\/fr\/produit\/m1-air\/","title":{"rendered":"M1 Air"},"content":{"rendered":"<p>Les syst\u00e8mes hi-fi haut de gamme sont achet\u00e9s pour \u00eatre appr\u00e9ci\u00e9s pendant des ann\u00e9es. De nombreuses personnes ne veulent donc pas se s\u00e9parer de leurs appareils, m\u00eame s&#8217;ils ne sont plus vraiment \u00e0 jour en termes de streaming audio sans fil \u00e0 haute r\u00e9solution.<br \/>\nC&#8217;est pourquoi ESCAPE a d\u00e9velopp\u00e9 le M1 Air streaming DAC. Un module universel qui se connecte facilement \u00e0 la plupart des installations HI-FI et prend en charge les fichiers audio haute r\u00e9solution 192 kHz \/ 24 bits.<br \/>\nLe M1 Air est \u00e9quip\u00e9 de Chromecast int\u00e9gr\u00e9, AirPlay 2, Roon, Spotify Connect et Bluetooth 5.0. Cela vous permet de diffuser facilement des services musicaux tels que Spotify, Apple Music, Tidal, Qobuz, la radio internet airable ou des podcasts \u00e0 partir d&#8217;un smartphone ou d&#8217;un autre appareil mobile.<\/p>\n","protected":false},"excerpt":{"rendered":"<p>Les syst\u00e8mes hi-fi haut de gamme sont achet\u00e9s pour \u00eatre appr\u00e9ci\u00e9s pendant des ann\u00e9es. De nombreuses personnes ne veulent donc pas se s\u00e9parer de leurs appareils, m\u00eame s&#8217;ils ne sont plus vraiment \u00e0 jour en termes de streaming audio sans fil \u00e0 haute r\u00e9solution. C&#8217;est pourquoi ESCAPE a d\u00e9velopp\u00e9 le M1 Air streaming DAC. Un [&hellip;]<\/p>\n","protected":false},"featured_media":13340,"template":"","meta":{"_acf_changed":false,"_uag_custom_page_level_css":"","site-sidebar-layout":"default","site-content-layout":"","ast-site-content-layout":"default","site-content-style":"default","site-sidebar-style":"default","ast-global-header-display":"","ast-banner-title-visibility":"","ast-main-header-display":"","ast-hfb-above-header-display":"","ast-hfb-below-header-display":"","ast-hfb-mobile-header-display":"","site-post-title":"","ast-breadcrumbs-content":"","ast-featured-img":"","footer-sml-layout":"","ast-disable-related-posts":"","theme-transparent-header-meta":"","adv-header-id-meta":"","stick-header-meta":"","header-above-stick-meta":"","header-main-stick-meta":"","header-below-stick-meta":"","astra-migrate-meta-layouts":"default","ast-page-background-enabled":"default","ast-page-background-meta":{"desktop":{"background-color":"","background-image":"","background-repeat":"repeat","background-position":"center center","background-size":"auto","background-attachment":"scroll","background-type":"","background-media":"","overlay-type":"","overlay-color":"","overlay-opacity":"","overlay-gradient":""},"tablet":{"background-color":"","background-image":"","background-repeat":"repeat","background-position":"center center","background-size":"auto","background-attachment":"scroll","background-type":"","background-media":"","overlay-type":"","overlay-color":"","overlay-opacity":"","overlay-gradient":""},"mobile":{"background-color":"","background-image":"","background-repeat":"repeat","background-position":"center center","background-size":"auto","background-attachment":"scroll","background-type":"","background-media":"","overlay-type":"","overlay-color":"","overlay-opacity":"","overlay-gradient":""}},"ast-content-background-meta":{"desktop":{"background-color":"var(--ast-global-color-5)","background-image":"","background-repeat":"repeat","background-position":"center center","background-size":"auto","background-attachment":"scroll","background-type":"","background-media":"","overlay-type":"","overlay-color":"","overlay-opacity":"","overlay-gradient":""},"tablet":{"background-color":"var(--ast-global-color-5)","background-image":"","background-repeat":"repeat","background-position":"center center","background-size":"auto","background-attachment":"scroll","background-type":"","background-media":"","overlay-type":"","overlay-color":"","overlay-opacity":"","overlay-gradient":""},"mobile":{"background-color":"var(--ast-global-color-5)","background-image":"","background-repeat":"repeat","background-position":"center center","background-size":"auto","background-attachment":"scroll","background-type":"","background-media":"","overlay-type":"","overlay-color":"","overlay-opacity":"","overlay-gradient":""}}},"product_brand":[],"product_cat":[639],"product_tag":[],"class_list":{"0":"post-13339","1":"product","2":"type-product","3":"status-publish","4":"has-post-thumbnail","6":"product_cat-appareils-audio","7":"desktop-align-left","8":"tablet-align-left","9":"mobile-align-left","11":"first","12":"instock","13":"purchasable","14":"product-type-simple"},"acf":[],"uagb_featured_image_src":{"full":["https:\/\/gervi.be\/wp-content\/uploads\/2023\/08\/nr3m1.jpg",569,448,false],"thumbnail":["https:\/\/gervi.be\/wp-content\/uploads\/2023\/08\/nr3m1-150x150.jpg",150,150,true],"medium":["https:\/\/gervi.be\/wp-content\/uploads\/2023\/08\/nr3m1-300x236.jpg",300,236,true],"medium_large":["https:\/\/gervi.be\/wp-content\/uploads\/2023\/08\/nr3m1.jpg",569,448,false],"large":["https:\/\/gervi.be\/wp-content\/uploads\/2023\/08\/nr3m1.jpg",569,448,false],"1536x1536":["https:\/\/gervi.be\/wp-content\/uploads\/2023\/08\/nr3m1.jpg",569,448,false],"2048x2048":["https:\/\/gervi.be\/wp-content\/uploads\/2023\/08\/nr3m1.jpg",569,448,false],"woocommerce_thumbnail":["https:\/\/gervi.be\/wp-content\/uploads\/2023\/08\/nr3m1-300x300.jpg",300,300,true],"woocommerce_single":["https:\/\/gervi.be\/wp-content\/uploads\/2023\/08\/nr3m1.jpg",569,448,false],"woocommerce_gallery_thumbnail":["https:\/\/gervi.be\/wp-content\/uploads\/2023\/08\/nr3m1-100x100.jpg",100,100,true],"dgwt-wcas-product-suggestion":["https:\/\/gervi.be\/wp-content\/uploads\/2023\/08\/nr3m1.jpg",64,50,false]},"uagb_author_info":{"display_name":"Marjolein Nijs","author_link":"https:\/\/gervi.be\/fr\/author\/"},"uagb_comment_info":0,"uagb_excerpt":"Les syst\u00e8mes hi-fi haut de gamme sont achet\u00e9s pour \u00eatre appr\u00e9ci\u00e9s pendant des ann\u00e9es. De nombreuses personnes ne veulent donc pas se s\u00e9parer de leurs appareils, m\u00eame s&#8217;ils ne sont plus vraiment \u00e0 jour en termes de streaming audio sans fil \u00e0 haute r\u00e9solution. C&#8217;est pourquoi ESCAPE a d\u00e9velopp\u00e9 le M1 Air streaming DAC. Un\u2026","_links":{"self":[{"href":"https:\/\/gervi.be\/fr\/wp-json\/wp\/v2\/product\/13339","targetHints":{"allow":["GET"]}}],"collection":[{"href":"https:\/\/gervi.be\/fr\/wp-json\/wp\/v2\/product"}],"about":[{"href":"https:\/\/gervi.be\/fr\/wp-json\/wp\/v2\/types\/product"}],"wp:featuredmedia":[{"embeddable":true,"href":"https:\/\/gervi.be\/fr\/wp-json\/wp\/v2\/media\/13340"}],"wp:attachment":[{"href":"https:\/\/gervi.be\/fr\/wp-json\/wp\/v2\/media?parent=13339"}],"wp:term":[{"taxonomy":"product_brand","embeddable":true,"href":"https:\/\/gervi.be\/fr\/wp-json\/wp\/v2\/product_brand?post=13339"},{"taxonomy":"product_cat","embeddable":true,"href":"https:\/\/gervi.be\/fr\/wp-json\/wp\/v2\/product_cat?post=13339"},{"taxonomy":"product_tag","embeddable":true,"href":"https:\/\/gervi.be\/fr\/wp-json\/wp\/v2\/product_tag?post=13339"}],"curies":[{"name":"wp","href":"https:\/\/api.w.org\/{rel}","templated":true}]}}