{"id":13337,"date":"2023-08-29T13:49:18","date_gmt":"2023-08-29T11:49:18","guid":{"rendered":"https:\/\/gervi.be\/shop\/huile-de-citron-et-dorange\/"},"modified":"2024-09-17T16:14:35","modified_gmt":"2024-09-17T14:14:35","slug":"huile-citron-orange","status":"publish","type":"product","link":"https:\/\/gervi.be\/fr\/produit\/huile-citron-orange\/","title":{"rendered":"Huile de citron et d&#8217;orange"},"content":{"rendered":"<p>L&#8217;<strong>huile d&#8217;orange citronn\u00e9e<\/strong> offre un \u00e9quilibre parfait entre rafra\u00eechissement et chaleur. L&#8217;<strong>huile de citron<\/strong> est connue pour ses propri\u00e9t\u00e9s stimulantes et nettoyantes, ce qui la rend id\u00e9ale pour ceux qui ont besoin d&#8217;\u00e9nergie et de clart\u00e9.<br \/>\nLe parfum frais et citronn\u00e9 du citron r\u00e9veille l&#8217;esprit et favorise la concentration, tout en ouvrant et en purifiant les voies respiratoires.<br \/>\nIl est donc parfait pour une utilisation dans la cabine infrarouge afin de se ressourcer et de se pr\u00e9parer pour la journ\u00e9e. L&#8217;<strong>huile d&#8217;orange<\/strong>, quant \u00e0 elle, offre un parfum chaud et sucr\u00e9 qui a un effet calmant et stimulant.<br \/>\nElle aide \u00e0 r\u00e9duire le stress et cr\u00e9e une atmosph\u00e8re relaxante, id\u00e9ale \u00e0 utiliser le soir apr\u00e8s une longue journ\u00e9e.<br \/>\nEnsemble, ces huiles forment une combinaison parfaite qui dynamise votre exp\u00e9rience de bien-\u00eatre tout en vous apportant calme et \u00e9quilibre.<br \/>\nLe parfum rafra\u00eechissant du citron associ\u00e9 \u00e0 la douceur de l&#8217;orange rend cette huile id\u00e9ale pour tous ceux qui recherchent \u00e0 la fois stimulation et relaxation.<br \/>\nLe parfum emplit votre cabine infrarouge d&#8217;une atmosph\u00e8re \u00e0 la fois vivante et relaxante, r\u00e9g\u00e9n\u00e9rant \u00e0 la fois le corps et l&#8217;esprit.      <\/p>\n","protected":false},"excerpt":{"rendered":"<ul>\n<li>Volume : 150 ml<\/li>\n<\/ul>\n","protected":false},"featured_media":13338,"template":"","meta":{"_acf_changed":false,"_uag_custom_page_level_css":"","site-sidebar-layout":"default","site-content-layout":"","ast-site-content-layout":"default","site-content-style":"default","site-sidebar-style":"default","ast-global-header-display":"","ast-banner-title-visibility":"","ast-main-header-display":"","ast-hfb-above-header-display":"","ast-hfb-below-header-display":"","ast-hfb-mobile-header-display":"","site-post-title":"","ast-breadcrumbs-content":"","ast-featured-img":"","footer-sml-layout":"","ast-disable-related-posts":"","theme-transparent-header-meta":"default","adv-header-id-meta":"","stick-header-meta":"","header-above-stick-meta":"","header-main-stick-meta":"","header-below-stick-meta":"","astra-migrate-meta-layouts":"default","ast-page-background-enabled":"default","ast-page-background-meta":{"desktop":{"background-color":"","background-image":"","background-repeat":"repeat","background-position":"center center","background-size":"auto","background-attachment":"scroll","background-type":"","background-media":"","overlay-type":"","overlay-color":"","overlay-opacity":"","overlay-gradient":""},"tablet":{"background-color":"","background-image":"","background-repeat":"repeat","background-position":"center center","background-size":"auto","background-attachment":"scroll","background-type":"","background-media":"","overlay-type":"","overlay-color":"","overlay-opacity":"","overlay-gradient":""},"mobile":{"background-color":"","background-image":"","background-repeat":"repeat","background-position":"center center","background-size":"auto","background-attachment":"scroll","background-type":"","background-media":"","overlay-type":"","overlay-color":"","overlay-opacity":"","overlay-gradient":""}},"ast-content-background-meta":{"desktop":{"background-color":"var(--ast-global-color-5)","background-image":"","background-repeat":"repeat","background-position":"center center","background-size":"auto","background-attachment":"scroll","background-type":"","background-media":"","overlay-type":"","overlay-color":"","overlay-opacity":"","overlay-gradient":""},"tablet":{"background-color":"var(--ast-global-color-5)","background-image":"","background-repeat":"repeat","background-position":"center center","background-size":"auto","background-attachment":"scroll","background-type":"","background-media":"","overlay-type":"","overlay-color":"","overlay-opacity":"","overlay-gradient":""},"mobile":{"background-color":"var(--ast-global-color-5)","background-image":"","background-repeat":"repeat","background-position":"center center","background-size":"auto","background-attachment":"scroll","background-type":"","background-media":"","overlay-type":"","overlay-color":"","overlay-opacity":"","overlay-gradient":""}}},"product_brand":[],"product_cat":[791,816],"product_tag":[4503,4853,2544,4856,4855,4548,4851,4584,4630,4857,4593,4009,4852,1314,4834,4807,4721,4849,4588,4859,2583,4806,4543,4850,4860,2549,4861,4854,4798,4858,4698,4729],"class_list":{"0":"post-13337","1":"product","2":"type-product","3":"status-publish","4":"has-post-thumbnail","6":"product_cat-cabine-infrarouge","7":"product_cat-huiles","8":"product_tag-accessoires-pour-sauna","9":"product_tag-ameliorer-la-concentration-fr","10":"product_tag-aromatherapie-fr","11":"product_tag-arome-dagrumes","12":"product_tag-atmosphere-detendue","13":"product_tag-cabine-infrarouge-fr","14":"product_tag-effet-incitatif-fr","15":"product_tag-effet-nettoyant","16":"product_tag-effet-relaxant","17":"product_tag-equilibre-du-bien-etre","18":"product_tag-experience-de-bien-etre","19":"product_tag-explorez-votre-style-de-vie-fr","20":"product_tag-generer-de-lenergie","21":"product_tag-gervi-fr","22":"product_tag-huile-apaisante-fr","23":"product_tag-huile-dorange","24":"product_tag-huile-de-citron","25":"product_tag-huile-de-citron-et-dorange","26":"product_tag-huiles-naturelles","27":"product_tag-luminosite","28":"product_tag-odeur-de-citron","29":"product_tag-odeur-stimulante","30":"product_tag-ouvrir-les-voies-respiratoires","31":"product_tag-parfum-dagrumes","32":"product_tag-parfum-dorange-fr","33":"product_tag-parfum-rafraichissant","34":"product_tag-parfum-vif","35":"product_tag-purifier-lair","36":"product_tag-reduire-le-stress","37":"product_tag-senteurs-dagrumes","38":"product_tag-session-de-bien-etre","39":"product_tag-set-dhuiles-essentielles","40":"desktop-align-left","41":"tablet-align-left","42":"mobile-align-left","44":"first","45":"instock","46":"purchasable","47":"product-type-simple"},"acf":[],"uagb_featured_image_src":{"full":["https:\/\/gervi.be\/wp-content\/uploads\/2023\/08\/nr3infraworldsaunaoliecitroensinaas.jpg",627,448,false],"thumbnail":["https:\/\/gervi.be\/wp-content\/uploads\/2023\/08\/nr3infraworldsaunaoliecitroensinaas-150x150.jpg",150,150,true],"medium":["https:\/\/gervi.be\/wp-content\/uploads\/2023\/08\/nr3infraworldsaunaoliecitroensinaas-300x214.jpg",300,214,true],"medium_large":["https:\/\/gervi.be\/wp-content\/uploads\/2023\/08\/nr3infraworldsaunaoliecitroensinaas.jpg",627,448,false],"large":["https:\/\/gervi.be\/wp-content\/uploads\/2023\/08\/nr3infraworldsaunaoliecitroensinaas.jpg",627,448,false],"1536x1536":["https:\/\/gervi.be\/wp-content\/uploads\/2023\/08\/nr3infraworldsaunaoliecitroensinaas.jpg",627,448,false],"2048x2048":["https:\/\/gervi.be\/wp-content\/uploads\/2023\/08\/nr3infraworldsaunaoliecitroensinaas.jpg",627,448,false],"woocommerce_thumbnail":["https:\/\/gervi.be\/wp-content\/uploads\/2023\/08\/nr3infraworldsaunaoliecitroensinaas-300x300.jpg",300,300,true],"woocommerce_single":["https:\/\/gervi.be\/wp-content\/uploads\/2023\/08\/nr3infraworldsaunaoliecitroensinaas.jpg",627,448,false],"woocommerce_gallery_thumbnail":["https:\/\/gervi.be\/wp-content\/uploads\/2023\/08\/nr3infraworldsaunaoliecitroensinaas-100x100.jpg",100,100,true],"dgwt-wcas-product-suggestion":["https:\/\/gervi.be\/wp-content\/uploads\/2023\/08\/nr3infraworldsaunaoliecitroensinaas.jpg",64,46,false]},"uagb_author_info":{"display_name":"Marjolein Nijs","author_link":"https:\/\/gervi.be\/fr\/author\/"},"uagb_comment_info":0,"uagb_excerpt":"Volume : 150 ml","_links":{"self":[{"href":"https:\/\/gervi.be\/fr\/wp-json\/wp\/v2\/product\/13337","targetHints":{"allow":["GET"]}}],"collection":[{"href":"https:\/\/gervi.be\/fr\/wp-json\/wp\/v2\/product"}],"about":[{"href":"https:\/\/gervi.be\/fr\/wp-json\/wp\/v2\/types\/product"}],"wp:featuredmedia":[{"embeddable":true,"href":"https:\/\/gervi.be\/fr\/wp-json\/wp\/v2\/media\/13338"}],"wp:attachment":[{"href":"https:\/\/gervi.be\/fr\/wp-json\/wp\/v2\/media?parent=13337"}],"wp:term":[{"taxonomy":"product_brand","embeddable":true,"href":"https:\/\/gervi.be\/fr\/wp-json\/wp\/v2\/product_brand?post=13337"},{"taxonomy":"product_cat","embeddable":true,"href":"https:\/\/gervi.be\/fr\/wp-json\/wp\/v2\/product_cat?post=13337"},{"taxonomy":"product_tag","embeddable":true,"href":"https:\/\/gervi.be\/fr\/wp-json\/wp\/v2\/product_tag?post=13337"}],"curies":[{"name":"wp","href":"https:\/\/api.w.org\/{rel}","templated":true}]}}