{"id":13321,"date":"2023-08-29T13:49:49","date_gmt":"2023-08-29T13:49:49","guid":{"rendered":"https:\/\/gervi.be\/shop\/douche-a-seau\/"},"modified":"2023-08-29T13:49:49","modified_gmt":"2023-08-29T13:49:49","slug":"douche-a-seau","status":"publish","type":"product","link":"https:\/\/gervi.be\/fr\/produit\/douche-a-seau\/","title":{"rendered":"Douche \u00e0 seau"},"content":{"rendered":"<p>Le refroidissement sert \u00e0 ramener le corps \u00e0 une &#8220;temp\u00e9rature normale&#8221; apr\u00e8s le bain de sauna et doit induire un stimulus froid distinct. Cela favorise la circulation, est bon pour la peau et renforce les d\u00e9fenses du syst\u00e8me immunitaire. Gr\u00e2ce au jet d&#8217;eau froide de la douche \u00e0 seau, un refroidissement rapide est garanti &#8211; il suffit de tirer sur la cha\u00eene pour d\u00e9clencher la douche \u00e0 jets.<\/p>\n","protected":false},"excerpt":{"rendered":"<p>Le refroidissement sert \u00e0 ramener le corps \u00e0 une &#8220;temp\u00e9rature normale&#8221; apr\u00e8s le bain de sauna et doit induire un stimulus froid distinct. Cela favorise la circulation, est bon pour la peau et renforce les d\u00e9fenses du syst\u00e8me immunitaire. Gr\u00e2ce au jet d&#8217;eau froide de la douche \u00e0 seau, un refroidissement rapide est garanti &#8211; [&hellip;]<\/p>\n","protected":false},"featured_media":13322,"template":"","meta":{"_acf_changed":false,"_uag_custom_page_level_css":"","site-sidebar-layout":"default","site-content-layout":"","ast-site-content-layout":"default","site-content-style":"default","site-sidebar-style":"default","ast-global-header-display":"","ast-banner-title-visibility":"","ast-main-header-display":"","ast-hfb-above-header-display":"","ast-hfb-below-header-display":"","ast-hfb-mobile-header-display":"","site-post-title":"","ast-breadcrumbs-content":"","ast-featured-img":"","footer-sml-layout":"","ast-disable-related-posts":"","theme-transparent-header-meta":"","adv-header-id-meta":"","stick-header-meta":"","header-above-stick-meta":"","header-main-stick-meta":"","header-below-stick-meta":"","astra-migrate-meta-layouts":"default","ast-page-background-enabled":"default","ast-page-background-meta":{"desktop":{"background-color":"","background-image":"","background-repeat":"repeat","background-position":"center center","background-size":"auto","background-attachment":"scroll","background-type":"","background-media":"","overlay-type":"","overlay-color":"","overlay-opacity":"","overlay-gradient":""},"tablet":{"background-color":"","background-image":"","background-repeat":"repeat","background-position":"center center","background-size":"auto","background-attachment":"scroll","background-type":"","background-media":"","overlay-type":"","overlay-color":"","overlay-opacity":"","overlay-gradient":""},"mobile":{"background-color":"","background-image":"","background-repeat":"repeat","background-position":"center center","background-size":"auto","background-attachment":"scroll","background-type":"","background-media":"","overlay-type":"","overlay-color":"","overlay-opacity":"","overlay-gradient":""}},"ast-content-background-meta":{"desktop":{"background-color":"var(--ast-global-color-5)","background-image":"","background-repeat":"repeat","background-position":"center center","background-size":"auto","background-attachment":"scroll","background-type":"","background-media":"","overlay-type":"","overlay-color":"","overlay-opacity":"","overlay-gradient":""},"tablet":{"background-color":"var(--ast-global-color-5)","background-image":"","background-repeat":"repeat","background-position":"center center","background-size":"auto","background-attachment":"scroll","background-type":"","background-media":"","overlay-type":"","overlay-color":"","overlay-opacity":"","overlay-gradient":""},"mobile":{"background-color":"var(--ast-global-color-5)","background-image":"","background-repeat":"repeat","background-position":"center center","background-size":"auto","background-attachment":"scroll","background-type":"","background-media":"","overlay-type":"","overlay-color":"","overlay-opacity":"","overlay-gradient":""}}},"product_brand":[],"product_cat":[645,643],"product_tag":[],"class_list":{"0":"post-13321","1":"product","2":"type-product","3":"status-publish","4":"has-post-thumbnail","6":"product_cat-accessoires-pour-saunas","7":"product_cat-sauna-fr","8":"desktop-align-left","9":"tablet-align-left","10":"mobile-align-left","12":"first","13":"instock","14":"purchasable","15":"product-type-simple"},"acf":[],"uagb_featured_image_src":{"full":["https:\/\/gervi.be\/wp-content\/uploads\/2023\/08\/nr361600011920x1920.jpg",448,448,false],"thumbnail":["https:\/\/gervi.be\/wp-content\/uploads\/2023\/08\/nr361600011920x1920-150x150.jpg",150,150,true],"medium":["https:\/\/gervi.be\/wp-content\/uploads\/2023\/08\/nr361600011920x1920-300x300.jpg",300,300,true],"medium_large":["https:\/\/gervi.be\/wp-content\/uploads\/2023\/08\/nr361600011920x1920.jpg",448,448,false],"large":["https:\/\/gervi.be\/wp-content\/uploads\/2023\/08\/nr361600011920x1920.jpg",448,448,false],"1536x1536":["https:\/\/gervi.be\/wp-content\/uploads\/2023\/08\/nr361600011920x1920.jpg",448,448,false],"2048x2048":["https:\/\/gervi.be\/wp-content\/uploads\/2023\/08\/nr361600011920x1920.jpg",448,448,false],"woocommerce_thumbnail":["https:\/\/gervi.be\/wp-content\/uploads\/2023\/08\/nr361600011920x1920-300x300.jpg",300,300,true],"woocommerce_single":["https:\/\/gervi.be\/wp-content\/uploads\/2023\/08\/nr361600011920x1920.jpg",448,448,false],"woocommerce_gallery_thumbnail":["https:\/\/gervi.be\/wp-content\/uploads\/2023\/08\/nr361600011920x1920-100x100.jpg",100,100,true],"dgwt-wcas-product-suggestion":["https:\/\/gervi.be\/wp-content\/uploads\/2023\/08\/nr361600011920x1920.jpg",64,64,false]},"uagb_author_info":{"display_name":"Marjolein Nijs","author_link":"https:\/\/gervi.be\/fr\/author\/"},"uagb_comment_info":0,"uagb_excerpt":"Le refroidissement sert \u00e0 ramener le corps \u00e0 une &#8220;temp\u00e9rature normale&#8221; apr\u00e8s le bain de sauna et doit induire un stimulus froid distinct. Cela favorise la circulation, est bon pour la peau et renforce les d\u00e9fenses du syst\u00e8me immunitaire. Gr\u00e2ce au jet d&#8217;eau froide de la douche \u00e0 seau, un refroidissement rapide est garanti &#8211;\u2026","_links":{"self":[{"href":"https:\/\/gervi.be\/fr\/wp-json\/wp\/v2\/product\/13321","targetHints":{"allow":["GET"]}}],"collection":[{"href":"https:\/\/gervi.be\/fr\/wp-json\/wp\/v2\/product"}],"about":[{"href":"https:\/\/gervi.be\/fr\/wp-json\/wp\/v2\/types\/product"}],"wp:featuredmedia":[{"embeddable":true,"href":"https:\/\/gervi.be\/fr\/wp-json\/wp\/v2\/media\/13322"}],"wp:attachment":[{"href":"https:\/\/gervi.be\/fr\/wp-json\/wp\/v2\/media?parent=13321"}],"wp:term":[{"taxonomy":"product_brand","embeddable":true,"href":"https:\/\/gervi.be\/fr\/wp-json\/wp\/v2\/product_brand?post=13321"},{"taxonomy":"product_cat","embeddable":true,"href":"https:\/\/gervi.be\/fr\/wp-json\/wp\/v2\/product_cat?post=13321"},{"taxonomy":"product_tag","embeddable":true,"href":"https:\/\/gervi.be\/fr\/wp-json\/wp\/v2\/product_tag?post=13321"}],"curies":[{"name":"wp","href":"https:\/\/api.w.org\/{rel}","templated":true}]}}